{"id":55366,"date":"2021-10-14T08:31:18","date_gmt":"2021-10-14T06:31:18","guid":{"rendered":"https:\/\/www.elobau.com\/?page_id=55366"},"modified":"2025-06-06T10:53:27","modified_gmt":"2025-06-06T08:53:27","slug":"sustentabilidade","status":"publish","type":"page","link":"https:\/\/www.elobau.com\/pt-br\/sustentabilidade\/","title":{"rendered":"Sustentabilidade"},"content":{"rendered":"","protected":false},"excerpt":{"rendered":"<p>Como empresa, nos sentimos compelidos a assumir responsabilidades que v\u00e3o muito al\u00e9m de nossas \u00e1reas imediatas de opera\u00e7\u00e3o comercial.<\/p>\n","protected":false},"author":31,"featured_media":110410,"parent":0,"menu_order":52,"comment_status":"closed","ping_status":"closed","template":"","meta":{"_acf_changed":false,"inline_featured_image":false,"footnotes":"","_links_to":"","_links_to_target":""},"class_list":["post-55366","page","type-page","status-publish","has-post-thumbnail","hentry"],"acf":[],"yoast_head":"<title>Sustentabilidade | Significa fazer um esfor\u00e7o s\u00e9rio | elobau<\/title>\n<meta name=\"description\" content=\"Sustentabilidade | S\u00f3 com dedica\u00e7\u00e3o \u00e0 economia para o bem comum \u00e9 que podemos criar seguran\u00e7a futura para o nosso ambiente e o nosso futuro | elobau\" \/>\n<meta name=\"robots\" content=\"index, follow, max-snippet:-1, max-image-preview:large, max-video-preview:-1\" \/>\n<link rel=\"canonical\" href=\"https:\/\/www.elobau.com\/pt-br\/sustentabilidade\/\" \/>\n<meta property=\"og:locale\" content=\"pt_BR\" \/>\n<meta property=\"og:type\" content=\"article\" \/>\n<meta property=\"og:title\" content=\"Sustentabilidade | Significa fazer um esfor\u00e7o s\u00e9rio | elobau\" \/>\n<meta property=\"og:description\" content=\"Sustentabilidade | S\u00f3 com dedica\u00e7\u00e3o \u00e0 economia para o bem comum \u00e9 que podemos criar seguran\u00e7a futura para o nosso ambiente e o nosso futuro | elobau\" \/>\n<meta property=\"og:url\" content=\"https:\/\/www.elobau.com\/pt-br\/sustentabilidade\/\" \/>\n<meta property=\"og:site_name\" content=\"elobau\" \/>\n<meta property=\"article:publisher\" content=\"https:\/\/www.facebook.com\/elobauDACH\/\" \/>\n<meta property=\"article:modified_time\" content=\"2025-06-06T08:53:27+00:00\" \/>\n<meta property=\"og:image\" content=\"https:\/\/www.elobau.com\/wp-content\/uploads\/2022\/05\/elocompanion-berge.jpg\" \/>\n\t<meta property=\"og:image:width\" content=\"2000\" \/>\n\t<meta property=\"og:image:height\" content=\"1329\" \/>\n\t<meta property=\"og:image:type\" content=\"image\/jpeg\" \/>\n<meta name=\"twitter:label1\" content=\"Est. tempo de leitura\" \/>\n\t<meta name=\"twitter:data1\" content=\"11 minutos\" \/>\n<script type=\"application\/ld+json\" class=\"yoast-schema-graph\">{\"@context\":\"https:\/\/schema.org\",\"@graph\":[{\"@type\":\"WebPage\",\"@id\":\"https:\/\/www.elobau.com\/pt-br\/sustentabilidade\/\",\"url\":\"https:\/\/www.elobau.com\/pt-br\/sustentabilidade\/\",\"name\":\"Sustentabilidade | Significa fazer um esfor\u00e7o s\u00e9rio | elobau\",\"isPartOf\":{\"@id\":\"https:\/\/www.elobau.com\/pt-br\/#website\"},\"primaryImageOfPage\":{\"@id\":\"https:\/\/www.elobau.com\/pt-br\/sustentabilidade\/#primaryimage\"},\"image\":{\"@id\":\"https:\/\/www.elobau.com\/pt-br\/sustentabilidade\/#primaryimage\"},\"thumbnailUrl\":\"https:\/\/www.elobau.com\/wp-content\/uploads\/2022\/05\/elocompanion-berge.jpg\",\"datePublished\":\"2021-10-14T06:31:18+00:00\",\"dateModified\":\"2025-06-06T08:53:27+00:00\",\"description\":\"Sustentabilidade | S\u00f3 com dedica\u00e7\u00e3o \u00e0 economia para o bem comum \u00e9 que podemos criar seguran\u00e7a futura para o nosso ambiente e o nosso futuro | elobau\",\"breadcrumb\":{\"@id\":\"https:\/\/www.elobau.com\/pt-br\/sustentabilidade\/#breadcrumb\"},\"inLanguage\":\"pt-BR\",\"potentialAction\":[{\"@type\":\"ReadAction\",\"target\":[\"https:\/\/www.elobau.com\/pt-br\/sustentabilidade\/\"]}]},{\"@type\":\"ImageObject\",\"inLanguage\":\"pt-BR\",\"@id\":\"https:\/\/www.elobau.com\/pt-br\/sustentabilidade\/#primaryimage\",\"url\":\"https:\/\/www.elobau.com\/wp-content\/uploads\/2022\/05\/elocompanion-berge.jpg\",\"contentUrl\":\"https:\/\/www.elobau.com\/wp-content\/uploads\/2022\/05\/elocompanion-berge.jpg\",\"width\":2000,\"height\":1329},{\"@type\":\"BreadcrumbList\",\"@id\":\"https:\/\/www.elobau.com\/pt-br\/sustentabilidade\/#breadcrumb\",\"itemListElement\":[{\"@type\":\"ListItem\",\"position\":1,\"name\":\"Home\",\"item\":\"https:\/\/www.elobau.com\/pt-br\/\"},{\"@type\":\"ListItem\",\"position\":2,\"name\":\"Sustentabilidade\"}]},{\"@type\":\"WebSite\",\"@id\":\"https:\/\/www.elobau.com\/pt-br\/#website\",\"url\":\"https:\/\/www.elobau.com\/pt-br\/\",\"name\":\"elobau\",\"description\":\"elobau\",\"publisher\":{\"@id\":\"https:\/\/www.elobau.com\/pt-br\/#organization\"},\"potentialAction\":[{\"@type\":\"SearchAction\",\"target\":{\"@type\":\"EntryPoint\",\"urlTemplate\":\"https:\/\/www.elobau.com\/pt-br\/?s={search_term_string}\"},\"query-input\":{\"@type\":\"PropertyValueSpecification\",\"valueRequired\":true,\"valueName\":\"search_term_string\"}}],\"inLanguage\":\"pt-BR\"},{\"@type\":\"Organization\",\"@id\":\"https:\/\/www.elobau.com\/pt-br\/#organization\",\"name\":\"elobau GmbH & Co. KG\",\"url\":\"https:\/\/www.elobau.com\/pt-br\/\",\"logo\":{\"@type\":\"ImageObject\",\"inLanguage\":\"pt-BR\",\"@id\":\"https:\/\/www.elobau.com\/pt-br\/#\/schema\/logo\/image\/\",\"url\":\"https:\/\/www.elobau.com\/wp-content\/uploads\/2021\/03\/elobau_logo_claim_11_2020_cmyk.jpg\",\"contentUrl\":\"https:\/\/www.elobau.com\/wp-content\/uploads\/2021\/03\/elobau_logo_claim_11_2020_cmyk.jpg\",\"width\":2000,\"height\":676,\"caption\":\"elobau GmbH & Co. KG\"},\"image\":{\"@id\":\"https:\/\/www.elobau.com\/pt-br\/#\/schema\/logo\/image\/\"},\"sameAs\":[\"https:\/\/www.facebook.com\/elobauDACH\/\",\"https:\/\/www.instagram.com\/elobau_official\/?hl=de\",\"https:\/\/de.linkedin.com\/company\/elobau\",\"https:\/\/www.youtube.com\/user\/elobauWorld\"]}]}<\/script>","yoast_head_json":{"title":"Sustentabilidade | Significa fazer um esfor\u00e7o s\u00e9rio | elobau","description":"Sustentabilidade | S\u00f3 com dedica\u00e7\u00e3o \u00e0 economia para o bem comum \u00e9 que podemos criar seguran\u00e7a futura para o nosso ambiente e o nosso futuro | elobau","robots":{"index":"index","follow":"follow","max-snippet":"max-snippet:-1","max-image-preview":"max-image-preview:large","max-video-preview":"max-video-preview:-1"},"canonical":"https:\/\/www.elobau.com\/pt-br\/sustentabilidade\/","og_locale":"pt_BR","og_type":"article","og_title":"Sustentabilidade | Significa fazer um esfor\u00e7o s\u00e9rio | elobau","og_description":"Sustentabilidade | S\u00f3 com dedica\u00e7\u00e3o \u00e0 economia para o bem comum \u00e9 que podemos criar seguran\u00e7a futura para o nosso ambiente e o nosso futuro | elobau","og_url":"https:\/\/www.elobau.com\/pt-br\/sustentabilidade\/","og_site_name":"elobau","article_publisher":"https:\/\/www.facebook.com\/elobauDACH\/","article_modified_time":"2025-06-06T08:53:27+00:00","og_image":[{"width":2000,"height":1329,"url":"https:\/\/www.elobau.com\/wp-content\/uploads\/2022\/05\/elocompanion-berge.jpg","type":"image\/jpeg"}],"twitter_misc":{"Est. tempo de leitura":"11 minutos"},"schema":{"@context":"https:\/\/schema.org","@graph":[{"@type":"WebPage","@id":"https:\/\/www.elobau.com\/pt-br\/sustentabilidade\/","url":"https:\/\/www.elobau.com\/pt-br\/sustentabilidade\/","name":"Sustentabilidade | Significa fazer um esfor\u00e7o s\u00e9rio | elobau","isPartOf":{"@id":"https:\/\/www.elobau.com\/pt-br\/#website"},"primaryImageOfPage":{"@id":"https:\/\/www.elobau.com\/pt-br\/sustentabilidade\/#primaryimage"},"image":{"@id":"https:\/\/www.elobau.com\/pt-br\/sustentabilidade\/#primaryimage"},"thumbnailUrl":"https:\/\/www.elobau.com\/wp-content\/uploads\/2022\/05\/elocompanion-berge.jpg","datePublished":"2021-10-14T06:31:18+00:00","dateModified":"2025-06-06T08:53:27+00:00","description":"Sustentabilidade | S\u00f3 com dedica\u00e7\u00e3o \u00e0 economia para o bem comum \u00e9 que podemos criar seguran\u00e7a futura para o nosso ambiente e o nosso futuro | elobau","breadcrumb":{"@id":"https:\/\/www.elobau.com\/pt-br\/sustentabilidade\/#breadcrumb"},"inLanguage":"pt-BR","potentialAction":[{"@type":"ReadAction","target":["https:\/\/www.elobau.com\/pt-br\/sustentabilidade\/"]}]},{"@type":"ImageObject","inLanguage":"pt-BR","@id":"https:\/\/www.elobau.com\/pt-br\/sustentabilidade\/#primaryimage","url":"https:\/\/www.elobau.com\/wp-content\/uploads\/2022\/05\/elocompanion-berge.jpg","contentUrl":"https:\/\/www.elobau.com\/wp-content\/uploads\/2022\/05\/elocompanion-berge.jpg","width":2000,"height":1329},{"@type":"BreadcrumbList","@id":"https:\/\/www.elobau.com\/pt-br\/sustentabilidade\/#breadcrumb","itemListElement":[{"@type":"ListItem","position":1,"name":"Home","item":"https:\/\/www.elobau.com\/pt-br\/"},{"@type":"ListItem","position":2,"name":"Sustentabilidade"}]},{"@type":"WebSite","@id":"https:\/\/www.elobau.com\/pt-br\/#website","url":"https:\/\/www.elobau.com\/pt-br\/","name":"elobau","description":"elobau","publisher":{"@id":"https:\/\/www.elobau.com\/pt-br\/#organization"},"potentialAction":[{"@type":"SearchAction","target":{"@type":"EntryPoint","urlTemplate":"https:\/\/www.elobau.com\/pt-br\/?s={search_term_string}"},"query-input":{"@type":"PropertyValueSpecification","valueRequired":true,"valueName":"search_term_string"}}],"inLanguage":"pt-BR"},{"@type":"Organization","@id":"https:\/\/www.elobau.com\/pt-br\/#organization","name":"elobau GmbH & Co. KG","url":"https:\/\/www.elobau.com\/pt-br\/","logo":{"@type":"ImageObject","inLanguage":"pt-BR","@id":"https:\/\/www.elobau.com\/pt-br\/#\/schema\/logo\/image\/","url":"https:\/\/www.elobau.com\/wp-content\/uploads\/2021\/03\/elobau_logo_claim_11_2020_cmyk.jpg","contentUrl":"https:\/\/www.elobau.com\/wp-content\/uploads\/2021\/03\/elobau_logo_claim_11_2020_cmyk.jpg","width":2000,"height":676,"caption":"elobau GmbH & Co. KG"},"image":{"@id":"https:\/\/www.elobau.com\/pt-br\/#\/schema\/logo\/image\/"},"sameAs":["https:\/\/www.facebook.com\/elobauDACH\/","https:\/\/www.instagram.com\/elobau_official\/?hl=de","https:\/\/de.linkedin.com\/company\/elobau","https:\/\/www.youtube.com\/user\/elobauWorld"]}]}},"_links":{"self":[{"href":"https:\/\/www.elobau.com\/pt-br\/wp-json\/wp\/v2\/pages\/55366","targetHints":{"allow":["GET"]}}],"collection":[{"href":"https:\/\/www.elobau.com\/pt-br\/wp-json\/wp\/v2\/pages"}],"about":[{"href":"https:\/\/www.elobau.com\/pt-br\/wp-json\/wp\/v2\/types\/page"}],"author":[{"embeddable":true,"href":"https:\/\/www.elobau.com\/pt-br\/wp-json\/wp\/v2\/users\/31"}],"replies":[{"embeddable":true,"href":"https:\/\/www.elobau.com\/pt-br\/wp-json\/wp\/v2\/comments?post=55366"}],"version-history":[{"count":10,"href":"https:\/\/www.elobau.com\/pt-br\/wp-json\/wp\/v2\/pages\/55366\/revisions"}],"predecessor-version":[{"id":123889,"href":"https:\/\/www.elobau.com\/pt-br\/wp-json\/wp\/v2\/pages\/55366\/revisions\/123889"}],"wp:featuredmedia":[{"embeddable":true,"href":"https:\/\/www.elobau.com\/pt-br\/wp-json\/wp\/v2\/media\/110410"}],"wp:attachment":[{"href":"https:\/\/www.elobau.com\/pt-br\/wp-json\/wp\/v2\/media?parent=55366"}],"curies":[{"name":"wp","href":"https:\/\/api.w.org\/{rel}","templated":true}]}}