{"id":53674,"date":"2021-03-22T10:18:53","date_gmt":"2021-03-22T09:18:53","guid":{"rendered":"https:\/\/www.elobau.com\/?page_id=53674"},"modified":"2022-09-29T17:31:46","modified_gmt":"2022-09-29T15:31:46","slug":"general_terms_and_conditions_of_purchase","status":"publish","type":"page","link":"https:\/\/www.elobau.com\/pt-br\/general_terms_and_conditions_of_purchase\/","title":{"rendered":"General Terms and Conditions of Purchase"},"content":{"rendered":"","protected":false},"excerpt":{"rendered":"","protected":false},"author":31,"featured_media":23925,"parent":0,"menu_order":43,"comment_status":"closed","ping_status":"closed","template":"","meta":{"_acf_changed":false,"inline_featured_image":false,"footnotes":"","_links_to":"","_links_to_target":""},"class_list":["post-53674","page","type-page","status-publish","has-post-thumbnail","hentry"],"acf":[],"yoast_head":"<title>Termos e Condi\u00e7\u00f5es Gerais de Compra | elobau<\/title>\n<meta name=\"description\" content=\"Termos e Condi\u00e7\u00f5es Gerais de Compra | Aqui encontrar\u00e1 toda a informa\u00e7\u00e3o sobre os termos e condi\u00e7\u00f5es gerais de compra! | Saiba mais!\" \/>\n<meta name=\"robots\" content=\"index, follow, max-snippet:-1, max-image-preview:large, max-video-preview:-1\" \/>\n<link rel=\"canonical\" href=\"https:\/\/www.elobau.com\/pt-br\/general_terms_and_conditions_of_purchase\/\" \/>\n<meta property=\"og:locale\" content=\"pt_BR\" \/>\n<meta property=\"og:type\" content=\"article\" \/>\n<meta property=\"og:title\" content=\"Termos e Condi\u00e7\u00f5es Gerais de Compra | elobau\" \/>\n<meta property=\"og:description\" content=\"Termos e Condi\u00e7\u00f5es Gerais de Compra | Aqui encontrar\u00e1 toda a informa\u00e7\u00e3o sobre os termos e condi\u00e7\u00f5es gerais de compra! | Saiba mais!\" \/>\n<meta property=\"og:url\" content=\"https:\/\/www.elobau.com\/pt-br\/general_terms_and_conditions_of_purchase\/\" \/>\n<meta property=\"og:site_name\" content=\"elobau\" \/>\n<meta property=\"article:publisher\" content=\"https:\/\/www.facebook.com\/elobauDACH\/\" \/>\n<meta property=\"article:modified_time\" content=\"2022-09-29T15:31:46+00:00\" \/>\n<meta property=\"og:image\" content=\"https:\/\/www.elobau.com\/wp-content\/uploads\/2018\/05\/tom8612-scaled.jpg\" \/>\n\t<meta property=\"og:image:width\" content=\"2560\" \/>\n\t<meta property=\"og:image:height\" content=\"1707\" \/>\n\t<meta property=\"og:image:type\" content=\"image\/jpeg\" \/>\n<script type=\"application\/ld+json\" class=\"yoast-schema-graph\">{\"@context\":\"https:\\\/\\\/schema.org\",\"@graph\":[{\"@type\":\"WebPage\",\"@id\":\"https:\\\/\\\/www.elobau.com\\\/pt-br\\\/general_terms_and_conditions_of_purchase\\\/\",\"url\":\"https:\\\/\\\/www.elobau.com\\\/pt-br\\\/general_terms_and_conditions_of_purchase\\\/\",\"name\":\"Termos e Condi\u00e7\u00f5es Gerais de Compra | elobau\",\"isPartOf\":{\"@id\":\"https:\\\/\\\/www.elobau.com\\\/pt-br\\\/#website\"},\"primaryImageOfPage\":{\"@id\":\"https:\\\/\\\/www.elobau.com\\\/pt-br\\\/general_terms_and_conditions_of_purchase\\\/#primaryimage\"},\"image\":{\"@id\":\"https:\\\/\\\/www.elobau.com\\\/pt-br\\\/general_terms_and_conditions_of_purchase\\\/#primaryimage\"},\"thumbnailUrl\":\"https:\\\/\\\/www.elobau.com\\\/wp-content\\\/uploads\\\/2018\\\/05\\\/tom8612-scaled.jpg\",\"datePublished\":\"2021-03-22T09:18:53+00:00\",\"dateModified\":\"2022-09-29T15:31:46+00:00\",\"description\":\"Termos e Condi\u00e7\u00f5es Gerais de Compra | Aqui encontrar\u00e1 toda a informa\u00e7\u00e3o sobre os termos e condi\u00e7\u00f5es gerais de compra! | Saiba mais!\",\"breadcrumb\":{\"@id\":\"https:\\\/\\\/www.elobau.com\\\/pt-br\\\/general_terms_and_conditions_of_purchase\\\/#breadcrumb\"},\"inLanguage\":\"pt-BR\",\"potentialAction\":[{\"@type\":\"ReadAction\",\"target\":[\"https:\\\/\\\/www.elobau.com\\\/pt-br\\\/general_terms_and_conditions_of_purchase\\\/\"]}]},{\"@type\":\"ImageObject\",\"inLanguage\":\"pt-BR\",\"@id\":\"https:\\\/\\\/www.elobau.com\\\/pt-br\\\/general_terms_and_conditions_of_purchase\\\/#primaryimage\",\"url\":\"https:\\\/\\\/www.elobau.com\\\/wp-content\\\/uploads\\\/2018\\\/05\\\/tom8612-scaled.jpg\",\"contentUrl\":\"https:\\\/\\\/www.elobau.com\\\/wp-content\\\/uploads\\\/2018\\\/05\\\/tom8612-scaled.jpg\",\"width\":2560,\"height\":1707,\"caption\":\"_TOM8612\"},{\"@type\":\"BreadcrumbList\",\"@id\":\"https:\\\/\\\/www.elobau.com\\\/pt-br\\\/general_terms_and_conditions_of_purchase\\\/#breadcrumb\",\"itemListElement\":[{\"@type\":\"ListItem\",\"position\":1,\"name\":\"Home\",\"item\":\"https:\\\/\\\/www.elobau.com\\\/pt-br\\\/\"},{\"@type\":\"ListItem\",\"position\":2,\"name\":\"General Terms and Conditions of Purchase\"}]},{\"@type\":\"WebSite\",\"@id\":\"https:\\\/\\\/www.elobau.com\\\/pt-br\\\/#website\",\"url\":\"https:\\\/\\\/www.elobau.com\\\/pt-br\\\/\",\"name\":\"elobau\",\"description\":\"elobau\",\"publisher\":{\"@id\":\"https:\\\/\\\/www.elobau.com\\\/pt-br\\\/#organization\"},\"potentialAction\":[{\"@type\":\"SearchAction\",\"target\":{\"@type\":\"EntryPoint\",\"urlTemplate\":\"https:\\\/\\\/www.elobau.com\\\/pt-br\\\/?s={search_term_string}\"},\"query-input\":{\"@type\":\"PropertyValueSpecification\",\"valueRequired\":true,\"valueName\":\"search_term_string\"}}],\"inLanguage\":\"pt-BR\"},{\"@type\":\"Organization\",\"@id\":\"https:\\\/\\\/www.elobau.com\\\/pt-br\\\/#organization\",\"name\":\"elobau GmbH & Co. KG\",\"url\":\"https:\\\/\\\/www.elobau.com\\\/pt-br\\\/\",\"logo\":{\"@type\":\"ImageObject\",\"inLanguage\":\"pt-BR\",\"@id\":\"https:\\\/\\\/www.elobau.com\\\/pt-br\\\/#\\\/schema\\\/logo\\\/image\\\/\",\"url\":\"https:\\\/\\\/www.elobau.com\\\/wp-content\\\/uploads\\\/2021\\\/03\\\/elobau_logo_claim_11_2020_cmyk.jpg\",\"contentUrl\":\"https:\\\/\\\/www.elobau.com\\\/wp-content\\\/uploads\\\/2021\\\/03\\\/elobau_logo_claim_11_2020_cmyk.jpg\",\"width\":2000,\"height\":676,\"caption\":\"elobau GmbH & Co. KG\"},\"image\":{\"@id\":\"https:\\\/\\\/www.elobau.com\\\/pt-br\\\/#\\\/schema\\\/logo\\\/image\\\/\"},\"sameAs\":[\"https:\\\/\\\/www.facebook.com\\\/elobauDACH\\\/\",\"https:\\\/\\\/www.instagram.com\\\/elobau_official\\\/?hl=de\",\"https:\\\/\\\/de.linkedin.com\\\/company\\\/elobau\",\"https:\\\/\\\/www.youtube.com\\\/user\\\/elobauWorld\"]}]}<\/script>","yoast_head_json":{"title":"Termos e Condi\u00e7\u00f5es Gerais de Compra | elobau","description":"Termos e Condi\u00e7\u00f5es Gerais de Compra | Aqui encontrar\u00e1 toda a informa\u00e7\u00e3o sobre os termos e condi\u00e7\u00f5es gerais de compra! | Saiba mais!","robots":{"index":"index","follow":"follow","max-snippet":"max-snippet:-1","max-image-preview":"max-image-preview:large","max-video-preview":"max-video-preview:-1"},"canonical":"https:\/\/www.elobau.com\/pt-br\/general_terms_and_conditions_of_purchase\/","og_locale":"pt_BR","og_type":"article","og_title":"Termos e Condi\u00e7\u00f5es Gerais de Compra | elobau","og_description":"Termos e Condi\u00e7\u00f5es Gerais de Compra | Aqui encontrar\u00e1 toda a informa\u00e7\u00e3o sobre os termos e condi\u00e7\u00f5es gerais de compra! | Saiba mais!","og_url":"https:\/\/www.elobau.com\/pt-br\/general_terms_and_conditions_of_purchase\/","og_site_name":"elobau","article_publisher":"https:\/\/www.facebook.com\/elobauDACH\/","article_modified_time":"2022-09-29T15:31:46+00:00","og_image":[{"width":2560,"height":1707,"url":"https:\/\/www.elobau.com\/wp-content\/uploads\/2018\/05\/tom8612-scaled.jpg","type":"image\/jpeg"}],"schema":{"@context":"https:\/\/schema.org","@graph":[{"@type":"WebPage","@id":"https:\/\/www.elobau.com\/pt-br\/general_terms_and_conditions_of_purchase\/","url":"https:\/\/www.elobau.com\/pt-br\/general_terms_and_conditions_of_purchase\/","name":"Termos e Condi\u00e7\u00f5es Gerais de Compra | elobau","isPartOf":{"@id":"https:\/\/www.elobau.com\/pt-br\/#website"},"primaryImageOfPage":{"@id":"https:\/\/www.elobau.com\/pt-br\/general_terms_and_conditions_of_purchase\/#primaryimage"},"image":{"@id":"https:\/\/www.elobau.com\/pt-br\/general_terms_and_conditions_of_purchase\/#primaryimage"},"thumbnailUrl":"https:\/\/www.elobau.com\/wp-content\/uploads\/2018\/05\/tom8612-scaled.jpg","datePublished":"2021-03-22T09:18:53+00:00","dateModified":"2022-09-29T15:31:46+00:00","description":"Termos e Condi\u00e7\u00f5es Gerais de Compra | Aqui encontrar\u00e1 toda a informa\u00e7\u00e3o sobre os termos e condi\u00e7\u00f5es gerais de compra! | Saiba mais!","breadcrumb":{"@id":"https:\/\/www.elobau.com\/pt-br\/general_terms_and_conditions_of_purchase\/#breadcrumb"},"inLanguage":"pt-BR","potentialAction":[{"@type":"ReadAction","target":["https:\/\/www.elobau.com\/pt-br\/general_terms_and_conditions_of_purchase\/"]}]},{"@type":"ImageObject","inLanguage":"pt-BR","@id":"https:\/\/www.elobau.com\/pt-br\/general_terms_and_conditions_of_purchase\/#primaryimage","url":"https:\/\/www.elobau.com\/wp-content\/uploads\/2018\/05\/tom8612-scaled.jpg","contentUrl":"https:\/\/www.elobau.com\/wp-content\/uploads\/2018\/05\/tom8612-scaled.jpg","width":2560,"height":1707,"caption":"_TOM8612"},{"@type":"BreadcrumbList","@id":"https:\/\/www.elobau.com\/pt-br\/general_terms_and_conditions_of_purchase\/#breadcrumb","itemListElement":[{"@type":"ListItem","position":1,"name":"Home","item":"https:\/\/www.elobau.com\/pt-br\/"},{"@type":"ListItem","position":2,"name":"General Terms and Conditions of Purchase"}]},{"@type":"WebSite","@id":"https:\/\/www.elobau.com\/pt-br\/#website","url":"https:\/\/www.elobau.com\/pt-br\/","name":"elobau","description":"elobau","publisher":{"@id":"https:\/\/www.elobau.com\/pt-br\/#organization"},"potentialAction":[{"@type":"SearchAction","target":{"@type":"EntryPoint","urlTemplate":"https:\/\/www.elobau.com\/pt-br\/?s={search_term_string}"},"query-input":{"@type":"PropertyValueSpecification","valueRequired":true,"valueName":"search_term_string"}}],"inLanguage":"pt-BR"},{"@type":"Organization","@id":"https:\/\/www.elobau.com\/pt-br\/#organization","name":"elobau GmbH & Co. KG","url":"https:\/\/www.elobau.com\/pt-br\/","logo":{"@type":"ImageObject","inLanguage":"pt-BR","@id":"https:\/\/www.elobau.com\/pt-br\/#\/schema\/logo\/image\/","url":"https:\/\/www.elobau.com\/wp-content\/uploads\/2021\/03\/elobau_logo_claim_11_2020_cmyk.jpg","contentUrl":"https:\/\/www.elobau.com\/wp-content\/uploads\/2021\/03\/elobau_logo_claim_11_2020_cmyk.jpg","width":2000,"height":676,"caption":"elobau GmbH & Co. KG"},"image":{"@id":"https:\/\/www.elobau.com\/pt-br\/#\/schema\/logo\/image\/"},"sameAs":["https:\/\/www.facebook.com\/elobauDACH\/","https:\/\/www.instagram.com\/elobau_official\/?hl=de","https:\/\/de.linkedin.com\/company\/elobau","https:\/\/www.youtube.com\/user\/elobauWorld"]}]}},"_links":{"self":[{"href":"https:\/\/www.elobau.com\/pt-br\/wp-json\/wp\/v2\/pages\/53674","targetHints":{"allow":["GET"]}}],"collection":[{"href":"https:\/\/www.elobau.com\/pt-br\/wp-json\/wp\/v2\/pages"}],"about":[{"href":"https:\/\/www.elobau.com\/pt-br\/wp-json\/wp\/v2\/types\/page"}],"author":[{"embeddable":true,"href":"https:\/\/www.elobau.com\/pt-br\/wp-json\/wp\/v2\/users\/31"}],"replies":[{"embeddable":true,"href":"https:\/\/www.elobau.com\/pt-br\/wp-json\/wp\/v2\/comments?post=53674"}],"version-history":[{"count":3,"href":"https:\/\/www.elobau.com\/pt-br\/wp-json\/wp\/v2\/pages\/53674\/revisions"}],"predecessor-version":[{"id":113756,"href":"https:\/\/www.elobau.com\/pt-br\/wp-json\/wp\/v2\/pages\/53674\/revisions\/113756"}],"wp:featuredmedia":[{"embeddable":true,"href":"https:\/\/www.elobau.com\/pt-br\/wp-json\/wp\/v2\/media\/23925"}],"wp:attachment":[{"href":"https:\/\/www.elobau.com\/pt-br\/wp-json\/wp\/v2\/media?parent=53674"}],"curies":[{"name":"wp","href":"https:\/\/api.w.org\/{rel}","templated":true}]}}