{"id":23928,"date":"2017-12-20T12:08:51","date_gmt":"2017-12-20T12:08:51","guid":{"rendered":"https:\/\/www.elobau.com\/machine-safety\/"},"modified":"2021-04-19T10:51:44","modified_gmt":"2021-04-19T08:51:44","slug":"seguranca-em-maquina","status":"publish","type":"page","link":"https:\/\/www.elobau.com\/pt-br\/seguranca-em-maquina\/","title":{"rendered":"Seguran\u00e7a em m\u00e1quina"},"content":{"rendered":"","protected":false},"excerpt":{"rendered":"","protected":false},"author":3,"featured_media":0,"parent":0,"menu_order":61,"comment_status":"closed","ping_status":"closed","template":"","meta":{"_acf_changed":false,"inline_featured_image":false,"footnotes":"","_links_to":"","_links_to_target":""},"class_list":["post-23928","page","type-page","status-publish","hentry"],"acf":[],"yoast_head":"<title>Seguran\u00e7a em m\u00e1quinas personalizadas | elobau<\/title>\n<meta name=\"description\" content=\"Proteger as pessoas e operar m\u00e1quinas com seguran\u00e7a. Descubra o portf\u00f3lio de seguran\u00e7a de m\u00e1quinas da elobau | Saiba mais!\" \/>\n<meta name=\"robots\" content=\"index, follow, max-snippet:-1, max-image-preview:large, max-video-preview:-1\" \/>\n<link rel=\"canonical\" href=\"https:\/\/www.elobau.com\/pt-br\/seguranca-em-maquina\/\" \/>\n<meta property=\"og:locale\" content=\"pt_BR\" \/>\n<meta property=\"og:type\" content=\"article\" \/>\n<meta property=\"og:title\" content=\"Seguran\u00e7a em m\u00e1quinas personalizadas | elobau\" \/>\n<meta property=\"og:description\" content=\"Proteger as pessoas e operar m\u00e1quinas com seguran\u00e7a. Descubra o portf\u00f3lio de seguran\u00e7a de m\u00e1quinas da elobau | Saiba mais!\" \/>\n<meta property=\"og:url\" content=\"https:\/\/www.elobau.com\/pt-br\/seguranca-em-maquina\/\" \/>\n<meta property=\"og:site_name\" content=\"elobau\" \/>\n<meta property=\"article:publisher\" content=\"https:\/\/www.facebook.com\/elobauDACH\/\" \/>\n<meta property=\"article:modified_time\" content=\"2021-04-19T08:51:44+00:00\" \/>\n<meta property=\"og:image\" content=\"https:\/\/www.elobau.com\/wp-content\/uploads\/2021\/03\/elobau_logo_claim_11_2020_cmyk.jpg\" \/>\n\t<meta property=\"og:image:width\" content=\"2000\" \/>\n\t<meta property=\"og:image:height\" content=\"676\" \/>\n\t<meta property=\"og:image:type\" content=\"image\/jpeg\" \/>\n<script type=\"application\/ld+json\" class=\"yoast-schema-graph\">{\"@context\":\"https:\\\/\\\/schema.org\",\"@graph\":[{\"@type\":\"WebPage\",\"@id\":\"https:\\\/\\\/www.elobau.com\\\/pt-br\\\/seguranca-em-maquina\\\/\",\"url\":\"https:\\\/\\\/www.elobau.com\\\/pt-br\\\/seguranca-em-maquina\\\/\",\"name\":\"Seguran\u00e7a em m\u00e1quinas personalizadas | elobau\",\"isPartOf\":{\"@id\":\"https:\\\/\\\/www.elobau.com\\\/pt-br\\\/#website\"},\"datePublished\":\"2017-12-20T12:08:51+00:00\",\"dateModified\":\"2021-04-19T08:51:44+00:00\",\"description\":\"Proteger as pessoas e operar m\u00e1quinas com seguran\u00e7a. Descubra o portf\u00f3lio de seguran\u00e7a de m\u00e1quinas da elobau | Saiba mais!\",\"breadcrumb\":{\"@id\":\"https:\\\/\\\/www.elobau.com\\\/pt-br\\\/seguranca-em-maquina\\\/#breadcrumb\"},\"inLanguage\":\"pt-BR\",\"potentialAction\":[{\"@type\":\"ReadAction\",\"target\":[\"https:\\\/\\\/www.elobau.com\\\/pt-br\\\/seguranca-em-maquina\\\/\"]}]},{\"@type\":\"BreadcrumbList\",\"@id\":\"https:\\\/\\\/www.elobau.com\\\/pt-br\\\/seguranca-em-maquina\\\/#breadcrumb\",\"itemListElement\":[{\"@type\":\"ListItem\",\"position\":1,\"name\":\"Home\",\"item\":\"https:\\\/\\\/www.elobau.com\\\/pt-br\\\/\"},{\"@type\":\"ListItem\",\"position\":2,\"name\":\"Seguran\u00e7a em m\u00e1quina\"}]},{\"@type\":\"WebSite\",\"@id\":\"https:\\\/\\\/www.elobau.com\\\/pt-br\\\/#website\",\"url\":\"https:\\\/\\\/www.elobau.com\\\/pt-br\\\/\",\"name\":\"elobau\",\"description\":\"elobau\",\"publisher\":{\"@id\":\"https:\\\/\\\/www.elobau.com\\\/pt-br\\\/#organization\"},\"potentialAction\":[{\"@type\":\"SearchAction\",\"target\":{\"@type\":\"EntryPoint\",\"urlTemplate\":\"https:\\\/\\\/www.elobau.com\\\/pt-br\\\/?s={search_term_string}\"},\"query-input\":{\"@type\":\"PropertyValueSpecification\",\"valueRequired\":true,\"valueName\":\"search_term_string\"}}],\"inLanguage\":\"pt-BR\"},{\"@type\":\"Organization\",\"@id\":\"https:\\\/\\\/www.elobau.com\\\/pt-br\\\/#organization\",\"name\":\"elobau GmbH & Co. KG\",\"url\":\"https:\\\/\\\/www.elobau.com\\\/pt-br\\\/\",\"logo\":{\"@type\":\"ImageObject\",\"inLanguage\":\"pt-BR\",\"@id\":\"https:\\\/\\\/www.elobau.com\\\/pt-br\\\/#\\\/schema\\\/logo\\\/image\\\/\",\"url\":\"https:\\\/\\\/www.elobau.com\\\/wp-content\\\/uploads\\\/2021\\\/03\\\/elobau_logo_claim_11_2020_cmyk.jpg\",\"contentUrl\":\"https:\\\/\\\/www.elobau.com\\\/wp-content\\\/uploads\\\/2021\\\/03\\\/elobau_logo_claim_11_2020_cmyk.jpg\",\"width\":2000,\"height\":676,\"caption\":\"elobau GmbH & Co. KG\"},\"image\":{\"@id\":\"https:\\\/\\\/www.elobau.com\\\/pt-br\\\/#\\\/schema\\\/logo\\\/image\\\/\"},\"sameAs\":[\"https:\\\/\\\/www.facebook.com\\\/elobauDACH\\\/\",\"https:\\\/\\\/www.instagram.com\\\/elobau_official\\\/?hl=de\",\"https:\\\/\\\/de.linkedin.com\\\/company\\\/elobau\",\"https:\\\/\\\/www.youtube.com\\\/user\\\/elobauWorld\"]}]}<\/script>","yoast_head_json":{"title":"Seguran\u00e7a em m\u00e1quinas personalizadas | elobau","description":"Proteger as pessoas e operar m\u00e1quinas com seguran\u00e7a. Descubra o portf\u00f3lio de seguran\u00e7a de m\u00e1quinas da elobau | Saiba mais!","robots":{"index":"index","follow":"follow","max-snippet":"max-snippet:-1","max-image-preview":"max-image-preview:large","max-video-preview":"max-video-preview:-1"},"canonical":"https:\/\/www.elobau.com\/pt-br\/seguranca-em-maquina\/","og_locale":"pt_BR","og_type":"article","og_title":"Seguran\u00e7a em m\u00e1quinas personalizadas | elobau","og_description":"Proteger as pessoas e operar m\u00e1quinas com seguran\u00e7a. Descubra o portf\u00f3lio de seguran\u00e7a de m\u00e1quinas da elobau | Saiba mais!","og_url":"https:\/\/www.elobau.com\/pt-br\/seguranca-em-maquina\/","og_site_name":"elobau","article_publisher":"https:\/\/www.facebook.com\/elobauDACH\/","article_modified_time":"2021-04-19T08:51:44+00:00","og_image":[{"width":2000,"height":676,"url":"https:\/\/www.elobau.com\/wp-content\/uploads\/2021\/03\/elobau_logo_claim_11_2020_cmyk.jpg","type":"image\/jpeg"}],"schema":{"@context":"https:\/\/schema.org","@graph":[{"@type":"WebPage","@id":"https:\/\/www.elobau.com\/pt-br\/seguranca-em-maquina\/","url":"https:\/\/www.elobau.com\/pt-br\/seguranca-em-maquina\/","name":"Seguran\u00e7a em m\u00e1quinas personalizadas | elobau","isPartOf":{"@id":"https:\/\/www.elobau.com\/pt-br\/#website"},"datePublished":"2017-12-20T12:08:51+00:00","dateModified":"2021-04-19T08:51:44+00:00","description":"Proteger as pessoas e operar m\u00e1quinas com seguran\u00e7a. Descubra o portf\u00f3lio de seguran\u00e7a de m\u00e1quinas da elobau | Saiba mais!","breadcrumb":{"@id":"https:\/\/www.elobau.com\/pt-br\/seguranca-em-maquina\/#breadcrumb"},"inLanguage":"pt-BR","potentialAction":[{"@type":"ReadAction","target":["https:\/\/www.elobau.com\/pt-br\/seguranca-em-maquina\/"]}]},{"@type":"BreadcrumbList","@id":"https:\/\/www.elobau.com\/pt-br\/seguranca-em-maquina\/#breadcrumb","itemListElement":[{"@type":"ListItem","position":1,"name":"Home","item":"https:\/\/www.elobau.com\/pt-br\/"},{"@type":"ListItem","position":2,"name":"Seguran\u00e7a em m\u00e1quina"}]},{"@type":"WebSite","@id":"https:\/\/www.elobau.com\/pt-br\/#website","url":"https:\/\/www.elobau.com\/pt-br\/","name":"elobau","description":"elobau","publisher":{"@id":"https:\/\/www.elobau.com\/pt-br\/#organization"},"potentialAction":[{"@type":"SearchAction","target":{"@type":"EntryPoint","urlTemplate":"https:\/\/www.elobau.com\/pt-br\/?s={search_term_string}"},"query-input":{"@type":"PropertyValueSpecification","valueRequired":true,"valueName":"search_term_string"}}],"inLanguage":"pt-BR"},{"@type":"Organization","@id":"https:\/\/www.elobau.com\/pt-br\/#organization","name":"elobau GmbH & Co. KG","url":"https:\/\/www.elobau.com\/pt-br\/","logo":{"@type":"ImageObject","inLanguage":"pt-BR","@id":"https:\/\/www.elobau.com\/pt-br\/#\/schema\/logo\/image\/","url":"https:\/\/www.elobau.com\/wp-content\/uploads\/2021\/03\/elobau_logo_claim_11_2020_cmyk.jpg","contentUrl":"https:\/\/www.elobau.com\/wp-content\/uploads\/2021\/03\/elobau_logo_claim_11_2020_cmyk.jpg","width":2000,"height":676,"caption":"elobau GmbH & Co. KG"},"image":{"@id":"https:\/\/www.elobau.com\/pt-br\/#\/schema\/logo\/image\/"},"sameAs":["https:\/\/www.facebook.com\/elobauDACH\/","https:\/\/www.instagram.com\/elobau_official\/?hl=de","https:\/\/de.linkedin.com\/company\/elobau","https:\/\/www.youtube.com\/user\/elobauWorld"]}]}},"_links":{"self":[{"href":"https:\/\/www.elobau.com\/pt-br\/wp-json\/wp\/v2\/pages\/23928","targetHints":{"allow":["GET"]}}],"collection":[{"href":"https:\/\/www.elobau.com\/pt-br\/wp-json\/wp\/v2\/pages"}],"about":[{"href":"https:\/\/www.elobau.com\/pt-br\/wp-json\/wp\/v2\/types\/page"}],"author":[{"embeddable":true,"href":"https:\/\/www.elobau.com\/pt-br\/wp-json\/wp\/v2\/users\/3"}],"replies":[{"embeddable":true,"href":"https:\/\/www.elobau.com\/pt-br\/wp-json\/wp\/v2\/comments?post=23928"}],"version-history":[{"count":7,"href":"https:\/\/www.elobau.com\/pt-br\/wp-json\/wp\/v2\/pages\/23928\/revisions"}],"predecessor-version":[{"id":45879,"href":"https:\/\/www.elobau.com\/pt-br\/wp-json\/wp\/v2\/pages\/23928\/revisions\/45879"}],"wp:attachment":[{"href":"https:\/\/www.elobau.com\/pt-br\/wp-json\/wp\/v2\/media?parent=23928"}],"curies":[{"name":"wp","href":"https:\/\/api.w.org\/{rel}","templated":true}]}}