{"id":23895,"date":"2018-05-03T08:32:48","date_gmt":"2018-05-03T06:32:48","guid":{"rendered":"https:\/\/www.elobau.com\/about-elobau\/sustainability\/economy\/"},"modified":"2021-12-09T16:08:57","modified_gmt":"2021-12-09T15:08:57","slug":"economia","status":"publish","type":"page","link":"https:\/\/www.elobau.com\/pt-br\/sustentabilidade\/economia\/","title":{"rendered":"Economia"},"content":{"rendered":"","protected":false},"excerpt":{"rendered":"<p>Qualidade e inova\u00e7\u00e3o s\u00e3o fatores muito importantes para nossa empresa. Esses t\u00f3picos tamb\u00e9m s\u00e3o os pilares de nossa responsabilidade econ\u00f4mica em rela\u00e7\u00e3o \u00e0 sustentabilidade.<\/p>\n","protected":false},"author":4,"featured_media":23897,"parent":55366,"menu_order":6,"comment_status":"closed","ping_status":"closed","template":"","meta":{"_acf_changed":false,"inline_featured_image":false,"footnotes":"","_links_to":"","_links_to_target":""},"class_list":["post-23895","page","type-page","status-publish","has-post-thumbnail","hentry"],"acf":[],"yoast_head":"<title>Economy | elobau sensor technology<\/title>\n<meta name=\"description\" content=\"Economics is essential in a modern enterprise. Learn more about the economic steps of elobau sensor technology here!\" \/>\n<meta name=\"robots\" content=\"index, follow, max-snippet:-1, max-image-preview:large, max-video-preview:-1\" \/>\n<link rel=\"canonical\" href=\"https:\/\/www.elobau.com\/pt-br\/sustentabilidade\/economia\/\" \/>\n<meta property=\"og:locale\" content=\"pt_BR\" \/>\n<meta property=\"og:type\" content=\"article\" \/>\n<meta property=\"og:title\" content=\"Economy | elobau sensor technology\" \/>\n<meta property=\"og:description\" content=\"Economics is essential in a modern enterprise. Learn more about the economic steps of elobau sensor technology here!\" \/>\n<meta property=\"og:url\" content=\"https:\/\/www.elobau.com\/pt-br\/sustentabilidade\/economia\/\" \/>\n<meta property=\"og:site_name\" content=\"elobau\" \/>\n<meta property=\"article:publisher\" content=\"https:\/\/www.facebook.com\/elobauDACH\/\" \/>\n<meta property=\"article:modified_time\" content=\"2021-12-09T15:08:57+00:00\" \/>\n<meta property=\"og:image\" content=\"https:\/\/www.elobau.com\/wp-content\/uploads\/2017\/08\/elobau_380-scaled.jpg\" \/>\n\t<meta property=\"og:image:width\" content=\"2560\" \/>\n\t<meta property=\"og:image:height\" content=\"1707\" \/>\n\t<meta property=\"og:image:type\" content=\"image\/jpeg\" \/>\n<script type=\"application\/ld+json\" class=\"yoast-schema-graph\">{\"@context\":\"https:\/\/schema.org\",\"@graph\":[{\"@type\":\"WebPage\",\"@id\":\"https:\/\/www.elobau.com\/pt-br\/sustentabilidade\/economia\/\",\"url\":\"https:\/\/www.elobau.com\/pt-br\/sustentabilidade\/economia\/\",\"name\":\"Economy | elobau sensor technology\",\"isPartOf\":{\"@id\":\"https:\/\/www.elobau.com\/pt-br\/#website\"},\"primaryImageOfPage\":{\"@id\":\"https:\/\/www.elobau.com\/pt-br\/sustentabilidade\/economia\/#primaryimage\"},\"image\":{\"@id\":\"https:\/\/www.elobau.com\/pt-br\/sustentabilidade\/economia\/#primaryimage\"},\"thumbnailUrl\":\"https:\/\/www.elobau.com\/wp-content\/uploads\/2017\/08\/elobau_380-scaled.jpg\",\"datePublished\":\"2018-05-03T06:32:48+00:00\",\"dateModified\":\"2021-12-09T15:08:57+00:00\",\"description\":\"Economics is essential in a modern enterprise. Learn more about the economic steps of elobau sensor technology here!\",\"breadcrumb\":{\"@id\":\"https:\/\/www.elobau.com\/pt-br\/sustentabilidade\/economia\/#breadcrumb\"},\"inLanguage\":\"pt-BR\",\"potentialAction\":[{\"@type\":\"ReadAction\",\"target\":[\"https:\/\/www.elobau.com\/pt-br\/sustentabilidade\/economia\/\"]}]},{\"@type\":\"ImageObject\",\"inLanguage\":\"pt-BR\",\"@id\":\"https:\/\/www.elobau.com\/pt-br\/sustentabilidade\/economia\/#primaryimage\",\"url\":\"https:\/\/www.elobau.com\/wp-content\/uploads\/2017\/08\/elobau_380-scaled.jpg\",\"contentUrl\":\"https:\/\/www.elobau.com\/wp-content\/uploads\/2017\/08\/elobau_380-scaled.jpg\",\"width\":2560,\"height\":1707,\"caption\":\"elobau_380\"},{\"@type\":\"BreadcrumbList\",\"@id\":\"https:\/\/www.elobau.com\/pt-br\/sustentabilidade\/economia\/#breadcrumb\",\"itemListElement\":[{\"@type\":\"ListItem\",\"position\":1,\"name\":\"Home\",\"item\":\"https:\/\/www.elobau.com\/pt-br\/\"},{\"@type\":\"ListItem\",\"position\":2,\"name\":\"Sustentabilidade\",\"item\":\"https:\/\/www.elobau.com\/pt-br\/sustentabilidade\/\"},{\"@type\":\"ListItem\",\"position\":3,\"name\":\"Economia\"}]},{\"@type\":\"WebSite\",\"@id\":\"https:\/\/www.elobau.com\/pt-br\/#website\",\"url\":\"https:\/\/www.elobau.com\/pt-br\/\",\"name\":\"elobau\",\"description\":\"elobau\",\"publisher\":{\"@id\":\"https:\/\/www.elobau.com\/pt-br\/#organization\"},\"potentialAction\":[{\"@type\":\"SearchAction\",\"target\":{\"@type\":\"EntryPoint\",\"urlTemplate\":\"https:\/\/www.elobau.com\/pt-br\/?s={search_term_string}\"},\"query-input\":{\"@type\":\"PropertyValueSpecification\",\"valueRequired\":true,\"valueName\":\"search_term_string\"}}],\"inLanguage\":\"pt-BR\"},{\"@type\":\"Organization\",\"@id\":\"https:\/\/www.elobau.com\/pt-br\/#organization\",\"name\":\"elobau GmbH & Co. KG\",\"url\":\"https:\/\/www.elobau.com\/pt-br\/\",\"logo\":{\"@type\":\"ImageObject\",\"inLanguage\":\"pt-BR\",\"@id\":\"https:\/\/www.elobau.com\/pt-br\/#\/schema\/logo\/image\/\",\"url\":\"https:\/\/www.elobau.com\/wp-content\/uploads\/2021\/03\/elobau_logo_claim_11_2020_cmyk.jpg\",\"contentUrl\":\"https:\/\/www.elobau.com\/wp-content\/uploads\/2021\/03\/elobau_logo_claim_11_2020_cmyk.jpg\",\"width\":2000,\"height\":676,\"caption\":\"elobau GmbH & Co. KG\"},\"image\":{\"@id\":\"https:\/\/www.elobau.com\/pt-br\/#\/schema\/logo\/image\/\"},\"sameAs\":[\"https:\/\/www.facebook.com\/elobauDACH\/\",\"https:\/\/www.instagram.com\/elobau_official\/?hl=de\",\"https:\/\/de.linkedin.com\/company\/elobau\",\"https:\/\/www.youtube.com\/user\/elobauWorld\"]}]}<\/script>","yoast_head_json":{"title":"Economy | elobau sensor technology","description":"Economics is essential in a modern enterprise. Learn more about the economic steps of elobau sensor technology here!","robots":{"index":"index","follow":"follow","max-snippet":"max-snippet:-1","max-image-preview":"max-image-preview:large","max-video-preview":"max-video-preview:-1"},"canonical":"https:\/\/www.elobau.com\/pt-br\/sustentabilidade\/economia\/","og_locale":"pt_BR","og_type":"article","og_title":"Economy | elobau sensor technology","og_description":"Economics is essential in a modern enterprise. Learn more about the economic steps of elobau sensor technology here!","og_url":"https:\/\/www.elobau.com\/pt-br\/sustentabilidade\/economia\/","og_site_name":"elobau","article_publisher":"https:\/\/www.facebook.com\/elobauDACH\/","article_modified_time":"2021-12-09T15:08:57+00:00","og_image":[{"width":2560,"height":1707,"url":"https:\/\/www.elobau.com\/wp-content\/uploads\/2017\/08\/elobau_380-scaled.jpg","type":"image\/jpeg"}],"schema":{"@context":"https:\/\/schema.org","@graph":[{"@type":"WebPage","@id":"https:\/\/www.elobau.com\/pt-br\/sustentabilidade\/economia\/","url":"https:\/\/www.elobau.com\/pt-br\/sustentabilidade\/economia\/","name":"Economy | elobau sensor technology","isPartOf":{"@id":"https:\/\/www.elobau.com\/pt-br\/#website"},"primaryImageOfPage":{"@id":"https:\/\/www.elobau.com\/pt-br\/sustentabilidade\/economia\/#primaryimage"},"image":{"@id":"https:\/\/www.elobau.com\/pt-br\/sustentabilidade\/economia\/#primaryimage"},"thumbnailUrl":"https:\/\/www.elobau.com\/wp-content\/uploads\/2017\/08\/elobau_380-scaled.jpg","datePublished":"2018-05-03T06:32:48+00:00","dateModified":"2021-12-09T15:08:57+00:00","description":"Economics is essential in a modern enterprise. Learn more about the economic steps of elobau sensor technology here!","breadcrumb":{"@id":"https:\/\/www.elobau.com\/pt-br\/sustentabilidade\/economia\/#breadcrumb"},"inLanguage":"pt-BR","potentialAction":[{"@type":"ReadAction","target":["https:\/\/www.elobau.com\/pt-br\/sustentabilidade\/economia\/"]}]},{"@type":"ImageObject","inLanguage":"pt-BR","@id":"https:\/\/www.elobau.com\/pt-br\/sustentabilidade\/economia\/#primaryimage","url":"https:\/\/www.elobau.com\/wp-content\/uploads\/2017\/08\/elobau_380-scaled.jpg","contentUrl":"https:\/\/www.elobau.com\/wp-content\/uploads\/2017\/08\/elobau_380-scaled.jpg","width":2560,"height":1707,"caption":"elobau_380"},{"@type":"BreadcrumbList","@id":"https:\/\/www.elobau.com\/pt-br\/sustentabilidade\/economia\/#breadcrumb","itemListElement":[{"@type":"ListItem","position":1,"name":"Home","item":"https:\/\/www.elobau.com\/pt-br\/"},{"@type":"ListItem","position":2,"name":"Sustentabilidade","item":"https:\/\/www.elobau.com\/pt-br\/sustentabilidade\/"},{"@type":"ListItem","position":3,"name":"Economia"}]},{"@type":"WebSite","@id":"https:\/\/www.elobau.com\/pt-br\/#website","url":"https:\/\/www.elobau.com\/pt-br\/","name":"elobau","description":"elobau","publisher":{"@id":"https:\/\/www.elobau.com\/pt-br\/#organization"},"potentialAction":[{"@type":"SearchAction","target":{"@type":"EntryPoint","urlTemplate":"https:\/\/www.elobau.com\/pt-br\/?s={search_term_string}"},"query-input":{"@type":"PropertyValueSpecification","valueRequired":true,"valueName":"search_term_string"}}],"inLanguage":"pt-BR"},{"@type":"Organization","@id":"https:\/\/www.elobau.com\/pt-br\/#organization","name":"elobau GmbH & Co. KG","url":"https:\/\/www.elobau.com\/pt-br\/","logo":{"@type":"ImageObject","inLanguage":"pt-BR","@id":"https:\/\/www.elobau.com\/pt-br\/#\/schema\/logo\/image\/","url":"https:\/\/www.elobau.com\/wp-content\/uploads\/2021\/03\/elobau_logo_claim_11_2020_cmyk.jpg","contentUrl":"https:\/\/www.elobau.com\/wp-content\/uploads\/2021\/03\/elobau_logo_claim_11_2020_cmyk.jpg","width":2000,"height":676,"caption":"elobau GmbH & Co. KG"},"image":{"@id":"https:\/\/www.elobau.com\/pt-br\/#\/schema\/logo\/image\/"},"sameAs":["https:\/\/www.facebook.com\/elobauDACH\/","https:\/\/www.instagram.com\/elobau_official\/?hl=de","https:\/\/de.linkedin.com\/company\/elobau","https:\/\/www.youtube.com\/user\/elobauWorld"]}]}},"_links":{"self":[{"href":"https:\/\/www.elobau.com\/pt-br\/wp-json\/wp\/v2\/pages\/23895","targetHints":{"allow":["GET"]}}],"collection":[{"href":"https:\/\/www.elobau.com\/pt-br\/wp-json\/wp\/v2\/pages"}],"about":[{"href":"https:\/\/www.elobau.com\/pt-br\/wp-json\/wp\/v2\/types\/page"}],"author":[{"embeddable":true,"href":"https:\/\/www.elobau.com\/pt-br\/wp-json\/wp\/v2\/users\/4"}],"replies":[{"embeddable":true,"href":"https:\/\/www.elobau.com\/pt-br\/wp-json\/wp\/v2\/comments?post=23895"}],"version-history":[{"count":9,"href":"https:\/\/www.elobau.com\/pt-br\/wp-json\/wp\/v2\/pages\/23895\/revisions"}],"predecessor-version":[{"id":105443,"href":"https:\/\/www.elobau.com\/pt-br\/wp-json\/wp\/v2\/pages\/23895\/revisions\/105443"}],"up":[{"embeddable":true,"href":"https:\/\/www.elobau.com\/pt-br\/wp-json\/wp\/v2\/pages\/55366"}],"wp:featuredmedia":[{"embeddable":true,"href":"https:\/\/www.elobau.com\/pt-br\/wp-json\/wp\/v2\/media\/23897"}],"wp:attachment":[{"href":"https:\/\/www.elobau.com\/pt-br\/wp-json\/wp\/v2\/media?parent=23895"}],"curies":[{"name":"wp","href":"https:\/\/api.w.org\/{rel}","templated":true}]}}