{"id":23877,"date":"2018-05-03T08:32:44","date_gmt":"2018-05-03T08:32:44","guid":{"rendered":"https:\/\/www.elobau.com\/about-elobau\/guiding-principle\/"},"modified":"2023-03-02T10:44:00","modified_gmt":"2023-03-02T09:44:00","slug":"principio-orientador","status":"publish","type":"page","link":"https:\/\/www.elobau.com\/pt-br\/sobre\/principio-orientador\/","title":{"rendered":"Princ\u00edpio orientador"},"content":{"rendered":"","protected":false},"excerpt":{"rendered":"<p>O lema da elobau \u00e9 &#8220;foco nas pessoas&#8221;. Como empresa de funda\u00e7\u00e3o, estamos plenamente conscientes de nossa responsabilidade pelos funcion\u00e1rios, sociedade e meio ambiente.<\/p>\n","protected":false},"author":4,"featured_media":23878,"parent":23819,"menu_order":8,"comment_status":"closed","ping_status":"closed","template":"","meta":{"_acf_changed":false,"inline_featured_image":false,"footnotes":"","_links_to":"","_links_to_target":""},"class_list":["post-23877","page","type-page","status-publish","has-post-thumbnail","hentry"],"acf":[],"yoast_head":"<title>Princ\u00edpios e valores | tecnologia de sensores elobau | elobau<\/title>\n<meta name=\"description\" content=\"A nossa declara\u00e7\u00e3o de miss\u00e3o. A cultura dos sensores elobau desempenha um papel importante na pol\u00edtica empresarial | Saiba mais!\" \/>\n<meta name=\"robots\" content=\"index, follow, max-snippet:-1, max-image-preview:large, max-video-preview:-1\" \/>\n<link rel=\"canonical\" href=\"https:\/\/www.elobau.com\/pt-br\/sobre\/principio-orientador\/\" \/>\n<meta property=\"og:locale\" content=\"pt_BR\" \/>\n<meta property=\"og:type\" content=\"article\" \/>\n<meta property=\"og:title\" content=\"Princ\u00edpios e valores | tecnologia de sensores elobau | elobau\" \/>\n<meta property=\"og:description\" content=\"A nossa declara\u00e7\u00e3o de miss\u00e3o. A cultura dos sensores elobau desempenha um papel importante na pol\u00edtica empresarial | Saiba mais!\" \/>\n<meta property=\"og:url\" content=\"https:\/\/www.elobau.com\/pt-br\/sobre\/principio-orientador\/\" \/>\n<meta property=\"og:site_name\" content=\"elobau\" \/>\n<meta property=\"article:publisher\" content=\"https:\/\/www.facebook.com\/elobauDACH\/\" \/>\n<meta property=\"article:modified_time\" content=\"2023-03-02T09:44:00+00:00\" \/>\n<meta property=\"og:image\" content=\"https:\/\/www.elobau.com\/wp-content\/uploads\/2018\/03\/tom8067-scaled.jpg\" \/>\n\t<meta property=\"og:image:width\" content=\"2560\" \/>\n\t<meta property=\"og:image:height\" content=\"1707\" \/>\n\t<meta property=\"og:image:type\" content=\"image\/jpeg\" \/>\n<script type=\"application\/ld+json\" class=\"yoast-schema-graph\">{\"@context\":\"https:\/\/schema.org\",\"@graph\":[{\"@type\":\"WebPage\",\"@id\":\"https:\/\/www.elobau.com\/pt-br\/sobre\/principio-orientador\/\",\"url\":\"https:\/\/www.elobau.com\/pt-br\/sobre\/principio-orientador\/\",\"name\":\"Princ\u00edpios e valores | tecnologia de sensores elobau | elobau\",\"isPartOf\":{\"@id\":\"https:\/\/www.elobau.com\/pt-br\/#website\"},\"primaryImageOfPage\":{\"@id\":\"https:\/\/www.elobau.com\/pt-br\/sobre\/principio-orientador\/#primaryimage\"},\"image\":{\"@id\":\"https:\/\/www.elobau.com\/pt-br\/sobre\/principio-orientador\/#primaryimage\"},\"thumbnailUrl\":\"https:\/\/www.elobau.com\/wp-content\/uploads\/2018\/03\/tom8067-scaled.jpg\",\"datePublished\":\"2018-05-03T08:32:44+00:00\",\"dateModified\":\"2023-03-02T09:44:00+00:00\",\"description\":\"A nossa declara\u00e7\u00e3o de miss\u00e3o. A cultura dos sensores elobau desempenha um papel importante na pol\u00edtica empresarial | Saiba mais!\",\"breadcrumb\":{\"@id\":\"https:\/\/www.elobau.com\/pt-br\/sobre\/principio-orientador\/#breadcrumb\"},\"inLanguage\":\"pt-BR\",\"potentialAction\":[{\"@type\":\"ReadAction\",\"target\":[\"https:\/\/www.elobau.com\/pt-br\/sobre\/principio-orientador\/\"]}]},{\"@type\":\"ImageObject\",\"inLanguage\":\"pt-BR\",\"@id\":\"https:\/\/www.elobau.com\/pt-br\/sobre\/principio-orientador\/#primaryimage\",\"url\":\"https:\/\/www.elobau.com\/wp-content\/uploads\/2018\/03\/tom8067-scaled.jpg\",\"contentUrl\":\"https:\/\/www.elobau.com\/wp-content\/uploads\/2018\/03\/tom8067-scaled.jpg\",\"width\":2560,\"height\":1707,\"caption\":\"elobau Werk 2 unser Weg\"},{\"@type\":\"BreadcrumbList\",\"@id\":\"https:\/\/www.elobau.com\/pt-br\/sobre\/principio-orientador\/#breadcrumb\",\"itemListElement\":[{\"@type\":\"ListItem\",\"position\":1,\"name\":\"Home\",\"item\":\"https:\/\/www.elobau.com\/pt-br\/\"},{\"@type\":\"ListItem\",\"position\":2,\"name\":\"Sobre\",\"item\":\"https:\/\/www.elobau.com\/pt-br\/sobre\/\"},{\"@type\":\"ListItem\",\"position\":3,\"name\":\"Princ\u00edpio orientador\"}]},{\"@type\":\"WebSite\",\"@id\":\"https:\/\/www.elobau.com\/pt-br\/#website\",\"url\":\"https:\/\/www.elobau.com\/pt-br\/\",\"name\":\"elobau\",\"description\":\"elobau\",\"publisher\":{\"@id\":\"https:\/\/www.elobau.com\/pt-br\/#organization\"},\"potentialAction\":[{\"@type\":\"SearchAction\",\"target\":{\"@type\":\"EntryPoint\",\"urlTemplate\":\"https:\/\/www.elobau.com\/pt-br\/?s={search_term_string}\"},\"query-input\":{\"@type\":\"PropertyValueSpecification\",\"valueRequired\":true,\"valueName\":\"search_term_string\"}}],\"inLanguage\":\"pt-BR\"},{\"@type\":\"Organization\",\"@id\":\"https:\/\/www.elobau.com\/pt-br\/#organization\",\"name\":\"elobau GmbH & Co. KG\",\"url\":\"https:\/\/www.elobau.com\/pt-br\/\",\"logo\":{\"@type\":\"ImageObject\",\"inLanguage\":\"pt-BR\",\"@id\":\"https:\/\/www.elobau.com\/pt-br\/#\/schema\/logo\/image\/\",\"url\":\"https:\/\/www.elobau.com\/wp-content\/uploads\/2021\/03\/elobau_logo_claim_11_2020_cmyk.jpg\",\"contentUrl\":\"https:\/\/www.elobau.com\/wp-content\/uploads\/2021\/03\/elobau_logo_claim_11_2020_cmyk.jpg\",\"width\":2000,\"height\":676,\"caption\":\"elobau GmbH & Co. KG\"},\"image\":{\"@id\":\"https:\/\/www.elobau.com\/pt-br\/#\/schema\/logo\/image\/\"},\"sameAs\":[\"https:\/\/www.facebook.com\/elobauDACH\/\",\"https:\/\/www.instagram.com\/elobau_official\/?hl=de\",\"https:\/\/de.linkedin.com\/company\/elobau\",\"https:\/\/www.youtube.com\/user\/elobauWorld\"]}]}<\/script>","yoast_head_json":{"title":"Princ\u00edpios e valores | tecnologia de sensores elobau | elobau","description":"A nossa declara\u00e7\u00e3o de miss\u00e3o. A cultura dos sensores elobau desempenha um papel importante na pol\u00edtica empresarial | Saiba mais!","robots":{"index":"index","follow":"follow","max-snippet":"max-snippet:-1","max-image-preview":"max-image-preview:large","max-video-preview":"max-video-preview:-1"},"canonical":"https:\/\/www.elobau.com\/pt-br\/sobre\/principio-orientador\/","og_locale":"pt_BR","og_type":"article","og_title":"Princ\u00edpios e valores | tecnologia de sensores elobau | elobau","og_description":"A nossa declara\u00e7\u00e3o de miss\u00e3o. A cultura dos sensores elobau desempenha um papel importante na pol\u00edtica empresarial | Saiba mais!","og_url":"https:\/\/www.elobau.com\/pt-br\/sobre\/principio-orientador\/","og_site_name":"elobau","article_publisher":"https:\/\/www.facebook.com\/elobauDACH\/","article_modified_time":"2023-03-02T09:44:00+00:00","og_image":[{"width":2560,"height":1707,"url":"https:\/\/www.elobau.com\/wp-content\/uploads\/2018\/03\/tom8067-scaled.jpg","type":"image\/jpeg"}],"schema":{"@context":"https:\/\/schema.org","@graph":[{"@type":"WebPage","@id":"https:\/\/www.elobau.com\/pt-br\/sobre\/principio-orientador\/","url":"https:\/\/www.elobau.com\/pt-br\/sobre\/principio-orientador\/","name":"Princ\u00edpios e valores | tecnologia de sensores elobau | elobau","isPartOf":{"@id":"https:\/\/www.elobau.com\/pt-br\/#website"},"primaryImageOfPage":{"@id":"https:\/\/www.elobau.com\/pt-br\/sobre\/principio-orientador\/#primaryimage"},"image":{"@id":"https:\/\/www.elobau.com\/pt-br\/sobre\/principio-orientador\/#primaryimage"},"thumbnailUrl":"https:\/\/www.elobau.com\/wp-content\/uploads\/2018\/03\/tom8067-scaled.jpg","datePublished":"2018-05-03T08:32:44+00:00","dateModified":"2023-03-02T09:44:00+00:00","description":"A nossa declara\u00e7\u00e3o de miss\u00e3o. A cultura dos sensores elobau desempenha um papel importante na pol\u00edtica empresarial | Saiba mais!","breadcrumb":{"@id":"https:\/\/www.elobau.com\/pt-br\/sobre\/principio-orientador\/#breadcrumb"},"inLanguage":"pt-BR","potentialAction":[{"@type":"ReadAction","target":["https:\/\/www.elobau.com\/pt-br\/sobre\/principio-orientador\/"]}]},{"@type":"ImageObject","inLanguage":"pt-BR","@id":"https:\/\/www.elobau.com\/pt-br\/sobre\/principio-orientador\/#primaryimage","url":"https:\/\/www.elobau.com\/wp-content\/uploads\/2018\/03\/tom8067-scaled.jpg","contentUrl":"https:\/\/www.elobau.com\/wp-content\/uploads\/2018\/03\/tom8067-scaled.jpg","width":2560,"height":1707,"caption":"elobau Werk 2 unser Weg"},{"@type":"BreadcrumbList","@id":"https:\/\/www.elobau.com\/pt-br\/sobre\/principio-orientador\/#breadcrumb","itemListElement":[{"@type":"ListItem","position":1,"name":"Home","item":"https:\/\/www.elobau.com\/pt-br\/"},{"@type":"ListItem","position":2,"name":"Sobre","item":"https:\/\/www.elobau.com\/pt-br\/sobre\/"},{"@type":"ListItem","position":3,"name":"Princ\u00edpio orientador"}]},{"@type":"WebSite","@id":"https:\/\/www.elobau.com\/pt-br\/#website","url":"https:\/\/www.elobau.com\/pt-br\/","name":"elobau","description":"elobau","publisher":{"@id":"https:\/\/www.elobau.com\/pt-br\/#organization"},"potentialAction":[{"@type":"SearchAction","target":{"@type":"EntryPoint","urlTemplate":"https:\/\/www.elobau.com\/pt-br\/?s={search_term_string}"},"query-input":{"@type":"PropertyValueSpecification","valueRequired":true,"valueName":"search_term_string"}}],"inLanguage":"pt-BR"},{"@type":"Organization","@id":"https:\/\/www.elobau.com\/pt-br\/#organization","name":"elobau GmbH & Co. KG","url":"https:\/\/www.elobau.com\/pt-br\/","logo":{"@type":"ImageObject","inLanguage":"pt-BR","@id":"https:\/\/www.elobau.com\/pt-br\/#\/schema\/logo\/image\/","url":"https:\/\/www.elobau.com\/wp-content\/uploads\/2021\/03\/elobau_logo_claim_11_2020_cmyk.jpg","contentUrl":"https:\/\/www.elobau.com\/wp-content\/uploads\/2021\/03\/elobau_logo_claim_11_2020_cmyk.jpg","width":2000,"height":676,"caption":"elobau GmbH & Co. KG"},"image":{"@id":"https:\/\/www.elobau.com\/pt-br\/#\/schema\/logo\/image\/"},"sameAs":["https:\/\/www.facebook.com\/elobauDACH\/","https:\/\/www.instagram.com\/elobau_official\/?hl=de","https:\/\/de.linkedin.com\/company\/elobau","https:\/\/www.youtube.com\/user\/elobauWorld"]}]}},"_links":{"self":[{"href":"https:\/\/www.elobau.com\/pt-br\/wp-json\/wp\/v2\/pages\/23877","targetHints":{"allow":["GET"]}}],"collection":[{"href":"https:\/\/www.elobau.com\/pt-br\/wp-json\/wp\/v2\/pages"}],"about":[{"href":"https:\/\/www.elobau.com\/pt-br\/wp-json\/wp\/v2\/types\/page"}],"author":[{"embeddable":true,"href":"https:\/\/www.elobau.com\/pt-br\/wp-json\/wp\/v2\/users\/4"}],"replies":[{"embeddable":true,"href":"https:\/\/www.elobau.com\/pt-br\/wp-json\/wp\/v2\/comments?post=23877"}],"version-history":[{"count":10,"href":"https:\/\/www.elobau.com\/pt-br\/wp-json\/wp\/v2\/pages\/23877\/revisions"}],"predecessor-version":[{"id":117159,"href":"https:\/\/www.elobau.com\/pt-br\/wp-json\/wp\/v2\/pages\/23877\/revisions\/117159"}],"up":[{"embeddable":true,"href":"https:\/\/www.elobau.com\/pt-br\/wp-json\/wp\/v2\/pages\/23819"}],"wp:featuredmedia":[{"embeddable":true,"href":"https:\/\/www.elobau.com\/pt-br\/wp-json\/wp\/v2\/media\/23878"}],"wp:attachment":[{"href":"https:\/\/www.elobau.com\/pt-br\/wp-json\/wp\/v2\/media?parent=23877"}],"curies":[{"name":"wp","href":"https:\/\/api.w.org\/{rel}","templated":true}]}}