{"id":23863,"date":"2018-03-27T18:47:47","date_gmt":"2018-03-27T18:47:47","guid":{"rendered":"https:\/\/www.elobau.com\/about-elobau\/reasons-for-elobau\/many-years-of-know-how\/"},"modified":"2020-07-22T18:45:51","modified_gmt":"2020-07-22T16:45:51","slug":"muitos-anos-de-experiencia","status":"publish","type":"page","link":"https:\/\/www.elobau.com\/pt-br\/sobre\/razoes-para-escolher-a-elobau\/muitos-anos-de-experiencia\/","title":{"rendered":"Muitos anos de experi\u00eancia"},"content":{"rendered":"","protected":false},"excerpt":{"rendered":"<p>Beneficie-se de nossa experi\u00eancia, aprendida em v\u00e1rios projetos ao longo de muitos anos.<\/p>\n","protected":false},"author":3,"featured_media":23864,"parent":23845,"menu_order":0,"comment_status":"closed","ping_status":"closed","template":"","meta":{"_acf_changed":false,"inline_featured_image":false,"footnotes":"","_links_to":"","_links_to_target":""},"class_list":["post-23863","page","type-page","status-publish","has-post-thumbnail","hentry"],"acf":[],"yoast_head":"<title>Muitos anos de experi\u00eancia - elobau<\/title>\n<meta name=\"robots\" content=\"noindex, follow\" \/>\n<meta property=\"og:locale\" content=\"pt_BR\" \/>\n<meta property=\"og:type\" content=\"article\" \/>\n<meta property=\"og:title\" content=\"Muitos anos de experi\u00eancia - elobau\" \/>\n<meta property=\"og:description\" content=\"Beneficie-se de nossa experi\u00eancia, aprendida em v\u00e1rios projetos ao longo de muitos anos.\" \/>\n<meta property=\"og:url\" content=\"https:\/\/www.elobau.com\/pt-br\/sobre\/razoes-para-escolher-a-elobau\/muitos-anos-de-experiencia\/\" \/>\n<meta property=\"og:site_name\" content=\"elobau\" \/>\n<meta property=\"article:publisher\" content=\"https:\/\/www.facebook.com\/elobauDACH\/\" \/>\n<meta property=\"article:modified_time\" content=\"2020-07-22T16:45:51+00:00\" \/>\n<meta property=\"og:image\" content=\"https:\/\/www.elobau.com\/wp-content\/uploads\/2017\/11\/elobau_387.jpg\" \/>\n\t<meta property=\"og:image:width\" content=\"800\" \/>\n\t<meta property=\"og:image:height\" content=\"530\" \/>\n\t<meta property=\"og:image:type\" content=\"image\/jpeg\" \/>\n<script type=\"application\/ld+json\" class=\"yoast-schema-graph\">{\"@context\":\"https:\\\/\\\/schema.org\",\"@graph\":[{\"@type\":\"WebPage\",\"@id\":\"https:\\\/\\\/www.elobau.com\\\/pt-br\\\/sobre\\\/razoes-para-escolher-a-elobau\\\/muitos-anos-de-experiencia\\\/\",\"url\":\"https:\\\/\\\/www.elobau.com\\\/pt-br\\\/sobre\\\/razoes-para-escolher-a-elobau\\\/muitos-anos-de-experiencia\\\/\",\"name\":\"Muitos anos de experi\u00eancia - elobau\",\"isPartOf\":{\"@id\":\"https:\\\/\\\/www.elobau.com\\\/pt-br\\\/#website\"},\"primaryImageOfPage\":{\"@id\":\"https:\\\/\\\/www.elobau.com\\\/pt-br\\\/sobre\\\/razoes-para-escolher-a-elobau\\\/muitos-anos-de-experiencia\\\/#primaryimage\"},\"image\":{\"@id\":\"https:\\\/\\\/www.elobau.com\\\/pt-br\\\/sobre\\\/razoes-para-escolher-a-elobau\\\/muitos-anos-de-experiencia\\\/#primaryimage\"},\"thumbnailUrl\":\"https:\\\/\\\/www.elobau.com\\\/wp-content\\\/uploads\\\/2017\\\/11\\\/elobau_387.jpg\",\"datePublished\":\"2018-03-27T18:47:47+00:00\",\"dateModified\":\"2020-07-22T16:45:51+00:00\",\"breadcrumb\":{\"@id\":\"https:\\\/\\\/www.elobau.com\\\/pt-br\\\/sobre\\\/razoes-para-escolher-a-elobau\\\/muitos-anos-de-experiencia\\\/#breadcrumb\"},\"inLanguage\":\"pt-BR\",\"potentialAction\":[{\"@type\":\"ReadAction\",\"target\":[\"https:\\\/\\\/www.elobau.com\\\/pt-br\\\/sobre\\\/razoes-para-escolher-a-elobau\\\/muitos-anos-de-experiencia\\\/\"]}]},{\"@type\":\"ImageObject\",\"inLanguage\":\"pt-BR\",\"@id\":\"https:\\\/\\\/www.elobau.com\\\/pt-br\\\/sobre\\\/razoes-para-escolher-a-elobau\\\/muitos-anos-de-experiencia\\\/#primaryimage\",\"url\":\"https:\\\/\\\/www.elobau.com\\\/wp-content\\\/uploads\\\/2017\\\/11\\\/elobau_387.jpg\",\"contentUrl\":\"https:\\\/\\\/www.elobau.com\\\/wp-content\\\/uploads\\\/2017\\\/11\\\/elobau_387.jpg\",\"width\":800,\"height\":530,\"caption\":\"elobau_387\"},{\"@type\":\"BreadcrumbList\",\"@id\":\"https:\\\/\\\/www.elobau.com\\\/pt-br\\\/sobre\\\/razoes-para-escolher-a-elobau\\\/muitos-anos-de-experiencia\\\/#breadcrumb\",\"itemListElement\":[{\"@type\":\"ListItem\",\"position\":1,\"name\":\"Home\",\"item\":\"https:\\\/\\\/www.elobau.com\\\/pt-br\\\/\"},{\"@type\":\"ListItem\",\"position\":2,\"name\":\"Sobre\",\"item\":\"https:\\\/\\\/www.elobau.com\\\/pt-br\\\/sobre\\\/\"},{\"@type\":\"ListItem\",\"position\":3,\"name\":\"Raz\u00f5es para escolher a elobau\",\"item\":\"https:\\\/\\\/www.elobau.com\\\/pt-br\\\/sobre\\\/razoes-para-escolher-a-elobau\\\/\"},{\"@type\":\"ListItem\",\"position\":4,\"name\":\"Muitos anos de experi\u00eancia\"}]},{\"@type\":\"WebSite\",\"@id\":\"https:\\\/\\\/www.elobau.com\\\/pt-br\\\/#website\",\"url\":\"https:\\\/\\\/www.elobau.com\\\/pt-br\\\/\",\"name\":\"elobau\",\"description\":\"elobau\",\"publisher\":{\"@id\":\"https:\\\/\\\/www.elobau.com\\\/pt-br\\\/#organization\"},\"potentialAction\":[{\"@type\":\"SearchAction\",\"target\":{\"@type\":\"EntryPoint\",\"urlTemplate\":\"https:\\\/\\\/www.elobau.com\\\/pt-br\\\/?s={search_term_string}\"},\"query-input\":{\"@type\":\"PropertyValueSpecification\",\"valueRequired\":true,\"valueName\":\"search_term_string\"}}],\"inLanguage\":\"pt-BR\"},{\"@type\":\"Organization\",\"@id\":\"https:\\\/\\\/www.elobau.com\\\/pt-br\\\/#organization\",\"name\":\"elobau GmbH & Co. KG\",\"url\":\"https:\\\/\\\/www.elobau.com\\\/pt-br\\\/\",\"logo\":{\"@type\":\"ImageObject\",\"inLanguage\":\"pt-BR\",\"@id\":\"https:\\\/\\\/www.elobau.com\\\/pt-br\\\/#\\\/schema\\\/logo\\\/image\\\/\",\"url\":\"https:\\\/\\\/www.elobau.com\\\/wp-content\\\/uploads\\\/2021\\\/03\\\/elobau_logo_claim_11_2020_cmyk.jpg\",\"contentUrl\":\"https:\\\/\\\/www.elobau.com\\\/wp-content\\\/uploads\\\/2021\\\/03\\\/elobau_logo_claim_11_2020_cmyk.jpg\",\"width\":2000,\"height\":676,\"caption\":\"elobau GmbH & Co. KG\"},\"image\":{\"@id\":\"https:\\\/\\\/www.elobau.com\\\/pt-br\\\/#\\\/schema\\\/logo\\\/image\\\/\"},\"sameAs\":[\"https:\\\/\\\/www.facebook.com\\\/elobauDACH\\\/\",\"https:\\\/\\\/www.instagram.com\\\/elobau_official\\\/?hl=de\",\"https:\\\/\\\/de.linkedin.com\\\/company\\\/elobau\",\"https:\\\/\\\/www.youtube.com\\\/user\\\/elobauWorld\"]}]}<\/script>","yoast_head_json":{"title":"Muitos anos de experi\u00eancia - elobau","robots":{"index":"noindex","follow":"follow"},"og_locale":"pt_BR","og_type":"article","og_title":"Muitos anos de experi\u00eancia - elobau","og_description":"Beneficie-se de nossa experi\u00eancia, aprendida em v\u00e1rios projetos ao longo de muitos anos.","og_url":"https:\/\/www.elobau.com\/pt-br\/sobre\/razoes-para-escolher-a-elobau\/muitos-anos-de-experiencia\/","og_site_name":"elobau","article_publisher":"https:\/\/www.facebook.com\/elobauDACH\/","article_modified_time":"2020-07-22T16:45:51+00:00","og_image":[{"width":800,"height":530,"url":"https:\/\/www.elobau.com\/wp-content\/uploads\/2017\/11\/elobau_387.jpg","type":"image\/jpeg"}],"schema":{"@context":"https:\/\/schema.org","@graph":[{"@type":"WebPage","@id":"https:\/\/www.elobau.com\/pt-br\/sobre\/razoes-para-escolher-a-elobau\/muitos-anos-de-experiencia\/","url":"https:\/\/www.elobau.com\/pt-br\/sobre\/razoes-para-escolher-a-elobau\/muitos-anos-de-experiencia\/","name":"Muitos anos de experi\u00eancia - elobau","isPartOf":{"@id":"https:\/\/www.elobau.com\/pt-br\/#website"},"primaryImageOfPage":{"@id":"https:\/\/www.elobau.com\/pt-br\/sobre\/razoes-para-escolher-a-elobau\/muitos-anos-de-experiencia\/#primaryimage"},"image":{"@id":"https:\/\/www.elobau.com\/pt-br\/sobre\/razoes-para-escolher-a-elobau\/muitos-anos-de-experiencia\/#primaryimage"},"thumbnailUrl":"https:\/\/www.elobau.com\/wp-content\/uploads\/2017\/11\/elobau_387.jpg","datePublished":"2018-03-27T18:47:47+00:00","dateModified":"2020-07-22T16:45:51+00:00","breadcrumb":{"@id":"https:\/\/www.elobau.com\/pt-br\/sobre\/razoes-para-escolher-a-elobau\/muitos-anos-de-experiencia\/#breadcrumb"},"inLanguage":"pt-BR","potentialAction":[{"@type":"ReadAction","target":["https:\/\/www.elobau.com\/pt-br\/sobre\/razoes-para-escolher-a-elobau\/muitos-anos-de-experiencia\/"]}]},{"@type":"ImageObject","inLanguage":"pt-BR","@id":"https:\/\/www.elobau.com\/pt-br\/sobre\/razoes-para-escolher-a-elobau\/muitos-anos-de-experiencia\/#primaryimage","url":"https:\/\/www.elobau.com\/wp-content\/uploads\/2017\/11\/elobau_387.jpg","contentUrl":"https:\/\/www.elobau.com\/wp-content\/uploads\/2017\/11\/elobau_387.jpg","width":800,"height":530,"caption":"elobau_387"},{"@type":"BreadcrumbList","@id":"https:\/\/www.elobau.com\/pt-br\/sobre\/razoes-para-escolher-a-elobau\/muitos-anos-de-experiencia\/#breadcrumb","itemListElement":[{"@type":"ListItem","position":1,"name":"Home","item":"https:\/\/www.elobau.com\/pt-br\/"},{"@type":"ListItem","position":2,"name":"Sobre","item":"https:\/\/www.elobau.com\/pt-br\/sobre\/"},{"@type":"ListItem","position":3,"name":"Raz\u00f5es para escolher a elobau","item":"https:\/\/www.elobau.com\/pt-br\/sobre\/razoes-para-escolher-a-elobau\/"},{"@type":"ListItem","position":4,"name":"Muitos anos de experi\u00eancia"}]},{"@type":"WebSite","@id":"https:\/\/www.elobau.com\/pt-br\/#website","url":"https:\/\/www.elobau.com\/pt-br\/","name":"elobau","description":"elobau","publisher":{"@id":"https:\/\/www.elobau.com\/pt-br\/#organization"},"potentialAction":[{"@type":"SearchAction","target":{"@type":"EntryPoint","urlTemplate":"https:\/\/www.elobau.com\/pt-br\/?s={search_term_string}"},"query-input":{"@type":"PropertyValueSpecification","valueRequired":true,"valueName":"search_term_string"}}],"inLanguage":"pt-BR"},{"@type":"Organization","@id":"https:\/\/www.elobau.com\/pt-br\/#organization","name":"elobau GmbH & Co. KG","url":"https:\/\/www.elobau.com\/pt-br\/","logo":{"@type":"ImageObject","inLanguage":"pt-BR","@id":"https:\/\/www.elobau.com\/pt-br\/#\/schema\/logo\/image\/","url":"https:\/\/www.elobau.com\/wp-content\/uploads\/2021\/03\/elobau_logo_claim_11_2020_cmyk.jpg","contentUrl":"https:\/\/www.elobau.com\/wp-content\/uploads\/2021\/03\/elobau_logo_claim_11_2020_cmyk.jpg","width":2000,"height":676,"caption":"elobau GmbH & Co. KG"},"image":{"@id":"https:\/\/www.elobau.com\/pt-br\/#\/schema\/logo\/image\/"},"sameAs":["https:\/\/www.facebook.com\/elobauDACH\/","https:\/\/www.instagram.com\/elobau_official\/?hl=de","https:\/\/de.linkedin.com\/company\/elobau","https:\/\/www.youtube.com\/user\/elobauWorld"]}]}},"_links":{"self":[{"href":"https:\/\/www.elobau.com\/pt-br\/wp-json\/wp\/v2\/pages\/23863","targetHints":{"allow":["GET"]}}],"collection":[{"href":"https:\/\/www.elobau.com\/pt-br\/wp-json\/wp\/v2\/pages"}],"about":[{"href":"https:\/\/www.elobau.com\/pt-br\/wp-json\/wp\/v2\/types\/page"}],"author":[{"embeddable":true,"href":"https:\/\/www.elobau.com\/pt-br\/wp-json\/wp\/v2\/users\/3"}],"replies":[{"embeddable":true,"href":"https:\/\/www.elobau.com\/pt-br\/wp-json\/wp\/v2\/comments?post=23863"}],"version-history":[{"count":3,"href":"https:\/\/www.elobau.com\/pt-br\/wp-json\/wp\/v2\/pages\/23863\/revisions"}],"predecessor-version":[{"id":39758,"href":"https:\/\/www.elobau.com\/pt-br\/wp-json\/wp\/v2\/pages\/23863\/revisions\/39758"}],"up":[{"embeddable":true,"href":"https:\/\/www.elobau.com\/pt-br\/wp-json\/wp\/v2\/pages\/23845"}],"wp:featuredmedia":[{"embeddable":true,"href":"https:\/\/www.elobau.com\/pt-br\/wp-json\/wp\/v2\/media\/23864"}],"wp:attachment":[{"href":"https:\/\/www.elobau.com\/pt-br\/wp-json\/wp\/v2\/media?parent=23863"}],"curies":[{"name":"wp","href":"https:\/\/api.w.org\/{rel}","templated":true}]}}