{"id":23853,"date":"2018-03-27T18:51:06","date_gmt":"2018-03-27T18:51:06","guid":{"rendered":"https:\/\/www.elobau.com\/about-elobau\/reasons-for-elobau\/flexibility-and-quality\/"},"modified":"2021-09-28T16:05:59","modified_gmt":"2021-09-28T14:05:59","slug":"flexibilidade-e-qualidade","status":"publish","type":"page","link":"https:\/\/www.elobau.com\/pt-br\/sobre\/razoes-para-escolher-a-elobau\/flexibilidade-e-qualidade\/","title":{"rendered":"Flexibilidade e qualidade"},"content":{"rendered":"","protected":false},"excerpt":{"rendered":"<p>Para flexibilidade e qualidade: desenvolvimento, fabrica\u00e7\u00e3o de ferramentas, produ\u00e7\u00e3o e laborat\u00f3rio de testes, tudo no mesmo lugar.<\/p>\n","protected":false},"author":3,"featured_media":23854,"parent":23845,"menu_order":1,"comment_status":"closed","ping_status":"closed","template":"","meta":{"_acf_changed":false,"inline_featured_image":false,"footnotes":"","_links_to":"","_links_to_target":""},"class_list":["post-23853","page","type-page","status-publish","has-post-thumbnail","hentry"],"acf":[],"yoast_head":"<title>Flexibilidade e qualidade - elobau<\/title>\n<meta name=\"robots\" content=\"noindex, follow\" \/>\n<meta property=\"og:locale\" content=\"pt_BR\" \/>\n<meta property=\"og:type\" content=\"article\" \/>\n<meta property=\"og:title\" content=\"Flexibilidade e qualidade - elobau\" \/>\n<meta property=\"og:description\" content=\"Para flexibilidade e qualidade: desenvolvimento, fabrica\u00e7\u00e3o de ferramentas, produ\u00e7\u00e3o e laborat\u00f3rio de testes, tudo no mesmo lugar.\" \/>\n<meta property=\"og:url\" content=\"https:\/\/www.elobau.com\/pt-br\/sobre\/razoes-para-escolher-a-elobau\/flexibilidade-e-qualidade\/\" \/>\n<meta property=\"og:site_name\" content=\"elobau\" \/>\n<meta property=\"article:publisher\" content=\"https:\/\/www.facebook.com\/elobauDACH\/\" \/>\n<meta property=\"article:modified_time\" content=\"2021-09-28T14:05:59+00:00\" \/>\n<meta property=\"og:image\" content=\"https:\/\/www.elobau.com\/wp-content\/uploads\/2017\/11\/tom0547-scaled.jpg\" \/>\n\t<meta property=\"og:image:width\" content=\"2560\" \/>\n\t<meta property=\"og:image:height\" content=\"1704\" \/>\n\t<meta property=\"og:image:type\" content=\"image\/jpeg\" \/>\n<script type=\"application\/ld+json\" class=\"yoast-schema-graph\">{\"@context\":\"https:\/\/schema.org\",\"@graph\":[{\"@type\":\"WebPage\",\"@id\":\"https:\/\/www.elobau.com\/pt-br\/sobre\/razoes-para-escolher-a-elobau\/flexibilidade-e-qualidade\/\",\"url\":\"https:\/\/www.elobau.com\/pt-br\/sobre\/razoes-para-escolher-a-elobau\/flexibilidade-e-qualidade\/\",\"name\":\"Flexibilidade e qualidade - elobau\",\"isPartOf\":{\"@id\":\"https:\/\/www.elobau.com\/pt-br\/#website\"},\"primaryImageOfPage\":{\"@id\":\"https:\/\/www.elobau.com\/pt-br\/sobre\/razoes-para-escolher-a-elobau\/flexibilidade-e-qualidade\/#primaryimage\"},\"image\":{\"@id\":\"https:\/\/www.elobau.com\/pt-br\/sobre\/razoes-para-escolher-a-elobau\/flexibilidade-e-qualidade\/#primaryimage\"},\"thumbnailUrl\":\"https:\/\/www.elobau.com\/wp-content\/uploads\/2017\/11\/tom0547-scaled.jpg\",\"datePublished\":\"2018-03-27T18:51:06+00:00\",\"dateModified\":\"2021-09-28T14:05:59+00:00\",\"breadcrumb\":{\"@id\":\"https:\/\/www.elobau.com\/pt-br\/sobre\/razoes-para-escolher-a-elobau\/flexibilidade-e-qualidade\/#breadcrumb\"},\"inLanguage\":\"pt-BR\",\"potentialAction\":[{\"@type\":\"ReadAction\",\"target\":[\"https:\/\/www.elobau.com\/pt-br\/sobre\/razoes-para-escolher-a-elobau\/flexibilidade-e-qualidade\/\"]}]},{\"@type\":\"ImageObject\",\"inLanguage\":\"pt-BR\",\"@id\":\"https:\/\/www.elobau.com\/pt-br\/sobre\/razoes-para-escolher-a-elobau\/flexibilidade-e-qualidade\/#primaryimage\",\"url\":\"https:\/\/www.elobau.com\/wp-content\/uploads\/2017\/11\/tom0547-scaled.jpg\",\"contentUrl\":\"https:\/\/www.elobau.com\/wp-content\/uploads\/2017\/11\/tom0547-scaled.jpg\",\"width\":2560,\"height\":1704,\"caption\":\"_TOM0547\"},{\"@type\":\"BreadcrumbList\",\"@id\":\"https:\/\/www.elobau.com\/pt-br\/sobre\/razoes-para-escolher-a-elobau\/flexibilidade-e-qualidade\/#breadcrumb\",\"itemListElement\":[{\"@type\":\"ListItem\",\"position\":1,\"name\":\"Home\",\"item\":\"https:\/\/www.elobau.com\/pt-br\/\"},{\"@type\":\"ListItem\",\"position\":2,\"name\":\"Sobre\",\"item\":\"https:\/\/www.elobau.com\/pt-br\/sobre\/\"},{\"@type\":\"ListItem\",\"position\":3,\"name\":\"Raz\u00f5es para escolher a elobau\",\"item\":\"https:\/\/www.elobau.com\/pt-br\/sobre\/razoes-para-escolher-a-elobau\/\"},{\"@type\":\"ListItem\",\"position\":4,\"name\":\"Flexibilidade e qualidade\"}]},{\"@type\":\"WebSite\",\"@id\":\"https:\/\/www.elobau.com\/pt-br\/#website\",\"url\":\"https:\/\/www.elobau.com\/pt-br\/\",\"name\":\"elobau\",\"description\":\"elobau\",\"publisher\":{\"@id\":\"https:\/\/www.elobau.com\/pt-br\/#organization\"},\"potentialAction\":[{\"@type\":\"SearchAction\",\"target\":{\"@type\":\"EntryPoint\",\"urlTemplate\":\"https:\/\/www.elobau.com\/pt-br\/?s={search_term_string}\"},\"query-input\":{\"@type\":\"PropertyValueSpecification\",\"valueRequired\":true,\"valueName\":\"search_term_string\"}}],\"inLanguage\":\"pt-BR\"},{\"@type\":\"Organization\",\"@id\":\"https:\/\/www.elobau.com\/pt-br\/#organization\",\"name\":\"elobau GmbH & Co. KG\",\"url\":\"https:\/\/www.elobau.com\/pt-br\/\",\"logo\":{\"@type\":\"ImageObject\",\"inLanguage\":\"pt-BR\",\"@id\":\"https:\/\/www.elobau.com\/pt-br\/#\/schema\/logo\/image\/\",\"url\":\"https:\/\/www.elobau.com\/wp-content\/uploads\/2021\/03\/elobau_logo_claim_11_2020_cmyk.jpg\",\"contentUrl\":\"https:\/\/www.elobau.com\/wp-content\/uploads\/2021\/03\/elobau_logo_claim_11_2020_cmyk.jpg\",\"width\":2000,\"height\":676,\"caption\":\"elobau GmbH & Co. KG\"},\"image\":{\"@id\":\"https:\/\/www.elobau.com\/pt-br\/#\/schema\/logo\/image\/\"},\"sameAs\":[\"https:\/\/www.facebook.com\/elobauDACH\/\",\"https:\/\/www.instagram.com\/elobau_official\/?hl=de\",\"https:\/\/de.linkedin.com\/company\/elobau\",\"https:\/\/www.youtube.com\/user\/elobauWorld\"]}]}<\/script>","yoast_head_json":{"title":"Flexibilidade e qualidade - elobau","robots":{"index":"noindex","follow":"follow"},"og_locale":"pt_BR","og_type":"article","og_title":"Flexibilidade e qualidade - elobau","og_description":"Para flexibilidade e qualidade: desenvolvimento, fabrica\u00e7\u00e3o de ferramentas, produ\u00e7\u00e3o e laborat\u00f3rio de testes, tudo no mesmo lugar.","og_url":"https:\/\/www.elobau.com\/pt-br\/sobre\/razoes-para-escolher-a-elobau\/flexibilidade-e-qualidade\/","og_site_name":"elobau","article_publisher":"https:\/\/www.facebook.com\/elobauDACH\/","article_modified_time":"2021-09-28T14:05:59+00:00","og_image":[{"width":2560,"height":1704,"url":"https:\/\/www.elobau.com\/wp-content\/uploads\/2017\/11\/tom0547-scaled.jpg","type":"image\/jpeg"}],"schema":{"@context":"https:\/\/schema.org","@graph":[{"@type":"WebPage","@id":"https:\/\/www.elobau.com\/pt-br\/sobre\/razoes-para-escolher-a-elobau\/flexibilidade-e-qualidade\/","url":"https:\/\/www.elobau.com\/pt-br\/sobre\/razoes-para-escolher-a-elobau\/flexibilidade-e-qualidade\/","name":"Flexibilidade e qualidade - elobau","isPartOf":{"@id":"https:\/\/www.elobau.com\/pt-br\/#website"},"primaryImageOfPage":{"@id":"https:\/\/www.elobau.com\/pt-br\/sobre\/razoes-para-escolher-a-elobau\/flexibilidade-e-qualidade\/#primaryimage"},"image":{"@id":"https:\/\/www.elobau.com\/pt-br\/sobre\/razoes-para-escolher-a-elobau\/flexibilidade-e-qualidade\/#primaryimage"},"thumbnailUrl":"https:\/\/www.elobau.com\/wp-content\/uploads\/2017\/11\/tom0547-scaled.jpg","datePublished":"2018-03-27T18:51:06+00:00","dateModified":"2021-09-28T14:05:59+00:00","breadcrumb":{"@id":"https:\/\/www.elobau.com\/pt-br\/sobre\/razoes-para-escolher-a-elobau\/flexibilidade-e-qualidade\/#breadcrumb"},"inLanguage":"pt-BR","potentialAction":[{"@type":"ReadAction","target":["https:\/\/www.elobau.com\/pt-br\/sobre\/razoes-para-escolher-a-elobau\/flexibilidade-e-qualidade\/"]}]},{"@type":"ImageObject","inLanguage":"pt-BR","@id":"https:\/\/www.elobau.com\/pt-br\/sobre\/razoes-para-escolher-a-elobau\/flexibilidade-e-qualidade\/#primaryimage","url":"https:\/\/www.elobau.com\/wp-content\/uploads\/2017\/11\/tom0547-scaled.jpg","contentUrl":"https:\/\/www.elobau.com\/wp-content\/uploads\/2017\/11\/tom0547-scaled.jpg","width":2560,"height":1704,"caption":"_TOM0547"},{"@type":"BreadcrumbList","@id":"https:\/\/www.elobau.com\/pt-br\/sobre\/razoes-para-escolher-a-elobau\/flexibilidade-e-qualidade\/#breadcrumb","itemListElement":[{"@type":"ListItem","position":1,"name":"Home","item":"https:\/\/www.elobau.com\/pt-br\/"},{"@type":"ListItem","position":2,"name":"Sobre","item":"https:\/\/www.elobau.com\/pt-br\/sobre\/"},{"@type":"ListItem","position":3,"name":"Raz\u00f5es para escolher a elobau","item":"https:\/\/www.elobau.com\/pt-br\/sobre\/razoes-para-escolher-a-elobau\/"},{"@type":"ListItem","position":4,"name":"Flexibilidade e qualidade"}]},{"@type":"WebSite","@id":"https:\/\/www.elobau.com\/pt-br\/#website","url":"https:\/\/www.elobau.com\/pt-br\/","name":"elobau","description":"elobau","publisher":{"@id":"https:\/\/www.elobau.com\/pt-br\/#organization"},"potentialAction":[{"@type":"SearchAction","target":{"@type":"EntryPoint","urlTemplate":"https:\/\/www.elobau.com\/pt-br\/?s={search_term_string}"},"query-input":{"@type":"PropertyValueSpecification","valueRequired":true,"valueName":"search_term_string"}}],"inLanguage":"pt-BR"},{"@type":"Organization","@id":"https:\/\/www.elobau.com\/pt-br\/#organization","name":"elobau GmbH & Co. KG","url":"https:\/\/www.elobau.com\/pt-br\/","logo":{"@type":"ImageObject","inLanguage":"pt-BR","@id":"https:\/\/www.elobau.com\/pt-br\/#\/schema\/logo\/image\/","url":"https:\/\/www.elobau.com\/wp-content\/uploads\/2021\/03\/elobau_logo_claim_11_2020_cmyk.jpg","contentUrl":"https:\/\/www.elobau.com\/wp-content\/uploads\/2021\/03\/elobau_logo_claim_11_2020_cmyk.jpg","width":2000,"height":676,"caption":"elobau GmbH & Co. KG"},"image":{"@id":"https:\/\/www.elobau.com\/pt-br\/#\/schema\/logo\/image\/"},"sameAs":["https:\/\/www.facebook.com\/elobauDACH\/","https:\/\/www.instagram.com\/elobau_official\/?hl=de","https:\/\/de.linkedin.com\/company\/elobau","https:\/\/www.youtube.com\/user\/elobauWorld"]}]}},"_links":{"self":[{"href":"https:\/\/www.elobau.com\/pt-br\/wp-json\/wp\/v2\/pages\/23853","targetHints":{"allow":["GET"]}}],"collection":[{"href":"https:\/\/www.elobau.com\/pt-br\/wp-json\/wp\/v2\/pages"}],"about":[{"href":"https:\/\/www.elobau.com\/pt-br\/wp-json\/wp\/v2\/types\/page"}],"author":[{"embeddable":true,"href":"https:\/\/www.elobau.com\/pt-br\/wp-json\/wp\/v2\/users\/3"}],"replies":[{"embeddable":true,"href":"https:\/\/www.elobau.com\/pt-br\/wp-json\/wp\/v2\/comments?post=23853"}],"version-history":[{"count":5,"href":"https:\/\/www.elobau.com\/pt-br\/wp-json\/wp\/v2\/pages\/23853\/revisions"}],"predecessor-version":[{"id":103086,"href":"https:\/\/www.elobau.com\/pt-br\/wp-json\/wp\/v2\/pages\/23853\/revisions\/103086"}],"up":[{"embeddable":true,"href":"https:\/\/www.elobau.com\/pt-br\/wp-json\/wp\/v2\/pages\/23845"}],"wp:featuredmedia":[{"embeddable":true,"href":"https:\/\/www.elobau.com\/pt-br\/wp-json\/wp\/v2\/media\/23854"}],"wp:attachment":[{"href":"https:\/\/www.elobau.com\/pt-br\/wp-json\/wp\/v2\/media?parent=23853"}],"curies":[{"name":"wp","href":"https:\/\/api.w.org\/{rel}","templated":true}]}}