{"id":23850,"date":"2018-03-27T18:46:04","date_gmt":"2018-03-27T18:46:04","guid":{"rendered":"https:\/\/www.elobau.com\/about-elobau\/reasons-for-elobau\/expertise-in-machine-safety\/"},"modified":"2021-09-28T15:13:16","modified_gmt":"2021-09-28T13:13:16","slug":"especialista-na-area-de-seguranca-em-maquinas","status":"publish","type":"page","link":"https:\/\/www.elobau.com\/pt-br\/sobre\/razoes-para-escolher-a-elobau\/especialista-na-area-de-seguranca-em-maquinas\/","title":{"rendered":"Especialista na \u00e1rea de seguran\u00e7a em m\u00e1quinas"},"content":{"rendered":"","protected":false},"excerpt":{"rendered":"<p>Na elobau, um projeto \u00e9 conclu\u00eddo apenas quando atinge a maturidade do mercado.<\/p>\n","protected":false},"author":3,"featured_media":23851,"parent":23845,"menu_order":2,"comment_status":"closed","ping_status":"closed","template":"","meta":{"_acf_changed":false,"inline_featured_image":false,"footnotes":"","_links_to":"","_links_to_target":""},"class_list":["post-23850","page","type-page","status-publish","has-post-thumbnail","hentry"],"acf":[],"yoast_head":"<title>Especialista na \u00e1rea de seguran\u00e7a em m\u00e1quinas - elobau<\/title>\n<meta name=\"robots\" content=\"noindex, follow\" \/>\n<meta property=\"og:locale\" content=\"pt_BR\" \/>\n<meta property=\"og:type\" content=\"article\" \/>\n<meta property=\"og:title\" content=\"Especialista na \u00e1rea de seguran\u00e7a em m\u00e1quinas - elobau\" \/>\n<meta property=\"og:description\" content=\"Na elobau, um projeto \u00e9 conclu\u00eddo apenas quando atinge a maturidade do mercado.\" \/>\n<meta property=\"og:url\" content=\"https:\/\/www.elobau.com\/pt-br\/sobre\/razoes-para-escolher-a-elobau\/especialista-na-area-de-seguranca-em-maquinas\/\" \/>\n<meta property=\"og:site_name\" content=\"elobau\" \/>\n<meta property=\"article:publisher\" content=\"https:\/\/www.facebook.com\/elobauDACH\/\" \/>\n<meta property=\"article:modified_time\" content=\"2021-09-28T13:13:16+00:00\" \/>\n<meta property=\"og:image\" content=\"https:\/\/www.elobau.com\/wp-content\/uploads\/2017\/04\/tom9825.jpg\" \/>\n\t<meta property=\"og:image:width\" content=\"1682\" \/>\n\t<meta property=\"og:image:height\" content=\"1121\" \/>\n\t<meta property=\"og:image:type\" content=\"image\/jpeg\" \/>\n<script type=\"application\/ld+json\" class=\"yoast-schema-graph\">{\"@context\":\"https:\\\/\\\/schema.org\",\"@graph\":[{\"@type\":\"WebPage\",\"@id\":\"https:\\\/\\\/www.elobau.com\\\/pt-br\\\/sobre\\\/razoes-para-escolher-a-elobau\\\/especialista-na-area-de-seguranca-em-maquinas\\\/\",\"url\":\"https:\\\/\\\/www.elobau.com\\\/pt-br\\\/sobre\\\/razoes-para-escolher-a-elobau\\\/especialista-na-area-de-seguranca-em-maquinas\\\/\",\"name\":\"Especialista na \u00e1rea de seguran\u00e7a em m\u00e1quinas - elobau\",\"isPartOf\":{\"@id\":\"https:\\\/\\\/www.elobau.com\\\/pt-br\\\/#website\"},\"primaryImageOfPage\":{\"@id\":\"https:\\\/\\\/www.elobau.com\\\/pt-br\\\/sobre\\\/razoes-para-escolher-a-elobau\\\/especialista-na-area-de-seguranca-em-maquinas\\\/#primaryimage\"},\"image\":{\"@id\":\"https:\\\/\\\/www.elobau.com\\\/pt-br\\\/sobre\\\/razoes-para-escolher-a-elobau\\\/especialista-na-area-de-seguranca-em-maquinas\\\/#primaryimage\"},\"thumbnailUrl\":\"https:\\\/\\\/www.elobau.com\\\/wp-content\\\/uploads\\\/2017\\\/04\\\/tom9825.jpg\",\"datePublished\":\"2018-03-27T18:46:04+00:00\",\"dateModified\":\"2021-09-28T13:13:16+00:00\",\"breadcrumb\":{\"@id\":\"https:\\\/\\\/www.elobau.com\\\/pt-br\\\/sobre\\\/razoes-para-escolher-a-elobau\\\/especialista-na-area-de-seguranca-em-maquinas\\\/#breadcrumb\"},\"inLanguage\":\"pt-BR\",\"potentialAction\":[{\"@type\":\"ReadAction\",\"target\":[\"https:\\\/\\\/www.elobau.com\\\/pt-br\\\/sobre\\\/razoes-para-escolher-a-elobau\\\/especialista-na-area-de-seguranca-em-maquinas\\\/\"]}]},{\"@type\":\"ImageObject\",\"inLanguage\":\"pt-BR\",\"@id\":\"https:\\\/\\\/www.elobau.com\\\/pt-br\\\/sobre\\\/razoes-para-escolher-a-elobau\\\/especialista-na-area-de-seguranca-em-maquinas\\\/#primaryimage\",\"url\":\"https:\\\/\\\/www.elobau.com\\\/wp-content\\\/uploads\\\/2017\\\/04\\\/tom9825.jpg\",\"contentUrl\":\"https:\\\/\\\/www.elobau.com\\\/wp-content\\\/uploads\\\/2017\\\/04\\\/tom9825.jpg\",\"width\":1682,\"height\":1121,\"caption\":\"B\u00fcror\u00e4ume\"},{\"@type\":\"BreadcrumbList\",\"@id\":\"https:\\\/\\\/www.elobau.com\\\/pt-br\\\/sobre\\\/razoes-para-escolher-a-elobau\\\/especialista-na-area-de-seguranca-em-maquinas\\\/#breadcrumb\",\"itemListElement\":[{\"@type\":\"ListItem\",\"position\":1,\"name\":\"Home\",\"item\":\"https:\\\/\\\/www.elobau.com\\\/pt-br\\\/\"},{\"@type\":\"ListItem\",\"position\":2,\"name\":\"Sobre\",\"item\":\"https:\\\/\\\/www.elobau.com\\\/pt-br\\\/sobre\\\/\"},{\"@type\":\"ListItem\",\"position\":3,\"name\":\"Raz\u00f5es para escolher a elobau\",\"item\":\"https:\\\/\\\/www.elobau.com\\\/pt-br\\\/sobre\\\/razoes-para-escolher-a-elobau\\\/\"},{\"@type\":\"ListItem\",\"position\":4,\"name\":\"Especialista na \u00e1rea de seguran\u00e7a em m\u00e1quinas\"}]},{\"@type\":\"WebSite\",\"@id\":\"https:\\\/\\\/www.elobau.com\\\/pt-br\\\/#website\",\"url\":\"https:\\\/\\\/www.elobau.com\\\/pt-br\\\/\",\"name\":\"elobau\",\"description\":\"elobau\",\"publisher\":{\"@id\":\"https:\\\/\\\/www.elobau.com\\\/pt-br\\\/#organization\"},\"potentialAction\":[{\"@type\":\"SearchAction\",\"target\":{\"@type\":\"EntryPoint\",\"urlTemplate\":\"https:\\\/\\\/www.elobau.com\\\/pt-br\\\/?s={search_term_string}\"},\"query-input\":{\"@type\":\"PropertyValueSpecification\",\"valueRequired\":true,\"valueName\":\"search_term_string\"}}],\"inLanguage\":\"pt-BR\"},{\"@type\":\"Organization\",\"@id\":\"https:\\\/\\\/www.elobau.com\\\/pt-br\\\/#organization\",\"name\":\"elobau GmbH & Co. KG\",\"url\":\"https:\\\/\\\/www.elobau.com\\\/pt-br\\\/\",\"logo\":{\"@type\":\"ImageObject\",\"inLanguage\":\"pt-BR\",\"@id\":\"https:\\\/\\\/www.elobau.com\\\/pt-br\\\/#\\\/schema\\\/logo\\\/image\\\/\",\"url\":\"https:\\\/\\\/www.elobau.com\\\/wp-content\\\/uploads\\\/2021\\\/03\\\/elobau_logo_claim_11_2020_cmyk.jpg\",\"contentUrl\":\"https:\\\/\\\/www.elobau.com\\\/wp-content\\\/uploads\\\/2021\\\/03\\\/elobau_logo_claim_11_2020_cmyk.jpg\",\"width\":2000,\"height\":676,\"caption\":\"elobau GmbH & Co. KG\"},\"image\":{\"@id\":\"https:\\\/\\\/www.elobau.com\\\/pt-br\\\/#\\\/schema\\\/logo\\\/image\\\/\"},\"sameAs\":[\"https:\\\/\\\/www.facebook.com\\\/elobauDACH\\\/\",\"https:\\\/\\\/www.instagram.com\\\/elobau_official\\\/?hl=de\",\"https:\\\/\\\/de.linkedin.com\\\/company\\\/elobau\",\"https:\\\/\\\/www.youtube.com\\\/user\\\/elobauWorld\"]}]}<\/script>","yoast_head_json":{"title":"Especialista na \u00e1rea de seguran\u00e7a em m\u00e1quinas - elobau","robots":{"index":"noindex","follow":"follow"},"og_locale":"pt_BR","og_type":"article","og_title":"Especialista na \u00e1rea de seguran\u00e7a em m\u00e1quinas - elobau","og_description":"Na elobau, um projeto \u00e9 conclu\u00eddo apenas quando atinge a maturidade do mercado.","og_url":"https:\/\/www.elobau.com\/pt-br\/sobre\/razoes-para-escolher-a-elobau\/especialista-na-area-de-seguranca-em-maquinas\/","og_site_name":"elobau","article_publisher":"https:\/\/www.facebook.com\/elobauDACH\/","article_modified_time":"2021-09-28T13:13:16+00:00","og_image":[{"width":1682,"height":1121,"url":"https:\/\/www.elobau.com\/wp-content\/uploads\/2017\/04\/tom9825.jpg","type":"image\/jpeg"}],"schema":{"@context":"https:\/\/schema.org","@graph":[{"@type":"WebPage","@id":"https:\/\/www.elobau.com\/pt-br\/sobre\/razoes-para-escolher-a-elobau\/especialista-na-area-de-seguranca-em-maquinas\/","url":"https:\/\/www.elobau.com\/pt-br\/sobre\/razoes-para-escolher-a-elobau\/especialista-na-area-de-seguranca-em-maquinas\/","name":"Especialista na \u00e1rea de seguran\u00e7a em m\u00e1quinas - elobau","isPartOf":{"@id":"https:\/\/www.elobau.com\/pt-br\/#website"},"primaryImageOfPage":{"@id":"https:\/\/www.elobau.com\/pt-br\/sobre\/razoes-para-escolher-a-elobau\/especialista-na-area-de-seguranca-em-maquinas\/#primaryimage"},"image":{"@id":"https:\/\/www.elobau.com\/pt-br\/sobre\/razoes-para-escolher-a-elobau\/especialista-na-area-de-seguranca-em-maquinas\/#primaryimage"},"thumbnailUrl":"https:\/\/www.elobau.com\/wp-content\/uploads\/2017\/04\/tom9825.jpg","datePublished":"2018-03-27T18:46:04+00:00","dateModified":"2021-09-28T13:13:16+00:00","breadcrumb":{"@id":"https:\/\/www.elobau.com\/pt-br\/sobre\/razoes-para-escolher-a-elobau\/especialista-na-area-de-seguranca-em-maquinas\/#breadcrumb"},"inLanguage":"pt-BR","potentialAction":[{"@type":"ReadAction","target":["https:\/\/www.elobau.com\/pt-br\/sobre\/razoes-para-escolher-a-elobau\/especialista-na-area-de-seguranca-em-maquinas\/"]}]},{"@type":"ImageObject","inLanguage":"pt-BR","@id":"https:\/\/www.elobau.com\/pt-br\/sobre\/razoes-para-escolher-a-elobau\/especialista-na-area-de-seguranca-em-maquinas\/#primaryimage","url":"https:\/\/www.elobau.com\/wp-content\/uploads\/2017\/04\/tom9825.jpg","contentUrl":"https:\/\/www.elobau.com\/wp-content\/uploads\/2017\/04\/tom9825.jpg","width":1682,"height":1121,"caption":"B\u00fcror\u00e4ume"},{"@type":"BreadcrumbList","@id":"https:\/\/www.elobau.com\/pt-br\/sobre\/razoes-para-escolher-a-elobau\/especialista-na-area-de-seguranca-em-maquinas\/#breadcrumb","itemListElement":[{"@type":"ListItem","position":1,"name":"Home","item":"https:\/\/www.elobau.com\/pt-br\/"},{"@type":"ListItem","position":2,"name":"Sobre","item":"https:\/\/www.elobau.com\/pt-br\/sobre\/"},{"@type":"ListItem","position":3,"name":"Raz\u00f5es para escolher a elobau","item":"https:\/\/www.elobau.com\/pt-br\/sobre\/razoes-para-escolher-a-elobau\/"},{"@type":"ListItem","position":4,"name":"Especialista na \u00e1rea de seguran\u00e7a em m\u00e1quinas"}]},{"@type":"WebSite","@id":"https:\/\/www.elobau.com\/pt-br\/#website","url":"https:\/\/www.elobau.com\/pt-br\/","name":"elobau","description":"elobau","publisher":{"@id":"https:\/\/www.elobau.com\/pt-br\/#organization"},"potentialAction":[{"@type":"SearchAction","target":{"@type":"EntryPoint","urlTemplate":"https:\/\/www.elobau.com\/pt-br\/?s={search_term_string}"},"query-input":{"@type":"PropertyValueSpecification","valueRequired":true,"valueName":"search_term_string"}}],"inLanguage":"pt-BR"},{"@type":"Organization","@id":"https:\/\/www.elobau.com\/pt-br\/#organization","name":"elobau GmbH & Co. KG","url":"https:\/\/www.elobau.com\/pt-br\/","logo":{"@type":"ImageObject","inLanguage":"pt-BR","@id":"https:\/\/www.elobau.com\/pt-br\/#\/schema\/logo\/image\/","url":"https:\/\/www.elobau.com\/wp-content\/uploads\/2021\/03\/elobau_logo_claim_11_2020_cmyk.jpg","contentUrl":"https:\/\/www.elobau.com\/wp-content\/uploads\/2021\/03\/elobau_logo_claim_11_2020_cmyk.jpg","width":2000,"height":676,"caption":"elobau GmbH & Co. KG"},"image":{"@id":"https:\/\/www.elobau.com\/pt-br\/#\/schema\/logo\/image\/"},"sameAs":["https:\/\/www.facebook.com\/elobauDACH\/","https:\/\/www.instagram.com\/elobau_official\/?hl=de","https:\/\/de.linkedin.com\/company\/elobau","https:\/\/www.youtube.com\/user\/elobauWorld"]}]}},"_links":{"self":[{"href":"https:\/\/www.elobau.com\/pt-br\/wp-json\/wp\/v2\/pages\/23850","targetHints":{"allow":["GET"]}}],"collection":[{"href":"https:\/\/www.elobau.com\/pt-br\/wp-json\/wp\/v2\/pages"}],"about":[{"href":"https:\/\/www.elobau.com\/pt-br\/wp-json\/wp\/v2\/types\/page"}],"author":[{"embeddable":true,"href":"https:\/\/www.elobau.com\/pt-br\/wp-json\/wp\/v2\/users\/3"}],"replies":[{"embeddable":true,"href":"https:\/\/www.elobau.com\/pt-br\/wp-json\/wp\/v2\/comments?post=23850"}],"version-history":[{"count":7,"href":"https:\/\/www.elobau.com\/pt-br\/wp-json\/wp\/v2\/pages\/23850\/revisions"}],"predecessor-version":[{"id":103072,"href":"https:\/\/www.elobau.com\/pt-br\/wp-json\/wp\/v2\/pages\/23850\/revisions\/103072"}],"up":[{"embeddable":true,"href":"https:\/\/www.elobau.com\/pt-br\/wp-json\/wp\/v2\/pages\/23845"}],"wp:featuredmedia":[{"embeddable":true,"href":"https:\/\/www.elobau.com\/pt-br\/wp-json\/wp\/v2\/media\/23851"}],"wp:attachment":[{"href":"https:\/\/www.elobau.com\/pt-br\/wp-json\/wp\/v2\/media?parent=23850"}],"curies":[{"name":"wp","href":"https:\/\/api.w.org\/{rel}","templated":true}]}}