{"id":23833,"date":"2018-05-03T08:33:02","date_gmt":"2018-05-03T08:33:02","guid":{"rendered":"https:\/\/www.elobau.com\/about-elobau\/production-2\/made-in-germany\/"},"modified":"2021-02-01T14:29:38","modified_gmt":"2021-02-01T13:29:38","slug":"feito-na-alemanha","status":"publish","type":"page","link":"https:\/\/www.elobau.com\/pt-br\/sobre\/producao-2\/feito-na-alemanha\/","title":{"rendered":"Feito na Alemanha"},"content":{"rendered":"","protected":false},"excerpt":{"rendered":"<p>Todos os produtos s\u00e3o desenvolvidos, produzidos e inspecionados na Alemanha.<\/p>\n","protected":false},"author":3,"featured_media":23834,"parent":23827,"menu_order":3,"comment_status":"closed","ping_status":"closed","template":"","meta":{"_acf_changed":false,"inline_featured_image":false,"footnotes":"","_links_to":"","_links_to_target":""},"class_list":["post-23833","page","type-page","status-publish","has-post-thumbnail","hentry"],"acf":[],"yoast_head":"<title>Produtos desenvolvidos e fabricados na Alemanha | elobau<\/title>\n<meta name=\"description\" content=\"Os produtos elobau s\u00e3o desenvolvidos e fabricados na Alemanha contra a tend\u00eancia dos \u00faltimos anos de externalizar | Saiba mais!\" \/>\n<meta name=\"robots\" content=\"noindex, follow\" \/>\n<meta property=\"og:locale\" content=\"pt_BR\" \/>\n<meta property=\"og:type\" content=\"article\" \/>\n<meta property=\"og:title\" content=\"Produtos desenvolvidos e fabricados na Alemanha | elobau\" \/>\n<meta property=\"og:description\" content=\"Os produtos elobau s\u00e3o desenvolvidos e fabricados na Alemanha contra a tend\u00eancia dos \u00faltimos anos de externalizar | Saiba mais!\" \/>\n<meta property=\"og:url\" content=\"https:\/\/www.elobau.com\/pt-br\/sobre\/producao-2\/feito-na-alemanha\/\" \/>\n<meta property=\"og:site_name\" content=\"elobau\" \/>\n<meta property=\"article:publisher\" content=\"https:\/\/www.facebook.com\/elobauDACH\/\" \/>\n<meta property=\"article:modified_time\" content=\"2021-02-01T13:29:38+00:00\" \/>\n<meta property=\"og:image\" content=\"https:\/\/www.elobau.com\/wp-content\/uploads\/2018\/03\/nachhaltigkeit_header.jpg\" \/>\n\t<meta property=\"og:image:width\" content=\"1920\" \/>\n\t<meta property=\"og:image:height\" content=\"500\" \/>\n\t<meta property=\"og:image:type\" content=\"image\/jpeg\" \/>\n<script type=\"application\/ld+json\" class=\"yoast-schema-graph\">{\"@context\":\"https:\/\/schema.org\",\"@graph\":[{\"@type\":\"WebPage\",\"@id\":\"https:\/\/www.elobau.com\/pt-br\/sobre\/producao-2\/feito-na-alemanha\/\",\"url\":\"https:\/\/www.elobau.com\/pt-br\/sobre\/producao-2\/feito-na-alemanha\/\",\"name\":\"Produtos desenvolvidos e fabricados na Alemanha | elobau\",\"isPartOf\":{\"@id\":\"https:\/\/www.elobau.com\/pt-br\/#website\"},\"primaryImageOfPage\":{\"@id\":\"https:\/\/www.elobau.com\/pt-br\/sobre\/producao-2\/feito-na-alemanha\/#primaryimage\"},\"image\":{\"@id\":\"https:\/\/www.elobau.com\/pt-br\/sobre\/producao-2\/feito-na-alemanha\/#primaryimage\"},\"thumbnailUrl\":\"https:\/\/www.elobau.com\/wp-content\/uploads\/2018\/03\/nachhaltigkeit_header.jpg\",\"datePublished\":\"2018-05-03T08:33:02+00:00\",\"dateModified\":\"2021-02-01T13:29:38+00:00\",\"description\":\"Os produtos elobau s\u00e3o desenvolvidos e fabricados na Alemanha contra a tend\u00eancia dos \u00faltimos anos de externalizar | Saiba mais!\",\"breadcrumb\":{\"@id\":\"https:\/\/www.elobau.com\/pt-br\/sobre\/producao-2\/feito-na-alemanha\/#breadcrumb\"},\"inLanguage\":\"pt-BR\",\"potentialAction\":[{\"@type\":\"ReadAction\",\"target\":[\"https:\/\/www.elobau.com\/pt-br\/sobre\/producao-2\/feito-na-alemanha\/\"]}]},{\"@type\":\"ImageObject\",\"inLanguage\":\"pt-BR\",\"@id\":\"https:\/\/www.elobau.com\/pt-br\/sobre\/producao-2\/feito-na-alemanha\/#primaryimage\",\"url\":\"https:\/\/www.elobau.com\/wp-content\/uploads\/2018\/03\/nachhaltigkeit_header.jpg\",\"contentUrl\":\"https:\/\/www.elobau.com\/wp-content\/uploads\/2018\/03\/nachhaltigkeit_header.jpg\",\"width\":1920,\"height\":500,\"caption\":\"Header Nachhaltigkeit mit Hinweis Gemeinwohl\u00f6konomie\"},{\"@type\":\"BreadcrumbList\",\"@id\":\"https:\/\/www.elobau.com\/pt-br\/sobre\/producao-2\/feito-na-alemanha\/#breadcrumb\",\"itemListElement\":[{\"@type\":\"ListItem\",\"position\":1,\"name\":\"Home\",\"item\":\"https:\/\/www.elobau.com\/pt-br\/\"},{\"@type\":\"ListItem\",\"position\":2,\"name\":\"Sobre\",\"item\":\"https:\/\/www.elobau.com\/pt-br\/sobre\/\"},{\"@type\":\"ListItem\",\"position\":3,\"name\":\"Produ\u00e7\u00e3o\",\"item\":\"https:\/\/www.elobau.com\/pt-br\/sobre\/producao-2\/\"},{\"@type\":\"ListItem\",\"position\":4,\"name\":\"Feito na Alemanha\"}]},{\"@type\":\"WebSite\",\"@id\":\"https:\/\/www.elobau.com\/pt-br\/#website\",\"url\":\"https:\/\/www.elobau.com\/pt-br\/\",\"name\":\"elobau\",\"description\":\"elobau\",\"publisher\":{\"@id\":\"https:\/\/www.elobau.com\/pt-br\/#organization\"},\"potentialAction\":[{\"@type\":\"SearchAction\",\"target\":{\"@type\":\"EntryPoint\",\"urlTemplate\":\"https:\/\/www.elobau.com\/pt-br\/?s={search_term_string}\"},\"query-input\":{\"@type\":\"PropertyValueSpecification\",\"valueRequired\":true,\"valueName\":\"search_term_string\"}}],\"inLanguage\":\"pt-BR\"},{\"@type\":\"Organization\",\"@id\":\"https:\/\/www.elobau.com\/pt-br\/#organization\",\"name\":\"elobau GmbH & Co. KG\",\"url\":\"https:\/\/www.elobau.com\/pt-br\/\",\"logo\":{\"@type\":\"ImageObject\",\"inLanguage\":\"pt-BR\",\"@id\":\"https:\/\/www.elobau.com\/pt-br\/#\/schema\/logo\/image\/\",\"url\":\"https:\/\/www.elobau.com\/wp-content\/uploads\/2021\/03\/elobau_logo_claim_11_2020_cmyk.jpg\",\"contentUrl\":\"https:\/\/www.elobau.com\/wp-content\/uploads\/2021\/03\/elobau_logo_claim_11_2020_cmyk.jpg\",\"width\":2000,\"height\":676,\"caption\":\"elobau GmbH & Co. KG\"},\"image\":{\"@id\":\"https:\/\/www.elobau.com\/pt-br\/#\/schema\/logo\/image\/\"},\"sameAs\":[\"https:\/\/www.facebook.com\/elobauDACH\/\",\"https:\/\/www.instagram.com\/elobau_official\/?hl=de\",\"https:\/\/de.linkedin.com\/company\/elobau\",\"https:\/\/www.youtube.com\/user\/elobauWorld\"]}]}<\/script>","yoast_head_json":{"title":"Produtos desenvolvidos e fabricados na Alemanha | elobau","description":"Os produtos elobau s\u00e3o desenvolvidos e fabricados na Alemanha contra a tend\u00eancia dos \u00faltimos anos de externalizar | Saiba mais!","robots":{"index":"noindex","follow":"follow"},"og_locale":"pt_BR","og_type":"article","og_title":"Produtos desenvolvidos e fabricados na Alemanha | elobau","og_description":"Os produtos elobau s\u00e3o desenvolvidos e fabricados na Alemanha contra a tend\u00eancia dos \u00faltimos anos de externalizar | Saiba mais!","og_url":"https:\/\/www.elobau.com\/pt-br\/sobre\/producao-2\/feito-na-alemanha\/","og_site_name":"elobau","article_publisher":"https:\/\/www.facebook.com\/elobauDACH\/","article_modified_time":"2021-02-01T13:29:38+00:00","og_image":[{"width":1920,"height":500,"url":"https:\/\/www.elobau.com\/wp-content\/uploads\/2018\/03\/nachhaltigkeit_header.jpg","type":"image\/jpeg"}],"schema":{"@context":"https:\/\/schema.org","@graph":[{"@type":"WebPage","@id":"https:\/\/www.elobau.com\/pt-br\/sobre\/producao-2\/feito-na-alemanha\/","url":"https:\/\/www.elobau.com\/pt-br\/sobre\/producao-2\/feito-na-alemanha\/","name":"Produtos desenvolvidos e fabricados na Alemanha | elobau","isPartOf":{"@id":"https:\/\/www.elobau.com\/pt-br\/#website"},"primaryImageOfPage":{"@id":"https:\/\/www.elobau.com\/pt-br\/sobre\/producao-2\/feito-na-alemanha\/#primaryimage"},"image":{"@id":"https:\/\/www.elobau.com\/pt-br\/sobre\/producao-2\/feito-na-alemanha\/#primaryimage"},"thumbnailUrl":"https:\/\/www.elobau.com\/wp-content\/uploads\/2018\/03\/nachhaltigkeit_header.jpg","datePublished":"2018-05-03T08:33:02+00:00","dateModified":"2021-02-01T13:29:38+00:00","description":"Os produtos elobau s\u00e3o desenvolvidos e fabricados na Alemanha contra a tend\u00eancia dos \u00faltimos anos de externalizar | Saiba mais!","breadcrumb":{"@id":"https:\/\/www.elobau.com\/pt-br\/sobre\/producao-2\/feito-na-alemanha\/#breadcrumb"},"inLanguage":"pt-BR","potentialAction":[{"@type":"ReadAction","target":["https:\/\/www.elobau.com\/pt-br\/sobre\/producao-2\/feito-na-alemanha\/"]}]},{"@type":"ImageObject","inLanguage":"pt-BR","@id":"https:\/\/www.elobau.com\/pt-br\/sobre\/producao-2\/feito-na-alemanha\/#primaryimage","url":"https:\/\/www.elobau.com\/wp-content\/uploads\/2018\/03\/nachhaltigkeit_header.jpg","contentUrl":"https:\/\/www.elobau.com\/wp-content\/uploads\/2018\/03\/nachhaltigkeit_header.jpg","width":1920,"height":500,"caption":"Header Nachhaltigkeit mit Hinweis Gemeinwohl\u00f6konomie"},{"@type":"BreadcrumbList","@id":"https:\/\/www.elobau.com\/pt-br\/sobre\/producao-2\/feito-na-alemanha\/#breadcrumb","itemListElement":[{"@type":"ListItem","position":1,"name":"Home","item":"https:\/\/www.elobau.com\/pt-br\/"},{"@type":"ListItem","position":2,"name":"Sobre","item":"https:\/\/www.elobau.com\/pt-br\/sobre\/"},{"@type":"ListItem","position":3,"name":"Produ\u00e7\u00e3o","item":"https:\/\/www.elobau.com\/pt-br\/sobre\/producao-2\/"},{"@type":"ListItem","position":4,"name":"Feito na Alemanha"}]},{"@type":"WebSite","@id":"https:\/\/www.elobau.com\/pt-br\/#website","url":"https:\/\/www.elobau.com\/pt-br\/","name":"elobau","description":"elobau","publisher":{"@id":"https:\/\/www.elobau.com\/pt-br\/#organization"},"potentialAction":[{"@type":"SearchAction","target":{"@type":"EntryPoint","urlTemplate":"https:\/\/www.elobau.com\/pt-br\/?s={search_term_string}"},"query-input":{"@type":"PropertyValueSpecification","valueRequired":true,"valueName":"search_term_string"}}],"inLanguage":"pt-BR"},{"@type":"Organization","@id":"https:\/\/www.elobau.com\/pt-br\/#organization","name":"elobau GmbH & Co. KG","url":"https:\/\/www.elobau.com\/pt-br\/","logo":{"@type":"ImageObject","inLanguage":"pt-BR","@id":"https:\/\/www.elobau.com\/pt-br\/#\/schema\/logo\/image\/","url":"https:\/\/www.elobau.com\/wp-content\/uploads\/2021\/03\/elobau_logo_claim_11_2020_cmyk.jpg","contentUrl":"https:\/\/www.elobau.com\/wp-content\/uploads\/2021\/03\/elobau_logo_claim_11_2020_cmyk.jpg","width":2000,"height":676,"caption":"elobau GmbH & Co. KG"},"image":{"@id":"https:\/\/www.elobau.com\/pt-br\/#\/schema\/logo\/image\/"},"sameAs":["https:\/\/www.facebook.com\/elobauDACH\/","https:\/\/www.instagram.com\/elobau_official\/?hl=de","https:\/\/de.linkedin.com\/company\/elobau","https:\/\/www.youtube.com\/user\/elobauWorld"]}]}},"_links":{"self":[{"href":"https:\/\/www.elobau.com\/pt-br\/wp-json\/wp\/v2\/pages\/23833","targetHints":{"allow":["GET"]}}],"collection":[{"href":"https:\/\/www.elobau.com\/pt-br\/wp-json\/wp\/v2\/pages"}],"about":[{"href":"https:\/\/www.elobau.com\/pt-br\/wp-json\/wp\/v2\/types\/page"}],"author":[{"embeddable":true,"href":"https:\/\/www.elobau.com\/pt-br\/wp-json\/wp\/v2\/users\/3"}],"replies":[{"embeddable":true,"href":"https:\/\/www.elobau.com\/pt-br\/wp-json\/wp\/v2\/comments?post=23833"}],"version-history":[{"count":5,"href":"https:\/\/www.elobau.com\/pt-br\/wp-json\/wp\/v2\/pages\/23833\/revisions"}],"predecessor-version":[{"id":45842,"href":"https:\/\/www.elobau.com\/pt-br\/wp-json\/wp\/v2\/pages\/23833\/revisions\/45842"}],"up":[{"embeddable":true,"href":"https:\/\/www.elobau.com\/pt-br\/wp-json\/wp\/v2\/pages\/23827"}],"wp:featuredmedia":[{"embeddable":true,"href":"https:\/\/www.elobau.com\/pt-br\/wp-json\/wp\/v2\/media\/23834"}],"wp:attachment":[{"href":"https:\/\/www.elobau.com\/pt-br\/wp-json\/wp\/v2\/media?parent=23833"}],"curies":[{"name":"wp","href":"https:\/\/api.w.org\/{rel}","templated":true}]}}