{"id":23827,"date":"2018-05-03T08:36:50","date_gmt":"2018-05-03T08:36:50","guid":{"rendered":"https:\/\/www.elobau.com\/about-elobau\/production-2\/"},"modified":"2023-08-28T15:13:03","modified_gmt":"2023-08-28T13:13:03","slug":"producao-2","status":"publish","type":"page","link":"https:\/\/www.elobau.com\/pt-br\/sobre\/producao-2\/","title":{"rendered":"Produ\u00e7\u00e3o"},"content":{"rendered":"","protected":false},"excerpt":{"rendered":"<p>Os produtos da elobau s\u00e3o produzidos na Alemanha. Basicamente todo o processo de desenvolvimento e produ\u00e7\u00e3o ocorrem dentro da empresa, &#8220;in-house&#8221;. Por exemplo, n\u00f3s criamos o design e produzimos nossas pr\u00f3prias ferramentas em nossa instala\u00e7\u00e3o de fabrica\u00e7\u00e3o de ferramentas, e os sistemas de fabrica\u00e7\u00e3o e testes para o departamento de produ\u00e7\u00e3o tamb\u00e9m s\u00e3o desenvolvidos, programados e produzidos &#8220;in-house&#8221;.<\/p>\n","protected":false},"author":3,"featured_media":23829,"parent":23819,"menu_order":0,"comment_status":"closed","ping_status":"closed","template":"","meta":{"_acf_changed":false,"inline_featured_image":false,"footnotes":"","_links_to":"","_links_to_target":""},"class_list":["post-23827","page","type-page","status-publish","has-post-thumbnail","hentry"],"acf":[],"yoast_head":"<title>Produ\u00e7\u00e3o | tecnologia de sensores elobau - alta fiabilidade &amp; qualidade<\/title>\n<meta name=\"description\" content=\"Produ\u00e7\u00e3o | A fim de alcan\u00e7ar a mais alta qualidade e flexibilidade, a produ\u00e7\u00e3o no elobau \u00e9 sempre feita internamente | Saiba mais!\" \/>\n<meta name=\"robots\" content=\"index, follow, max-snippet:-1, max-image-preview:large, max-video-preview:-1\" \/>\n<link rel=\"canonical\" href=\"https:\/\/www.elobau.com\/pt-br\/sobre\/producao-2\/\" \/>\n<meta property=\"og:locale\" content=\"pt_BR\" \/>\n<meta property=\"og:type\" content=\"article\" \/>\n<meta property=\"og:title\" content=\"Produ\u00e7\u00e3o | tecnologia de sensores elobau - alta fiabilidade &amp; qualidade\" \/>\n<meta property=\"og:description\" content=\"Produ\u00e7\u00e3o | A fim de alcan\u00e7ar a mais alta qualidade e flexibilidade, a produ\u00e7\u00e3o no elobau \u00e9 sempre feita internamente | Saiba mais!\" \/>\n<meta property=\"og:url\" content=\"https:\/\/www.elobau.com\/pt-br\/sobre\/producao-2\/\" \/>\n<meta property=\"og:site_name\" content=\"elobau\" \/>\n<meta property=\"article:publisher\" content=\"https:\/\/www.facebook.com\/elobauDACH\/\" \/>\n<meta property=\"article:modified_time\" content=\"2023-08-28T13:13:03+00:00\" \/>\n<meta property=\"og:image\" content=\"https:\/\/www.elobau.com\/wp-content\/uploads\/2018\/03\/tom4617.jpg\" \/>\n\t<meta property=\"og:image:width\" content=\"2560\" \/>\n\t<meta property=\"og:image:height\" content=\"1707\" \/>\n\t<meta property=\"og:image:type\" content=\"image\/jpeg\" \/>\n<script type=\"application\/ld+json\" class=\"yoast-schema-graph\">{\"@context\":\"https:\\\/\\\/schema.org\",\"@graph\":[{\"@type\":\"WebPage\",\"@id\":\"https:\\\/\\\/www.elobau.com\\\/pt-br\\\/sobre\\\/producao-2\\\/\",\"url\":\"https:\\\/\\\/www.elobau.com\\\/pt-br\\\/sobre\\\/producao-2\\\/\",\"name\":\"Produ\u00e7\u00e3o | tecnologia de sensores elobau - alta fiabilidade & qualidade\",\"isPartOf\":{\"@id\":\"https:\\\/\\\/www.elobau.com\\\/pt-br\\\/#website\"},\"primaryImageOfPage\":{\"@id\":\"https:\\\/\\\/www.elobau.com\\\/pt-br\\\/sobre\\\/producao-2\\\/#primaryimage\"},\"image\":{\"@id\":\"https:\\\/\\\/www.elobau.com\\\/pt-br\\\/sobre\\\/producao-2\\\/#primaryimage\"},\"thumbnailUrl\":\"https:\\\/\\\/www.elobau.com\\\/wp-content\\\/uploads\\\/2018\\\/03\\\/tom4617.jpg\",\"datePublished\":\"2018-05-03T08:36:50+00:00\",\"dateModified\":\"2023-08-28T13:13:03+00:00\",\"description\":\"Produ\u00e7\u00e3o | A fim de alcan\u00e7ar a mais alta qualidade e flexibilidade, a produ\u00e7\u00e3o no elobau \u00e9 sempre feita internamente | Saiba mais!\",\"breadcrumb\":{\"@id\":\"https:\\\/\\\/www.elobau.com\\\/pt-br\\\/sobre\\\/producao-2\\\/#breadcrumb\"},\"inLanguage\":\"pt-BR\",\"potentialAction\":[{\"@type\":\"ReadAction\",\"target\":[\"https:\\\/\\\/www.elobau.com\\\/pt-br\\\/sobre\\\/producao-2\\\/\"]}]},{\"@type\":\"ImageObject\",\"inLanguage\":\"pt-BR\",\"@id\":\"https:\\\/\\\/www.elobau.com\\\/pt-br\\\/sobre\\\/producao-2\\\/#primaryimage\",\"url\":\"https:\\\/\\\/www.elobau.com\\\/wp-content\\\/uploads\\\/2018\\\/03\\\/tom4617.jpg\",\"contentUrl\":\"https:\\\/\\\/www.elobau.com\\\/wp-content\\\/uploads\\\/2018\\\/03\\\/tom4617.jpg\",\"width\":2560,\"height\":1707,\"caption\":\"elobau vorausschauend planen\"},{\"@type\":\"BreadcrumbList\",\"@id\":\"https:\\\/\\\/www.elobau.com\\\/pt-br\\\/sobre\\\/producao-2\\\/#breadcrumb\",\"itemListElement\":[{\"@type\":\"ListItem\",\"position\":1,\"name\":\"Home\",\"item\":\"https:\\\/\\\/www.elobau.com\\\/pt-br\\\/\"},{\"@type\":\"ListItem\",\"position\":2,\"name\":\"Sobre\",\"item\":\"https:\\\/\\\/www.elobau.com\\\/pt-br\\\/sobre\\\/\"},{\"@type\":\"ListItem\",\"position\":3,\"name\":\"Produ\u00e7\u00e3o\"}]},{\"@type\":\"WebSite\",\"@id\":\"https:\\\/\\\/www.elobau.com\\\/pt-br\\\/#website\",\"url\":\"https:\\\/\\\/www.elobau.com\\\/pt-br\\\/\",\"name\":\"elobau\",\"description\":\"elobau\",\"publisher\":{\"@id\":\"https:\\\/\\\/www.elobau.com\\\/pt-br\\\/#organization\"},\"potentialAction\":[{\"@type\":\"SearchAction\",\"target\":{\"@type\":\"EntryPoint\",\"urlTemplate\":\"https:\\\/\\\/www.elobau.com\\\/pt-br\\\/?s={search_term_string}\"},\"query-input\":{\"@type\":\"PropertyValueSpecification\",\"valueRequired\":true,\"valueName\":\"search_term_string\"}}],\"inLanguage\":\"pt-BR\"},{\"@type\":\"Organization\",\"@id\":\"https:\\\/\\\/www.elobau.com\\\/pt-br\\\/#organization\",\"name\":\"elobau GmbH & Co. KG\",\"url\":\"https:\\\/\\\/www.elobau.com\\\/pt-br\\\/\",\"logo\":{\"@type\":\"ImageObject\",\"inLanguage\":\"pt-BR\",\"@id\":\"https:\\\/\\\/www.elobau.com\\\/pt-br\\\/#\\\/schema\\\/logo\\\/image\\\/\",\"url\":\"https:\\\/\\\/www.elobau.com\\\/wp-content\\\/uploads\\\/2021\\\/03\\\/elobau_logo_claim_11_2020_cmyk.jpg\",\"contentUrl\":\"https:\\\/\\\/www.elobau.com\\\/wp-content\\\/uploads\\\/2021\\\/03\\\/elobau_logo_claim_11_2020_cmyk.jpg\",\"width\":2000,\"height\":676,\"caption\":\"elobau GmbH & Co. KG\"},\"image\":{\"@id\":\"https:\\\/\\\/www.elobau.com\\\/pt-br\\\/#\\\/schema\\\/logo\\\/image\\\/\"},\"sameAs\":[\"https:\\\/\\\/www.facebook.com\\\/elobauDACH\\\/\",\"https:\\\/\\\/www.instagram.com\\\/elobau_official\\\/?hl=de\",\"https:\\\/\\\/de.linkedin.com\\\/company\\\/elobau\",\"https:\\\/\\\/www.youtube.com\\\/user\\\/elobauWorld\"]}]}<\/script>","yoast_head_json":{"title":"Produ\u00e7\u00e3o | tecnologia de sensores elobau - alta fiabilidade & qualidade","description":"Produ\u00e7\u00e3o | A fim de alcan\u00e7ar a mais alta qualidade e flexibilidade, a produ\u00e7\u00e3o no elobau \u00e9 sempre feita internamente | Saiba mais!","robots":{"index":"index","follow":"follow","max-snippet":"max-snippet:-1","max-image-preview":"max-image-preview:large","max-video-preview":"max-video-preview:-1"},"canonical":"https:\/\/www.elobau.com\/pt-br\/sobre\/producao-2\/","og_locale":"pt_BR","og_type":"article","og_title":"Produ\u00e7\u00e3o | tecnologia de sensores elobau - alta fiabilidade & qualidade","og_description":"Produ\u00e7\u00e3o | A fim de alcan\u00e7ar a mais alta qualidade e flexibilidade, a produ\u00e7\u00e3o no elobau \u00e9 sempre feita internamente | Saiba mais!","og_url":"https:\/\/www.elobau.com\/pt-br\/sobre\/producao-2\/","og_site_name":"elobau","article_publisher":"https:\/\/www.facebook.com\/elobauDACH\/","article_modified_time":"2023-08-28T13:13:03+00:00","og_image":[{"width":2560,"height":1707,"url":"https:\/\/www.elobau.com\/wp-content\/uploads\/2018\/03\/tom4617.jpg","type":"image\/jpeg"}],"schema":{"@context":"https:\/\/schema.org","@graph":[{"@type":"WebPage","@id":"https:\/\/www.elobau.com\/pt-br\/sobre\/producao-2\/","url":"https:\/\/www.elobau.com\/pt-br\/sobre\/producao-2\/","name":"Produ\u00e7\u00e3o | tecnologia de sensores elobau - alta fiabilidade & qualidade","isPartOf":{"@id":"https:\/\/www.elobau.com\/pt-br\/#website"},"primaryImageOfPage":{"@id":"https:\/\/www.elobau.com\/pt-br\/sobre\/producao-2\/#primaryimage"},"image":{"@id":"https:\/\/www.elobau.com\/pt-br\/sobre\/producao-2\/#primaryimage"},"thumbnailUrl":"https:\/\/www.elobau.com\/wp-content\/uploads\/2018\/03\/tom4617.jpg","datePublished":"2018-05-03T08:36:50+00:00","dateModified":"2023-08-28T13:13:03+00:00","description":"Produ\u00e7\u00e3o | A fim de alcan\u00e7ar a mais alta qualidade e flexibilidade, a produ\u00e7\u00e3o no elobau \u00e9 sempre feita internamente | Saiba mais!","breadcrumb":{"@id":"https:\/\/www.elobau.com\/pt-br\/sobre\/producao-2\/#breadcrumb"},"inLanguage":"pt-BR","potentialAction":[{"@type":"ReadAction","target":["https:\/\/www.elobau.com\/pt-br\/sobre\/producao-2\/"]}]},{"@type":"ImageObject","inLanguage":"pt-BR","@id":"https:\/\/www.elobau.com\/pt-br\/sobre\/producao-2\/#primaryimage","url":"https:\/\/www.elobau.com\/wp-content\/uploads\/2018\/03\/tom4617.jpg","contentUrl":"https:\/\/www.elobau.com\/wp-content\/uploads\/2018\/03\/tom4617.jpg","width":2560,"height":1707,"caption":"elobau vorausschauend planen"},{"@type":"BreadcrumbList","@id":"https:\/\/www.elobau.com\/pt-br\/sobre\/producao-2\/#breadcrumb","itemListElement":[{"@type":"ListItem","position":1,"name":"Home","item":"https:\/\/www.elobau.com\/pt-br\/"},{"@type":"ListItem","position":2,"name":"Sobre","item":"https:\/\/www.elobau.com\/pt-br\/sobre\/"},{"@type":"ListItem","position":3,"name":"Produ\u00e7\u00e3o"}]},{"@type":"WebSite","@id":"https:\/\/www.elobau.com\/pt-br\/#website","url":"https:\/\/www.elobau.com\/pt-br\/","name":"elobau","description":"elobau","publisher":{"@id":"https:\/\/www.elobau.com\/pt-br\/#organization"},"potentialAction":[{"@type":"SearchAction","target":{"@type":"EntryPoint","urlTemplate":"https:\/\/www.elobau.com\/pt-br\/?s={search_term_string}"},"query-input":{"@type":"PropertyValueSpecification","valueRequired":true,"valueName":"search_term_string"}}],"inLanguage":"pt-BR"},{"@type":"Organization","@id":"https:\/\/www.elobau.com\/pt-br\/#organization","name":"elobau GmbH & Co. KG","url":"https:\/\/www.elobau.com\/pt-br\/","logo":{"@type":"ImageObject","inLanguage":"pt-BR","@id":"https:\/\/www.elobau.com\/pt-br\/#\/schema\/logo\/image\/","url":"https:\/\/www.elobau.com\/wp-content\/uploads\/2021\/03\/elobau_logo_claim_11_2020_cmyk.jpg","contentUrl":"https:\/\/www.elobau.com\/wp-content\/uploads\/2021\/03\/elobau_logo_claim_11_2020_cmyk.jpg","width":2000,"height":676,"caption":"elobau GmbH & Co. KG"},"image":{"@id":"https:\/\/www.elobau.com\/pt-br\/#\/schema\/logo\/image\/"},"sameAs":["https:\/\/www.facebook.com\/elobauDACH\/","https:\/\/www.instagram.com\/elobau_official\/?hl=de","https:\/\/de.linkedin.com\/company\/elobau","https:\/\/www.youtube.com\/user\/elobauWorld"]}]}},"_links":{"self":[{"href":"https:\/\/www.elobau.com\/pt-br\/wp-json\/wp\/v2\/pages\/23827","targetHints":{"allow":["GET"]}}],"collection":[{"href":"https:\/\/www.elobau.com\/pt-br\/wp-json\/wp\/v2\/pages"}],"about":[{"href":"https:\/\/www.elobau.com\/pt-br\/wp-json\/wp\/v2\/types\/page"}],"author":[{"embeddable":true,"href":"https:\/\/www.elobau.com\/pt-br\/wp-json\/wp\/v2\/users\/3"}],"replies":[{"embeddable":true,"href":"https:\/\/www.elobau.com\/pt-br\/wp-json\/wp\/v2\/comments?post=23827"}],"version-history":[{"count":6,"href":"https:\/\/www.elobau.com\/pt-br\/wp-json\/wp\/v2\/pages\/23827\/revisions"}],"predecessor-version":[{"id":119442,"href":"https:\/\/www.elobau.com\/pt-br\/wp-json\/wp\/v2\/pages\/23827\/revisions\/119442"}],"up":[{"embeddable":true,"href":"https:\/\/www.elobau.com\/pt-br\/wp-json\/wp\/v2\/pages\/23819"}],"wp:featuredmedia":[{"embeddable":true,"href":"https:\/\/www.elobau.com\/pt-br\/wp-json\/wp\/v2\/media\/23829"}],"wp:attachment":[{"href":"https:\/\/www.elobau.com\/pt-br\/wp-json\/wp\/v2\/media?parent=23827"}],"curies":[{"name":"wp","href":"https:\/\/api.w.org\/{rel}","templated":true}]}}