{"id":23819,"date":"2018-02-21T16:28:02","date_gmt":"2018-02-21T16:28:02","guid":{"rendered":"https:\/\/www.elobau.com\/about-elobau\/"},"modified":"2023-08-28T15:10:27","modified_gmt":"2023-08-28T13:10:27","slug":"sobre","status":"publish","type":"page","link":"https:\/\/www.elobau.com\/pt-br\/sobre\/","title":{"rendered":"Sobre"},"content":{"rendered":"","protected":false},"excerpt":{"rendered":"","protected":false},"author":3,"featured_media":23821,"parent":0,"menu_order":47,"comment_status":"closed","ping_status":"closed","template":"","meta":{"_acf_changed":false,"inline_featured_image":false,"footnotes":"","_links_to":"","_links_to_target":""},"class_list":["post-23819","page","type-page","status-publish","has-post-thumbnail","hentry"],"acf":[],"yoast_head":"<title>Sobre a elobau | elobau - flex\u00edvel, sustent\u00e1vel e respons\u00e1vel | elobau<\/title>\n<meta name=\"description\" content=\"Sobre elobau | tecnologia de sensores - conhe\u00e7a o mundo dos sensores sem contacto e dos sistemas operativos individuais. | saiba mais!\" \/>\n<meta name=\"robots\" content=\"index, follow, max-snippet:-1, max-image-preview:large, max-video-preview:-1\" \/>\n<link rel=\"canonical\" href=\"https:\/\/www.elobau.com\/pt-br\/sobre\/\" \/>\n<meta property=\"og:locale\" content=\"pt_BR\" \/>\n<meta property=\"og:type\" content=\"article\" \/>\n<meta property=\"og:title\" content=\"Sobre a elobau | elobau - flex\u00edvel, sustent\u00e1vel e respons\u00e1vel | elobau\" \/>\n<meta property=\"og:description\" content=\"Sobre elobau | tecnologia de sensores - conhe\u00e7a o mundo dos sensores sem contacto e dos sistemas operativos individuais. | saiba mais!\" \/>\n<meta property=\"og:url\" content=\"https:\/\/www.elobau.com\/pt-br\/sobre\/\" \/>\n<meta property=\"og:site_name\" content=\"elobau\" \/>\n<meta property=\"article:publisher\" content=\"https:\/\/www.facebook.com\/elobauDACH\/\" \/>\n<meta property=\"article:modified_time\" content=\"2023-08-28T13:10:27+00:00\" \/>\n<meta property=\"og:image\" content=\"https:\/\/www.elobau.com\/wp-content\/uploads\/2017\/08\/betriebsgebaeude-scaled.jpg\" \/>\n\t<meta property=\"og:image:width\" content=\"2560\" \/>\n\t<meta property=\"og:image:height\" content=\"1111\" \/>\n\t<meta property=\"og:image:type\" content=\"image\/jpeg\" \/>\n<script type=\"application\/ld+json\" class=\"yoast-schema-graph\">{\"@context\":\"https:\/\/schema.org\",\"@graph\":[{\"@type\":\"WebPage\",\"@id\":\"https:\/\/www.elobau.com\/pt-br\/sobre\/\",\"url\":\"https:\/\/www.elobau.com\/pt-br\/sobre\/\",\"name\":\"Sobre a elobau | elobau - flex\u00edvel, sustent\u00e1vel e respons\u00e1vel | elobau\",\"isPartOf\":{\"@id\":\"https:\/\/www.elobau.com\/pt-br\/#website\"},\"primaryImageOfPage\":{\"@id\":\"https:\/\/www.elobau.com\/pt-br\/sobre\/#primaryimage\"},\"image\":{\"@id\":\"https:\/\/www.elobau.com\/pt-br\/sobre\/#primaryimage\"},\"thumbnailUrl\":\"https:\/\/www.elobau.com\/wp-content\/uploads\/2017\/08\/betriebsgebaeude-scaled.jpg\",\"datePublished\":\"2018-02-21T16:28:02+00:00\",\"dateModified\":\"2023-08-28T13:10:27+00:00\",\"description\":\"Sobre elobau | tecnologia de sensores - conhe\u00e7a o mundo dos sensores sem contacto e dos sistemas operativos individuais. | saiba mais!\",\"breadcrumb\":{\"@id\":\"https:\/\/www.elobau.com\/pt-br\/sobre\/#breadcrumb\"},\"inLanguage\":\"pt-BR\",\"potentialAction\":[{\"@type\":\"ReadAction\",\"target\":[\"https:\/\/www.elobau.com\/pt-br\/sobre\/\"]}]},{\"@type\":\"ImageObject\",\"inLanguage\":\"pt-BR\",\"@id\":\"https:\/\/www.elobau.com\/pt-br\/sobre\/#primaryimage\",\"url\":\"https:\/\/www.elobau.com\/wp-content\/uploads\/2017\/08\/betriebsgebaeude-scaled.jpg\",\"contentUrl\":\"https:\/\/www.elobau.com\/wp-content\/uploads\/2017\/08\/betriebsgebaeude-scaled.jpg\",\"width\":2560,\"height\":1111,\"caption\":\"betriebsgebaeude\"},{\"@type\":\"BreadcrumbList\",\"@id\":\"https:\/\/www.elobau.com\/pt-br\/sobre\/#breadcrumb\",\"itemListElement\":[{\"@type\":\"ListItem\",\"position\":1,\"name\":\"Home\",\"item\":\"https:\/\/www.elobau.com\/pt-br\/\"},{\"@type\":\"ListItem\",\"position\":2,\"name\":\"Sobre\"}]},{\"@type\":\"WebSite\",\"@id\":\"https:\/\/www.elobau.com\/pt-br\/#website\",\"url\":\"https:\/\/www.elobau.com\/pt-br\/\",\"name\":\"elobau\",\"description\":\"elobau\",\"publisher\":{\"@id\":\"https:\/\/www.elobau.com\/pt-br\/#organization\"},\"potentialAction\":[{\"@type\":\"SearchAction\",\"target\":{\"@type\":\"EntryPoint\",\"urlTemplate\":\"https:\/\/www.elobau.com\/pt-br\/?s={search_term_string}\"},\"query-input\":{\"@type\":\"PropertyValueSpecification\",\"valueRequired\":true,\"valueName\":\"search_term_string\"}}],\"inLanguage\":\"pt-BR\"},{\"@type\":\"Organization\",\"@id\":\"https:\/\/www.elobau.com\/pt-br\/#organization\",\"name\":\"elobau GmbH & Co. KG\",\"url\":\"https:\/\/www.elobau.com\/pt-br\/\",\"logo\":{\"@type\":\"ImageObject\",\"inLanguage\":\"pt-BR\",\"@id\":\"https:\/\/www.elobau.com\/pt-br\/#\/schema\/logo\/image\/\",\"url\":\"https:\/\/www.elobau.com\/wp-content\/uploads\/2021\/03\/elobau_logo_claim_11_2020_cmyk.jpg\",\"contentUrl\":\"https:\/\/www.elobau.com\/wp-content\/uploads\/2021\/03\/elobau_logo_claim_11_2020_cmyk.jpg\",\"width\":2000,\"height\":676,\"caption\":\"elobau GmbH & Co. KG\"},\"image\":{\"@id\":\"https:\/\/www.elobau.com\/pt-br\/#\/schema\/logo\/image\/\"},\"sameAs\":[\"https:\/\/www.facebook.com\/elobauDACH\/\",\"https:\/\/www.instagram.com\/elobau_official\/?hl=de\",\"https:\/\/de.linkedin.com\/company\/elobau\",\"https:\/\/www.youtube.com\/user\/elobauWorld\"]}]}<\/script>","yoast_head_json":{"title":"Sobre a elobau | elobau - flex\u00edvel, sustent\u00e1vel e respons\u00e1vel | elobau","description":"Sobre elobau | tecnologia de sensores - conhe\u00e7a o mundo dos sensores sem contacto e dos sistemas operativos individuais. | saiba mais!","robots":{"index":"index","follow":"follow","max-snippet":"max-snippet:-1","max-image-preview":"max-image-preview:large","max-video-preview":"max-video-preview:-1"},"canonical":"https:\/\/www.elobau.com\/pt-br\/sobre\/","og_locale":"pt_BR","og_type":"article","og_title":"Sobre a elobau | elobau - flex\u00edvel, sustent\u00e1vel e respons\u00e1vel | elobau","og_description":"Sobre elobau | tecnologia de sensores - conhe\u00e7a o mundo dos sensores sem contacto e dos sistemas operativos individuais. | saiba mais!","og_url":"https:\/\/www.elobau.com\/pt-br\/sobre\/","og_site_name":"elobau","article_publisher":"https:\/\/www.facebook.com\/elobauDACH\/","article_modified_time":"2023-08-28T13:10:27+00:00","og_image":[{"width":2560,"height":1111,"url":"https:\/\/www.elobau.com\/wp-content\/uploads\/2017\/08\/betriebsgebaeude-scaled.jpg","type":"image\/jpeg"}],"schema":{"@context":"https:\/\/schema.org","@graph":[{"@type":"WebPage","@id":"https:\/\/www.elobau.com\/pt-br\/sobre\/","url":"https:\/\/www.elobau.com\/pt-br\/sobre\/","name":"Sobre a elobau | elobau - flex\u00edvel, sustent\u00e1vel e respons\u00e1vel | elobau","isPartOf":{"@id":"https:\/\/www.elobau.com\/pt-br\/#website"},"primaryImageOfPage":{"@id":"https:\/\/www.elobau.com\/pt-br\/sobre\/#primaryimage"},"image":{"@id":"https:\/\/www.elobau.com\/pt-br\/sobre\/#primaryimage"},"thumbnailUrl":"https:\/\/www.elobau.com\/wp-content\/uploads\/2017\/08\/betriebsgebaeude-scaled.jpg","datePublished":"2018-02-21T16:28:02+00:00","dateModified":"2023-08-28T13:10:27+00:00","description":"Sobre elobau | tecnologia de sensores - conhe\u00e7a o mundo dos sensores sem contacto e dos sistemas operativos individuais. | saiba mais!","breadcrumb":{"@id":"https:\/\/www.elobau.com\/pt-br\/sobre\/#breadcrumb"},"inLanguage":"pt-BR","potentialAction":[{"@type":"ReadAction","target":["https:\/\/www.elobau.com\/pt-br\/sobre\/"]}]},{"@type":"ImageObject","inLanguage":"pt-BR","@id":"https:\/\/www.elobau.com\/pt-br\/sobre\/#primaryimage","url":"https:\/\/www.elobau.com\/wp-content\/uploads\/2017\/08\/betriebsgebaeude-scaled.jpg","contentUrl":"https:\/\/www.elobau.com\/wp-content\/uploads\/2017\/08\/betriebsgebaeude-scaled.jpg","width":2560,"height":1111,"caption":"betriebsgebaeude"},{"@type":"BreadcrumbList","@id":"https:\/\/www.elobau.com\/pt-br\/sobre\/#breadcrumb","itemListElement":[{"@type":"ListItem","position":1,"name":"Home","item":"https:\/\/www.elobau.com\/pt-br\/"},{"@type":"ListItem","position":2,"name":"Sobre"}]},{"@type":"WebSite","@id":"https:\/\/www.elobau.com\/pt-br\/#website","url":"https:\/\/www.elobau.com\/pt-br\/","name":"elobau","description":"elobau","publisher":{"@id":"https:\/\/www.elobau.com\/pt-br\/#organization"},"potentialAction":[{"@type":"SearchAction","target":{"@type":"EntryPoint","urlTemplate":"https:\/\/www.elobau.com\/pt-br\/?s={search_term_string}"},"query-input":{"@type":"PropertyValueSpecification","valueRequired":true,"valueName":"search_term_string"}}],"inLanguage":"pt-BR"},{"@type":"Organization","@id":"https:\/\/www.elobau.com\/pt-br\/#organization","name":"elobau GmbH & Co. KG","url":"https:\/\/www.elobau.com\/pt-br\/","logo":{"@type":"ImageObject","inLanguage":"pt-BR","@id":"https:\/\/www.elobau.com\/pt-br\/#\/schema\/logo\/image\/","url":"https:\/\/www.elobau.com\/wp-content\/uploads\/2021\/03\/elobau_logo_claim_11_2020_cmyk.jpg","contentUrl":"https:\/\/www.elobau.com\/wp-content\/uploads\/2021\/03\/elobau_logo_claim_11_2020_cmyk.jpg","width":2000,"height":676,"caption":"elobau GmbH & Co. KG"},"image":{"@id":"https:\/\/www.elobau.com\/pt-br\/#\/schema\/logo\/image\/"},"sameAs":["https:\/\/www.facebook.com\/elobauDACH\/","https:\/\/www.instagram.com\/elobau_official\/?hl=de","https:\/\/de.linkedin.com\/company\/elobau","https:\/\/www.youtube.com\/user\/elobauWorld"]}]}},"_links":{"self":[{"href":"https:\/\/www.elobau.com\/pt-br\/wp-json\/wp\/v2\/pages\/23819","targetHints":{"allow":["GET"]}}],"collection":[{"href":"https:\/\/www.elobau.com\/pt-br\/wp-json\/wp\/v2\/pages"}],"about":[{"href":"https:\/\/www.elobau.com\/pt-br\/wp-json\/wp\/v2\/types\/page"}],"author":[{"embeddable":true,"href":"https:\/\/www.elobau.com\/pt-br\/wp-json\/wp\/v2\/users\/3"}],"replies":[{"embeddable":true,"href":"https:\/\/www.elobau.com\/pt-br\/wp-json\/wp\/v2\/comments?post=23819"}],"version-history":[{"count":11,"href":"https:\/\/www.elobau.com\/pt-br\/wp-json\/wp\/v2\/pages\/23819\/revisions"}],"predecessor-version":[{"id":119438,"href":"https:\/\/www.elobau.com\/pt-br\/wp-json\/wp\/v2\/pages\/23819\/revisions\/119438"}],"wp:featuredmedia":[{"embeddable":true,"href":"https:\/\/www.elobau.com\/pt-br\/wp-json\/wp\/v2\/media\/23821"}],"wp:attachment":[{"href":"https:\/\/www.elobau.com\/pt-br\/wp-json\/wp\/v2\/media?parent=23819"}],"curies":[{"name":"wp","href":"https:\/\/api.w.org\/{rel}","templated":true}]}}