{"id":9883,"date":"2018-05-16T12:54:45","date_gmt":"2018-05-16T12:54:45","guid":{"rendered":"https:\/\/www.elobau.com\/datenschutz\/"},"modified":"2024-10-17T16:41:41","modified_gmt":"2024-10-17T14:41:41","slug":"protection-des-donnees","status":"publish","type":"page","link":"https:\/\/www.elobau.com\/fr\/protection-des-donnees\/","title":{"rendered":"Protection des donn\u00e9es"},"content":{"rendered":"","protected":false},"excerpt":{"rendered":"","protected":false},"author":3,"featured_media":0,"parent":0,"menu_order":40,"comment_status":"closed","ping_status":"closed","template":"","meta":{"_acf_changed":false,"inline_featured_image":false,"footnotes":"","_links_to":"","_links_to_target":""},"class_list":["post-9883","page","type-page","status-publish","hentry"],"acf":[],"yoast_head":"<title>Protection des donn\u00e9es | elobau<\/title>\n<meta name=\"description\" content=\"Vous trouverez ici toutes les informations relatives \u00e0 la protection des donn\u00e9es\u00a0!\" \/>\n<meta name=\"robots\" content=\"index, follow, max-snippet:-1, max-image-preview:large, max-video-preview:-1\" \/>\n<link rel=\"canonical\" href=\"https:\/\/www.elobau.com\/fr\/protection-des-donnees\/\" \/>\n<meta property=\"og:locale\" content=\"fr_FR\" \/>\n<meta property=\"og:type\" content=\"article\" \/>\n<meta property=\"og:title\" content=\"Protection des donn\u00e9es | elobau\" \/>\n<meta property=\"og:description\" content=\"Vous trouverez ici toutes les informations relatives \u00e0 la protection des donn\u00e9es\u00a0!\" \/>\n<meta property=\"og:url\" content=\"https:\/\/www.elobau.com\/fr\/protection-des-donnees\/\" \/>\n<meta property=\"og:site_name\" content=\"elobau\" \/>\n<meta property=\"article:publisher\" content=\"https:\/\/www.facebook.com\/elobauDACH\/\" \/>\n<meta property=\"article:modified_time\" content=\"2024-10-17T14:41:41+00:00\" \/>\n<meta property=\"og:image\" content=\"https:\/\/www.elobau.com\/wp-content\/uploads\/2021\/03\/elobau_logo_claim_11_2020_cmyk.jpg\" \/>\n\t<meta property=\"og:image:width\" content=\"2000\" \/>\n\t<meta property=\"og:image:height\" content=\"676\" \/>\n\t<meta property=\"og:image:type\" content=\"image\/jpeg\" \/>\n<meta name=\"twitter:label1\" content=\"Dur\u00e9e de lecture estim\u00e9e\" \/>\n\t<meta name=\"twitter:data1\" content=\"31 minutes\" \/>\n<script type=\"application\/ld+json\" class=\"yoast-schema-graph\">{\"@context\":\"https:\\\/\\\/schema.org\",\"@graph\":[{\"@type\":\"WebPage\",\"@id\":\"https:\\\/\\\/www.elobau.com\\\/fr\\\/protection-des-donnees\\\/\",\"url\":\"https:\\\/\\\/www.elobau.com\\\/fr\\\/protection-des-donnees\\\/\",\"name\":\"Protection des donn\u00e9es | elobau\",\"isPartOf\":{\"@id\":\"https:\\\/\\\/www.elobau.com\\\/fr\\\/#website\"},\"datePublished\":\"2018-05-16T12:54:45+00:00\",\"dateModified\":\"2024-10-17T14:41:41+00:00\",\"description\":\"Vous trouverez ici toutes les informations relatives \u00e0 la protection des donn\u00e9es\u00a0!\",\"breadcrumb\":{\"@id\":\"https:\\\/\\\/www.elobau.com\\\/fr\\\/protection-des-donnees\\\/#breadcrumb\"},\"inLanguage\":\"fr-FR\",\"potentialAction\":[{\"@type\":\"ReadAction\",\"target\":[\"https:\\\/\\\/www.elobau.com\\\/fr\\\/protection-des-donnees\\\/\"]}]},{\"@type\":\"BreadcrumbList\",\"@id\":\"https:\\\/\\\/www.elobau.com\\\/fr\\\/protection-des-donnees\\\/#breadcrumb\",\"itemListElement\":[{\"@type\":\"ListItem\",\"position\":1,\"name\":\"Home\",\"item\":\"https:\\\/\\\/www.elobau.com\\\/fr\\\/\"},{\"@type\":\"ListItem\",\"position\":2,\"name\":\"Protection des donn\u00e9es\"}]},{\"@type\":\"WebSite\",\"@id\":\"https:\\\/\\\/www.elobau.com\\\/fr\\\/#website\",\"url\":\"https:\\\/\\\/www.elobau.com\\\/fr\\\/\",\"name\":\"elobau\",\"description\":\"elobau\",\"publisher\":{\"@id\":\"https:\\\/\\\/www.elobau.com\\\/fr\\\/#organization\"},\"potentialAction\":[{\"@type\":\"SearchAction\",\"target\":{\"@type\":\"EntryPoint\",\"urlTemplate\":\"https:\\\/\\\/www.elobau.com\\\/fr\\\/?s={search_term_string}\"},\"query-input\":{\"@type\":\"PropertyValueSpecification\",\"valueRequired\":true,\"valueName\":\"search_term_string\"}}],\"inLanguage\":\"fr-FR\"},{\"@type\":\"Organization\",\"@id\":\"https:\\\/\\\/www.elobau.com\\\/fr\\\/#organization\",\"name\":\"elobau GmbH & Co. KG\",\"url\":\"https:\\\/\\\/www.elobau.com\\\/fr\\\/\",\"logo\":{\"@type\":\"ImageObject\",\"inLanguage\":\"fr-FR\",\"@id\":\"https:\\\/\\\/www.elobau.com\\\/fr\\\/#\\\/schema\\\/logo\\\/image\\\/\",\"url\":\"https:\\\/\\\/www.elobau.com\\\/wp-content\\\/uploads\\\/2021\\\/03\\\/elobau_logo_claim_11_2020_cmyk.jpg\",\"contentUrl\":\"https:\\\/\\\/www.elobau.com\\\/wp-content\\\/uploads\\\/2021\\\/03\\\/elobau_logo_claim_11_2020_cmyk.jpg\",\"width\":2000,\"height\":676,\"caption\":\"elobau GmbH & Co. KG\"},\"image\":{\"@id\":\"https:\\\/\\\/www.elobau.com\\\/fr\\\/#\\\/schema\\\/logo\\\/image\\\/\"},\"sameAs\":[\"https:\\\/\\\/www.facebook.com\\\/elobauDACH\\\/\",\"https:\\\/\\\/www.instagram.com\\\/elobau_official\\\/?hl=de\",\"https:\\\/\\\/de.linkedin.com\\\/company\\\/elobau\",\"https:\\\/\\\/www.youtube.com\\\/user\\\/elobauWorld\"]}]}<\/script>","yoast_head_json":{"title":"Protection des donn\u00e9es | elobau","description":"Vous trouverez ici toutes les informations relatives \u00e0 la protection des donn\u00e9es\u00a0!","robots":{"index":"index","follow":"follow","max-snippet":"max-snippet:-1","max-image-preview":"max-image-preview:large","max-video-preview":"max-video-preview:-1"},"canonical":"https:\/\/www.elobau.com\/fr\/protection-des-donnees\/","og_locale":"fr_FR","og_type":"article","og_title":"Protection des donn\u00e9es | elobau","og_description":"Vous trouverez ici toutes les informations relatives \u00e0 la protection des donn\u00e9es\u00a0!","og_url":"https:\/\/www.elobau.com\/fr\/protection-des-donnees\/","og_site_name":"elobau","article_publisher":"https:\/\/www.facebook.com\/elobauDACH\/","article_modified_time":"2024-10-17T14:41:41+00:00","og_image":[{"width":2000,"height":676,"url":"https:\/\/www.elobau.com\/wp-content\/uploads\/2021\/03\/elobau_logo_claim_11_2020_cmyk.jpg","type":"image\/jpeg"}],"twitter_misc":{"Dur\u00e9e de lecture estim\u00e9e":"31 minutes"},"schema":{"@context":"https:\/\/schema.org","@graph":[{"@type":"WebPage","@id":"https:\/\/www.elobau.com\/fr\/protection-des-donnees\/","url":"https:\/\/www.elobau.com\/fr\/protection-des-donnees\/","name":"Protection des donn\u00e9es | elobau","isPartOf":{"@id":"https:\/\/www.elobau.com\/fr\/#website"},"datePublished":"2018-05-16T12:54:45+00:00","dateModified":"2024-10-17T14:41:41+00:00","description":"Vous trouverez ici toutes les informations relatives \u00e0 la protection des donn\u00e9es\u00a0!","breadcrumb":{"@id":"https:\/\/www.elobau.com\/fr\/protection-des-donnees\/#breadcrumb"},"inLanguage":"fr-FR","potentialAction":[{"@type":"ReadAction","target":["https:\/\/www.elobau.com\/fr\/protection-des-donnees\/"]}]},{"@type":"BreadcrumbList","@id":"https:\/\/www.elobau.com\/fr\/protection-des-donnees\/#breadcrumb","itemListElement":[{"@type":"ListItem","position":1,"name":"Home","item":"https:\/\/www.elobau.com\/fr\/"},{"@type":"ListItem","position":2,"name":"Protection des donn\u00e9es"}]},{"@type":"WebSite","@id":"https:\/\/www.elobau.com\/fr\/#website","url":"https:\/\/www.elobau.com\/fr\/","name":"elobau","description":"elobau","publisher":{"@id":"https:\/\/www.elobau.com\/fr\/#organization"},"potentialAction":[{"@type":"SearchAction","target":{"@type":"EntryPoint","urlTemplate":"https:\/\/www.elobau.com\/fr\/?s={search_term_string}"},"query-input":{"@type":"PropertyValueSpecification","valueRequired":true,"valueName":"search_term_string"}}],"inLanguage":"fr-FR"},{"@type":"Organization","@id":"https:\/\/www.elobau.com\/fr\/#organization","name":"elobau GmbH & Co. KG","url":"https:\/\/www.elobau.com\/fr\/","logo":{"@type":"ImageObject","inLanguage":"fr-FR","@id":"https:\/\/www.elobau.com\/fr\/#\/schema\/logo\/image\/","url":"https:\/\/www.elobau.com\/wp-content\/uploads\/2021\/03\/elobau_logo_claim_11_2020_cmyk.jpg","contentUrl":"https:\/\/www.elobau.com\/wp-content\/uploads\/2021\/03\/elobau_logo_claim_11_2020_cmyk.jpg","width":2000,"height":676,"caption":"elobau GmbH & Co. KG"},"image":{"@id":"https:\/\/www.elobau.com\/fr\/#\/schema\/logo\/image\/"},"sameAs":["https:\/\/www.facebook.com\/elobauDACH\/","https:\/\/www.instagram.com\/elobau_official\/?hl=de","https:\/\/de.linkedin.com\/company\/elobau","https:\/\/www.youtube.com\/user\/elobauWorld"]}]}},"_links":{"self":[{"href":"https:\/\/www.elobau.com\/fr\/wp-json\/wp\/v2\/pages\/9883","targetHints":{"allow":["GET"]}}],"collection":[{"href":"https:\/\/www.elobau.com\/fr\/wp-json\/wp\/v2\/pages"}],"about":[{"href":"https:\/\/www.elobau.com\/fr\/wp-json\/wp\/v2\/types\/page"}],"author":[{"embeddable":true,"href":"https:\/\/www.elobau.com\/fr\/wp-json\/wp\/v2\/users\/3"}],"replies":[{"embeddable":true,"href":"https:\/\/www.elobau.com\/fr\/wp-json\/wp\/v2\/comments?post=9883"}],"version-history":[{"count":10,"href":"https:\/\/www.elobau.com\/fr\/wp-json\/wp\/v2\/pages\/9883\/revisions"}],"predecessor-version":[{"id":122822,"href":"https:\/\/www.elobau.com\/fr\/wp-json\/wp\/v2\/pages\/9883\/revisions\/122822"}],"wp:attachment":[{"href":"https:\/\/www.elobau.com\/fr\/wp-json\/wp\/v2\/media?parent=9883"}],"curies":[{"name":"wp","href":"https:\/\/api.w.org\/{rel}","templated":true}]}}