{"id":9881,"date":"2018-05-16T12:55:28","date_gmt":"2018-05-16T12:55:28","guid":{"rendered":"https:\/\/www.elobau.com\/agbs\/"},"modified":"2019-12-16T20:40:05","modified_gmt":"2019-12-16T19:40:05","slug":"conditions_generales_dachat","status":"publish","type":"page","link":"https:\/\/www.elobau.com\/fr\/conditions_generales_dachat\/","title":{"rendered":"Conditions g\u00e9n\u00e9rales d&rsquo;achat d&rsquo;elobau GmbH &#038; Co. KG"},"content":{"rendered":"","protected":false},"excerpt":{"rendered":"","protected":false},"author":3,"featured_media":6639,"parent":0,"menu_order":42,"comment_status":"closed","ping_status":"closed","template":"","meta":{"_acf_changed":false,"inline_featured_image":false,"footnotes":"","_links_to":"","_links_to_target":""},"class_list":["post-9881","page","type-page","status-publish","has-post-thumbnail","hentry"],"acf":[],"yoast_head":"<title>Conditions d&#039;achat | elobau<\/title>\n<meta name=\"description\" content=\"Vous trouverez ici toutes les informations relatives aux conditions g\u00e9n\u00e9rales d&#039;achat\u00a0!\" \/>\n<meta name=\"robots\" content=\"index, follow, max-snippet:-1, max-image-preview:large, max-video-preview:-1\" \/>\n<link rel=\"canonical\" href=\"https:\/\/www.elobau.com\/fr\/conditions_generales_dachat\/\" \/>\n<meta property=\"og:locale\" content=\"fr_FR\" \/>\n<meta property=\"og:type\" content=\"article\" \/>\n<meta property=\"og:title\" content=\"Conditions d&#039;achat | elobau\" \/>\n<meta property=\"og:description\" content=\"Vous trouverez ici toutes les informations relatives aux conditions g\u00e9n\u00e9rales d&#039;achat\u00a0!\" \/>\n<meta property=\"og:url\" content=\"https:\/\/www.elobau.com\/fr\/conditions_generales_dachat\/\" \/>\n<meta property=\"og:site_name\" content=\"elobau\" \/>\n<meta property=\"article:publisher\" content=\"https:\/\/www.facebook.com\/elobauDACH\/\" \/>\n<meta property=\"article:modified_time\" content=\"2019-12-16T19:40:05+00:00\" \/>\n<meta property=\"og:image\" content=\"https:\/\/www.elobau.com\/wp-content\/uploads\/2018\/03\/tom8686-scaled.jpg\" \/>\n\t<meta property=\"og:image:width\" content=\"2560\" \/>\n\t<meta property=\"og:image:height\" content=\"1707\" \/>\n\t<meta property=\"og:image:type\" content=\"image\/jpeg\" \/>\n<script type=\"application\/ld+json\" class=\"yoast-schema-graph\">{\"@context\":\"https:\\\/\\\/schema.org\",\"@graph\":[{\"@type\":\"WebPage\",\"@id\":\"https:\\\/\\\/www.elobau.com\\\/fr\\\/conditions_generales_dachat\\\/\",\"url\":\"https:\\\/\\\/www.elobau.com\\\/fr\\\/conditions_generales_dachat\\\/\",\"name\":\"Conditions d'achat | elobau\",\"isPartOf\":{\"@id\":\"https:\\\/\\\/www.elobau.com\\\/fr\\\/#website\"},\"primaryImageOfPage\":{\"@id\":\"https:\\\/\\\/www.elobau.com\\\/fr\\\/conditions_generales_dachat\\\/#primaryimage\"},\"image\":{\"@id\":\"https:\\\/\\\/www.elobau.com\\\/fr\\\/conditions_generales_dachat\\\/#primaryimage\"},\"thumbnailUrl\":\"https:\\\/\\\/www.elobau.com\\\/wp-content\\\/uploads\\\/2018\\\/03\\\/tom8686-scaled.jpg\",\"datePublished\":\"2018-05-16T12:55:28+00:00\",\"dateModified\":\"2019-12-16T19:40:05+00:00\",\"description\":\"Vous trouverez ici toutes les informations relatives aux conditions g\u00e9n\u00e9rales d'achat\u00a0!\",\"breadcrumb\":{\"@id\":\"https:\\\/\\\/www.elobau.com\\\/fr\\\/conditions_generales_dachat\\\/#breadcrumb\"},\"inLanguage\":\"fr-FR\",\"potentialAction\":[{\"@type\":\"ReadAction\",\"target\":[\"https:\\\/\\\/www.elobau.com\\\/fr\\\/conditions_generales_dachat\\\/\"]}]},{\"@type\":\"ImageObject\",\"inLanguage\":\"fr-FR\",\"@id\":\"https:\\\/\\\/www.elobau.com\\\/fr\\\/conditions_generales_dachat\\\/#primaryimage\",\"url\":\"https:\\\/\\\/www.elobau.com\\\/wp-content\\\/uploads\\\/2018\\\/03\\\/tom8686-scaled.jpg\",\"contentUrl\":\"https:\\\/\\\/www.elobau.com\\\/wp-content\\\/uploads\\\/2018\\\/03\\\/tom8686-scaled.jpg\",\"width\":2560,\"height\":1707,\"caption\":\"Concertation d'\u00e9quipe elobau Les sp\u00e9cialistes de la mesure de niveau d\u00e9battent\"},{\"@type\":\"BreadcrumbList\",\"@id\":\"https:\\\/\\\/www.elobau.com\\\/fr\\\/conditions_generales_dachat\\\/#breadcrumb\",\"itemListElement\":[{\"@type\":\"ListItem\",\"position\":1,\"name\":\"Home\",\"item\":\"https:\\\/\\\/www.elobau.com\\\/fr\\\/\"},{\"@type\":\"ListItem\",\"position\":2,\"name\":\"Conditions g\u00e9n\u00e9rales d&rsquo;achat d&rsquo;elobau GmbH &#038; Co. KG\"}]},{\"@type\":\"WebSite\",\"@id\":\"https:\\\/\\\/www.elobau.com\\\/fr\\\/#website\",\"url\":\"https:\\\/\\\/www.elobau.com\\\/fr\\\/\",\"name\":\"elobau\",\"description\":\"elobau\",\"publisher\":{\"@id\":\"https:\\\/\\\/www.elobau.com\\\/fr\\\/#organization\"},\"potentialAction\":[{\"@type\":\"SearchAction\",\"target\":{\"@type\":\"EntryPoint\",\"urlTemplate\":\"https:\\\/\\\/www.elobau.com\\\/fr\\\/?s={search_term_string}\"},\"query-input\":{\"@type\":\"PropertyValueSpecification\",\"valueRequired\":true,\"valueName\":\"search_term_string\"}}],\"inLanguage\":\"fr-FR\"},{\"@type\":\"Organization\",\"@id\":\"https:\\\/\\\/www.elobau.com\\\/fr\\\/#organization\",\"name\":\"elobau GmbH & Co. KG\",\"url\":\"https:\\\/\\\/www.elobau.com\\\/fr\\\/\",\"logo\":{\"@type\":\"ImageObject\",\"inLanguage\":\"fr-FR\",\"@id\":\"https:\\\/\\\/www.elobau.com\\\/fr\\\/#\\\/schema\\\/logo\\\/image\\\/\",\"url\":\"https:\\\/\\\/www.elobau.com\\\/wp-content\\\/uploads\\\/2021\\\/03\\\/elobau_logo_claim_11_2020_cmyk.jpg\",\"contentUrl\":\"https:\\\/\\\/www.elobau.com\\\/wp-content\\\/uploads\\\/2021\\\/03\\\/elobau_logo_claim_11_2020_cmyk.jpg\",\"width\":2000,\"height\":676,\"caption\":\"elobau GmbH & Co. KG\"},\"image\":{\"@id\":\"https:\\\/\\\/www.elobau.com\\\/fr\\\/#\\\/schema\\\/logo\\\/image\\\/\"},\"sameAs\":[\"https:\\\/\\\/www.facebook.com\\\/elobauDACH\\\/\",\"https:\\\/\\\/www.instagram.com\\\/elobau_official\\\/?hl=de\",\"https:\\\/\\\/de.linkedin.com\\\/company\\\/elobau\",\"https:\\\/\\\/www.youtube.com\\\/user\\\/elobauWorld\"]}]}<\/script>","yoast_head_json":{"title":"Conditions d'achat | elobau","description":"Vous trouverez ici toutes les informations relatives aux conditions g\u00e9n\u00e9rales d'achat\u00a0!","robots":{"index":"index","follow":"follow","max-snippet":"max-snippet:-1","max-image-preview":"max-image-preview:large","max-video-preview":"max-video-preview:-1"},"canonical":"https:\/\/www.elobau.com\/fr\/conditions_generales_dachat\/","og_locale":"fr_FR","og_type":"article","og_title":"Conditions d'achat | elobau","og_description":"Vous trouverez ici toutes les informations relatives aux conditions g\u00e9n\u00e9rales d'achat\u00a0!","og_url":"https:\/\/www.elobau.com\/fr\/conditions_generales_dachat\/","og_site_name":"elobau","article_publisher":"https:\/\/www.facebook.com\/elobauDACH\/","article_modified_time":"2019-12-16T19:40:05+00:00","og_image":[{"width":2560,"height":1707,"url":"https:\/\/www.elobau.com\/wp-content\/uploads\/2018\/03\/tom8686-scaled.jpg","type":"image\/jpeg"}],"schema":{"@context":"https:\/\/schema.org","@graph":[{"@type":"WebPage","@id":"https:\/\/www.elobau.com\/fr\/conditions_generales_dachat\/","url":"https:\/\/www.elobau.com\/fr\/conditions_generales_dachat\/","name":"Conditions d'achat | elobau","isPartOf":{"@id":"https:\/\/www.elobau.com\/fr\/#website"},"primaryImageOfPage":{"@id":"https:\/\/www.elobau.com\/fr\/conditions_generales_dachat\/#primaryimage"},"image":{"@id":"https:\/\/www.elobau.com\/fr\/conditions_generales_dachat\/#primaryimage"},"thumbnailUrl":"https:\/\/www.elobau.com\/wp-content\/uploads\/2018\/03\/tom8686-scaled.jpg","datePublished":"2018-05-16T12:55:28+00:00","dateModified":"2019-12-16T19:40:05+00:00","description":"Vous trouverez ici toutes les informations relatives aux conditions g\u00e9n\u00e9rales d'achat\u00a0!","breadcrumb":{"@id":"https:\/\/www.elobau.com\/fr\/conditions_generales_dachat\/#breadcrumb"},"inLanguage":"fr-FR","potentialAction":[{"@type":"ReadAction","target":["https:\/\/www.elobau.com\/fr\/conditions_generales_dachat\/"]}]},{"@type":"ImageObject","inLanguage":"fr-FR","@id":"https:\/\/www.elobau.com\/fr\/conditions_generales_dachat\/#primaryimage","url":"https:\/\/www.elobau.com\/wp-content\/uploads\/2018\/03\/tom8686-scaled.jpg","contentUrl":"https:\/\/www.elobau.com\/wp-content\/uploads\/2018\/03\/tom8686-scaled.jpg","width":2560,"height":1707,"caption":"Concertation d'\u00e9quipe elobau Les sp\u00e9cialistes de la mesure de niveau d\u00e9battent"},{"@type":"BreadcrumbList","@id":"https:\/\/www.elobau.com\/fr\/conditions_generales_dachat\/#breadcrumb","itemListElement":[{"@type":"ListItem","position":1,"name":"Home","item":"https:\/\/www.elobau.com\/fr\/"},{"@type":"ListItem","position":2,"name":"Conditions g\u00e9n\u00e9rales d&rsquo;achat d&rsquo;elobau GmbH &#038; Co. KG"}]},{"@type":"WebSite","@id":"https:\/\/www.elobau.com\/fr\/#website","url":"https:\/\/www.elobau.com\/fr\/","name":"elobau","description":"elobau","publisher":{"@id":"https:\/\/www.elobau.com\/fr\/#organization"},"potentialAction":[{"@type":"SearchAction","target":{"@type":"EntryPoint","urlTemplate":"https:\/\/www.elobau.com\/fr\/?s={search_term_string}"},"query-input":{"@type":"PropertyValueSpecification","valueRequired":true,"valueName":"search_term_string"}}],"inLanguage":"fr-FR"},{"@type":"Organization","@id":"https:\/\/www.elobau.com\/fr\/#organization","name":"elobau GmbH & Co. KG","url":"https:\/\/www.elobau.com\/fr\/","logo":{"@type":"ImageObject","inLanguage":"fr-FR","@id":"https:\/\/www.elobau.com\/fr\/#\/schema\/logo\/image\/","url":"https:\/\/www.elobau.com\/wp-content\/uploads\/2021\/03\/elobau_logo_claim_11_2020_cmyk.jpg","contentUrl":"https:\/\/www.elobau.com\/wp-content\/uploads\/2021\/03\/elobau_logo_claim_11_2020_cmyk.jpg","width":2000,"height":676,"caption":"elobau GmbH & Co. KG"},"image":{"@id":"https:\/\/www.elobau.com\/fr\/#\/schema\/logo\/image\/"},"sameAs":["https:\/\/www.facebook.com\/elobauDACH\/","https:\/\/www.instagram.com\/elobau_official\/?hl=de","https:\/\/de.linkedin.com\/company\/elobau","https:\/\/www.youtube.com\/user\/elobauWorld"]}]}},"_links":{"self":[{"href":"https:\/\/www.elobau.com\/fr\/wp-json\/wp\/v2\/pages\/9881","targetHints":{"allow":["GET"]}}],"collection":[{"href":"https:\/\/www.elobau.com\/fr\/wp-json\/wp\/v2\/pages"}],"about":[{"href":"https:\/\/www.elobau.com\/fr\/wp-json\/wp\/v2\/types\/page"}],"author":[{"embeddable":true,"href":"https:\/\/www.elobau.com\/fr\/wp-json\/wp\/v2\/users\/3"}],"replies":[{"embeddable":true,"href":"https:\/\/www.elobau.com\/fr\/wp-json\/wp\/v2\/comments?post=9881"}],"version-history":[{"count":10,"href":"https:\/\/www.elobau.com\/fr\/wp-json\/wp\/v2\/pages\/9881\/revisions"}],"predecessor-version":[{"id":33149,"href":"https:\/\/www.elobau.com\/fr\/wp-json\/wp\/v2\/pages\/9881\/revisions\/33149"}],"wp:featuredmedia":[{"embeddable":true,"href":"https:\/\/www.elobau.com\/fr\/wp-json\/wp\/v2\/media\/6639"}],"wp:attachment":[{"href":"https:\/\/www.elobau.com\/fr\/wp-json\/wp\/v2\/media?parent=9881"}],"curies":[{"name":"wp","href":"https:\/\/api.w.org\/{rel}","templated":true}]}}