{"id":8360,"date":"2018-05-03T11:18:41","date_gmt":"2018-05-03T11:18:41","guid":{"rendered":"https:\/\/www.elobau.com\/?page_id=8360"},"modified":"2023-02-08T11:13:17","modified_gmt":"2023-02-08T10:13:17","slug":"made-in-germany","status":"publish","type":"page","link":"https:\/\/www.elobau.com\/fr\/a_elobau-sensor-technology-lentreprise\/fabrication-2\/made-in-germany\/","title":{"rendered":"Made in Germany"},"content":{"rendered":"","protected":false},"excerpt":{"rendered":"<p>Tous les produits elobau sont d\u00e9velopp\u00e9s et fabriqu\u00e9s en Allemagne. Contrairement \u00e0 la tendance qui a eu cours pendant plusieurs ann\u00e9es et qui a consist\u00e9 \u00e0 d\u00e9localiser des secteurs de production dans des pays \u00e0 bas salaires pour des raisons exclusivement \u00e9conomiques, notre fondation familiale reste attach\u00e9e \u00e0 son engagement pour un site en Allemagne.<\/p>\n","protected":false},"author":3,"featured_media":6759,"parent":8356,"menu_order":3,"comment_status":"closed","ping_status":"closed","template":"","meta":{"_acf_changed":false,"inline_featured_image":false,"footnotes":"","_links_to":"","_links_to_target":""},"class_list":["post-8360","page","type-page","status-publish","has-post-thumbnail","hentry"],"acf":[],"yoast_head":"<title>Made in Germany | elobau<\/title>\n<meta name=\"description\" content=\"Vous trouverez ici toutes les informations relatives \u00e0 notre philosophie Made in Germany et aux raisons pour lesquelles nous ne d\u00e9localisons pas de secteur de production dans les pays \u00e0 bas salaires. Cliquez ici et apprenez-en plus\u00a0!\" \/>\n<meta name=\"robots\" content=\"noindex, follow\" \/>\n<meta property=\"og:locale\" content=\"fr_FR\" \/>\n<meta property=\"og:type\" content=\"article\" \/>\n<meta property=\"og:title\" content=\"Made in Germany | elobau\" \/>\n<meta property=\"og:description\" content=\"Vous trouverez ici toutes les informations relatives \u00e0 notre philosophie Made in Germany et aux raisons pour lesquelles nous ne d\u00e9localisons pas de secteur de production dans les pays \u00e0 bas salaires. Cliquez ici et apprenez-en plus\u00a0!\" \/>\n<meta property=\"og:url\" content=\"https:\/\/www.elobau.com\/fr\/a_elobau-sensor-technology-lentreprise\/fabrication-2\/made-in-germany\/\" \/>\n<meta property=\"og:site_name\" content=\"elobau\" \/>\n<meta property=\"article:publisher\" content=\"https:\/\/www.facebook.com\/elobauDACH\/\" \/>\n<meta property=\"article:modified_time\" content=\"2023-02-08T10:13:17+00:00\" \/>\n<meta property=\"og:image\" content=\"https:\/\/www.elobau.com\/wp-content\/uploads\/2018\/03\/nachhaltigkeit_header.jpg\" \/>\n\t<meta property=\"og:image:width\" content=\"1920\" \/>\n\t<meta property=\"og:image:height\" content=\"500\" \/>\n\t<meta property=\"og:image:type\" content=\"image\/jpeg\" \/>\n<script type=\"application\/ld+json\" class=\"yoast-schema-graph\">{\"@context\":\"https:\\\/\\\/schema.org\",\"@graph\":[{\"@type\":\"WebPage\",\"@id\":\"https:\\\/\\\/www.elobau.com\\\/fr\\\/a_elobau-sensor-technology-lentreprise\\\/fabrication-2\\\/made-in-germany\\\/\",\"url\":\"https:\\\/\\\/www.elobau.com\\\/fr\\\/a_elobau-sensor-technology-lentreprise\\\/fabrication-2\\\/made-in-germany\\\/\",\"name\":\"Made in Germany | elobau\",\"isPartOf\":{\"@id\":\"https:\\\/\\\/www.elobau.com\\\/fr\\\/#website\"},\"primaryImageOfPage\":{\"@id\":\"https:\\\/\\\/www.elobau.com\\\/fr\\\/a_elobau-sensor-technology-lentreprise\\\/fabrication-2\\\/made-in-germany\\\/#primaryimage\"},\"image\":{\"@id\":\"https:\\\/\\\/www.elobau.com\\\/fr\\\/a_elobau-sensor-technology-lentreprise\\\/fabrication-2\\\/made-in-germany\\\/#primaryimage\"},\"thumbnailUrl\":\"https:\\\/\\\/www.elobau.com\\\/wp-content\\\/uploads\\\/2018\\\/03\\\/nachhaltigkeit_header.jpg\",\"datePublished\":\"2018-05-03T11:18:41+00:00\",\"dateModified\":\"2023-02-08T10:13:17+00:00\",\"description\":\"Vous trouverez ici toutes les informations relatives \u00e0 notre philosophie Made in Germany et aux raisons pour lesquelles nous ne d\u00e9localisons pas de secteur de production dans les pays \u00e0 bas salaires. Cliquez ici et apprenez-en plus\u00a0!\",\"breadcrumb\":{\"@id\":\"https:\\\/\\\/www.elobau.com\\\/fr\\\/a_elobau-sensor-technology-lentreprise\\\/fabrication-2\\\/made-in-germany\\\/#breadcrumb\"},\"inLanguage\":\"fr-FR\",\"potentialAction\":[{\"@type\":\"ReadAction\",\"target\":[\"https:\\\/\\\/www.elobau.com\\\/fr\\\/a_elobau-sensor-technology-lentreprise\\\/fabrication-2\\\/made-in-germany\\\/\"]}]},{\"@type\":\"ImageObject\",\"inLanguage\":\"fr-FR\",\"@id\":\"https:\\\/\\\/www.elobau.com\\\/fr\\\/a_elobau-sensor-technology-lentreprise\\\/fabrication-2\\\/made-in-germany\\\/#primaryimage\",\"url\":\"https:\\\/\\\/www.elobau.com\\\/wp-content\\\/uploads\\\/2018\\\/03\\\/nachhaltigkeit_header.jpg\",\"contentUrl\":\"https:\\\/\\\/www.elobau.com\\\/wp-content\\\/uploads\\\/2018\\\/03\\\/nachhaltigkeit_header.jpg\",\"width\":1920,\"height\":500,\"caption\":\"Header Nachhaltigkeit mit Hinweis Gemeinwohl\u00f6konomie\"},{\"@type\":\"BreadcrumbList\",\"@id\":\"https:\\\/\\\/www.elobau.com\\\/fr\\\/a_elobau-sensor-technology-lentreprise\\\/fabrication-2\\\/made-in-germany\\\/#breadcrumb\",\"itemListElement\":[{\"@type\":\"ListItem\",\"position\":1,\"name\":\"Home\",\"item\":\"https:\\\/\\\/www.elobau.com\\\/fr\\\/\"},{\"@type\":\"ListItem\",\"position\":2,\"name\":\"\u00c0 propos d&#8217;elobau\",\"item\":\"https:\\\/\\\/www.elobau.com\\\/fr\\\/a_elobau-sensor-technology-lentreprise\\\/\"},{\"@type\":\"ListItem\",\"position\":3,\"name\":\"Fabrication\",\"item\":\"https:\\\/\\\/www.elobau.com\\\/fr\\\/a_elobau-sensor-technology-lentreprise\\\/fabrication-2\\\/\"},{\"@type\":\"ListItem\",\"position\":4,\"name\":\"Made in Germany\"}]},{\"@type\":\"WebSite\",\"@id\":\"https:\\\/\\\/www.elobau.com\\\/fr\\\/#website\",\"url\":\"https:\\\/\\\/www.elobau.com\\\/fr\\\/\",\"name\":\"elobau\",\"description\":\"elobau\",\"publisher\":{\"@id\":\"https:\\\/\\\/www.elobau.com\\\/fr\\\/#organization\"},\"potentialAction\":[{\"@type\":\"SearchAction\",\"target\":{\"@type\":\"EntryPoint\",\"urlTemplate\":\"https:\\\/\\\/www.elobau.com\\\/fr\\\/?s={search_term_string}\"},\"query-input\":{\"@type\":\"PropertyValueSpecification\",\"valueRequired\":true,\"valueName\":\"search_term_string\"}}],\"inLanguage\":\"fr-FR\"},{\"@type\":\"Organization\",\"@id\":\"https:\\\/\\\/www.elobau.com\\\/fr\\\/#organization\",\"name\":\"elobau GmbH & Co. KG\",\"url\":\"https:\\\/\\\/www.elobau.com\\\/fr\\\/\",\"logo\":{\"@type\":\"ImageObject\",\"inLanguage\":\"fr-FR\",\"@id\":\"https:\\\/\\\/www.elobau.com\\\/fr\\\/#\\\/schema\\\/logo\\\/image\\\/\",\"url\":\"https:\\\/\\\/www.elobau.com\\\/wp-content\\\/uploads\\\/2021\\\/03\\\/elobau_logo_claim_11_2020_cmyk.jpg\",\"contentUrl\":\"https:\\\/\\\/www.elobau.com\\\/wp-content\\\/uploads\\\/2021\\\/03\\\/elobau_logo_claim_11_2020_cmyk.jpg\",\"width\":2000,\"height\":676,\"caption\":\"elobau GmbH & Co. KG\"},\"image\":{\"@id\":\"https:\\\/\\\/www.elobau.com\\\/fr\\\/#\\\/schema\\\/logo\\\/image\\\/\"},\"sameAs\":[\"https:\\\/\\\/www.facebook.com\\\/elobauDACH\\\/\",\"https:\\\/\\\/www.instagram.com\\\/elobau_official\\\/?hl=de\",\"https:\\\/\\\/de.linkedin.com\\\/company\\\/elobau\",\"https:\\\/\\\/www.youtube.com\\\/user\\\/elobauWorld\"]}]}<\/script>","yoast_head_json":{"title":"Made in Germany | elobau","description":"Vous trouverez ici toutes les informations relatives \u00e0 notre philosophie Made in Germany et aux raisons pour lesquelles nous ne d\u00e9localisons pas de secteur de production dans les pays \u00e0 bas salaires. Cliquez ici et apprenez-en plus\u00a0!","robots":{"index":"noindex","follow":"follow"},"og_locale":"fr_FR","og_type":"article","og_title":"Made in Germany | elobau","og_description":"Vous trouverez ici toutes les informations relatives \u00e0 notre philosophie Made in Germany et aux raisons pour lesquelles nous ne d\u00e9localisons pas de secteur de production dans les pays \u00e0 bas salaires. Cliquez ici et apprenez-en plus\u00a0!","og_url":"https:\/\/www.elobau.com\/fr\/a_elobau-sensor-technology-lentreprise\/fabrication-2\/made-in-germany\/","og_site_name":"elobau","article_publisher":"https:\/\/www.facebook.com\/elobauDACH\/","article_modified_time":"2023-02-08T10:13:17+00:00","og_image":[{"width":1920,"height":500,"url":"https:\/\/www.elobau.com\/wp-content\/uploads\/2018\/03\/nachhaltigkeit_header.jpg","type":"image\/jpeg"}],"schema":{"@context":"https:\/\/schema.org","@graph":[{"@type":"WebPage","@id":"https:\/\/www.elobau.com\/fr\/a_elobau-sensor-technology-lentreprise\/fabrication-2\/made-in-germany\/","url":"https:\/\/www.elobau.com\/fr\/a_elobau-sensor-technology-lentreprise\/fabrication-2\/made-in-germany\/","name":"Made in Germany | elobau","isPartOf":{"@id":"https:\/\/www.elobau.com\/fr\/#website"},"primaryImageOfPage":{"@id":"https:\/\/www.elobau.com\/fr\/a_elobau-sensor-technology-lentreprise\/fabrication-2\/made-in-germany\/#primaryimage"},"image":{"@id":"https:\/\/www.elobau.com\/fr\/a_elobau-sensor-technology-lentreprise\/fabrication-2\/made-in-germany\/#primaryimage"},"thumbnailUrl":"https:\/\/www.elobau.com\/wp-content\/uploads\/2018\/03\/nachhaltigkeit_header.jpg","datePublished":"2018-05-03T11:18:41+00:00","dateModified":"2023-02-08T10:13:17+00:00","description":"Vous trouverez ici toutes les informations relatives \u00e0 notre philosophie Made in Germany et aux raisons pour lesquelles nous ne d\u00e9localisons pas de secteur de production dans les pays \u00e0 bas salaires. Cliquez ici et apprenez-en plus\u00a0!","breadcrumb":{"@id":"https:\/\/www.elobau.com\/fr\/a_elobau-sensor-technology-lentreprise\/fabrication-2\/made-in-germany\/#breadcrumb"},"inLanguage":"fr-FR","potentialAction":[{"@type":"ReadAction","target":["https:\/\/www.elobau.com\/fr\/a_elobau-sensor-technology-lentreprise\/fabrication-2\/made-in-germany\/"]}]},{"@type":"ImageObject","inLanguage":"fr-FR","@id":"https:\/\/www.elobau.com\/fr\/a_elobau-sensor-technology-lentreprise\/fabrication-2\/made-in-germany\/#primaryimage","url":"https:\/\/www.elobau.com\/wp-content\/uploads\/2018\/03\/nachhaltigkeit_header.jpg","contentUrl":"https:\/\/www.elobau.com\/wp-content\/uploads\/2018\/03\/nachhaltigkeit_header.jpg","width":1920,"height":500,"caption":"Header Nachhaltigkeit mit Hinweis Gemeinwohl\u00f6konomie"},{"@type":"BreadcrumbList","@id":"https:\/\/www.elobau.com\/fr\/a_elobau-sensor-technology-lentreprise\/fabrication-2\/made-in-germany\/#breadcrumb","itemListElement":[{"@type":"ListItem","position":1,"name":"Home","item":"https:\/\/www.elobau.com\/fr\/"},{"@type":"ListItem","position":2,"name":"\u00c0 propos d&#8217;elobau","item":"https:\/\/www.elobau.com\/fr\/a_elobau-sensor-technology-lentreprise\/"},{"@type":"ListItem","position":3,"name":"Fabrication","item":"https:\/\/www.elobau.com\/fr\/a_elobau-sensor-technology-lentreprise\/fabrication-2\/"},{"@type":"ListItem","position":4,"name":"Made in Germany"}]},{"@type":"WebSite","@id":"https:\/\/www.elobau.com\/fr\/#website","url":"https:\/\/www.elobau.com\/fr\/","name":"elobau","description":"elobau","publisher":{"@id":"https:\/\/www.elobau.com\/fr\/#organization"},"potentialAction":[{"@type":"SearchAction","target":{"@type":"EntryPoint","urlTemplate":"https:\/\/www.elobau.com\/fr\/?s={search_term_string}"},"query-input":{"@type":"PropertyValueSpecification","valueRequired":true,"valueName":"search_term_string"}}],"inLanguage":"fr-FR"},{"@type":"Organization","@id":"https:\/\/www.elobau.com\/fr\/#organization","name":"elobau GmbH & Co. KG","url":"https:\/\/www.elobau.com\/fr\/","logo":{"@type":"ImageObject","inLanguage":"fr-FR","@id":"https:\/\/www.elobau.com\/fr\/#\/schema\/logo\/image\/","url":"https:\/\/www.elobau.com\/wp-content\/uploads\/2021\/03\/elobau_logo_claim_11_2020_cmyk.jpg","contentUrl":"https:\/\/www.elobau.com\/wp-content\/uploads\/2021\/03\/elobau_logo_claim_11_2020_cmyk.jpg","width":2000,"height":676,"caption":"elobau GmbH & Co. KG"},"image":{"@id":"https:\/\/www.elobau.com\/fr\/#\/schema\/logo\/image\/"},"sameAs":["https:\/\/www.facebook.com\/elobauDACH\/","https:\/\/www.instagram.com\/elobau_official\/?hl=de","https:\/\/de.linkedin.com\/company\/elobau","https:\/\/www.youtube.com\/user\/elobauWorld"]}]}},"_links":{"self":[{"href":"https:\/\/www.elobau.com\/fr\/wp-json\/wp\/v2\/pages\/8360","targetHints":{"allow":["GET"]}}],"collection":[{"href":"https:\/\/www.elobau.com\/fr\/wp-json\/wp\/v2\/pages"}],"about":[{"href":"https:\/\/www.elobau.com\/fr\/wp-json\/wp\/v2\/types\/page"}],"author":[{"embeddable":true,"href":"https:\/\/www.elobau.com\/fr\/wp-json\/wp\/v2\/users\/3"}],"replies":[{"embeddable":true,"href":"https:\/\/www.elobau.com\/fr\/wp-json\/wp\/v2\/comments?post=8360"}],"version-history":[{"count":4,"href":"https:\/\/www.elobau.com\/fr\/wp-json\/wp\/v2\/pages\/8360\/revisions"}],"predecessor-version":[{"id":116600,"href":"https:\/\/www.elobau.com\/fr\/wp-json\/wp\/v2\/pages\/8360\/revisions\/116600"}],"up":[{"embeddable":true,"href":"https:\/\/www.elobau.com\/fr\/wp-json\/wp\/v2\/pages\/8356"}],"wp:featuredmedia":[{"embeddable":true,"href":"https:\/\/www.elobau.com\/fr\/wp-json\/wp\/v2\/media\/6759"}],"wp:attachment":[{"href":"https:\/\/www.elobau.com\/fr\/wp-json\/wp\/v2\/media?parent=8360"}],"curies":[{"name":"wp","href":"https:\/\/api.w.org\/{rel}","templated":true}]}}