{"id":8359,"date":"2018-05-03T11:18:37","date_gmt":"2018-05-03T11:18:37","guid":{"rendered":"https:\/\/www.elobau.com\/?page_id=8359"},"modified":"2023-10-05T17:05:58","modified_gmt":"2023-10-05T15:05:58","slug":"durabilite-et-neutralite-climatique","status":"publish","type":"page","link":"https:\/\/www.elobau.com\/fr\/a_elobau-sensor-technology-lentreprise\/fabrication-2\/durabilite-et-neutralite-climatique\/","title":{"rendered":"Durabilit\u00e9 et neutralit\u00e9 climatique"},"content":{"rendered":"","protected":false},"excerpt":{"rendered":"<p>En\u00a02009, nous nous sommes fix\u00e9 l&rsquo;objectif de fabriquer nos produits en limitant le plus possible l&#8217;empreinte \u00e9cologique. Cela impliquait, dans un premier temps, de consid\u00e9rer l&rsquo;ensemble de la cha\u00eene logistique des mati\u00e8res premi\u00e8res et produits semi-finis requis. Ce faisant, nous nous sommes bien s\u00fbr heurt\u00e9s \u00e0 de nombreux obstacles qu&rsquo;il nous a fallu surmonter.<\/p>\n","protected":false},"author":3,"featured_media":5795,"parent":8356,"menu_order":2,"comment_status":"closed","ping_status":"closed","template":"","meta":{"_acf_changed":false,"inline_featured_image":false,"footnotes":"","_links_to":"","_links_to_target":""},"class_list":["post-8359","page","type-page","status-publish","has-post-thumbnail","hentry"],"acf":[],"yoast_head":"<title>Une fabrication durable et climatiquement neutre | elobau<\/title>\n<meta name=\"description\" content=\"Afin de fabriquer nos produits de la fa\u00e7on la plus durable et la plus \u00e9cologique possible, nous avons d\u00e9cid\u00e9 d\u00e8s l&#039;ann\u00e9e\u00a02009 de r\u00e9duire notre impact sur l&#039;environnement. Apprenez-en plus ici sur la fa\u00e7on dont nous avons rendu notre production beaucoup plus \u00e9cologique\u00a0!\" \/>\n<meta name=\"robots\" content=\"noindex, follow\" \/>\n<meta property=\"og:locale\" content=\"fr_FR\" \/>\n<meta property=\"og:type\" content=\"article\" \/>\n<meta property=\"og:title\" content=\"Une fabrication durable et climatiquement neutre | elobau\" \/>\n<meta property=\"og:description\" content=\"Afin de fabriquer nos produits de la fa\u00e7on la plus durable et la plus \u00e9cologique possible, nous avons d\u00e9cid\u00e9 d\u00e8s l&#039;ann\u00e9e\u00a02009 de r\u00e9duire notre impact sur l&#039;environnement. Apprenez-en plus ici sur la fa\u00e7on dont nous avons rendu notre production beaucoup plus \u00e9cologique\u00a0!\" \/>\n<meta property=\"og:url\" content=\"https:\/\/www.elobau.com\/fr\/a_elobau-sensor-technology-lentreprise\/fabrication-2\/durabilite-et-neutralite-climatique\/\" \/>\n<meta property=\"og:site_name\" content=\"elobau\" \/>\n<meta property=\"article:publisher\" content=\"https:\/\/www.facebook.com\/elobauDACH\/\" \/>\n<meta property=\"article:modified_time\" content=\"2023-10-05T15:05:58+00:00\" \/>\n<meta property=\"og:image\" content=\"https:\/\/www.elobau.com\/wp-content\/uploads\/2017\/08\/solar-scaled.jpg\" \/>\n\t<meta property=\"og:image:width\" content=\"2560\" \/>\n\t<meta property=\"og:image:height\" content=\"1111\" \/>\n\t<meta property=\"og:image:type\" content=\"image\/jpeg\" \/>\n<script type=\"application\/ld+json\" class=\"yoast-schema-graph\">{\"@context\":\"https:\/\/schema.org\",\"@graph\":[{\"@type\":\"WebPage\",\"@id\":\"https:\/\/www.elobau.com\/fr\/a_elobau-sensor-technology-lentreprise\/fabrication-2\/durabilite-et-neutralite-climatique\/\",\"url\":\"https:\/\/www.elobau.com\/fr\/a_elobau-sensor-technology-lentreprise\/fabrication-2\/durabilite-et-neutralite-climatique\/\",\"name\":\"Une fabrication durable et climatiquement neutre | elobau\",\"isPartOf\":{\"@id\":\"https:\/\/www.elobau.com\/fr\/#website\"},\"primaryImageOfPage\":{\"@id\":\"https:\/\/www.elobau.com\/fr\/a_elobau-sensor-technology-lentreprise\/fabrication-2\/durabilite-et-neutralite-climatique\/#primaryimage\"},\"image\":{\"@id\":\"https:\/\/www.elobau.com\/fr\/a_elobau-sensor-technology-lentreprise\/fabrication-2\/durabilite-et-neutralite-climatique\/#primaryimage\"},\"thumbnailUrl\":\"https:\/\/www.elobau.com\/wp-content\/uploads\/2017\/08\/solar-scaled.jpg\",\"datePublished\":\"2018-05-03T11:18:37+00:00\",\"dateModified\":\"2023-10-05T15:05:58+00:00\",\"description\":\"Afin de fabriquer nos produits de la fa\u00e7on la plus durable et la plus \u00e9cologique possible, nous avons d\u00e9cid\u00e9 d\u00e8s l'ann\u00e9e\u00a02009 de r\u00e9duire notre impact sur l'environnement. Apprenez-en plus ici sur la fa\u00e7on dont nous avons rendu notre production beaucoup plus \u00e9cologique\u00a0!\",\"breadcrumb\":{\"@id\":\"https:\/\/www.elobau.com\/fr\/a_elobau-sensor-technology-lentreprise\/fabrication-2\/durabilite-et-neutralite-climatique\/#breadcrumb\"},\"inLanguage\":\"fr-FR\",\"potentialAction\":[{\"@type\":\"ReadAction\",\"target\":[\"https:\/\/www.elobau.com\/fr\/a_elobau-sensor-technology-lentreprise\/fabrication-2\/durabilite-et-neutralite-climatique\/\"]}]},{\"@type\":\"ImageObject\",\"inLanguage\":\"fr-FR\",\"@id\":\"https:\/\/www.elobau.com\/fr\/a_elobau-sensor-technology-lentreprise\/fabrication-2\/durabilite-et-neutralite-climatique\/#primaryimage\",\"url\":\"https:\/\/www.elobau.com\/wp-content\/uploads\/2017\/08\/solar-scaled.jpg\",\"contentUrl\":\"https:\/\/www.elobau.com\/wp-content\/uploads\/2017\/08\/solar-scaled.jpg\",\"width\":2560,\"height\":1111,\"caption\":\"solar\"},{\"@type\":\"BreadcrumbList\",\"@id\":\"https:\/\/www.elobau.com\/fr\/a_elobau-sensor-technology-lentreprise\/fabrication-2\/durabilite-et-neutralite-climatique\/#breadcrumb\",\"itemListElement\":[{\"@type\":\"ListItem\",\"position\":1,\"name\":\"Home\",\"item\":\"https:\/\/www.elobau.com\/fr\/\"},{\"@type\":\"ListItem\",\"position\":2,\"name\":\"\u00c0 propos d&#8217;elobau\",\"item\":\"https:\/\/www.elobau.com\/fr\/a_elobau-sensor-technology-lentreprise\/\"},{\"@type\":\"ListItem\",\"position\":3,\"name\":\"Fabrication\",\"item\":\"https:\/\/www.elobau.com\/fr\/a_elobau-sensor-technology-lentreprise\/fabrication-2\/\"},{\"@type\":\"ListItem\",\"position\":4,\"name\":\"Durabilit\u00e9 et neutralit\u00e9 climatique\"}]},{\"@type\":\"WebSite\",\"@id\":\"https:\/\/www.elobau.com\/fr\/#website\",\"url\":\"https:\/\/www.elobau.com\/fr\/\",\"name\":\"elobau\",\"description\":\"elobau\",\"publisher\":{\"@id\":\"https:\/\/www.elobau.com\/fr\/#organization\"},\"potentialAction\":[{\"@type\":\"SearchAction\",\"target\":{\"@type\":\"EntryPoint\",\"urlTemplate\":\"https:\/\/www.elobau.com\/fr\/?s={search_term_string}\"},\"query-input\":{\"@type\":\"PropertyValueSpecification\",\"valueRequired\":true,\"valueName\":\"search_term_string\"}}],\"inLanguage\":\"fr-FR\"},{\"@type\":\"Organization\",\"@id\":\"https:\/\/www.elobau.com\/fr\/#organization\",\"name\":\"elobau GmbH & Co. KG\",\"url\":\"https:\/\/www.elobau.com\/fr\/\",\"logo\":{\"@type\":\"ImageObject\",\"inLanguage\":\"fr-FR\",\"@id\":\"https:\/\/www.elobau.com\/fr\/#\/schema\/logo\/image\/\",\"url\":\"https:\/\/www.elobau.com\/wp-content\/uploads\/2021\/03\/elobau_logo_claim_11_2020_cmyk.jpg\",\"contentUrl\":\"https:\/\/www.elobau.com\/wp-content\/uploads\/2021\/03\/elobau_logo_claim_11_2020_cmyk.jpg\",\"width\":2000,\"height\":676,\"caption\":\"elobau GmbH & Co. KG\"},\"image\":{\"@id\":\"https:\/\/www.elobau.com\/fr\/#\/schema\/logo\/image\/\"},\"sameAs\":[\"https:\/\/www.facebook.com\/elobauDACH\/\",\"https:\/\/www.instagram.com\/elobau_official\/?hl=de\",\"https:\/\/de.linkedin.com\/company\/elobau\",\"https:\/\/www.youtube.com\/user\/elobauWorld\"]}]}<\/script>","yoast_head_json":{"title":"Une fabrication durable et climatiquement neutre | elobau","description":"Afin de fabriquer nos produits de la fa\u00e7on la plus durable et la plus \u00e9cologique possible, nous avons d\u00e9cid\u00e9 d\u00e8s l'ann\u00e9e\u00a02009 de r\u00e9duire notre impact sur l'environnement. Apprenez-en plus ici sur la fa\u00e7on dont nous avons rendu notre production beaucoup plus \u00e9cologique\u00a0!","robots":{"index":"noindex","follow":"follow"},"og_locale":"fr_FR","og_type":"article","og_title":"Une fabrication durable et climatiquement neutre | elobau","og_description":"Afin de fabriquer nos produits de la fa\u00e7on la plus durable et la plus \u00e9cologique possible, nous avons d\u00e9cid\u00e9 d\u00e8s l'ann\u00e9e\u00a02009 de r\u00e9duire notre impact sur l'environnement. Apprenez-en plus ici sur la fa\u00e7on dont nous avons rendu notre production beaucoup plus \u00e9cologique\u00a0!","og_url":"https:\/\/www.elobau.com\/fr\/a_elobau-sensor-technology-lentreprise\/fabrication-2\/durabilite-et-neutralite-climatique\/","og_site_name":"elobau","article_publisher":"https:\/\/www.facebook.com\/elobauDACH\/","article_modified_time":"2023-10-05T15:05:58+00:00","og_image":[{"width":2560,"height":1111,"url":"https:\/\/www.elobau.com\/wp-content\/uploads\/2017\/08\/solar-scaled.jpg","type":"image\/jpeg"}],"schema":{"@context":"https:\/\/schema.org","@graph":[{"@type":"WebPage","@id":"https:\/\/www.elobau.com\/fr\/a_elobau-sensor-technology-lentreprise\/fabrication-2\/durabilite-et-neutralite-climatique\/","url":"https:\/\/www.elobau.com\/fr\/a_elobau-sensor-technology-lentreprise\/fabrication-2\/durabilite-et-neutralite-climatique\/","name":"Une fabrication durable et climatiquement neutre | elobau","isPartOf":{"@id":"https:\/\/www.elobau.com\/fr\/#website"},"primaryImageOfPage":{"@id":"https:\/\/www.elobau.com\/fr\/a_elobau-sensor-technology-lentreprise\/fabrication-2\/durabilite-et-neutralite-climatique\/#primaryimage"},"image":{"@id":"https:\/\/www.elobau.com\/fr\/a_elobau-sensor-technology-lentreprise\/fabrication-2\/durabilite-et-neutralite-climatique\/#primaryimage"},"thumbnailUrl":"https:\/\/www.elobau.com\/wp-content\/uploads\/2017\/08\/solar-scaled.jpg","datePublished":"2018-05-03T11:18:37+00:00","dateModified":"2023-10-05T15:05:58+00:00","description":"Afin de fabriquer nos produits de la fa\u00e7on la plus durable et la plus \u00e9cologique possible, nous avons d\u00e9cid\u00e9 d\u00e8s l'ann\u00e9e\u00a02009 de r\u00e9duire notre impact sur l'environnement. Apprenez-en plus ici sur la fa\u00e7on dont nous avons rendu notre production beaucoup plus \u00e9cologique\u00a0!","breadcrumb":{"@id":"https:\/\/www.elobau.com\/fr\/a_elobau-sensor-technology-lentreprise\/fabrication-2\/durabilite-et-neutralite-climatique\/#breadcrumb"},"inLanguage":"fr-FR","potentialAction":[{"@type":"ReadAction","target":["https:\/\/www.elobau.com\/fr\/a_elobau-sensor-technology-lentreprise\/fabrication-2\/durabilite-et-neutralite-climatique\/"]}]},{"@type":"ImageObject","inLanguage":"fr-FR","@id":"https:\/\/www.elobau.com\/fr\/a_elobau-sensor-technology-lentreprise\/fabrication-2\/durabilite-et-neutralite-climatique\/#primaryimage","url":"https:\/\/www.elobau.com\/wp-content\/uploads\/2017\/08\/solar-scaled.jpg","contentUrl":"https:\/\/www.elobau.com\/wp-content\/uploads\/2017\/08\/solar-scaled.jpg","width":2560,"height":1111,"caption":"solar"},{"@type":"BreadcrumbList","@id":"https:\/\/www.elobau.com\/fr\/a_elobau-sensor-technology-lentreprise\/fabrication-2\/durabilite-et-neutralite-climatique\/#breadcrumb","itemListElement":[{"@type":"ListItem","position":1,"name":"Home","item":"https:\/\/www.elobau.com\/fr\/"},{"@type":"ListItem","position":2,"name":"\u00c0 propos d&#8217;elobau","item":"https:\/\/www.elobau.com\/fr\/a_elobau-sensor-technology-lentreprise\/"},{"@type":"ListItem","position":3,"name":"Fabrication","item":"https:\/\/www.elobau.com\/fr\/a_elobau-sensor-technology-lentreprise\/fabrication-2\/"},{"@type":"ListItem","position":4,"name":"Durabilit\u00e9 et neutralit\u00e9 climatique"}]},{"@type":"WebSite","@id":"https:\/\/www.elobau.com\/fr\/#website","url":"https:\/\/www.elobau.com\/fr\/","name":"elobau","description":"elobau","publisher":{"@id":"https:\/\/www.elobau.com\/fr\/#organization"},"potentialAction":[{"@type":"SearchAction","target":{"@type":"EntryPoint","urlTemplate":"https:\/\/www.elobau.com\/fr\/?s={search_term_string}"},"query-input":{"@type":"PropertyValueSpecification","valueRequired":true,"valueName":"search_term_string"}}],"inLanguage":"fr-FR"},{"@type":"Organization","@id":"https:\/\/www.elobau.com\/fr\/#organization","name":"elobau GmbH & Co. KG","url":"https:\/\/www.elobau.com\/fr\/","logo":{"@type":"ImageObject","inLanguage":"fr-FR","@id":"https:\/\/www.elobau.com\/fr\/#\/schema\/logo\/image\/","url":"https:\/\/www.elobau.com\/wp-content\/uploads\/2021\/03\/elobau_logo_claim_11_2020_cmyk.jpg","contentUrl":"https:\/\/www.elobau.com\/wp-content\/uploads\/2021\/03\/elobau_logo_claim_11_2020_cmyk.jpg","width":2000,"height":676,"caption":"elobau GmbH & Co. KG"},"image":{"@id":"https:\/\/www.elobau.com\/fr\/#\/schema\/logo\/image\/"},"sameAs":["https:\/\/www.facebook.com\/elobauDACH\/","https:\/\/www.instagram.com\/elobau_official\/?hl=de","https:\/\/de.linkedin.com\/company\/elobau","https:\/\/www.youtube.com\/user\/elobauWorld"]}]}},"_links":{"self":[{"href":"https:\/\/www.elobau.com\/fr\/wp-json\/wp\/v2\/pages\/8359","targetHints":{"allow":["GET"]}}],"collection":[{"href":"https:\/\/www.elobau.com\/fr\/wp-json\/wp\/v2\/pages"}],"about":[{"href":"https:\/\/www.elobau.com\/fr\/wp-json\/wp\/v2\/types\/page"}],"author":[{"embeddable":true,"href":"https:\/\/www.elobau.com\/fr\/wp-json\/wp\/v2\/users\/3"}],"replies":[{"embeddable":true,"href":"https:\/\/www.elobau.com\/fr\/wp-json\/wp\/v2\/comments?post=8359"}],"version-history":[{"count":5,"href":"https:\/\/www.elobau.com\/fr\/wp-json\/wp\/v2\/pages\/8359\/revisions"}],"predecessor-version":[{"id":119967,"href":"https:\/\/www.elobau.com\/fr\/wp-json\/wp\/v2\/pages\/8359\/revisions\/119967"}],"up":[{"embeddable":true,"href":"https:\/\/www.elobau.com\/fr\/wp-json\/wp\/v2\/pages\/8356"}],"wp:featuredmedia":[{"embeddable":true,"href":"https:\/\/www.elobau.com\/fr\/wp-json\/wp\/v2\/media\/5795"}],"wp:attachment":[{"href":"https:\/\/www.elobau.com\/fr\/wp-json\/wp\/v2\/media?parent=8359"}],"curies":[{"name":"wp","href":"https:\/\/api.w.org\/{rel}","templated":true}]}}