{"id":8358,"date":"2018-05-03T11:18:51","date_gmt":"2018-05-03T11:18:51","guid":{"rendered":"https:\/\/www.elobau.com\/?page_id=8358"},"modified":"2023-02-08T11:09:05","modified_gmt":"2023-02-08T10:09:05","slug":"qualite-elobau","status":"publish","type":"page","link":"https:\/\/www.elobau.com\/fr\/a_elobau-sensor-technology-lentreprise\/fabrication-2\/qualite-elobau\/","title":{"rendered":"Qualit\u00e9 elobau"},"content":{"rendered":"","protected":false},"excerpt":{"rendered":"<p>Les produits elobau sont fabriqu\u00e9s selon les normes de qualit\u00e9 les plus \u00e9lev\u00e9es. Tous les produits fabriqu\u00e9s par elobau sont certifi\u00e9s par le T\u00dcV et conformes \u00e0 la norme ISO\u00a09001:2008. <\/p>\n","protected":false},"author":3,"featured_media":5941,"parent":8356,"menu_order":1,"comment_status":"closed","ping_status":"closed","template":"","meta":{"_acf_changed":false,"inline_featured_image":false,"footnotes":"","_links_to":"","_links_to_target":""},"class_list":["post-8358","page","type-page","status-publish","has-post-thumbnail","hentry"],"acf":[],"yoast_head":"<title>Promesse de qualit\u00e9 | elobau<\/title>\n<meta name=\"description\" content=\"Nous disposons de notre propre laboratoire d&#039;essai, gr\u00e2ce auquel nous sommes assur\u00e9s de tenir notre promesse de qualit\u00e9. Notre gestion de la qualit\u00e9 garantit le respect des directives, conform\u00e9ment aux exigences \u00e9lev\u00e9es qui sont les n\u00f4tres. Apprenez-en plus ici sur notre promesse de qualit\u00e9\u00a0!\" \/>\n<meta name=\"robots\" content=\"noindex, follow\" \/>\n<meta property=\"og:locale\" content=\"fr_FR\" \/>\n<meta property=\"og:type\" content=\"article\" \/>\n<meta property=\"og:title\" content=\"Promesse de qualit\u00e9 | elobau\" \/>\n<meta property=\"og:description\" content=\"Nous disposons de notre propre laboratoire d&#039;essai, gr\u00e2ce auquel nous sommes assur\u00e9s de tenir notre promesse de qualit\u00e9. Notre gestion de la qualit\u00e9 garantit le respect des directives, conform\u00e9ment aux exigences \u00e9lev\u00e9es qui sont les n\u00f4tres. Apprenez-en plus ici sur notre promesse de qualit\u00e9\u00a0!\" \/>\n<meta property=\"og:url\" content=\"https:\/\/www.elobau.com\/fr\/a_elobau-sensor-technology-lentreprise\/fabrication-2\/qualite-elobau\/\" \/>\n<meta property=\"og:site_name\" content=\"elobau\" \/>\n<meta property=\"article:publisher\" content=\"https:\/\/www.facebook.com\/elobauDACH\/\" \/>\n<meta property=\"article:modified_time\" content=\"2023-02-08T10:09:05+00:00\" \/>\n<meta property=\"og:image\" content=\"https:\/\/www.elobau.com\/wp-content\/uploads\/2017\/11\/tom2153-scaled.jpg\" \/>\n\t<meta property=\"og:image:width\" content=\"2560\" \/>\n\t<meta property=\"og:image:height\" content=\"1704\" \/>\n\t<meta property=\"og:image:type\" content=\"image\/jpeg\" \/>\n<script type=\"application\/ld+json\" class=\"yoast-schema-graph\">{\"@context\":\"https:\\\/\\\/schema.org\",\"@graph\":[{\"@type\":\"WebPage\",\"@id\":\"https:\\\/\\\/www.elobau.com\\\/fr\\\/a_elobau-sensor-technology-lentreprise\\\/fabrication-2\\\/qualite-elobau\\\/\",\"url\":\"https:\\\/\\\/www.elobau.com\\\/fr\\\/a_elobau-sensor-technology-lentreprise\\\/fabrication-2\\\/qualite-elobau\\\/\",\"name\":\"Promesse de qualit\u00e9 | elobau\",\"isPartOf\":{\"@id\":\"https:\\\/\\\/www.elobau.com\\\/fr\\\/#website\"},\"primaryImageOfPage\":{\"@id\":\"https:\\\/\\\/www.elobau.com\\\/fr\\\/a_elobau-sensor-technology-lentreprise\\\/fabrication-2\\\/qualite-elobau\\\/#primaryimage\"},\"image\":{\"@id\":\"https:\\\/\\\/www.elobau.com\\\/fr\\\/a_elobau-sensor-technology-lentreprise\\\/fabrication-2\\\/qualite-elobau\\\/#primaryimage\"},\"thumbnailUrl\":\"https:\\\/\\\/www.elobau.com\\\/wp-content\\\/uploads\\\/2017\\\/11\\\/tom2153-scaled.jpg\",\"datePublished\":\"2018-05-03T11:18:51+00:00\",\"dateModified\":\"2023-02-08T10:09:05+00:00\",\"description\":\"Nous disposons de notre propre laboratoire d'essai, gr\u00e2ce auquel nous sommes assur\u00e9s de tenir notre promesse de qualit\u00e9. Notre gestion de la qualit\u00e9 garantit le respect des directives, conform\u00e9ment aux exigences \u00e9lev\u00e9es qui sont les n\u00f4tres. Apprenez-en plus ici sur notre promesse de qualit\u00e9\u00a0!\",\"breadcrumb\":{\"@id\":\"https:\\\/\\\/www.elobau.com\\\/fr\\\/a_elobau-sensor-technology-lentreprise\\\/fabrication-2\\\/qualite-elobau\\\/#breadcrumb\"},\"inLanguage\":\"fr-FR\",\"potentialAction\":[{\"@type\":\"ReadAction\",\"target\":[\"https:\\\/\\\/www.elobau.com\\\/fr\\\/a_elobau-sensor-technology-lentreprise\\\/fabrication-2\\\/qualite-elobau\\\/\"]}]},{\"@type\":\"ImageObject\",\"inLanguage\":\"fr-FR\",\"@id\":\"https:\\\/\\\/www.elobau.com\\\/fr\\\/a_elobau-sensor-technology-lentreprise\\\/fabrication-2\\\/qualite-elobau\\\/#primaryimage\",\"url\":\"https:\\\/\\\/www.elobau.com\\\/wp-content\\\/uploads\\\/2017\\\/11\\\/tom2153-scaled.jpg\",\"contentUrl\":\"https:\\\/\\\/www.elobau.com\\\/wp-content\\\/uploads\\\/2017\\\/11\\\/tom2153-scaled.jpg\",\"width\":2560,\"height\":1704,\"caption\":\"_TOM2153\"},{\"@type\":\"BreadcrumbList\",\"@id\":\"https:\\\/\\\/www.elobau.com\\\/fr\\\/a_elobau-sensor-technology-lentreprise\\\/fabrication-2\\\/qualite-elobau\\\/#breadcrumb\",\"itemListElement\":[{\"@type\":\"ListItem\",\"position\":1,\"name\":\"Home\",\"item\":\"https:\\\/\\\/www.elobau.com\\\/fr\\\/\"},{\"@type\":\"ListItem\",\"position\":2,\"name\":\"\u00c0 propos d&#8217;elobau\",\"item\":\"https:\\\/\\\/www.elobau.com\\\/fr\\\/a_elobau-sensor-technology-lentreprise\\\/\"},{\"@type\":\"ListItem\",\"position\":3,\"name\":\"Fabrication\",\"item\":\"https:\\\/\\\/www.elobau.com\\\/fr\\\/a_elobau-sensor-technology-lentreprise\\\/fabrication-2\\\/\"},{\"@type\":\"ListItem\",\"position\":4,\"name\":\"Qualit\u00e9 elobau\"}]},{\"@type\":\"WebSite\",\"@id\":\"https:\\\/\\\/www.elobau.com\\\/fr\\\/#website\",\"url\":\"https:\\\/\\\/www.elobau.com\\\/fr\\\/\",\"name\":\"elobau\",\"description\":\"elobau\",\"publisher\":{\"@id\":\"https:\\\/\\\/www.elobau.com\\\/fr\\\/#organization\"},\"potentialAction\":[{\"@type\":\"SearchAction\",\"target\":{\"@type\":\"EntryPoint\",\"urlTemplate\":\"https:\\\/\\\/www.elobau.com\\\/fr\\\/?s={search_term_string}\"},\"query-input\":{\"@type\":\"PropertyValueSpecification\",\"valueRequired\":true,\"valueName\":\"search_term_string\"}}],\"inLanguage\":\"fr-FR\"},{\"@type\":\"Organization\",\"@id\":\"https:\\\/\\\/www.elobau.com\\\/fr\\\/#organization\",\"name\":\"elobau GmbH & Co. KG\",\"url\":\"https:\\\/\\\/www.elobau.com\\\/fr\\\/\",\"logo\":{\"@type\":\"ImageObject\",\"inLanguage\":\"fr-FR\",\"@id\":\"https:\\\/\\\/www.elobau.com\\\/fr\\\/#\\\/schema\\\/logo\\\/image\\\/\",\"url\":\"https:\\\/\\\/www.elobau.com\\\/wp-content\\\/uploads\\\/2021\\\/03\\\/elobau_logo_claim_11_2020_cmyk.jpg\",\"contentUrl\":\"https:\\\/\\\/www.elobau.com\\\/wp-content\\\/uploads\\\/2021\\\/03\\\/elobau_logo_claim_11_2020_cmyk.jpg\",\"width\":2000,\"height\":676,\"caption\":\"elobau GmbH & Co. KG\"},\"image\":{\"@id\":\"https:\\\/\\\/www.elobau.com\\\/fr\\\/#\\\/schema\\\/logo\\\/image\\\/\"},\"sameAs\":[\"https:\\\/\\\/www.facebook.com\\\/elobauDACH\\\/\",\"https:\\\/\\\/www.instagram.com\\\/elobau_official\\\/?hl=de\",\"https:\\\/\\\/de.linkedin.com\\\/company\\\/elobau\",\"https:\\\/\\\/www.youtube.com\\\/user\\\/elobauWorld\"]}]}<\/script>","yoast_head_json":{"title":"Promesse de qualit\u00e9 | elobau","description":"Nous disposons de notre propre laboratoire d'essai, gr\u00e2ce auquel nous sommes assur\u00e9s de tenir notre promesse de qualit\u00e9. Notre gestion de la qualit\u00e9 garantit le respect des directives, conform\u00e9ment aux exigences \u00e9lev\u00e9es qui sont les n\u00f4tres. Apprenez-en plus ici sur notre promesse de qualit\u00e9\u00a0!","robots":{"index":"noindex","follow":"follow"},"og_locale":"fr_FR","og_type":"article","og_title":"Promesse de qualit\u00e9 | elobau","og_description":"Nous disposons de notre propre laboratoire d'essai, gr\u00e2ce auquel nous sommes assur\u00e9s de tenir notre promesse de qualit\u00e9. Notre gestion de la qualit\u00e9 garantit le respect des directives, conform\u00e9ment aux exigences \u00e9lev\u00e9es qui sont les n\u00f4tres. Apprenez-en plus ici sur notre promesse de qualit\u00e9\u00a0!","og_url":"https:\/\/www.elobau.com\/fr\/a_elobau-sensor-technology-lentreprise\/fabrication-2\/qualite-elobau\/","og_site_name":"elobau","article_publisher":"https:\/\/www.facebook.com\/elobauDACH\/","article_modified_time":"2023-02-08T10:09:05+00:00","og_image":[{"width":2560,"height":1704,"url":"https:\/\/www.elobau.com\/wp-content\/uploads\/2017\/11\/tom2153-scaled.jpg","type":"image\/jpeg"}],"schema":{"@context":"https:\/\/schema.org","@graph":[{"@type":"WebPage","@id":"https:\/\/www.elobau.com\/fr\/a_elobau-sensor-technology-lentreprise\/fabrication-2\/qualite-elobau\/","url":"https:\/\/www.elobau.com\/fr\/a_elobau-sensor-technology-lentreprise\/fabrication-2\/qualite-elobau\/","name":"Promesse de qualit\u00e9 | elobau","isPartOf":{"@id":"https:\/\/www.elobau.com\/fr\/#website"},"primaryImageOfPage":{"@id":"https:\/\/www.elobau.com\/fr\/a_elobau-sensor-technology-lentreprise\/fabrication-2\/qualite-elobau\/#primaryimage"},"image":{"@id":"https:\/\/www.elobau.com\/fr\/a_elobau-sensor-technology-lentreprise\/fabrication-2\/qualite-elobau\/#primaryimage"},"thumbnailUrl":"https:\/\/www.elobau.com\/wp-content\/uploads\/2017\/11\/tom2153-scaled.jpg","datePublished":"2018-05-03T11:18:51+00:00","dateModified":"2023-02-08T10:09:05+00:00","description":"Nous disposons de notre propre laboratoire d'essai, gr\u00e2ce auquel nous sommes assur\u00e9s de tenir notre promesse de qualit\u00e9. Notre gestion de la qualit\u00e9 garantit le respect des directives, conform\u00e9ment aux exigences \u00e9lev\u00e9es qui sont les n\u00f4tres. Apprenez-en plus ici sur notre promesse de qualit\u00e9\u00a0!","breadcrumb":{"@id":"https:\/\/www.elobau.com\/fr\/a_elobau-sensor-technology-lentreprise\/fabrication-2\/qualite-elobau\/#breadcrumb"},"inLanguage":"fr-FR","potentialAction":[{"@type":"ReadAction","target":["https:\/\/www.elobau.com\/fr\/a_elobau-sensor-technology-lentreprise\/fabrication-2\/qualite-elobau\/"]}]},{"@type":"ImageObject","inLanguage":"fr-FR","@id":"https:\/\/www.elobau.com\/fr\/a_elobau-sensor-technology-lentreprise\/fabrication-2\/qualite-elobau\/#primaryimage","url":"https:\/\/www.elobau.com\/wp-content\/uploads\/2017\/11\/tom2153-scaled.jpg","contentUrl":"https:\/\/www.elobau.com\/wp-content\/uploads\/2017\/11\/tom2153-scaled.jpg","width":2560,"height":1704,"caption":"_TOM2153"},{"@type":"BreadcrumbList","@id":"https:\/\/www.elobau.com\/fr\/a_elobau-sensor-technology-lentreprise\/fabrication-2\/qualite-elobau\/#breadcrumb","itemListElement":[{"@type":"ListItem","position":1,"name":"Home","item":"https:\/\/www.elobau.com\/fr\/"},{"@type":"ListItem","position":2,"name":"\u00c0 propos d&#8217;elobau","item":"https:\/\/www.elobau.com\/fr\/a_elobau-sensor-technology-lentreprise\/"},{"@type":"ListItem","position":3,"name":"Fabrication","item":"https:\/\/www.elobau.com\/fr\/a_elobau-sensor-technology-lentreprise\/fabrication-2\/"},{"@type":"ListItem","position":4,"name":"Qualit\u00e9 elobau"}]},{"@type":"WebSite","@id":"https:\/\/www.elobau.com\/fr\/#website","url":"https:\/\/www.elobau.com\/fr\/","name":"elobau","description":"elobau","publisher":{"@id":"https:\/\/www.elobau.com\/fr\/#organization"},"potentialAction":[{"@type":"SearchAction","target":{"@type":"EntryPoint","urlTemplate":"https:\/\/www.elobau.com\/fr\/?s={search_term_string}"},"query-input":{"@type":"PropertyValueSpecification","valueRequired":true,"valueName":"search_term_string"}}],"inLanguage":"fr-FR"},{"@type":"Organization","@id":"https:\/\/www.elobau.com\/fr\/#organization","name":"elobau GmbH & Co. KG","url":"https:\/\/www.elobau.com\/fr\/","logo":{"@type":"ImageObject","inLanguage":"fr-FR","@id":"https:\/\/www.elobau.com\/fr\/#\/schema\/logo\/image\/","url":"https:\/\/www.elobau.com\/wp-content\/uploads\/2021\/03\/elobau_logo_claim_11_2020_cmyk.jpg","contentUrl":"https:\/\/www.elobau.com\/wp-content\/uploads\/2021\/03\/elobau_logo_claim_11_2020_cmyk.jpg","width":2000,"height":676,"caption":"elobau GmbH & Co. KG"},"image":{"@id":"https:\/\/www.elobau.com\/fr\/#\/schema\/logo\/image\/"},"sameAs":["https:\/\/www.facebook.com\/elobauDACH\/","https:\/\/www.instagram.com\/elobau_official\/?hl=de","https:\/\/de.linkedin.com\/company\/elobau","https:\/\/www.youtube.com\/user\/elobauWorld"]}]}},"_links":{"self":[{"href":"https:\/\/www.elobau.com\/fr\/wp-json\/wp\/v2\/pages\/8358","targetHints":{"allow":["GET"]}}],"collection":[{"href":"https:\/\/www.elobau.com\/fr\/wp-json\/wp\/v2\/pages"}],"about":[{"href":"https:\/\/www.elobau.com\/fr\/wp-json\/wp\/v2\/types\/page"}],"author":[{"embeddable":true,"href":"https:\/\/www.elobau.com\/fr\/wp-json\/wp\/v2\/users\/3"}],"replies":[{"embeddable":true,"href":"https:\/\/www.elobau.com\/fr\/wp-json\/wp\/v2\/comments?post=8358"}],"version-history":[{"count":4,"href":"https:\/\/www.elobau.com\/fr\/wp-json\/wp\/v2\/pages\/8358\/revisions"}],"predecessor-version":[{"id":116596,"href":"https:\/\/www.elobau.com\/fr\/wp-json\/wp\/v2\/pages\/8358\/revisions\/116596"}],"up":[{"embeddable":true,"href":"https:\/\/www.elobau.com\/fr\/wp-json\/wp\/v2\/pages\/8356"}],"wp:featuredmedia":[{"embeddable":true,"href":"https:\/\/www.elobau.com\/fr\/wp-json\/wp\/v2\/media\/5941"}],"wp:attachment":[{"href":"https:\/\/www.elobau.com\/fr\/wp-json\/wp\/v2\/media?parent=8358"}],"curies":[{"name":"wp","href":"https:\/\/api.w.org\/{rel}","templated":true}]}}