{"id":8357,"date":"2018-05-03T11:18:47","date_gmt":"2018-05-03T11:18:47","guid":{"rendered":"https:\/\/www.elobau.com\/?page_id=8357"},"modified":"2023-08-28T15:27:44","modified_gmt":"2023-08-28T13:27:44","slug":"production-developpement","status":"publish","type":"page","link":"https:\/\/www.elobau.com\/fr\/a_elobau-sensor-technology-lentreprise\/fabrication-2\/production-developpement\/","title":{"rendered":"Production &#038; d\u00e9veloppement"},"content":{"rendered":"","protected":false},"excerpt":{"rendered":"<p>Production et d\u00e9veloppement par elobau. De la conception m\u00e9canique \u00e0 la conception de mat\u00e9riel \u00e9lectronique et de logiciels, en passant par la conception des cartes de circuits imprim\u00e9s ainsi que la conception d&rsquo;outillages, tous les processus de d\u00e9veloppement d\u00e9cisifs sont r\u00e9alis\u00e9s au sein de notre entreprise. Notre offre compl\u00e8te comprend le d\u00e9veloppement et la fabrication de prototypes, les essais de mat\u00e9riaux en laboratoire, y compris les essais climatiques et de long\u00e9vit\u00e9.<\/p>\n","protected":false},"author":3,"featured_media":6411,"parent":8356,"menu_order":0,"comment_status":"closed","ping_status":"closed","template":"","meta":{"_acf_changed":false,"inline_featured_image":false,"footnotes":"","_links_to":"","_links_to_target":""},"class_list":["post-8357","page","type-page","status-publish","has-post-thumbnail","hentry"],"acf":[],"yoast_head":"<title>Production et d\u00e9veloppement | elobau<\/title>\n<meta name=\"description\" content=\"L&#039;int\u00e9gralit\u00e9 de la production et du d\u00e9veloppement sont r\u00e9alis\u00e9s en interne chez elobau. Cela garantit une qualit\u00e9 optimale et le respect des exigences individuelles des clients. Apprenez-en plus ici sur la production et le d\u00e9veloppement chez elobau\u00a0!\" \/>\n<meta name=\"robots\" content=\"noindex, follow\" \/>\n<meta property=\"og:locale\" content=\"fr_FR\" \/>\n<meta property=\"og:type\" content=\"article\" \/>\n<meta property=\"og:title\" content=\"Production et d\u00e9veloppement | elobau\" \/>\n<meta property=\"og:description\" content=\"L&#039;int\u00e9gralit\u00e9 de la production et du d\u00e9veloppement sont r\u00e9alis\u00e9s en interne chez elobau. Cela garantit une qualit\u00e9 optimale et le respect des exigences individuelles des clients. Apprenez-en plus ici sur la production et le d\u00e9veloppement chez elobau\u00a0!\" \/>\n<meta property=\"og:url\" content=\"https:\/\/www.elobau.com\/fr\/a_elobau-sensor-technology-lentreprise\/fabrication-2\/production-developpement\/\" \/>\n<meta property=\"og:site_name\" content=\"elobau\" \/>\n<meta property=\"article:publisher\" content=\"https:\/\/www.facebook.com\/elobauDACH\/\" \/>\n<meta property=\"article:modified_time\" content=\"2023-08-28T13:27:44+00:00\" \/>\n<meta property=\"og:image\" content=\"https:\/\/www.elobau.com\/wp-content\/uploads\/2017\/04\/elobau_387-1-scaled.jpg\" \/>\n\t<meta property=\"og:image:width\" content=\"2560\" \/>\n\t<meta property=\"og:image:height\" content=\"1707\" \/>\n\t<meta property=\"og:image:type\" content=\"image\/jpeg\" \/>\n<script type=\"application\/ld+json\" class=\"yoast-schema-graph\">{\"@context\":\"https:\\\/\\\/schema.org\",\"@graph\":[{\"@type\":\"WebPage\",\"@id\":\"https:\\\/\\\/www.elobau.com\\\/fr\\\/a_elobau-sensor-technology-lentreprise\\\/fabrication-2\\\/production-developpement\\\/\",\"url\":\"https:\\\/\\\/www.elobau.com\\\/fr\\\/a_elobau-sensor-technology-lentreprise\\\/fabrication-2\\\/production-developpement\\\/\",\"name\":\"Production et d\u00e9veloppement | elobau\",\"isPartOf\":{\"@id\":\"https:\\\/\\\/www.elobau.com\\\/fr\\\/#website\"},\"primaryImageOfPage\":{\"@id\":\"https:\\\/\\\/www.elobau.com\\\/fr\\\/a_elobau-sensor-technology-lentreprise\\\/fabrication-2\\\/production-developpement\\\/#primaryimage\"},\"image\":{\"@id\":\"https:\\\/\\\/www.elobau.com\\\/fr\\\/a_elobau-sensor-technology-lentreprise\\\/fabrication-2\\\/production-developpement\\\/#primaryimage\"},\"thumbnailUrl\":\"https:\\\/\\\/www.elobau.com\\\/wp-content\\\/uploads\\\/2017\\\/04\\\/elobau_387-1-scaled.jpg\",\"datePublished\":\"2018-05-03T11:18:47+00:00\",\"dateModified\":\"2023-08-28T13:27:44+00:00\",\"description\":\"L'int\u00e9gralit\u00e9 de la production et du d\u00e9veloppement sont r\u00e9alis\u00e9s en interne chez elobau. Cela garantit une qualit\u00e9 optimale et le respect des exigences individuelles des clients. Apprenez-en plus ici sur la production et le d\u00e9veloppement chez elobau\u00a0!\",\"breadcrumb\":{\"@id\":\"https:\\\/\\\/www.elobau.com\\\/fr\\\/a_elobau-sensor-technology-lentreprise\\\/fabrication-2\\\/production-developpement\\\/#breadcrumb\"},\"inLanguage\":\"fr-FR\",\"potentialAction\":[{\"@type\":\"ReadAction\",\"target\":[\"https:\\\/\\\/www.elobau.com\\\/fr\\\/a_elobau-sensor-technology-lentreprise\\\/fabrication-2\\\/production-developpement\\\/\"]}]},{\"@type\":\"ImageObject\",\"inLanguage\":\"fr-FR\",\"@id\":\"https:\\\/\\\/www.elobau.com\\\/fr\\\/a_elobau-sensor-technology-lentreprise\\\/fabrication-2\\\/production-developpement\\\/#primaryimage\",\"url\":\"https:\\\/\\\/www.elobau.com\\\/wp-content\\\/uploads\\\/2017\\\/04\\\/elobau_387-1-scaled.jpg\",\"contentUrl\":\"https:\\\/\\\/www.elobau.com\\\/wp-content\\\/uploads\\\/2017\\\/04\\\/elobau_387-1-scaled.jpg\",\"width\":2560,\"height\":1707,\"caption\":\"elobau_387\"},{\"@type\":\"BreadcrumbList\",\"@id\":\"https:\\\/\\\/www.elobau.com\\\/fr\\\/a_elobau-sensor-technology-lentreprise\\\/fabrication-2\\\/production-developpement\\\/#breadcrumb\",\"itemListElement\":[{\"@type\":\"ListItem\",\"position\":1,\"name\":\"Home\",\"item\":\"https:\\\/\\\/www.elobau.com\\\/fr\\\/\"},{\"@type\":\"ListItem\",\"position\":2,\"name\":\"\u00c0 propos d&#8217;elobau\",\"item\":\"https:\\\/\\\/www.elobau.com\\\/fr\\\/a_elobau-sensor-technology-lentreprise\\\/\"},{\"@type\":\"ListItem\",\"position\":3,\"name\":\"Fabrication\",\"item\":\"https:\\\/\\\/www.elobau.com\\\/fr\\\/a_elobau-sensor-technology-lentreprise\\\/fabrication-2\\\/\"},{\"@type\":\"ListItem\",\"position\":4,\"name\":\"Production &#038; d\u00e9veloppement\"}]},{\"@type\":\"WebSite\",\"@id\":\"https:\\\/\\\/www.elobau.com\\\/fr\\\/#website\",\"url\":\"https:\\\/\\\/www.elobau.com\\\/fr\\\/\",\"name\":\"elobau\",\"description\":\"elobau\",\"publisher\":{\"@id\":\"https:\\\/\\\/www.elobau.com\\\/fr\\\/#organization\"},\"potentialAction\":[{\"@type\":\"SearchAction\",\"target\":{\"@type\":\"EntryPoint\",\"urlTemplate\":\"https:\\\/\\\/www.elobau.com\\\/fr\\\/?s={search_term_string}\"},\"query-input\":{\"@type\":\"PropertyValueSpecification\",\"valueRequired\":true,\"valueName\":\"search_term_string\"}}],\"inLanguage\":\"fr-FR\"},{\"@type\":\"Organization\",\"@id\":\"https:\\\/\\\/www.elobau.com\\\/fr\\\/#organization\",\"name\":\"elobau GmbH & Co. KG\",\"url\":\"https:\\\/\\\/www.elobau.com\\\/fr\\\/\",\"logo\":{\"@type\":\"ImageObject\",\"inLanguage\":\"fr-FR\",\"@id\":\"https:\\\/\\\/www.elobau.com\\\/fr\\\/#\\\/schema\\\/logo\\\/image\\\/\",\"url\":\"https:\\\/\\\/www.elobau.com\\\/wp-content\\\/uploads\\\/2021\\\/03\\\/elobau_logo_claim_11_2020_cmyk.jpg\",\"contentUrl\":\"https:\\\/\\\/www.elobau.com\\\/wp-content\\\/uploads\\\/2021\\\/03\\\/elobau_logo_claim_11_2020_cmyk.jpg\",\"width\":2000,\"height\":676,\"caption\":\"elobau GmbH & Co. KG\"},\"image\":{\"@id\":\"https:\\\/\\\/www.elobau.com\\\/fr\\\/#\\\/schema\\\/logo\\\/image\\\/\"},\"sameAs\":[\"https:\\\/\\\/www.facebook.com\\\/elobauDACH\\\/\",\"https:\\\/\\\/www.instagram.com\\\/elobau_official\\\/?hl=de\",\"https:\\\/\\\/de.linkedin.com\\\/company\\\/elobau\",\"https:\\\/\\\/www.youtube.com\\\/user\\\/elobauWorld\"]}]}<\/script>","yoast_head_json":{"title":"Production et d\u00e9veloppement | elobau","description":"L'int\u00e9gralit\u00e9 de la production et du d\u00e9veloppement sont r\u00e9alis\u00e9s en interne chez elobau. Cela garantit une qualit\u00e9 optimale et le respect des exigences individuelles des clients. Apprenez-en plus ici sur la production et le d\u00e9veloppement chez elobau\u00a0!","robots":{"index":"noindex","follow":"follow"},"og_locale":"fr_FR","og_type":"article","og_title":"Production et d\u00e9veloppement | elobau","og_description":"L'int\u00e9gralit\u00e9 de la production et du d\u00e9veloppement sont r\u00e9alis\u00e9s en interne chez elobau. Cela garantit une qualit\u00e9 optimale et le respect des exigences individuelles des clients. Apprenez-en plus ici sur la production et le d\u00e9veloppement chez elobau\u00a0!","og_url":"https:\/\/www.elobau.com\/fr\/a_elobau-sensor-technology-lentreprise\/fabrication-2\/production-developpement\/","og_site_name":"elobau","article_publisher":"https:\/\/www.facebook.com\/elobauDACH\/","article_modified_time":"2023-08-28T13:27:44+00:00","og_image":[{"width":2560,"height":1707,"url":"https:\/\/www.elobau.com\/wp-content\/uploads\/2017\/04\/elobau_387-1-scaled.jpg","type":"image\/jpeg"}],"schema":{"@context":"https:\/\/schema.org","@graph":[{"@type":"WebPage","@id":"https:\/\/www.elobau.com\/fr\/a_elobau-sensor-technology-lentreprise\/fabrication-2\/production-developpement\/","url":"https:\/\/www.elobau.com\/fr\/a_elobau-sensor-technology-lentreprise\/fabrication-2\/production-developpement\/","name":"Production et d\u00e9veloppement | elobau","isPartOf":{"@id":"https:\/\/www.elobau.com\/fr\/#website"},"primaryImageOfPage":{"@id":"https:\/\/www.elobau.com\/fr\/a_elobau-sensor-technology-lentreprise\/fabrication-2\/production-developpement\/#primaryimage"},"image":{"@id":"https:\/\/www.elobau.com\/fr\/a_elobau-sensor-technology-lentreprise\/fabrication-2\/production-developpement\/#primaryimage"},"thumbnailUrl":"https:\/\/www.elobau.com\/wp-content\/uploads\/2017\/04\/elobau_387-1-scaled.jpg","datePublished":"2018-05-03T11:18:47+00:00","dateModified":"2023-08-28T13:27:44+00:00","description":"L'int\u00e9gralit\u00e9 de la production et du d\u00e9veloppement sont r\u00e9alis\u00e9s en interne chez elobau. Cela garantit une qualit\u00e9 optimale et le respect des exigences individuelles des clients. Apprenez-en plus ici sur la production et le d\u00e9veloppement chez elobau\u00a0!","breadcrumb":{"@id":"https:\/\/www.elobau.com\/fr\/a_elobau-sensor-technology-lentreprise\/fabrication-2\/production-developpement\/#breadcrumb"},"inLanguage":"fr-FR","potentialAction":[{"@type":"ReadAction","target":["https:\/\/www.elobau.com\/fr\/a_elobau-sensor-technology-lentreprise\/fabrication-2\/production-developpement\/"]}]},{"@type":"ImageObject","inLanguage":"fr-FR","@id":"https:\/\/www.elobau.com\/fr\/a_elobau-sensor-technology-lentreprise\/fabrication-2\/production-developpement\/#primaryimage","url":"https:\/\/www.elobau.com\/wp-content\/uploads\/2017\/04\/elobau_387-1-scaled.jpg","contentUrl":"https:\/\/www.elobau.com\/wp-content\/uploads\/2017\/04\/elobau_387-1-scaled.jpg","width":2560,"height":1707,"caption":"elobau_387"},{"@type":"BreadcrumbList","@id":"https:\/\/www.elobau.com\/fr\/a_elobau-sensor-technology-lentreprise\/fabrication-2\/production-developpement\/#breadcrumb","itemListElement":[{"@type":"ListItem","position":1,"name":"Home","item":"https:\/\/www.elobau.com\/fr\/"},{"@type":"ListItem","position":2,"name":"\u00c0 propos d&#8217;elobau","item":"https:\/\/www.elobau.com\/fr\/a_elobau-sensor-technology-lentreprise\/"},{"@type":"ListItem","position":3,"name":"Fabrication","item":"https:\/\/www.elobau.com\/fr\/a_elobau-sensor-technology-lentreprise\/fabrication-2\/"},{"@type":"ListItem","position":4,"name":"Production &#038; d\u00e9veloppement"}]},{"@type":"WebSite","@id":"https:\/\/www.elobau.com\/fr\/#website","url":"https:\/\/www.elobau.com\/fr\/","name":"elobau","description":"elobau","publisher":{"@id":"https:\/\/www.elobau.com\/fr\/#organization"},"potentialAction":[{"@type":"SearchAction","target":{"@type":"EntryPoint","urlTemplate":"https:\/\/www.elobau.com\/fr\/?s={search_term_string}"},"query-input":{"@type":"PropertyValueSpecification","valueRequired":true,"valueName":"search_term_string"}}],"inLanguage":"fr-FR"},{"@type":"Organization","@id":"https:\/\/www.elobau.com\/fr\/#organization","name":"elobau GmbH & Co. KG","url":"https:\/\/www.elobau.com\/fr\/","logo":{"@type":"ImageObject","inLanguage":"fr-FR","@id":"https:\/\/www.elobau.com\/fr\/#\/schema\/logo\/image\/","url":"https:\/\/www.elobau.com\/wp-content\/uploads\/2021\/03\/elobau_logo_claim_11_2020_cmyk.jpg","contentUrl":"https:\/\/www.elobau.com\/wp-content\/uploads\/2021\/03\/elobau_logo_claim_11_2020_cmyk.jpg","width":2000,"height":676,"caption":"elobau GmbH & Co. KG"},"image":{"@id":"https:\/\/www.elobau.com\/fr\/#\/schema\/logo\/image\/"},"sameAs":["https:\/\/www.facebook.com\/elobauDACH\/","https:\/\/www.instagram.com\/elobau_official\/?hl=de","https:\/\/de.linkedin.com\/company\/elobau","https:\/\/www.youtube.com\/user\/elobauWorld"]}]}},"_links":{"self":[{"href":"https:\/\/www.elobau.com\/fr\/wp-json\/wp\/v2\/pages\/8357","targetHints":{"allow":["GET"]}}],"collection":[{"href":"https:\/\/www.elobau.com\/fr\/wp-json\/wp\/v2\/pages"}],"about":[{"href":"https:\/\/www.elobau.com\/fr\/wp-json\/wp\/v2\/types\/page"}],"author":[{"embeddable":true,"href":"https:\/\/www.elobau.com\/fr\/wp-json\/wp\/v2\/users\/3"}],"replies":[{"embeddable":true,"href":"https:\/\/www.elobau.com\/fr\/wp-json\/wp\/v2\/comments?post=8357"}],"version-history":[{"count":6,"href":"https:\/\/www.elobau.com\/fr\/wp-json\/wp\/v2\/pages\/8357\/revisions"}],"predecessor-version":[{"id":119461,"href":"https:\/\/www.elobau.com\/fr\/wp-json\/wp\/v2\/pages\/8357\/revisions\/119461"}],"up":[{"embeddable":true,"href":"https:\/\/www.elobau.com\/fr\/wp-json\/wp\/v2\/pages\/8356"}],"wp:featuredmedia":[{"embeddable":true,"href":"https:\/\/www.elobau.com\/fr\/wp-json\/wp\/v2\/media\/6411"}],"wp:attachment":[{"href":"https:\/\/www.elobau.com\/fr\/wp-json\/wp\/v2\/media?parent=8357"}],"curies":[{"name":"wp","href":"https:\/\/api.w.org\/{rel}","templated":true}]}}