{"id":8356,"date":"2018-05-03T11:18:38","date_gmt":"2018-05-03T11:18:38","guid":{"rendered":"https:\/\/www.elobau.com\/?page_id=8356"},"modified":"2023-08-28T15:12:46","modified_gmt":"2023-08-28T13:12:46","slug":"fabrication-2","status":"publish","type":"page","link":"https:\/\/www.elobau.com\/fr\/a_elobau-sensor-technology-lentreprise\/fabrication-2\/","title":{"rendered":"Fabrication"},"content":{"rendered":"","protected":false},"excerpt":{"rendered":"<p>Les produits elobau sont \u00ab\u00a0made in Germany\u00a0\u00bb. Pratiquement tous les processus de d\u00e9veloppement et de fabrication sont r\u00e9alis\u00e9s en interne. Ainsi, nous concevons par exemple nous-m\u00eames nos outils et les fabriquons dans notre propre atelier d&rsquo;outillage.<\/p>\n","protected":false},"author":3,"featured_media":7191,"parent":7462,"menu_order":0,"comment_status":"closed","ping_status":"closed","template":"","meta":{"_acf_changed":false,"inline_featured_image":false,"footnotes":"","_links_to":"","_links_to_target":""},"class_list":["post-8356","page","type-page","status-publish","has-post-thumbnail","hentry"],"acf":[],"yoast_head":"<title>Fabrication | elobau<\/title>\n<meta name=\"description\" content=\"Afin d&#039;assurer une qualit\u00e9 et une flexibilit\u00e9 optimales, la fabrication s&#039;effectue toujours en interne chez elobau. Cela joue un r\u00f4le d\u00e9terminant dans notre aptitude \u00e0 r\u00e9pondre aux besoins sp\u00e9cifiques de nos clients. D\u00e9couvrez ici toutes les informations relatives \u00e0 nos diff\u00e9rents sites de fabrication et aux relations qu&#039;ils entretiennent\u00a0!\" \/>\n<meta name=\"robots\" content=\"index, follow, max-snippet:-1, max-image-preview:large, max-video-preview:-1\" \/>\n<link rel=\"canonical\" href=\"https:\/\/www.elobau.com\/fr\/a_elobau-sensor-technology-lentreprise\/fabrication-2\/\" \/>\n<meta property=\"og:locale\" content=\"fr_FR\" \/>\n<meta property=\"og:type\" content=\"article\" \/>\n<meta property=\"og:title\" content=\"Fabrication | elobau\" \/>\n<meta property=\"og:description\" content=\"Afin d&#039;assurer une qualit\u00e9 et une flexibilit\u00e9 optimales, la fabrication s&#039;effectue toujours en interne chez elobau. Cela joue un r\u00f4le d\u00e9terminant dans notre aptitude \u00e0 r\u00e9pondre aux besoins sp\u00e9cifiques de nos clients. D\u00e9couvrez ici toutes les informations relatives \u00e0 nos diff\u00e9rents sites de fabrication et aux relations qu&#039;ils entretiennent\u00a0!\" \/>\n<meta property=\"og:url\" content=\"https:\/\/www.elobau.com\/fr\/a_elobau-sensor-technology-lentreprise\/fabrication-2\/\" \/>\n<meta property=\"og:site_name\" content=\"elobau\" \/>\n<meta property=\"article:publisher\" content=\"https:\/\/www.facebook.com\/elobauDACH\/\" \/>\n<meta property=\"article:modified_time\" content=\"2023-08-28T13:12:46+00:00\" \/>\n<meta property=\"og:image\" content=\"https:\/\/www.elobau.com\/wp-content\/uploads\/2018\/03\/tom4617.jpg\" \/>\n\t<meta property=\"og:image:width\" content=\"2000\" \/>\n\t<meta property=\"og:image:height\" content=\"1333\" \/>\n\t<meta property=\"og:image:type\" content=\"image\/jpeg\" \/>\n<script type=\"application\/ld+json\" class=\"yoast-schema-graph\">{\"@context\":\"https:\/\/schema.org\",\"@graph\":[{\"@type\":\"WebPage\",\"@id\":\"https:\/\/www.elobau.com\/fr\/a_elobau-sensor-technology-lentreprise\/fabrication-2\/\",\"url\":\"https:\/\/www.elobau.com\/fr\/a_elobau-sensor-technology-lentreprise\/fabrication-2\/\",\"name\":\"Fabrication | elobau\",\"isPartOf\":{\"@id\":\"https:\/\/www.elobau.com\/fr\/#website\"},\"primaryImageOfPage\":{\"@id\":\"https:\/\/www.elobau.com\/fr\/a_elobau-sensor-technology-lentreprise\/fabrication-2\/#primaryimage\"},\"image\":{\"@id\":\"https:\/\/www.elobau.com\/fr\/a_elobau-sensor-technology-lentreprise\/fabrication-2\/#primaryimage\"},\"thumbnailUrl\":\"https:\/\/www.elobau.com\/wp-content\/uploads\/2018\/03\/tom4617.jpg\",\"datePublished\":\"2018-05-03T11:18:38+00:00\",\"dateModified\":\"2023-08-28T13:12:46+00:00\",\"description\":\"Afin d'assurer une qualit\u00e9 et une flexibilit\u00e9 optimales, la fabrication s'effectue toujours en interne chez elobau. Cela joue un r\u00f4le d\u00e9terminant dans notre aptitude \u00e0 r\u00e9pondre aux besoins sp\u00e9cifiques de nos clients. D\u00e9couvrez ici toutes les informations relatives \u00e0 nos diff\u00e9rents sites de fabrication et aux relations qu'ils entretiennent\u00a0!\",\"breadcrumb\":{\"@id\":\"https:\/\/www.elobau.com\/fr\/a_elobau-sensor-technology-lentreprise\/fabrication-2\/#breadcrumb\"},\"inLanguage\":\"fr-FR\",\"potentialAction\":[{\"@type\":\"ReadAction\",\"target\":[\"https:\/\/www.elobau.com\/fr\/a_elobau-sensor-technology-lentreprise\/fabrication-2\/\"]}]},{\"@type\":\"ImageObject\",\"inLanguage\":\"fr-FR\",\"@id\":\"https:\/\/www.elobau.com\/fr\/a_elobau-sensor-technology-lentreprise\/fabrication-2\/#primaryimage\",\"url\":\"https:\/\/www.elobau.com\/wp-content\/uploads\/2018\/03\/tom4617.jpg\",\"contentUrl\":\"https:\/\/www.elobau.com\/wp-content\/uploads\/2018\/03\/tom4617.jpg\",\"width\":2000,\"height\":1333,\"caption\":\"planification tourn\u00e9e vers l'avenir chez elobau\"},{\"@type\":\"BreadcrumbList\",\"@id\":\"https:\/\/www.elobau.com\/fr\/a_elobau-sensor-technology-lentreprise\/fabrication-2\/#breadcrumb\",\"itemListElement\":[{\"@type\":\"ListItem\",\"position\":1,\"name\":\"Home\",\"item\":\"https:\/\/www.elobau.com\/fr\/\"},{\"@type\":\"ListItem\",\"position\":2,\"name\":\"\u00c0 propos d&#8217;elobau\",\"item\":\"https:\/\/www.elobau.com\/fr\/a_elobau-sensor-technology-lentreprise\/\"},{\"@type\":\"ListItem\",\"position\":3,\"name\":\"Fabrication\"}]},{\"@type\":\"WebSite\",\"@id\":\"https:\/\/www.elobau.com\/fr\/#website\",\"url\":\"https:\/\/www.elobau.com\/fr\/\",\"name\":\"elobau\",\"description\":\"elobau\",\"publisher\":{\"@id\":\"https:\/\/www.elobau.com\/fr\/#organization\"},\"potentialAction\":[{\"@type\":\"SearchAction\",\"target\":{\"@type\":\"EntryPoint\",\"urlTemplate\":\"https:\/\/www.elobau.com\/fr\/?s={search_term_string}\"},\"query-input\":{\"@type\":\"PropertyValueSpecification\",\"valueRequired\":true,\"valueName\":\"search_term_string\"}}],\"inLanguage\":\"fr-FR\"},{\"@type\":\"Organization\",\"@id\":\"https:\/\/www.elobau.com\/fr\/#organization\",\"name\":\"elobau GmbH & Co. KG\",\"url\":\"https:\/\/www.elobau.com\/fr\/\",\"logo\":{\"@type\":\"ImageObject\",\"inLanguage\":\"fr-FR\",\"@id\":\"https:\/\/www.elobau.com\/fr\/#\/schema\/logo\/image\/\",\"url\":\"https:\/\/www.elobau.com\/wp-content\/uploads\/2021\/03\/elobau_logo_claim_11_2020_cmyk.jpg\",\"contentUrl\":\"https:\/\/www.elobau.com\/wp-content\/uploads\/2021\/03\/elobau_logo_claim_11_2020_cmyk.jpg\",\"width\":2000,\"height\":676,\"caption\":\"elobau GmbH & Co. KG\"},\"image\":{\"@id\":\"https:\/\/www.elobau.com\/fr\/#\/schema\/logo\/image\/\"},\"sameAs\":[\"https:\/\/www.facebook.com\/elobauDACH\/\",\"https:\/\/www.instagram.com\/elobau_official\/?hl=de\",\"https:\/\/de.linkedin.com\/company\/elobau\",\"https:\/\/www.youtube.com\/user\/elobauWorld\"]}]}<\/script>","yoast_head_json":{"title":"Fabrication | elobau","description":"Afin d'assurer une qualit\u00e9 et une flexibilit\u00e9 optimales, la fabrication s'effectue toujours en interne chez elobau. Cela joue un r\u00f4le d\u00e9terminant dans notre aptitude \u00e0 r\u00e9pondre aux besoins sp\u00e9cifiques de nos clients. D\u00e9couvrez ici toutes les informations relatives \u00e0 nos diff\u00e9rents sites de fabrication et aux relations qu'ils entretiennent\u00a0!","robots":{"index":"index","follow":"follow","max-snippet":"max-snippet:-1","max-image-preview":"max-image-preview:large","max-video-preview":"max-video-preview:-1"},"canonical":"https:\/\/www.elobau.com\/fr\/a_elobau-sensor-technology-lentreprise\/fabrication-2\/","og_locale":"fr_FR","og_type":"article","og_title":"Fabrication | elobau","og_description":"Afin d'assurer une qualit\u00e9 et une flexibilit\u00e9 optimales, la fabrication s'effectue toujours en interne chez elobau. Cela joue un r\u00f4le d\u00e9terminant dans notre aptitude \u00e0 r\u00e9pondre aux besoins sp\u00e9cifiques de nos clients. D\u00e9couvrez ici toutes les informations relatives \u00e0 nos diff\u00e9rents sites de fabrication et aux relations qu'ils entretiennent\u00a0!","og_url":"https:\/\/www.elobau.com\/fr\/a_elobau-sensor-technology-lentreprise\/fabrication-2\/","og_site_name":"elobau","article_publisher":"https:\/\/www.facebook.com\/elobauDACH\/","article_modified_time":"2023-08-28T13:12:46+00:00","og_image":[{"width":2000,"height":1333,"url":"https:\/\/www.elobau.com\/wp-content\/uploads\/2018\/03\/tom4617.jpg","type":"image\/jpeg"}],"schema":{"@context":"https:\/\/schema.org","@graph":[{"@type":"WebPage","@id":"https:\/\/www.elobau.com\/fr\/a_elobau-sensor-technology-lentreprise\/fabrication-2\/","url":"https:\/\/www.elobau.com\/fr\/a_elobau-sensor-technology-lentreprise\/fabrication-2\/","name":"Fabrication | elobau","isPartOf":{"@id":"https:\/\/www.elobau.com\/fr\/#website"},"primaryImageOfPage":{"@id":"https:\/\/www.elobau.com\/fr\/a_elobau-sensor-technology-lentreprise\/fabrication-2\/#primaryimage"},"image":{"@id":"https:\/\/www.elobau.com\/fr\/a_elobau-sensor-technology-lentreprise\/fabrication-2\/#primaryimage"},"thumbnailUrl":"https:\/\/www.elobau.com\/wp-content\/uploads\/2018\/03\/tom4617.jpg","datePublished":"2018-05-03T11:18:38+00:00","dateModified":"2023-08-28T13:12:46+00:00","description":"Afin d'assurer une qualit\u00e9 et une flexibilit\u00e9 optimales, la fabrication s'effectue toujours en interne chez elobau. Cela joue un r\u00f4le d\u00e9terminant dans notre aptitude \u00e0 r\u00e9pondre aux besoins sp\u00e9cifiques de nos clients. D\u00e9couvrez ici toutes les informations relatives \u00e0 nos diff\u00e9rents sites de fabrication et aux relations qu'ils entretiennent\u00a0!","breadcrumb":{"@id":"https:\/\/www.elobau.com\/fr\/a_elobau-sensor-technology-lentreprise\/fabrication-2\/#breadcrumb"},"inLanguage":"fr-FR","potentialAction":[{"@type":"ReadAction","target":["https:\/\/www.elobau.com\/fr\/a_elobau-sensor-technology-lentreprise\/fabrication-2\/"]}]},{"@type":"ImageObject","inLanguage":"fr-FR","@id":"https:\/\/www.elobau.com\/fr\/a_elobau-sensor-technology-lentreprise\/fabrication-2\/#primaryimage","url":"https:\/\/www.elobau.com\/wp-content\/uploads\/2018\/03\/tom4617.jpg","contentUrl":"https:\/\/www.elobau.com\/wp-content\/uploads\/2018\/03\/tom4617.jpg","width":2000,"height":1333,"caption":"planification tourn\u00e9e vers l'avenir chez elobau"},{"@type":"BreadcrumbList","@id":"https:\/\/www.elobau.com\/fr\/a_elobau-sensor-technology-lentreprise\/fabrication-2\/#breadcrumb","itemListElement":[{"@type":"ListItem","position":1,"name":"Home","item":"https:\/\/www.elobau.com\/fr\/"},{"@type":"ListItem","position":2,"name":"\u00c0 propos d&#8217;elobau","item":"https:\/\/www.elobau.com\/fr\/a_elobau-sensor-technology-lentreprise\/"},{"@type":"ListItem","position":3,"name":"Fabrication"}]},{"@type":"WebSite","@id":"https:\/\/www.elobau.com\/fr\/#website","url":"https:\/\/www.elobau.com\/fr\/","name":"elobau","description":"elobau","publisher":{"@id":"https:\/\/www.elobau.com\/fr\/#organization"},"potentialAction":[{"@type":"SearchAction","target":{"@type":"EntryPoint","urlTemplate":"https:\/\/www.elobau.com\/fr\/?s={search_term_string}"},"query-input":{"@type":"PropertyValueSpecification","valueRequired":true,"valueName":"search_term_string"}}],"inLanguage":"fr-FR"},{"@type":"Organization","@id":"https:\/\/www.elobau.com\/fr\/#organization","name":"elobau GmbH & Co. KG","url":"https:\/\/www.elobau.com\/fr\/","logo":{"@type":"ImageObject","inLanguage":"fr-FR","@id":"https:\/\/www.elobau.com\/fr\/#\/schema\/logo\/image\/","url":"https:\/\/www.elobau.com\/wp-content\/uploads\/2021\/03\/elobau_logo_claim_11_2020_cmyk.jpg","contentUrl":"https:\/\/www.elobau.com\/wp-content\/uploads\/2021\/03\/elobau_logo_claim_11_2020_cmyk.jpg","width":2000,"height":676,"caption":"elobau GmbH & Co. KG"},"image":{"@id":"https:\/\/www.elobau.com\/fr\/#\/schema\/logo\/image\/"},"sameAs":["https:\/\/www.facebook.com\/elobauDACH\/","https:\/\/www.instagram.com\/elobau_official\/?hl=de","https:\/\/de.linkedin.com\/company\/elobau","https:\/\/www.youtube.com\/user\/elobauWorld"]}]}},"_links":{"self":[{"href":"https:\/\/www.elobau.com\/fr\/wp-json\/wp\/v2\/pages\/8356","targetHints":{"allow":["GET"]}}],"collection":[{"href":"https:\/\/www.elobau.com\/fr\/wp-json\/wp\/v2\/pages"}],"about":[{"href":"https:\/\/www.elobau.com\/fr\/wp-json\/wp\/v2\/types\/page"}],"author":[{"embeddable":true,"href":"https:\/\/www.elobau.com\/fr\/wp-json\/wp\/v2\/users\/3"}],"replies":[{"embeddable":true,"href":"https:\/\/www.elobau.com\/fr\/wp-json\/wp\/v2\/comments?post=8356"}],"version-history":[{"count":10,"href":"https:\/\/www.elobau.com\/fr\/wp-json\/wp\/v2\/pages\/8356\/revisions"}],"predecessor-version":[{"id":119441,"href":"https:\/\/www.elobau.com\/fr\/wp-json\/wp\/v2\/pages\/8356\/revisions\/119441"}],"up":[{"embeddable":true,"href":"https:\/\/www.elobau.com\/fr\/wp-json\/wp\/v2\/pages\/7462"}],"wp:featuredmedia":[{"embeddable":true,"href":"https:\/\/www.elobau.com\/fr\/wp-json\/wp\/v2\/media\/7191"}],"wp:attachment":[{"href":"https:\/\/www.elobau.com\/fr\/wp-json\/wp\/v2\/media?parent=8356"}],"curies":[{"name":"wp","href":"https:\/\/api.w.org\/{rel}","templated":true}]}}