{"id":8350,"date":"2018-05-03T11:18:12","date_gmt":"2018-05-03T09:18:12","guid":{"rendered":"https:\/\/www.elobau.com\/?page_id=8350"},"modified":"2023-02-08T11:29:17","modified_gmt":"2023-02-08T10:29:17","slug":"ecologie","status":"publish","type":"page","link":"https:\/\/www.elobau.com\/fr\/durabilite\/ecologie\/","title":{"rendered":"\u00c9cologie"},"content":{"rendered":"","protected":false},"excerpt":{"rendered":"<p>Le changement climatique est une r\u00e9alit\u00e9 qui nous concerne tous. Nous aussi, nous avons une responsabilit\u00e9 envers les g\u00e9n\u00e9rations futures.<\/p>\n","protected":false},"author":4,"featured_media":5761,"parent":55364,"menu_order":0,"comment_status":"closed","ping_status":"closed","template":"","meta":{"_acf_changed":false,"inline_featured_image":false,"footnotes":"","_links_to":"","_links_to_target":""},"class_list":["post-8350","page","type-page","status-publish","has-post-thumbnail","hentry"],"acf":[],"yoast_head":"<title>\u00c9cologie | elobau<\/title>\n<meta name=\"description\" content=\"En mettant en place une production climatiquement neutre, nous avons pos\u00e9 les premiers jalons de notre d\u00e9marche \u00e9cologique d\u00e8s\u00a02010. Apprenez-en plus ici sur la mission que nous nous sommes donn\u00e9e en termes d&#039;\u00e9cologie\u00a0!\" \/>\n<meta name=\"robots\" content=\"index, follow, max-snippet:-1, max-image-preview:large, max-video-preview:-1\" \/>\n<link rel=\"canonical\" href=\"https:\/\/www.elobau.com\/fr\/durabilite\/ecologie\/\" \/>\n<meta property=\"og:locale\" content=\"fr_FR\" \/>\n<meta property=\"og:type\" content=\"article\" \/>\n<meta property=\"og:title\" content=\"\u00c9cologie | elobau\" \/>\n<meta property=\"og:description\" content=\"En mettant en place une production climatiquement neutre, nous avons pos\u00e9 les premiers jalons de notre d\u00e9marche \u00e9cologique d\u00e8s\u00a02010. Apprenez-en plus ici sur la mission que nous nous sommes donn\u00e9e en termes d&#039;\u00e9cologie\u00a0!\" \/>\n<meta property=\"og:url\" content=\"https:\/\/www.elobau.com\/fr\/durabilite\/ecologie\/\" \/>\n<meta property=\"og:site_name\" content=\"elobau\" \/>\n<meta property=\"article:publisher\" content=\"https:\/\/www.facebook.com\/elobauDACH\/\" \/>\n<meta property=\"article:modified_time\" content=\"2023-02-08T10:29:17+00:00\" \/>\n<meta property=\"og:image\" content=\"https:\/\/www.elobau.com\/wp-content\/uploads\/2017\/08\/Flachs-scaled.jpg\" \/>\n\t<meta property=\"og:image:width\" content=\"2560\" \/>\n\t<meta property=\"og:image:height\" content=\"1201\" \/>\n\t<meta property=\"og:image:type\" content=\"image\/jpeg\" \/>\n<script type=\"application\/ld+json\" class=\"yoast-schema-graph\">{\"@context\":\"https:\/\/schema.org\",\"@graph\":[{\"@type\":\"WebPage\",\"@id\":\"https:\/\/www.elobau.com\/fr\/durabilite\/ecologie\/\",\"url\":\"https:\/\/www.elobau.com\/fr\/durabilite\/ecologie\/\",\"name\":\"\u00c9cologie | elobau\",\"isPartOf\":{\"@id\":\"https:\/\/www.elobau.com\/fr\/#website\"},\"primaryImageOfPage\":{\"@id\":\"https:\/\/www.elobau.com\/fr\/durabilite\/ecologie\/#primaryimage\"},\"image\":{\"@id\":\"https:\/\/www.elobau.com\/fr\/durabilite\/ecologie\/#primaryimage\"},\"thumbnailUrl\":\"https:\/\/www.elobau.com\/wp-content\/uploads\/2017\/08\/Flachs-scaled.jpg\",\"datePublished\":\"2018-05-03T09:18:12+00:00\",\"dateModified\":\"2023-02-08T10:29:17+00:00\",\"description\":\"En mettant en place une production climatiquement neutre, nous avons pos\u00e9 les premiers jalons de notre d\u00e9marche \u00e9cologique d\u00e8s\u00a02010. Apprenez-en plus ici sur la mission que nous nous sommes donn\u00e9e en termes d'\u00e9cologie\u00a0!\",\"breadcrumb\":{\"@id\":\"https:\/\/www.elobau.com\/fr\/durabilite\/ecologie\/#breadcrumb\"},\"inLanguage\":\"fr-FR\",\"potentialAction\":[{\"@type\":\"ReadAction\",\"target\":[\"https:\/\/www.elobau.com\/fr\/durabilite\/ecologie\/\"]}]},{\"@type\":\"ImageObject\",\"inLanguage\":\"fr-FR\",\"@id\":\"https:\/\/www.elobau.com\/fr\/durabilite\/ecologie\/#primaryimage\",\"url\":\"https:\/\/www.elobau.com\/wp-content\/uploads\/2017\/08\/Flachs-scaled.jpg\",\"contentUrl\":\"https:\/\/www.elobau.com\/wp-content\/uploads\/2017\/08\/Flachs-scaled.jpg\",\"width\":2560,\"height\":1201,\"caption\":\"Lin\"},{\"@type\":\"BreadcrumbList\",\"@id\":\"https:\/\/www.elobau.com\/fr\/durabilite\/ecologie\/#breadcrumb\",\"itemListElement\":[{\"@type\":\"ListItem\",\"position\":1,\"name\":\"Home\",\"item\":\"https:\/\/www.elobau.com\/fr\/\"},{\"@type\":\"ListItem\",\"position\":2,\"name\":\"Durabilit\u00e9 Archive\",\"item\":\"https:\/\/www.elobau.com\/fr\/?page_id=11307\"},{\"@type\":\"ListItem\",\"position\":3,\"name\":\"\u00c9cologie\"}]},{\"@type\":\"WebSite\",\"@id\":\"https:\/\/www.elobau.com\/fr\/#website\",\"url\":\"https:\/\/www.elobau.com\/fr\/\",\"name\":\"elobau\",\"description\":\"elobau\",\"publisher\":{\"@id\":\"https:\/\/www.elobau.com\/fr\/#organization\"},\"potentialAction\":[{\"@type\":\"SearchAction\",\"target\":{\"@type\":\"EntryPoint\",\"urlTemplate\":\"https:\/\/www.elobau.com\/fr\/?s={search_term_string}\"},\"query-input\":{\"@type\":\"PropertyValueSpecification\",\"valueRequired\":true,\"valueName\":\"search_term_string\"}}],\"inLanguage\":\"fr-FR\"},{\"@type\":\"Organization\",\"@id\":\"https:\/\/www.elobau.com\/fr\/#organization\",\"name\":\"elobau GmbH & Co. KG\",\"url\":\"https:\/\/www.elobau.com\/fr\/\",\"logo\":{\"@type\":\"ImageObject\",\"inLanguage\":\"fr-FR\",\"@id\":\"https:\/\/www.elobau.com\/fr\/#\/schema\/logo\/image\/\",\"url\":\"https:\/\/www.elobau.com\/wp-content\/uploads\/2021\/03\/elobau_logo_claim_11_2020_cmyk.jpg\",\"contentUrl\":\"https:\/\/www.elobau.com\/wp-content\/uploads\/2021\/03\/elobau_logo_claim_11_2020_cmyk.jpg\",\"width\":2000,\"height\":676,\"caption\":\"elobau GmbH & Co. KG\"},\"image\":{\"@id\":\"https:\/\/www.elobau.com\/fr\/#\/schema\/logo\/image\/\"},\"sameAs\":[\"https:\/\/www.facebook.com\/elobauDACH\/\",\"https:\/\/www.instagram.com\/elobau_official\/?hl=de\",\"https:\/\/de.linkedin.com\/company\/elobau\",\"https:\/\/www.youtube.com\/user\/elobauWorld\"]}]}<\/script>","yoast_head_json":{"title":"\u00c9cologie | elobau","description":"En mettant en place une production climatiquement neutre, nous avons pos\u00e9 les premiers jalons de notre d\u00e9marche \u00e9cologique d\u00e8s\u00a02010. Apprenez-en plus ici sur la mission que nous nous sommes donn\u00e9e en termes d'\u00e9cologie\u00a0!","robots":{"index":"index","follow":"follow","max-snippet":"max-snippet:-1","max-image-preview":"max-image-preview:large","max-video-preview":"max-video-preview:-1"},"canonical":"https:\/\/www.elobau.com\/fr\/durabilite\/ecologie\/","og_locale":"fr_FR","og_type":"article","og_title":"\u00c9cologie | elobau","og_description":"En mettant en place une production climatiquement neutre, nous avons pos\u00e9 les premiers jalons de notre d\u00e9marche \u00e9cologique d\u00e8s\u00a02010. Apprenez-en plus ici sur la mission que nous nous sommes donn\u00e9e en termes d'\u00e9cologie\u00a0!","og_url":"https:\/\/www.elobau.com\/fr\/durabilite\/ecologie\/","og_site_name":"elobau","article_publisher":"https:\/\/www.facebook.com\/elobauDACH\/","article_modified_time":"2023-02-08T10:29:17+00:00","og_image":[{"width":2560,"height":1201,"url":"https:\/\/www.elobau.com\/wp-content\/uploads\/2017\/08\/Flachs-scaled.jpg","type":"image\/jpeg"}],"schema":{"@context":"https:\/\/schema.org","@graph":[{"@type":"WebPage","@id":"https:\/\/www.elobau.com\/fr\/durabilite\/ecologie\/","url":"https:\/\/www.elobau.com\/fr\/durabilite\/ecologie\/","name":"\u00c9cologie | elobau","isPartOf":{"@id":"https:\/\/www.elobau.com\/fr\/#website"},"primaryImageOfPage":{"@id":"https:\/\/www.elobau.com\/fr\/durabilite\/ecologie\/#primaryimage"},"image":{"@id":"https:\/\/www.elobau.com\/fr\/durabilite\/ecologie\/#primaryimage"},"thumbnailUrl":"https:\/\/www.elobau.com\/wp-content\/uploads\/2017\/08\/Flachs-scaled.jpg","datePublished":"2018-05-03T09:18:12+00:00","dateModified":"2023-02-08T10:29:17+00:00","description":"En mettant en place une production climatiquement neutre, nous avons pos\u00e9 les premiers jalons de notre d\u00e9marche \u00e9cologique d\u00e8s\u00a02010. Apprenez-en plus ici sur la mission que nous nous sommes donn\u00e9e en termes d'\u00e9cologie\u00a0!","breadcrumb":{"@id":"https:\/\/www.elobau.com\/fr\/durabilite\/ecologie\/#breadcrumb"},"inLanguage":"fr-FR","potentialAction":[{"@type":"ReadAction","target":["https:\/\/www.elobau.com\/fr\/durabilite\/ecologie\/"]}]},{"@type":"ImageObject","inLanguage":"fr-FR","@id":"https:\/\/www.elobau.com\/fr\/durabilite\/ecologie\/#primaryimage","url":"https:\/\/www.elobau.com\/wp-content\/uploads\/2017\/08\/Flachs-scaled.jpg","contentUrl":"https:\/\/www.elobau.com\/wp-content\/uploads\/2017\/08\/Flachs-scaled.jpg","width":2560,"height":1201,"caption":"Lin"},{"@type":"BreadcrumbList","@id":"https:\/\/www.elobau.com\/fr\/durabilite\/ecologie\/#breadcrumb","itemListElement":[{"@type":"ListItem","position":1,"name":"Home","item":"https:\/\/www.elobau.com\/fr\/"},{"@type":"ListItem","position":2,"name":"Durabilit\u00e9 Archive","item":"https:\/\/www.elobau.com\/fr\/?page_id=11307"},{"@type":"ListItem","position":3,"name":"\u00c9cologie"}]},{"@type":"WebSite","@id":"https:\/\/www.elobau.com\/fr\/#website","url":"https:\/\/www.elobau.com\/fr\/","name":"elobau","description":"elobau","publisher":{"@id":"https:\/\/www.elobau.com\/fr\/#organization"},"potentialAction":[{"@type":"SearchAction","target":{"@type":"EntryPoint","urlTemplate":"https:\/\/www.elobau.com\/fr\/?s={search_term_string}"},"query-input":{"@type":"PropertyValueSpecification","valueRequired":true,"valueName":"search_term_string"}}],"inLanguage":"fr-FR"},{"@type":"Organization","@id":"https:\/\/www.elobau.com\/fr\/#organization","name":"elobau GmbH & Co. KG","url":"https:\/\/www.elobau.com\/fr\/","logo":{"@type":"ImageObject","inLanguage":"fr-FR","@id":"https:\/\/www.elobau.com\/fr\/#\/schema\/logo\/image\/","url":"https:\/\/www.elobau.com\/wp-content\/uploads\/2021\/03\/elobau_logo_claim_11_2020_cmyk.jpg","contentUrl":"https:\/\/www.elobau.com\/wp-content\/uploads\/2021\/03\/elobau_logo_claim_11_2020_cmyk.jpg","width":2000,"height":676,"caption":"elobau GmbH & Co. KG"},"image":{"@id":"https:\/\/www.elobau.com\/fr\/#\/schema\/logo\/image\/"},"sameAs":["https:\/\/www.facebook.com\/elobauDACH\/","https:\/\/www.instagram.com\/elobau_official\/?hl=de","https:\/\/de.linkedin.com\/company\/elobau","https:\/\/www.youtube.com\/user\/elobauWorld"]}]}},"_links":{"self":[{"href":"https:\/\/www.elobau.com\/fr\/wp-json\/wp\/v2\/pages\/8350","targetHints":{"allow":["GET"]}}],"collection":[{"href":"https:\/\/www.elobau.com\/fr\/wp-json\/wp\/v2\/pages"}],"about":[{"href":"https:\/\/www.elobau.com\/fr\/wp-json\/wp\/v2\/types\/page"}],"author":[{"embeddable":true,"href":"https:\/\/www.elobau.com\/fr\/wp-json\/wp\/v2\/users\/4"}],"replies":[{"embeddable":true,"href":"https:\/\/www.elobau.com\/fr\/wp-json\/wp\/v2\/comments?post=8350"}],"version-history":[{"count":10,"href":"https:\/\/www.elobau.com\/fr\/wp-json\/wp\/v2\/pages\/8350\/revisions"}],"predecessor-version":[{"id":116602,"href":"https:\/\/www.elobau.com\/fr\/wp-json\/wp\/v2\/pages\/8350\/revisions\/116602"}],"up":[{"embeddable":true,"href":"https:\/\/www.elobau.com\/fr\/wp-json\/wp\/v2\/pages\/55364"}],"wp:featuredmedia":[{"embeddable":true,"href":"https:\/\/www.elobau.com\/fr\/wp-json\/wp\/v2\/media\/5761"}],"wp:attachment":[{"href":"https:\/\/www.elobau.com\/fr\/wp-json\/wp\/v2\/media?parent=8350"}],"curies":[{"name":"wp","href":"https:\/\/api.w.org\/{rel}","templated":true}]}}