{"id":7491,"date":"2018-05-03T11:26:47","date_gmt":"2018-05-03T11:26:47","guid":{"rendered":"https:\/\/www.elobau.com\/?page_id=7491"},"modified":"2024-02-16T13:00:52","modified_gmt":"2024-02-16T12:00:52","slug":"mesure-de-niveau-personnalisee","status":"publish","type":"page","link":"https:\/\/www.elobau.com\/fr\/mesure-de-niveau-personnalisee\/","title":{"rendered":"Mesure de niveau personnalis\u00e9e"},"content":{"rendered":"","protected":false},"excerpt":{"rendered":"","protected":false},"author":3,"featured_media":0,"parent":0,"menu_order":29,"comment_status":"closed","ping_status":"closed","template":"","meta":{"_acf_changed":false,"inline_featured_image":false,"footnotes":"","_links_to":"","_links_to_target":""},"class_list":["post-7491","page","type-page","status-publish","hentry"],"acf":[],"yoast_head":"<title>Mesure de niveau personnalis\u00e9e | elobau<\/title>\n<meta name=\"description\" content=\"Afin d&#039;obtenir une qualit\u00e9 optimale, nous tenons compte de tous les besoins sp\u00e9cifiques en mati\u00e8re de mesure de niveau. Cliquez ici pour en apprendre plus sur nos solutions de mesure de niveau\u00a0!\" \/>\n<meta name=\"robots\" content=\"index, follow, max-snippet:-1, max-image-preview:large, max-video-preview:-1\" \/>\n<link rel=\"canonical\" href=\"https:\/\/www.elobau.com\/fr\/mesure-de-niveau-personnalisee\/\" \/>\n<meta property=\"og:locale\" content=\"fr_FR\" \/>\n<meta property=\"og:type\" content=\"article\" \/>\n<meta property=\"og:title\" content=\"Mesure de niveau personnalis\u00e9e | elobau\" \/>\n<meta property=\"og:description\" content=\"Afin d&#039;obtenir une qualit\u00e9 optimale, nous tenons compte de tous les besoins sp\u00e9cifiques en mati\u00e8re de mesure de niveau. Cliquez ici pour en apprendre plus sur nos solutions de mesure de niveau\u00a0!\" \/>\n<meta property=\"og:url\" content=\"https:\/\/www.elobau.com\/fr\/mesure-de-niveau-personnalisee\/\" \/>\n<meta property=\"og:site_name\" content=\"elobau\" \/>\n<meta property=\"article:publisher\" content=\"https:\/\/www.facebook.com\/elobauDACH\/\" \/>\n<meta property=\"article:modified_time\" content=\"2024-02-16T12:00:52+00:00\" \/>\n<meta property=\"og:image\" content=\"https:\/\/www.elobau.com\/wp-content\/uploads\/2021\/03\/elobau_logo_claim_11_2020_cmyk.jpg\" \/>\n\t<meta property=\"og:image:width\" content=\"2000\" \/>\n\t<meta property=\"og:image:height\" content=\"676\" \/>\n\t<meta property=\"og:image:type\" content=\"image\/jpeg\" \/>\n<meta name=\"twitter:label1\" content=\"Dur\u00e9e de lecture estim\u00e9e\" \/>\n\t<meta name=\"twitter:data1\" content=\"4 minutes\" \/>\n<script type=\"application\/ld+json\" class=\"yoast-schema-graph\">{\"@context\":\"https:\/\/schema.org\",\"@graph\":[{\"@type\":\"WebPage\",\"@id\":\"https:\/\/www.elobau.com\/fr\/mesure-de-niveau-personnalisee\/\",\"url\":\"https:\/\/www.elobau.com\/fr\/mesure-de-niveau-personnalisee\/\",\"name\":\"Mesure de niveau personnalis\u00e9e | elobau\",\"isPartOf\":{\"@id\":\"https:\/\/www.elobau.com\/fr\/#website\"},\"datePublished\":\"2018-05-03T11:26:47+00:00\",\"dateModified\":\"2024-02-16T12:00:52+00:00\",\"description\":\"Afin d'obtenir une qualit\u00e9 optimale, nous tenons compte de tous les besoins sp\u00e9cifiques en mati\u00e8re de mesure de niveau. Cliquez ici pour en apprendre plus sur nos solutions de mesure de niveau\u00a0!\",\"breadcrumb\":{\"@id\":\"https:\/\/www.elobau.com\/fr\/mesure-de-niveau-personnalisee\/#breadcrumb\"},\"inLanguage\":\"fr-FR\",\"potentialAction\":[{\"@type\":\"ReadAction\",\"target\":[\"https:\/\/www.elobau.com\/fr\/mesure-de-niveau-personnalisee\/\"]}]},{\"@type\":\"BreadcrumbList\",\"@id\":\"https:\/\/www.elobau.com\/fr\/mesure-de-niveau-personnalisee\/#breadcrumb\",\"itemListElement\":[{\"@type\":\"ListItem\",\"position\":1,\"name\":\"Home\",\"item\":\"https:\/\/www.elobau.com\/fr\/\"},{\"@type\":\"ListItem\",\"position\":2,\"name\":\"Mesure de niveau personnalis\u00e9e\"}]},{\"@type\":\"WebSite\",\"@id\":\"https:\/\/www.elobau.com\/fr\/#website\",\"url\":\"https:\/\/www.elobau.com\/fr\/\",\"name\":\"elobau\",\"description\":\"elobau\",\"publisher\":{\"@id\":\"https:\/\/www.elobau.com\/fr\/#organization\"},\"potentialAction\":[{\"@type\":\"SearchAction\",\"target\":{\"@type\":\"EntryPoint\",\"urlTemplate\":\"https:\/\/www.elobau.com\/fr\/?s={search_term_string}\"},\"query-input\":{\"@type\":\"PropertyValueSpecification\",\"valueRequired\":true,\"valueName\":\"search_term_string\"}}],\"inLanguage\":\"fr-FR\"},{\"@type\":\"Organization\",\"@id\":\"https:\/\/www.elobau.com\/fr\/#organization\",\"name\":\"elobau GmbH & Co. KG\",\"url\":\"https:\/\/www.elobau.com\/fr\/\",\"logo\":{\"@type\":\"ImageObject\",\"inLanguage\":\"fr-FR\",\"@id\":\"https:\/\/www.elobau.com\/fr\/#\/schema\/logo\/image\/\",\"url\":\"https:\/\/www.elobau.com\/wp-content\/uploads\/2021\/03\/elobau_logo_claim_11_2020_cmyk.jpg\",\"contentUrl\":\"https:\/\/www.elobau.com\/wp-content\/uploads\/2021\/03\/elobau_logo_claim_11_2020_cmyk.jpg\",\"width\":2000,\"height\":676,\"caption\":\"elobau GmbH & Co. KG\"},\"image\":{\"@id\":\"https:\/\/www.elobau.com\/fr\/#\/schema\/logo\/image\/\"},\"sameAs\":[\"https:\/\/www.facebook.com\/elobauDACH\/\",\"https:\/\/www.instagram.com\/elobau_official\/?hl=de\",\"https:\/\/de.linkedin.com\/company\/elobau\",\"https:\/\/www.youtube.com\/user\/elobauWorld\"]}]}<\/script>","yoast_head_json":{"title":"Mesure de niveau personnalis\u00e9e | elobau","description":"Afin d'obtenir une qualit\u00e9 optimale, nous tenons compte de tous les besoins sp\u00e9cifiques en mati\u00e8re de mesure de niveau. Cliquez ici pour en apprendre plus sur nos solutions de mesure de niveau\u00a0!","robots":{"index":"index","follow":"follow","max-snippet":"max-snippet:-1","max-image-preview":"max-image-preview:large","max-video-preview":"max-video-preview:-1"},"canonical":"https:\/\/www.elobau.com\/fr\/mesure-de-niveau-personnalisee\/","og_locale":"fr_FR","og_type":"article","og_title":"Mesure de niveau personnalis\u00e9e | elobau","og_description":"Afin d'obtenir une qualit\u00e9 optimale, nous tenons compte de tous les besoins sp\u00e9cifiques en mati\u00e8re de mesure de niveau. Cliquez ici pour en apprendre plus sur nos solutions de mesure de niveau\u00a0!","og_url":"https:\/\/www.elobau.com\/fr\/mesure-de-niveau-personnalisee\/","og_site_name":"elobau","article_publisher":"https:\/\/www.facebook.com\/elobauDACH\/","article_modified_time":"2024-02-16T12:00:52+00:00","og_image":[{"width":2000,"height":676,"url":"https:\/\/www.elobau.com\/wp-content\/uploads\/2021\/03\/elobau_logo_claim_11_2020_cmyk.jpg","type":"image\/jpeg"}],"twitter_misc":{"Dur\u00e9e de lecture estim\u00e9e":"4 minutes"},"schema":{"@context":"https:\/\/schema.org","@graph":[{"@type":"WebPage","@id":"https:\/\/www.elobau.com\/fr\/mesure-de-niveau-personnalisee\/","url":"https:\/\/www.elobau.com\/fr\/mesure-de-niveau-personnalisee\/","name":"Mesure de niveau personnalis\u00e9e | elobau","isPartOf":{"@id":"https:\/\/www.elobau.com\/fr\/#website"},"datePublished":"2018-05-03T11:26:47+00:00","dateModified":"2024-02-16T12:00:52+00:00","description":"Afin d'obtenir une qualit\u00e9 optimale, nous tenons compte de tous les besoins sp\u00e9cifiques en mati\u00e8re de mesure de niveau. Cliquez ici pour en apprendre plus sur nos solutions de mesure de niveau\u00a0!","breadcrumb":{"@id":"https:\/\/www.elobau.com\/fr\/mesure-de-niveau-personnalisee\/#breadcrumb"},"inLanguage":"fr-FR","potentialAction":[{"@type":"ReadAction","target":["https:\/\/www.elobau.com\/fr\/mesure-de-niveau-personnalisee\/"]}]},{"@type":"BreadcrumbList","@id":"https:\/\/www.elobau.com\/fr\/mesure-de-niveau-personnalisee\/#breadcrumb","itemListElement":[{"@type":"ListItem","position":1,"name":"Home","item":"https:\/\/www.elobau.com\/fr\/"},{"@type":"ListItem","position":2,"name":"Mesure de niveau personnalis\u00e9e"}]},{"@type":"WebSite","@id":"https:\/\/www.elobau.com\/fr\/#website","url":"https:\/\/www.elobau.com\/fr\/","name":"elobau","description":"elobau","publisher":{"@id":"https:\/\/www.elobau.com\/fr\/#organization"},"potentialAction":[{"@type":"SearchAction","target":{"@type":"EntryPoint","urlTemplate":"https:\/\/www.elobau.com\/fr\/?s={search_term_string}"},"query-input":{"@type":"PropertyValueSpecification","valueRequired":true,"valueName":"search_term_string"}}],"inLanguage":"fr-FR"},{"@type":"Organization","@id":"https:\/\/www.elobau.com\/fr\/#organization","name":"elobau GmbH & Co. KG","url":"https:\/\/www.elobau.com\/fr\/","logo":{"@type":"ImageObject","inLanguage":"fr-FR","@id":"https:\/\/www.elobau.com\/fr\/#\/schema\/logo\/image\/","url":"https:\/\/www.elobau.com\/wp-content\/uploads\/2021\/03\/elobau_logo_claim_11_2020_cmyk.jpg","contentUrl":"https:\/\/www.elobau.com\/wp-content\/uploads\/2021\/03\/elobau_logo_claim_11_2020_cmyk.jpg","width":2000,"height":676,"caption":"elobau GmbH & Co. KG"},"image":{"@id":"https:\/\/www.elobau.com\/fr\/#\/schema\/logo\/image\/"},"sameAs":["https:\/\/www.facebook.com\/elobauDACH\/","https:\/\/www.instagram.com\/elobau_official\/?hl=de","https:\/\/de.linkedin.com\/company\/elobau","https:\/\/www.youtube.com\/user\/elobauWorld"]}]}},"_links":{"self":[{"href":"https:\/\/www.elobau.com\/fr\/wp-json\/wp\/v2\/pages\/7491","targetHints":{"allow":["GET"]}}],"collection":[{"href":"https:\/\/www.elobau.com\/fr\/wp-json\/wp\/v2\/pages"}],"about":[{"href":"https:\/\/www.elobau.com\/fr\/wp-json\/wp\/v2\/types\/page"}],"author":[{"embeddable":true,"href":"https:\/\/www.elobau.com\/fr\/wp-json\/wp\/v2\/users\/3"}],"replies":[{"embeddable":true,"href":"https:\/\/www.elobau.com\/fr\/wp-json\/wp\/v2\/comments?post=7491"}],"version-history":[{"count":10,"href":"https:\/\/www.elobau.com\/fr\/wp-json\/wp\/v2\/pages\/7491\/revisions"}],"predecessor-version":[{"id":121225,"href":"https:\/\/www.elobau.com\/fr\/wp-json\/wp\/v2\/pages\/7491\/revisions\/121225"}],"wp:attachment":[{"href":"https:\/\/www.elobau.com\/fr\/wp-json\/wp\/v2\/media?parent=7491"}],"curies":[{"name":"wp","href":"https:\/\/api.w.org\/{rel}","templated":true}]}}