{"id":7487,"date":"2018-03-27T18:45:43","date_gmt":"2018-03-27T18:45:43","guid":{"rendered":"https:\/\/www.elobau.com\/?page_id=7487"},"modified":"2023-02-08T11:10:19","modified_gmt":"2023-02-08T10:10:19","slug":"competences-en-securite-des-machines","status":"publish","type":"page","link":"https:\/\/www.elobau.com\/fr\/a_elobau-sensor-technology-lentreprise\/pourquoi-choisir-elobau\/competences-en-securite-des-machines\/","title":{"rendered":"Comp\u00e9tences en s\u00e9curit\u00e9 des machines"},"content":{"rendered":"","protected":false},"excerpt":{"rendered":"<p>Nous consid\u00e9rons qu\u2019un projet est r\u00e9ellement termin\u00e9 \u00e0 partir du moment o\u00f9 le produit est pr\u00eat \u00e0 \u00eatre mis sur le march\u00e9, pas avant.<\/p>\n","protected":false},"author":3,"featured_media":1844,"parent":7484,"menu_order":2,"comment_status":"closed","ping_status":"closed","template":"","meta":{"_acf_changed":false,"inline_featured_image":false,"footnotes":"","_links_to":"","_links_to_target":""},"class_list":["post-7487","page","type-page","status-publish","has-post-thumbnail","hentry"],"acf":[],"yoast_head":"<title>Comp\u00e9tences en s\u00e9curit\u00e9 des machines | elobau<\/title>\n<meta name=\"description\" content=\"Chez elobau, nos produits ne quittent nos ateliers qu&#039;apr\u00e8s avoir fait l&#039;objet d&#039;un essai en conditions r\u00e9elles. Ce contr\u00f4le exhaustif en fin de production garantit une qualit\u00e9 optimale. Apprenez-en plus ici\u00a0!\" \/>\n<meta name=\"robots\" content=\"noindex, follow\" \/>\n<meta property=\"og:locale\" content=\"fr_FR\" \/>\n<meta property=\"og:type\" content=\"article\" \/>\n<meta property=\"og:title\" content=\"Comp\u00e9tences en s\u00e9curit\u00e9 des machines | elobau\" \/>\n<meta property=\"og:description\" content=\"Chez elobau, nos produits ne quittent nos ateliers qu&#039;apr\u00e8s avoir fait l&#039;objet d&#039;un essai en conditions r\u00e9elles. Ce contr\u00f4le exhaustif en fin de production garantit une qualit\u00e9 optimale. Apprenez-en plus ici\u00a0!\" \/>\n<meta property=\"og:url\" content=\"https:\/\/www.elobau.com\/fr\/a_elobau-sensor-technology-lentreprise\/pourquoi-choisir-elobau\/competences-en-securite-des-machines\/\" \/>\n<meta property=\"og:site_name\" content=\"elobau\" \/>\n<meta property=\"article:publisher\" content=\"https:\/\/www.facebook.com\/elobauDACH\/\" \/>\n<meta property=\"article:modified_time\" content=\"2023-02-08T10:10:19+00:00\" \/>\n<meta property=\"og:image\" content=\"https:\/\/www.elobau.com\/wp-content\/uploads\/2017\/04\/tom9825.jpg\" \/>\n\t<meta property=\"og:image:width\" content=\"1682\" \/>\n\t<meta property=\"og:image:height\" content=\"1121\" \/>\n\t<meta property=\"og:image:type\" content=\"image\/jpeg\" \/>\n<script type=\"application\/ld+json\" class=\"yoast-schema-graph\">{\"@context\":\"https:\/\/schema.org\",\"@graph\":[{\"@type\":\"WebPage\",\"@id\":\"https:\/\/www.elobau.com\/fr\/a_elobau-sensor-technology-lentreprise\/pourquoi-choisir-elobau\/competences-en-securite-des-machines\/\",\"url\":\"https:\/\/www.elobau.com\/fr\/a_elobau-sensor-technology-lentreprise\/pourquoi-choisir-elobau\/competences-en-securite-des-machines\/\",\"name\":\"Comp\u00e9tences en s\u00e9curit\u00e9 des machines | elobau\",\"isPartOf\":{\"@id\":\"https:\/\/www.elobau.com\/fr\/#website\"},\"primaryImageOfPage\":{\"@id\":\"https:\/\/www.elobau.com\/fr\/a_elobau-sensor-technology-lentreprise\/pourquoi-choisir-elobau\/competences-en-securite-des-machines\/#primaryimage\"},\"image\":{\"@id\":\"https:\/\/www.elobau.com\/fr\/a_elobau-sensor-technology-lentreprise\/pourquoi-choisir-elobau\/competences-en-securite-des-machines\/#primaryimage\"},\"thumbnailUrl\":\"https:\/\/www.elobau.com\/wp-content\/uploads\/2017\/04\/tom9825.jpg\",\"datePublished\":\"2018-03-27T18:45:43+00:00\",\"dateModified\":\"2023-02-08T10:10:19+00:00\",\"description\":\"Chez elobau, nos produits ne quittent nos ateliers qu'apr\u00e8s avoir fait l'objet d'un essai en conditions r\u00e9elles. Ce contr\u00f4le exhaustif en fin de production garantit une qualit\u00e9 optimale. Apprenez-en plus ici\u00a0!\",\"breadcrumb\":{\"@id\":\"https:\/\/www.elobau.com\/fr\/a_elobau-sensor-technology-lentreprise\/pourquoi-choisir-elobau\/competences-en-securite-des-machines\/#breadcrumb\"},\"inLanguage\":\"fr-FR\",\"potentialAction\":[{\"@type\":\"ReadAction\",\"target\":[\"https:\/\/www.elobau.com\/fr\/a_elobau-sensor-technology-lentreprise\/pourquoi-choisir-elobau\/competences-en-securite-des-machines\/\"]}]},{\"@type\":\"ImageObject\",\"inLanguage\":\"fr-FR\",\"@id\":\"https:\/\/www.elobau.com\/fr\/a_elobau-sensor-technology-lentreprise\/pourquoi-choisir-elobau\/competences-en-securite-des-machines\/#primaryimage\",\"url\":\"https:\/\/www.elobau.com\/wp-content\/uploads\/2017\/04\/tom9825.jpg\",\"contentUrl\":\"https:\/\/www.elobau.com\/wp-content\/uploads\/2017\/04\/tom9825.jpg\",\"width\":1682,\"height\":1121,\"caption\":\"Mitarbeiterinnen laufen Gang entlang\"},{\"@type\":\"BreadcrumbList\",\"@id\":\"https:\/\/www.elobau.com\/fr\/a_elobau-sensor-technology-lentreprise\/pourquoi-choisir-elobau\/competences-en-securite-des-machines\/#breadcrumb\",\"itemListElement\":[{\"@type\":\"ListItem\",\"position\":1,\"name\":\"Home\",\"item\":\"https:\/\/www.elobau.com\/fr\/\"},{\"@type\":\"ListItem\",\"position\":2,\"name\":\"\u00c0 propos d&#8217;elobau\",\"item\":\"https:\/\/www.elobau.com\/fr\/a_elobau-sensor-technology-lentreprise\/\"},{\"@type\":\"ListItem\",\"position\":3,\"name\":\"Pourquoi choisir elobau\",\"item\":\"https:\/\/www.elobau.com\/fr\/a_elobau-sensor-technology-lentreprise\/pourquoi-choisir-elobau\/\"},{\"@type\":\"ListItem\",\"position\":4,\"name\":\"Comp\u00e9tences en s\u00e9curit\u00e9 des machines\"}]},{\"@type\":\"WebSite\",\"@id\":\"https:\/\/www.elobau.com\/fr\/#website\",\"url\":\"https:\/\/www.elobau.com\/fr\/\",\"name\":\"elobau\",\"description\":\"elobau\",\"publisher\":{\"@id\":\"https:\/\/www.elobau.com\/fr\/#organization\"},\"potentialAction\":[{\"@type\":\"SearchAction\",\"target\":{\"@type\":\"EntryPoint\",\"urlTemplate\":\"https:\/\/www.elobau.com\/fr\/?s={search_term_string}\"},\"query-input\":{\"@type\":\"PropertyValueSpecification\",\"valueRequired\":true,\"valueName\":\"search_term_string\"}}],\"inLanguage\":\"fr-FR\"},{\"@type\":\"Organization\",\"@id\":\"https:\/\/www.elobau.com\/fr\/#organization\",\"name\":\"elobau GmbH & Co. KG\",\"url\":\"https:\/\/www.elobau.com\/fr\/\",\"logo\":{\"@type\":\"ImageObject\",\"inLanguage\":\"fr-FR\",\"@id\":\"https:\/\/www.elobau.com\/fr\/#\/schema\/logo\/image\/\",\"url\":\"https:\/\/www.elobau.com\/wp-content\/uploads\/2021\/03\/elobau_logo_claim_11_2020_cmyk.jpg\",\"contentUrl\":\"https:\/\/www.elobau.com\/wp-content\/uploads\/2021\/03\/elobau_logo_claim_11_2020_cmyk.jpg\",\"width\":2000,\"height\":676,\"caption\":\"elobau GmbH & Co. KG\"},\"image\":{\"@id\":\"https:\/\/www.elobau.com\/fr\/#\/schema\/logo\/image\/\"},\"sameAs\":[\"https:\/\/www.facebook.com\/elobauDACH\/\",\"https:\/\/www.instagram.com\/elobau_official\/?hl=de\",\"https:\/\/de.linkedin.com\/company\/elobau\",\"https:\/\/www.youtube.com\/user\/elobauWorld\"]}]}<\/script>","yoast_head_json":{"title":"Comp\u00e9tences en s\u00e9curit\u00e9 des machines | elobau","description":"Chez elobau, nos produits ne quittent nos ateliers qu'apr\u00e8s avoir fait l'objet d'un essai en conditions r\u00e9elles. Ce contr\u00f4le exhaustif en fin de production garantit une qualit\u00e9 optimale. Apprenez-en plus ici\u00a0!","robots":{"index":"noindex","follow":"follow"},"og_locale":"fr_FR","og_type":"article","og_title":"Comp\u00e9tences en s\u00e9curit\u00e9 des machines | elobau","og_description":"Chez elobau, nos produits ne quittent nos ateliers qu'apr\u00e8s avoir fait l'objet d'un essai en conditions r\u00e9elles. Ce contr\u00f4le exhaustif en fin de production garantit une qualit\u00e9 optimale. Apprenez-en plus ici\u00a0!","og_url":"https:\/\/www.elobau.com\/fr\/a_elobau-sensor-technology-lentreprise\/pourquoi-choisir-elobau\/competences-en-securite-des-machines\/","og_site_name":"elobau","article_publisher":"https:\/\/www.facebook.com\/elobauDACH\/","article_modified_time":"2023-02-08T10:10:19+00:00","og_image":[{"width":1682,"height":1121,"url":"https:\/\/www.elobau.com\/wp-content\/uploads\/2017\/04\/tom9825.jpg","type":"image\/jpeg"}],"schema":{"@context":"https:\/\/schema.org","@graph":[{"@type":"WebPage","@id":"https:\/\/www.elobau.com\/fr\/a_elobau-sensor-technology-lentreprise\/pourquoi-choisir-elobau\/competences-en-securite-des-machines\/","url":"https:\/\/www.elobau.com\/fr\/a_elobau-sensor-technology-lentreprise\/pourquoi-choisir-elobau\/competences-en-securite-des-machines\/","name":"Comp\u00e9tences en s\u00e9curit\u00e9 des machines | elobau","isPartOf":{"@id":"https:\/\/www.elobau.com\/fr\/#website"},"primaryImageOfPage":{"@id":"https:\/\/www.elobau.com\/fr\/a_elobau-sensor-technology-lentreprise\/pourquoi-choisir-elobau\/competences-en-securite-des-machines\/#primaryimage"},"image":{"@id":"https:\/\/www.elobau.com\/fr\/a_elobau-sensor-technology-lentreprise\/pourquoi-choisir-elobau\/competences-en-securite-des-machines\/#primaryimage"},"thumbnailUrl":"https:\/\/www.elobau.com\/wp-content\/uploads\/2017\/04\/tom9825.jpg","datePublished":"2018-03-27T18:45:43+00:00","dateModified":"2023-02-08T10:10:19+00:00","description":"Chez elobau, nos produits ne quittent nos ateliers qu'apr\u00e8s avoir fait l'objet d'un essai en conditions r\u00e9elles. Ce contr\u00f4le exhaustif en fin de production garantit une qualit\u00e9 optimale. Apprenez-en plus ici\u00a0!","breadcrumb":{"@id":"https:\/\/www.elobau.com\/fr\/a_elobau-sensor-technology-lentreprise\/pourquoi-choisir-elobau\/competences-en-securite-des-machines\/#breadcrumb"},"inLanguage":"fr-FR","potentialAction":[{"@type":"ReadAction","target":["https:\/\/www.elobau.com\/fr\/a_elobau-sensor-technology-lentreprise\/pourquoi-choisir-elobau\/competences-en-securite-des-machines\/"]}]},{"@type":"ImageObject","inLanguage":"fr-FR","@id":"https:\/\/www.elobau.com\/fr\/a_elobau-sensor-technology-lentreprise\/pourquoi-choisir-elobau\/competences-en-securite-des-machines\/#primaryimage","url":"https:\/\/www.elobau.com\/wp-content\/uploads\/2017\/04\/tom9825.jpg","contentUrl":"https:\/\/www.elobau.com\/wp-content\/uploads\/2017\/04\/tom9825.jpg","width":1682,"height":1121,"caption":"Mitarbeiterinnen laufen Gang entlang"},{"@type":"BreadcrumbList","@id":"https:\/\/www.elobau.com\/fr\/a_elobau-sensor-technology-lentreprise\/pourquoi-choisir-elobau\/competences-en-securite-des-machines\/#breadcrumb","itemListElement":[{"@type":"ListItem","position":1,"name":"Home","item":"https:\/\/www.elobau.com\/fr\/"},{"@type":"ListItem","position":2,"name":"\u00c0 propos d&#8217;elobau","item":"https:\/\/www.elobau.com\/fr\/a_elobau-sensor-technology-lentreprise\/"},{"@type":"ListItem","position":3,"name":"Pourquoi choisir elobau","item":"https:\/\/www.elobau.com\/fr\/a_elobau-sensor-technology-lentreprise\/pourquoi-choisir-elobau\/"},{"@type":"ListItem","position":4,"name":"Comp\u00e9tences en s\u00e9curit\u00e9 des machines"}]},{"@type":"WebSite","@id":"https:\/\/www.elobau.com\/fr\/#website","url":"https:\/\/www.elobau.com\/fr\/","name":"elobau","description":"elobau","publisher":{"@id":"https:\/\/www.elobau.com\/fr\/#organization"},"potentialAction":[{"@type":"SearchAction","target":{"@type":"EntryPoint","urlTemplate":"https:\/\/www.elobau.com\/fr\/?s={search_term_string}"},"query-input":{"@type":"PropertyValueSpecification","valueRequired":true,"valueName":"search_term_string"}}],"inLanguage":"fr-FR"},{"@type":"Organization","@id":"https:\/\/www.elobau.com\/fr\/#organization","name":"elobau GmbH & Co. KG","url":"https:\/\/www.elobau.com\/fr\/","logo":{"@type":"ImageObject","inLanguage":"fr-FR","@id":"https:\/\/www.elobau.com\/fr\/#\/schema\/logo\/image\/","url":"https:\/\/www.elobau.com\/wp-content\/uploads\/2021\/03\/elobau_logo_claim_11_2020_cmyk.jpg","contentUrl":"https:\/\/www.elobau.com\/wp-content\/uploads\/2021\/03\/elobau_logo_claim_11_2020_cmyk.jpg","width":2000,"height":676,"caption":"elobau GmbH & Co. KG"},"image":{"@id":"https:\/\/www.elobau.com\/fr\/#\/schema\/logo\/image\/"},"sameAs":["https:\/\/www.facebook.com\/elobauDACH\/","https:\/\/www.instagram.com\/elobau_official\/?hl=de","https:\/\/de.linkedin.com\/company\/elobau","https:\/\/www.youtube.com\/user\/elobauWorld"]}]}},"_links":{"self":[{"href":"https:\/\/www.elobau.com\/fr\/wp-json\/wp\/v2\/pages\/7487","targetHints":{"allow":["GET"]}}],"collection":[{"href":"https:\/\/www.elobau.com\/fr\/wp-json\/wp\/v2\/pages"}],"about":[{"href":"https:\/\/www.elobau.com\/fr\/wp-json\/wp\/v2\/types\/page"}],"author":[{"embeddable":true,"href":"https:\/\/www.elobau.com\/fr\/wp-json\/wp\/v2\/users\/3"}],"replies":[{"embeddable":true,"href":"https:\/\/www.elobau.com\/fr\/wp-json\/wp\/v2\/comments?post=7487"}],"version-history":[{"count":3,"href":"https:\/\/www.elobau.com\/fr\/wp-json\/wp\/v2\/pages\/7487\/revisions"}],"predecessor-version":[{"id":116598,"href":"https:\/\/www.elobau.com\/fr\/wp-json\/wp\/v2\/pages\/7487\/revisions\/116598"}],"up":[{"embeddable":true,"href":"https:\/\/www.elobau.com\/fr\/wp-json\/wp\/v2\/pages\/7484"}],"wp:featuredmedia":[{"embeddable":true,"href":"https:\/\/www.elobau.com\/fr\/wp-json\/wp\/v2\/media\/1844"}],"wp:attachment":[{"href":"https:\/\/www.elobau.com\/fr\/wp-json\/wp\/v2\/media?parent=7487"}],"curies":[{"name":"wp","href":"https:\/\/api.w.org\/{rel}","templated":true}]}}