{"id":7485,"date":"2018-03-27T18:48:07","date_gmt":"2018-03-27T18:48:07","guid":{"rendered":"https:\/\/www.elobau.com\/?page_id=7485"},"modified":"2023-02-08T10:55:12","modified_gmt":"2023-02-08T09:55:12","slug":"un-long-savoir-faire","status":"publish","type":"page","link":"https:\/\/www.elobau.com\/fr\/a_elobau-sensor-technology-lentreprise\/pourquoi-choisir-elobau\/un-long-savoir-faire\/","title":{"rendered":"Un savoir-faire de longue date"},"content":{"rendered":"","protected":false},"excerpt":{"rendered":"<p>Tirez parti de notre savoir-faire accumul\u00e9 au fil des ann\u00e9es et des nombreux projets que nous avons r\u00e9alis\u00e9s.<\/p>\n","protected":false},"author":3,"featured_media":5919,"parent":7484,"menu_order":0,"comment_status":"closed","ping_status":"closed","template":"","meta":{"_acf_changed":false,"inline_featured_image":false,"footnotes":"","_links_to":"","_links_to_target":""},"class_list":["post-7485","page","type-page","status-publish","has-post-thumbnail","hentry"],"acf":[],"yoast_head":"<title>Un savoir-faire de longue date | elobau<\/title>\n<meta name=\"description\" content=\"Apprenez-en plus ici sur la longue exp\u00e9rience de nos collaborateurs\u00a0! Notre savoir-faire joue un r\u00f4le d\u00e9cisif dans le d\u00e9veloppement de concepts de commande complets. Cliquez ici et apprenez-en plus\u00a0!\" \/>\n<meta name=\"robots\" content=\"noindex, follow\" \/>\n<meta property=\"og:locale\" content=\"fr_FR\" \/>\n<meta property=\"og:type\" content=\"article\" \/>\n<meta property=\"og:title\" content=\"Un savoir-faire de longue date | elobau\" \/>\n<meta property=\"og:description\" content=\"Apprenez-en plus ici sur la longue exp\u00e9rience de nos collaborateurs\u00a0! Notre savoir-faire joue un r\u00f4le d\u00e9cisif dans le d\u00e9veloppement de concepts de commande complets. Cliquez ici et apprenez-en plus\u00a0!\" \/>\n<meta property=\"og:url\" content=\"https:\/\/www.elobau.com\/fr\/a_elobau-sensor-technology-lentreprise\/pourquoi-choisir-elobau\/un-long-savoir-faire\/\" \/>\n<meta property=\"og:site_name\" content=\"elobau\" \/>\n<meta property=\"article:publisher\" content=\"https:\/\/www.facebook.com\/elobauDACH\/\" \/>\n<meta property=\"article:modified_time\" content=\"2023-02-08T09:55:12+00:00\" \/>\n<meta property=\"og:image\" content=\"https:\/\/www.elobau.com\/wp-content\/uploads\/2017\/11\/elobau_387.jpg\" \/>\n\t<meta property=\"og:image:width\" content=\"800\" \/>\n\t<meta property=\"og:image:height\" content=\"530\" \/>\n\t<meta property=\"og:image:type\" content=\"image\/jpeg\" \/>\n<script type=\"application\/ld+json\" class=\"yoast-schema-graph\">{\"@context\":\"https:\/\/schema.org\",\"@graph\":[{\"@type\":\"WebPage\",\"@id\":\"https:\/\/www.elobau.com\/fr\/a_elobau-sensor-technology-lentreprise\/pourquoi-choisir-elobau\/un-long-savoir-faire\/\",\"url\":\"https:\/\/www.elobau.com\/fr\/a_elobau-sensor-technology-lentreprise\/pourquoi-choisir-elobau\/un-long-savoir-faire\/\",\"name\":\"Un savoir-faire de longue date | elobau\",\"isPartOf\":{\"@id\":\"https:\/\/www.elobau.com\/fr\/#website\"},\"primaryImageOfPage\":{\"@id\":\"https:\/\/www.elobau.com\/fr\/a_elobau-sensor-technology-lentreprise\/pourquoi-choisir-elobau\/un-long-savoir-faire\/#primaryimage\"},\"image\":{\"@id\":\"https:\/\/www.elobau.com\/fr\/a_elobau-sensor-technology-lentreprise\/pourquoi-choisir-elobau\/un-long-savoir-faire\/#primaryimage\"},\"thumbnailUrl\":\"https:\/\/www.elobau.com\/wp-content\/uploads\/2017\/11\/elobau_387.jpg\",\"datePublished\":\"2018-03-27T18:48:07+00:00\",\"dateModified\":\"2023-02-08T09:55:12+00:00\",\"description\":\"Apprenez-en plus ici sur la longue exp\u00e9rience de nos collaborateurs\u00a0! Notre savoir-faire joue un r\u00f4le d\u00e9cisif dans le d\u00e9veloppement de concepts de commande complets. Cliquez ici et apprenez-en plus\u00a0!\",\"breadcrumb\":{\"@id\":\"https:\/\/www.elobau.com\/fr\/a_elobau-sensor-technology-lentreprise\/pourquoi-choisir-elobau\/un-long-savoir-faire\/#breadcrumb\"},\"inLanguage\":\"fr-FR\",\"potentialAction\":[{\"@type\":\"ReadAction\",\"target\":[\"https:\/\/www.elobau.com\/fr\/a_elobau-sensor-technology-lentreprise\/pourquoi-choisir-elobau\/un-long-savoir-faire\/\"]}]},{\"@type\":\"ImageObject\",\"inLanguage\":\"fr-FR\",\"@id\":\"https:\/\/www.elobau.com\/fr\/a_elobau-sensor-technology-lentreprise\/pourquoi-choisir-elobau\/un-long-savoir-faire\/#primaryimage\",\"url\":\"https:\/\/www.elobau.com\/wp-content\/uploads\/2017\/11\/elobau_387.jpg\",\"contentUrl\":\"https:\/\/www.elobau.com\/wp-content\/uploads\/2017\/11\/elobau_387.jpg\",\"width\":800,\"height\":530,\"caption\":\"elobau_387\"},{\"@type\":\"BreadcrumbList\",\"@id\":\"https:\/\/www.elobau.com\/fr\/a_elobau-sensor-technology-lentreprise\/pourquoi-choisir-elobau\/un-long-savoir-faire\/#breadcrumb\",\"itemListElement\":[{\"@type\":\"ListItem\",\"position\":1,\"name\":\"Home\",\"item\":\"https:\/\/www.elobau.com\/fr\/\"},{\"@type\":\"ListItem\",\"position\":2,\"name\":\"\u00c0 propos d&#8217;elobau\",\"item\":\"https:\/\/www.elobau.com\/fr\/a_elobau-sensor-technology-lentreprise\/\"},{\"@type\":\"ListItem\",\"position\":3,\"name\":\"Pourquoi choisir elobau\",\"item\":\"https:\/\/www.elobau.com\/fr\/a_elobau-sensor-technology-lentreprise\/pourquoi-choisir-elobau\/\"},{\"@type\":\"ListItem\",\"position\":4,\"name\":\"Un savoir-faire de longue date\"}]},{\"@type\":\"WebSite\",\"@id\":\"https:\/\/www.elobau.com\/fr\/#website\",\"url\":\"https:\/\/www.elobau.com\/fr\/\",\"name\":\"elobau\",\"description\":\"elobau\",\"publisher\":{\"@id\":\"https:\/\/www.elobau.com\/fr\/#organization\"},\"potentialAction\":[{\"@type\":\"SearchAction\",\"target\":{\"@type\":\"EntryPoint\",\"urlTemplate\":\"https:\/\/www.elobau.com\/fr\/?s={search_term_string}\"},\"query-input\":{\"@type\":\"PropertyValueSpecification\",\"valueRequired\":true,\"valueName\":\"search_term_string\"}}],\"inLanguage\":\"fr-FR\"},{\"@type\":\"Organization\",\"@id\":\"https:\/\/www.elobau.com\/fr\/#organization\",\"name\":\"elobau GmbH & Co. KG\",\"url\":\"https:\/\/www.elobau.com\/fr\/\",\"logo\":{\"@type\":\"ImageObject\",\"inLanguage\":\"fr-FR\",\"@id\":\"https:\/\/www.elobau.com\/fr\/#\/schema\/logo\/image\/\",\"url\":\"https:\/\/www.elobau.com\/wp-content\/uploads\/2021\/03\/elobau_logo_claim_11_2020_cmyk.jpg\",\"contentUrl\":\"https:\/\/www.elobau.com\/wp-content\/uploads\/2021\/03\/elobau_logo_claim_11_2020_cmyk.jpg\",\"width\":2000,\"height\":676,\"caption\":\"elobau GmbH & Co. KG\"},\"image\":{\"@id\":\"https:\/\/www.elobau.com\/fr\/#\/schema\/logo\/image\/\"},\"sameAs\":[\"https:\/\/www.facebook.com\/elobauDACH\/\",\"https:\/\/www.instagram.com\/elobau_official\/?hl=de\",\"https:\/\/de.linkedin.com\/company\/elobau\",\"https:\/\/www.youtube.com\/user\/elobauWorld\"]}]}<\/script>","yoast_head_json":{"title":"Un savoir-faire de longue date | elobau","description":"Apprenez-en plus ici sur la longue exp\u00e9rience de nos collaborateurs\u00a0! Notre savoir-faire joue un r\u00f4le d\u00e9cisif dans le d\u00e9veloppement de concepts de commande complets. Cliquez ici et apprenez-en plus\u00a0!","robots":{"index":"noindex","follow":"follow"},"og_locale":"fr_FR","og_type":"article","og_title":"Un savoir-faire de longue date | elobau","og_description":"Apprenez-en plus ici sur la longue exp\u00e9rience de nos collaborateurs\u00a0! Notre savoir-faire joue un r\u00f4le d\u00e9cisif dans le d\u00e9veloppement de concepts de commande complets. Cliquez ici et apprenez-en plus\u00a0!","og_url":"https:\/\/www.elobau.com\/fr\/a_elobau-sensor-technology-lentreprise\/pourquoi-choisir-elobau\/un-long-savoir-faire\/","og_site_name":"elobau","article_publisher":"https:\/\/www.facebook.com\/elobauDACH\/","article_modified_time":"2023-02-08T09:55:12+00:00","og_image":[{"width":800,"height":530,"url":"https:\/\/www.elobau.com\/wp-content\/uploads\/2017\/11\/elobau_387.jpg","type":"image\/jpeg"}],"schema":{"@context":"https:\/\/schema.org","@graph":[{"@type":"WebPage","@id":"https:\/\/www.elobau.com\/fr\/a_elobau-sensor-technology-lentreprise\/pourquoi-choisir-elobau\/un-long-savoir-faire\/","url":"https:\/\/www.elobau.com\/fr\/a_elobau-sensor-technology-lentreprise\/pourquoi-choisir-elobau\/un-long-savoir-faire\/","name":"Un savoir-faire de longue date | elobau","isPartOf":{"@id":"https:\/\/www.elobau.com\/fr\/#website"},"primaryImageOfPage":{"@id":"https:\/\/www.elobau.com\/fr\/a_elobau-sensor-technology-lentreprise\/pourquoi-choisir-elobau\/un-long-savoir-faire\/#primaryimage"},"image":{"@id":"https:\/\/www.elobau.com\/fr\/a_elobau-sensor-technology-lentreprise\/pourquoi-choisir-elobau\/un-long-savoir-faire\/#primaryimage"},"thumbnailUrl":"https:\/\/www.elobau.com\/wp-content\/uploads\/2017\/11\/elobau_387.jpg","datePublished":"2018-03-27T18:48:07+00:00","dateModified":"2023-02-08T09:55:12+00:00","description":"Apprenez-en plus ici sur la longue exp\u00e9rience de nos collaborateurs\u00a0! Notre savoir-faire joue un r\u00f4le d\u00e9cisif dans le d\u00e9veloppement de concepts de commande complets. Cliquez ici et apprenez-en plus\u00a0!","breadcrumb":{"@id":"https:\/\/www.elobau.com\/fr\/a_elobau-sensor-technology-lentreprise\/pourquoi-choisir-elobau\/un-long-savoir-faire\/#breadcrumb"},"inLanguage":"fr-FR","potentialAction":[{"@type":"ReadAction","target":["https:\/\/www.elobau.com\/fr\/a_elobau-sensor-technology-lentreprise\/pourquoi-choisir-elobau\/un-long-savoir-faire\/"]}]},{"@type":"ImageObject","inLanguage":"fr-FR","@id":"https:\/\/www.elobau.com\/fr\/a_elobau-sensor-technology-lentreprise\/pourquoi-choisir-elobau\/un-long-savoir-faire\/#primaryimage","url":"https:\/\/www.elobau.com\/wp-content\/uploads\/2017\/11\/elobau_387.jpg","contentUrl":"https:\/\/www.elobau.com\/wp-content\/uploads\/2017\/11\/elobau_387.jpg","width":800,"height":530,"caption":"elobau_387"},{"@type":"BreadcrumbList","@id":"https:\/\/www.elobau.com\/fr\/a_elobau-sensor-technology-lentreprise\/pourquoi-choisir-elobau\/un-long-savoir-faire\/#breadcrumb","itemListElement":[{"@type":"ListItem","position":1,"name":"Home","item":"https:\/\/www.elobau.com\/fr\/"},{"@type":"ListItem","position":2,"name":"\u00c0 propos d&#8217;elobau","item":"https:\/\/www.elobau.com\/fr\/a_elobau-sensor-technology-lentreprise\/"},{"@type":"ListItem","position":3,"name":"Pourquoi choisir elobau","item":"https:\/\/www.elobau.com\/fr\/a_elobau-sensor-technology-lentreprise\/pourquoi-choisir-elobau\/"},{"@type":"ListItem","position":4,"name":"Un savoir-faire de longue date"}]},{"@type":"WebSite","@id":"https:\/\/www.elobau.com\/fr\/#website","url":"https:\/\/www.elobau.com\/fr\/","name":"elobau","description":"elobau","publisher":{"@id":"https:\/\/www.elobau.com\/fr\/#organization"},"potentialAction":[{"@type":"SearchAction","target":{"@type":"EntryPoint","urlTemplate":"https:\/\/www.elobau.com\/fr\/?s={search_term_string}"},"query-input":{"@type":"PropertyValueSpecification","valueRequired":true,"valueName":"search_term_string"}}],"inLanguage":"fr-FR"},{"@type":"Organization","@id":"https:\/\/www.elobau.com\/fr\/#organization","name":"elobau GmbH & Co. KG","url":"https:\/\/www.elobau.com\/fr\/","logo":{"@type":"ImageObject","inLanguage":"fr-FR","@id":"https:\/\/www.elobau.com\/fr\/#\/schema\/logo\/image\/","url":"https:\/\/www.elobau.com\/wp-content\/uploads\/2021\/03\/elobau_logo_claim_11_2020_cmyk.jpg","contentUrl":"https:\/\/www.elobau.com\/wp-content\/uploads\/2021\/03\/elobau_logo_claim_11_2020_cmyk.jpg","width":2000,"height":676,"caption":"elobau GmbH & Co. KG"},"image":{"@id":"https:\/\/www.elobau.com\/fr\/#\/schema\/logo\/image\/"},"sameAs":["https:\/\/www.facebook.com\/elobauDACH\/","https:\/\/www.instagram.com\/elobau_official\/?hl=de","https:\/\/de.linkedin.com\/company\/elobau","https:\/\/www.youtube.com\/user\/elobauWorld"]}]}},"_links":{"self":[{"href":"https:\/\/www.elobau.com\/fr\/wp-json\/wp\/v2\/pages\/7485","targetHints":{"allow":["GET"]}}],"collection":[{"href":"https:\/\/www.elobau.com\/fr\/wp-json\/wp\/v2\/pages"}],"about":[{"href":"https:\/\/www.elobau.com\/fr\/wp-json\/wp\/v2\/types\/page"}],"author":[{"embeddable":true,"href":"https:\/\/www.elobau.com\/fr\/wp-json\/wp\/v2\/users\/3"}],"replies":[{"embeddable":true,"href":"https:\/\/www.elobau.com\/fr\/wp-json\/wp\/v2\/comments?post=7485"}],"version-history":[{"count":3,"href":"https:\/\/www.elobau.com\/fr\/wp-json\/wp\/v2\/pages\/7485\/revisions"}],"predecessor-version":[{"id":116588,"href":"https:\/\/www.elobau.com\/fr\/wp-json\/wp\/v2\/pages\/7485\/revisions\/116588"}],"up":[{"embeddable":true,"href":"https:\/\/www.elobau.com\/fr\/wp-json\/wp\/v2\/pages\/7484"}],"wp:featuredmedia":[{"embeddable":true,"href":"https:\/\/www.elobau.com\/fr\/wp-json\/wp\/v2\/media\/5919"}],"wp:attachment":[{"href":"https:\/\/www.elobau.com\/fr\/wp-json\/wp\/v2\/media?parent=7485"}],"curies":[{"name":"wp","href":"https:\/\/api.w.org\/{rel}","templated":true}]}}