{"id":7484,"date":"2018-05-03T11:19:12","date_gmt":"2018-05-03T11:19:12","guid":{"rendered":"https:\/\/www.elobau.com\/?page_id=7484"},"modified":"2023-08-28T15:17:42","modified_gmt":"2023-08-28T13:17:42","slug":"pourquoi-choisir-elobau","status":"publish","type":"page","link":"https:\/\/www.elobau.com\/fr\/a_elobau-sensor-technology-lentreprise\/pourquoi-choisir-elobau\/","title":{"rendered":"Pourquoi choisir elobau"},"content":{"rendered":"","protected":false},"excerpt":{"rendered":"<p>Pourquoi choisir elobau vous ouvre de nouveaux horizons\u2026<\/p>\n","protected":false},"author":3,"featured_media":5793,"parent":7462,"menu_order":4,"comment_status":"closed","ping_status":"closed","template":"","meta":{"_acf_changed":false,"inline_featured_image":false,"footnotes":"","_links_to":"","_links_to_target":""},"class_list":["post-7484","page","type-page","status-publish","has-post-thumbnail","hentry"],"acf":[],"yoast_head":"<title>Pourquoi choisir elobau | elobau<\/title>\n<meta name=\"description\" content=\"Vous trouverez ici de nombreuses raisons de choisir elobau. Nous nous d\u00e9marquons de nos concurrents \u00e0 de nombreux \u00e9gards. Cliquez ici pour obtenir plus d&#039;informations sur les aspects sur lesquels elobau se distingue\u00a0!\" \/>\n<meta name=\"robots\" content=\"index, follow, max-snippet:-1, max-image-preview:large, max-video-preview:-1\" \/>\n<link rel=\"canonical\" href=\"https:\/\/www.elobau.com\/fr\/a_elobau-sensor-technology-lentreprise\/pourquoi-choisir-elobau\/\" \/>\n<meta property=\"og:locale\" content=\"fr_FR\" \/>\n<meta property=\"og:type\" content=\"article\" \/>\n<meta property=\"og:title\" content=\"Pourquoi choisir elobau | elobau\" \/>\n<meta property=\"og:description\" content=\"Vous trouverez ici de nombreuses raisons de choisir elobau. Nous nous d\u00e9marquons de nos concurrents \u00e0 de nombreux \u00e9gards. Cliquez ici pour obtenir plus d&#039;informations sur les aspects sur lesquels elobau se distingue\u00a0!\" \/>\n<meta property=\"og:url\" content=\"https:\/\/www.elobau.com\/fr\/a_elobau-sensor-technology-lentreprise\/pourquoi-choisir-elobau\/\" \/>\n<meta property=\"og:site_name\" content=\"elobau\" \/>\n<meta property=\"article:publisher\" content=\"https:\/\/www.facebook.com\/elobauDACH\/\" \/>\n<meta property=\"article:modified_time\" content=\"2023-08-28T13:17:42+00:00\" \/>\n<meta property=\"og:image\" content=\"https:\/\/www.elobau.com\/wp-content\/uploads\/2017\/08\/betriebsgebaeude-scaled.jpg\" \/>\n\t<meta property=\"og:image:width\" content=\"2560\" \/>\n\t<meta property=\"og:image:height\" content=\"1111\" \/>\n\t<meta property=\"og:image:type\" content=\"image\/jpeg\" \/>\n<script type=\"application\/ld+json\" class=\"yoast-schema-graph\">{\"@context\":\"https:\/\/schema.org\",\"@graph\":[{\"@type\":\"WebPage\",\"@id\":\"https:\/\/www.elobau.com\/fr\/a_elobau-sensor-technology-lentreprise\/pourquoi-choisir-elobau\/\",\"url\":\"https:\/\/www.elobau.com\/fr\/a_elobau-sensor-technology-lentreprise\/pourquoi-choisir-elobau\/\",\"name\":\"Pourquoi choisir elobau | elobau\",\"isPartOf\":{\"@id\":\"https:\/\/www.elobau.com\/fr\/#website\"},\"primaryImageOfPage\":{\"@id\":\"https:\/\/www.elobau.com\/fr\/a_elobau-sensor-technology-lentreprise\/pourquoi-choisir-elobau\/#primaryimage\"},\"image\":{\"@id\":\"https:\/\/www.elobau.com\/fr\/a_elobau-sensor-technology-lentreprise\/pourquoi-choisir-elobau\/#primaryimage\"},\"thumbnailUrl\":\"https:\/\/www.elobau.com\/wp-content\/uploads\/2017\/08\/betriebsgebaeude-scaled.jpg\",\"datePublished\":\"2018-05-03T11:19:12+00:00\",\"dateModified\":\"2023-08-28T13:17:42+00:00\",\"description\":\"Vous trouverez ici de nombreuses raisons de choisir elobau. Nous nous d\u00e9marquons de nos concurrents \u00e0 de nombreux \u00e9gards. Cliquez ici pour obtenir plus d'informations sur les aspects sur lesquels elobau se distingue\u00a0!\",\"breadcrumb\":{\"@id\":\"https:\/\/www.elobau.com\/fr\/a_elobau-sensor-technology-lentreprise\/pourquoi-choisir-elobau\/#breadcrumb\"},\"inLanguage\":\"fr-FR\",\"potentialAction\":[{\"@type\":\"ReadAction\",\"target\":[\"https:\/\/www.elobau.com\/fr\/a_elobau-sensor-technology-lentreprise\/pourquoi-choisir-elobau\/\"]}]},{\"@type\":\"ImageObject\",\"inLanguage\":\"fr-FR\",\"@id\":\"https:\/\/www.elobau.com\/fr\/a_elobau-sensor-technology-lentreprise\/pourquoi-choisir-elobau\/#primaryimage\",\"url\":\"https:\/\/www.elobau.com\/wp-content\/uploads\/2017\/08\/betriebsgebaeude-scaled.jpg\",\"contentUrl\":\"https:\/\/www.elobau.com\/wp-content\/uploads\/2017\/08\/betriebsgebaeude-scaled.jpg\",\"width\":2560,\"height\":1111,\"caption\":\"b\u00e2timents de l&#8217;entreprise\"},{\"@type\":\"BreadcrumbList\",\"@id\":\"https:\/\/www.elobau.com\/fr\/a_elobau-sensor-technology-lentreprise\/pourquoi-choisir-elobau\/#breadcrumb\",\"itemListElement\":[{\"@type\":\"ListItem\",\"position\":1,\"name\":\"Home\",\"item\":\"https:\/\/www.elobau.com\/fr\/\"},{\"@type\":\"ListItem\",\"position\":2,\"name\":\"\u00c0 propos d&#8217;elobau\",\"item\":\"https:\/\/www.elobau.com\/fr\/a_elobau-sensor-technology-lentreprise\/\"},{\"@type\":\"ListItem\",\"position\":3,\"name\":\"Pourquoi choisir elobau\"}]},{\"@type\":\"WebSite\",\"@id\":\"https:\/\/www.elobau.com\/fr\/#website\",\"url\":\"https:\/\/www.elobau.com\/fr\/\",\"name\":\"elobau\",\"description\":\"elobau\",\"publisher\":{\"@id\":\"https:\/\/www.elobau.com\/fr\/#organization\"},\"potentialAction\":[{\"@type\":\"SearchAction\",\"target\":{\"@type\":\"EntryPoint\",\"urlTemplate\":\"https:\/\/www.elobau.com\/fr\/?s={search_term_string}\"},\"query-input\":{\"@type\":\"PropertyValueSpecification\",\"valueRequired\":true,\"valueName\":\"search_term_string\"}}],\"inLanguage\":\"fr-FR\"},{\"@type\":\"Organization\",\"@id\":\"https:\/\/www.elobau.com\/fr\/#organization\",\"name\":\"elobau GmbH & Co. KG\",\"url\":\"https:\/\/www.elobau.com\/fr\/\",\"logo\":{\"@type\":\"ImageObject\",\"inLanguage\":\"fr-FR\",\"@id\":\"https:\/\/www.elobau.com\/fr\/#\/schema\/logo\/image\/\",\"url\":\"https:\/\/www.elobau.com\/wp-content\/uploads\/2021\/03\/elobau_logo_claim_11_2020_cmyk.jpg\",\"contentUrl\":\"https:\/\/www.elobau.com\/wp-content\/uploads\/2021\/03\/elobau_logo_claim_11_2020_cmyk.jpg\",\"width\":2000,\"height\":676,\"caption\":\"elobau GmbH & Co. KG\"},\"image\":{\"@id\":\"https:\/\/www.elobau.com\/fr\/#\/schema\/logo\/image\/\"},\"sameAs\":[\"https:\/\/www.facebook.com\/elobauDACH\/\",\"https:\/\/www.instagram.com\/elobau_official\/?hl=de\",\"https:\/\/de.linkedin.com\/company\/elobau\",\"https:\/\/www.youtube.com\/user\/elobauWorld\"]}]}<\/script>","yoast_head_json":{"title":"Pourquoi choisir elobau | elobau","description":"Vous trouverez ici de nombreuses raisons de choisir elobau. Nous nous d\u00e9marquons de nos concurrents \u00e0 de nombreux \u00e9gards. Cliquez ici pour obtenir plus d'informations sur les aspects sur lesquels elobau se distingue\u00a0!","robots":{"index":"index","follow":"follow","max-snippet":"max-snippet:-1","max-image-preview":"max-image-preview:large","max-video-preview":"max-video-preview:-1"},"canonical":"https:\/\/www.elobau.com\/fr\/a_elobau-sensor-technology-lentreprise\/pourquoi-choisir-elobau\/","og_locale":"fr_FR","og_type":"article","og_title":"Pourquoi choisir elobau | elobau","og_description":"Vous trouverez ici de nombreuses raisons de choisir elobau. Nous nous d\u00e9marquons de nos concurrents \u00e0 de nombreux \u00e9gards. Cliquez ici pour obtenir plus d'informations sur les aspects sur lesquels elobau se distingue\u00a0!","og_url":"https:\/\/www.elobau.com\/fr\/a_elobau-sensor-technology-lentreprise\/pourquoi-choisir-elobau\/","og_site_name":"elobau","article_publisher":"https:\/\/www.facebook.com\/elobauDACH\/","article_modified_time":"2023-08-28T13:17:42+00:00","og_image":[{"width":2560,"height":1111,"url":"https:\/\/www.elobau.com\/wp-content\/uploads\/2017\/08\/betriebsgebaeude-scaled.jpg","type":"image\/jpeg"}],"schema":{"@context":"https:\/\/schema.org","@graph":[{"@type":"WebPage","@id":"https:\/\/www.elobau.com\/fr\/a_elobau-sensor-technology-lentreprise\/pourquoi-choisir-elobau\/","url":"https:\/\/www.elobau.com\/fr\/a_elobau-sensor-technology-lentreprise\/pourquoi-choisir-elobau\/","name":"Pourquoi choisir elobau | elobau","isPartOf":{"@id":"https:\/\/www.elobau.com\/fr\/#website"},"primaryImageOfPage":{"@id":"https:\/\/www.elobau.com\/fr\/a_elobau-sensor-technology-lentreprise\/pourquoi-choisir-elobau\/#primaryimage"},"image":{"@id":"https:\/\/www.elobau.com\/fr\/a_elobau-sensor-technology-lentreprise\/pourquoi-choisir-elobau\/#primaryimage"},"thumbnailUrl":"https:\/\/www.elobau.com\/wp-content\/uploads\/2017\/08\/betriebsgebaeude-scaled.jpg","datePublished":"2018-05-03T11:19:12+00:00","dateModified":"2023-08-28T13:17:42+00:00","description":"Vous trouverez ici de nombreuses raisons de choisir elobau. Nous nous d\u00e9marquons de nos concurrents \u00e0 de nombreux \u00e9gards. Cliquez ici pour obtenir plus d'informations sur les aspects sur lesquels elobau se distingue\u00a0!","breadcrumb":{"@id":"https:\/\/www.elobau.com\/fr\/a_elobau-sensor-technology-lentreprise\/pourquoi-choisir-elobau\/#breadcrumb"},"inLanguage":"fr-FR","potentialAction":[{"@type":"ReadAction","target":["https:\/\/www.elobau.com\/fr\/a_elobau-sensor-technology-lentreprise\/pourquoi-choisir-elobau\/"]}]},{"@type":"ImageObject","inLanguage":"fr-FR","@id":"https:\/\/www.elobau.com\/fr\/a_elobau-sensor-technology-lentreprise\/pourquoi-choisir-elobau\/#primaryimage","url":"https:\/\/www.elobau.com\/wp-content\/uploads\/2017\/08\/betriebsgebaeude-scaled.jpg","contentUrl":"https:\/\/www.elobau.com\/wp-content\/uploads\/2017\/08\/betriebsgebaeude-scaled.jpg","width":2560,"height":1111,"caption":"b\u00e2timents de l&#8217;entreprise"},{"@type":"BreadcrumbList","@id":"https:\/\/www.elobau.com\/fr\/a_elobau-sensor-technology-lentreprise\/pourquoi-choisir-elobau\/#breadcrumb","itemListElement":[{"@type":"ListItem","position":1,"name":"Home","item":"https:\/\/www.elobau.com\/fr\/"},{"@type":"ListItem","position":2,"name":"\u00c0 propos d&#8217;elobau","item":"https:\/\/www.elobau.com\/fr\/a_elobau-sensor-technology-lentreprise\/"},{"@type":"ListItem","position":3,"name":"Pourquoi choisir elobau"}]},{"@type":"WebSite","@id":"https:\/\/www.elobau.com\/fr\/#website","url":"https:\/\/www.elobau.com\/fr\/","name":"elobau","description":"elobau","publisher":{"@id":"https:\/\/www.elobau.com\/fr\/#organization"},"potentialAction":[{"@type":"SearchAction","target":{"@type":"EntryPoint","urlTemplate":"https:\/\/www.elobau.com\/fr\/?s={search_term_string}"},"query-input":{"@type":"PropertyValueSpecification","valueRequired":true,"valueName":"search_term_string"}}],"inLanguage":"fr-FR"},{"@type":"Organization","@id":"https:\/\/www.elobau.com\/fr\/#organization","name":"elobau GmbH & Co. KG","url":"https:\/\/www.elobau.com\/fr\/","logo":{"@type":"ImageObject","inLanguage":"fr-FR","@id":"https:\/\/www.elobau.com\/fr\/#\/schema\/logo\/image\/","url":"https:\/\/www.elobau.com\/wp-content\/uploads\/2021\/03\/elobau_logo_claim_11_2020_cmyk.jpg","contentUrl":"https:\/\/www.elobau.com\/wp-content\/uploads\/2021\/03\/elobau_logo_claim_11_2020_cmyk.jpg","width":2000,"height":676,"caption":"elobau GmbH & Co. KG"},"image":{"@id":"https:\/\/www.elobau.com\/fr\/#\/schema\/logo\/image\/"},"sameAs":["https:\/\/www.facebook.com\/elobauDACH\/","https:\/\/www.instagram.com\/elobau_official\/?hl=de","https:\/\/de.linkedin.com\/company\/elobau","https:\/\/www.youtube.com\/user\/elobauWorld"]}]}},"_links":{"self":[{"href":"https:\/\/www.elobau.com\/fr\/wp-json\/wp\/v2\/pages\/7484","targetHints":{"allow":["GET"]}}],"collection":[{"href":"https:\/\/www.elobau.com\/fr\/wp-json\/wp\/v2\/pages"}],"about":[{"href":"https:\/\/www.elobau.com\/fr\/wp-json\/wp\/v2\/types\/page"}],"author":[{"embeddable":true,"href":"https:\/\/www.elobau.com\/fr\/wp-json\/wp\/v2\/users\/3"}],"replies":[{"embeddable":true,"href":"https:\/\/www.elobau.com\/fr\/wp-json\/wp\/v2\/comments?post=7484"}],"version-history":[{"count":6,"href":"https:\/\/www.elobau.com\/fr\/wp-json\/wp\/v2\/pages\/7484\/revisions"}],"predecessor-version":[{"id":119449,"href":"https:\/\/www.elobau.com\/fr\/wp-json\/wp\/v2\/pages\/7484\/revisions\/119449"}],"up":[{"embeddable":true,"href":"https:\/\/www.elobau.com\/fr\/wp-json\/wp\/v2\/pages\/7462"}],"wp:featuredmedia":[{"embeddable":true,"href":"https:\/\/www.elobau.com\/fr\/wp-json\/wp\/v2\/media\/5793"}],"wp:attachment":[{"href":"https:\/\/www.elobau.com\/fr\/wp-json\/wp\/v2\/media?parent=7484"}],"curies":[{"name":"wp","href":"https:\/\/api.w.org\/{rel}","templated":true}]}}