{"id":7470,"date":"2018-05-03T11:19:41","date_gmt":"2018-05-03T11:19:41","guid":{"rendered":"https:\/\/www.elobau.com\/?page_id=7470"},"modified":"2019-05-15T14:39:14","modified_gmt":"2019-05-15T14:39:14","slug":"detection-de-position-pour-les-zones-a-risque-dexplosion-gaz-ou-poussiere","status":"publish","type":"page","link":"https:\/\/www.elobau.com\/fr\/detection-de-position-pour-les-zones-a-risque-dexplosion-gaz-ou-poussiere\/","title":{"rendered":"D\u00e9tection de position pour les zones \u00e0 risque d&rsquo;explosion (gaz ou poussi\u00e8re)"},"content":{"rendered":"","protected":false},"excerpt":{"rendered":"","protected":false},"author":3,"featured_media":0,"parent":0,"menu_order":0,"comment_status":"closed","ping_status":"closed","template":"","meta":{"_acf_changed":false,"inline_featured_image":false,"footnotes":"","_links_to":"","_links_to_target":""},"class_list":["post-7470","page","type-page","status-publish","hentry"],"acf":[],"yoast_head":"<title>D\u00e9tection de position pour les zones \u00e0 risque d&#039;explosion (gaz ou poussi\u00e8re) | elobau<\/title>\n<meta name=\"robots\" content=\"index, follow, max-snippet:-1, max-image-preview:large, max-video-preview:-1\" \/>\n<link rel=\"canonical\" href=\"https:\/\/www.elobau.com\/fr\/detection-de-position-pour-les-zones-a-risque-dexplosion-gaz-ou-poussiere\/\" \/>\n<meta property=\"og:locale\" content=\"fr_FR\" \/>\n<meta property=\"og:type\" content=\"article\" \/>\n<meta property=\"og:title\" content=\"D\u00e9tection de position pour les zones \u00e0 risque d&#039;explosion (gaz ou poussi\u00e8re) | elobau\" \/>\n<meta property=\"og:url\" content=\"https:\/\/www.elobau.com\/fr\/detection-de-position-pour-les-zones-a-risque-dexplosion-gaz-ou-poussiere\/\" \/>\n<meta property=\"og:site_name\" content=\"elobau\" \/>\n<meta property=\"article:publisher\" content=\"https:\/\/www.facebook.com\/elobauDACH\/\" \/>\n<meta property=\"article:modified_time\" content=\"2019-05-15T14:39:14+00:00\" \/>\n<meta property=\"og:image\" content=\"https:\/\/www.elobau.com\/wp-content\/uploads\/2021\/03\/elobau_logo_claim_11_2020_cmyk.jpg\" \/>\n\t<meta property=\"og:image:width\" content=\"2000\" \/>\n\t<meta property=\"og:image:height\" content=\"676\" \/>\n\t<meta property=\"og:image:type\" content=\"image\/jpeg\" \/>\n<script type=\"application\/ld+json\" class=\"yoast-schema-graph\">{\"@context\":\"https:\/\/schema.org\",\"@graph\":[{\"@type\":\"WebPage\",\"@id\":\"https:\/\/www.elobau.com\/fr\/detection-de-position-pour-les-zones-a-risque-dexplosion-gaz-ou-poussiere\/\",\"url\":\"https:\/\/www.elobau.com\/fr\/detection-de-position-pour-les-zones-a-risque-dexplosion-gaz-ou-poussiere\/\",\"name\":\"D\u00e9tection de position pour les zones \u00e0 risque d'explosion (gaz ou poussi\u00e8re) | elobau\",\"isPartOf\":{\"@id\":\"https:\/\/www.elobau.com\/fr\/#website\"},\"datePublished\":\"2018-05-03T11:19:41+00:00\",\"dateModified\":\"2019-05-15T14:39:14+00:00\",\"breadcrumb\":{\"@id\":\"https:\/\/www.elobau.com\/fr\/detection-de-position-pour-les-zones-a-risque-dexplosion-gaz-ou-poussiere\/#breadcrumb\"},\"inLanguage\":\"fr-FR\",\"potentialAction\":[{\"@type\":\"ReadAction\",\"target\":[\"https:\/\/www.elobau.com\/fr\/detection-de-position-pour-les-zones-a-risque-dexplosion-gaz-ou-poussiere\/\"]}]},{\"@type\":\"BreadcrumbList\",\"@id\":\"https:\/\/www.elobau.com\/fr\/detection-de-position-pour-les-zones-a-risque-dexplosion-gaz-ou-poussiere\/#breadcrumb\",\"itemListElement\":[{\"@type\":\"ListItem\",\"position\":1,\"name\":\"Home\",\"item\":\"https:\/\/www.elobau.com\/fr\/\"},{\"@type\":\"ListItem\",\"position\":2,\"name\":\"D\u00e9tection de position pour les zones \u00e0 risque d&rsquo;explosion (gaz ou poussi\u00e8re)\"}]},{\"@type\":\"WebSite\",\"@id\":\"https:\/\/www.elobau.com\/fr\/#website\",\"url\":\"https:\/\/www.elobau.com\/fr\/\",\"name\":\"elobau\",\"description\":\"elobau\",\"publisher\":{\"@id\":\"https:\/\/www.elobau.com\/fr\/#organization\"},\"potentialAction\":[{\"@type\":\"SearchAction\",\"target\":{\"@type\":\"EntryPoint\",\"urlTemplate\":\"https:\/\/www.elobau.com\/fr\/?s={search_term_string}\"},\"query-input\":{\"@type\":\"PropertyValueSpecification\",\"valueRequired\":true,\"valueName\":\"search_term_string\"}}],\"inLanguage\":\"fr-FR\"},{\"@type\":\"Organization\",\"@id\":\"https:\/\/www.elobau.com\/fr\/#organization\",\"name\":\"elobau GmbH & Co. KG\",\"url\":\"https:\/\/www.elobau.com\/fr\/\",\"logo\":{\"@type\":\"ImageObject\",\"inLanguage\":\"fr-FR\",\"@id\":\"https:\/\/www.elobau.com\/fr\/#\/schema\/logo\/image\/\",\"url\":\"https:\/\/www.elobau.com\/wp-content\/uploads\/2021\/03\/elobau_logo_claim_11_2020_cmyk.jpg\",\"contentUrl\":\"https:\/\/www.elobau.com\/wp-content\/uploads\/2021\/03\/elobau_logo_claim_11_2020_cmyk.jpg\",\"width\":2000,\"height\":676,\"caption\":\"elobau GmbH & Co. KG\"},\"image\":{\"@id\":\"https:\/\/www.elobau.com\/fr\/#\/schema\/logo\/image\/\"},\"sameAs\":[\"https:\/\/www.facebook.com\/elobauDACH\/\",\"https:\/\/www.instagram.com\/elobau_official\/?hl=de\",\"https:\/\/de.linkedin.com\/company\/elobau\",\"https:\/\/www.youtube.com\/user\/elobauWorld\"]}]}<\/script>","yoast_head_json":{"title":"D\u00e9tection de position pour les zones \u00e0 risque d'explosion (gaz ou poussi\u00e8re) | elobau","robots":{"index":"index","follow":"follow","max-snippet":"max-snippet:-1","max-image-preview":"max-image-preview:large","max-video-preview":"max-video-preview:-1"},"canonical":"https:\/\/www.elobau.com\/fr\/detection-de-position-pour-les-zones-a-risque-dexplosion-gaz-ou-poussiere\/","og_locale":"fr_FR","og_type":"article","og_title":"D\u00e9tection de position pour les zones \u00e0 risque d'explosion (gaz ou poussi\u00e8re) | elobau","og_url":"https:\/\/www.elobau.com\/fr\/detection-de-position-pour-les-zones-a-risque-dexplosion-gaz-ou-poussiere\/","og_site_name":"elobau","article_publisher":"https:\/\/www.facebook.com\/elobauDACH\/","article_modified_time":"2019-05-15T14:39:14+00:00","og_image":[{"width":2000,"height":676,"url":"https:\/\/www.elobau.com\/wp-content\/uploads\/2021\/03\/elobau_logo_claim_11_2020_cmyk.jpg","type":"image\/jpeg"}],"schema":{"@context":"https:\/\/schema.org","@graph":[{"@type":"WebPage","@id":"https:\/\/www.elobau.com\/fr\/detection-de-position-pour-les-zones-a-risque-dexplosion-gaz-ou-poussiere\/","url":"https:\/\/www.elobau.com\/fr\/detection-de-position-pour-les-zones-a-risque-dexplosion-gaz-ou-poussiere\/","name":"D\u00e9tection de position pour les zones \u00e0 risque d'explosion (gaz ou poussi\u00e8re) | elobau","isPartOf":{"@id":"https:\/\/www.elobau.com\/fr\/#website"},"datePublished":"2018-05-03T11:19:41+00:00","dateModified":"2019-05-15T14:39:14+00:00","breadcrumb":{"@id":"https:\/\/www.elobau.com\/fr\/detection-de-position-pour-les-zones-a-risque-dexplosion-gaz-ou-poussiere\/#breadcrumb"},"inLanguage":"fr-FR","potentialAction":[{"@type":"ReadAction","target":["https:\/\/www.elobau.com\/fr\/detection-de-position-pour-les-zones-a-risque-dexplosion-gaz-ou-poussiere\/"]}]},{"@type":"BreadcrumbList","@id":"https:\/\/www.elobau.com\/fr\/detection-de-position-pour-les-zones-a-risque-dexplosion-gaz-ou-poussiere\/#breadcrumb","itemListElement":[{"@type":"ListItem","position":1,"name":"Home","item":"https:\/\/www.elobau.com\/fr\/"},{"@type":"ListItem","position":2,"name":"D\u00e9tection de position pour les zones \u00e0 risque d&rsquo;explosion (gaz ou poussi\u00e8re)"}]},{"@type":"WebSite","@id":"https:\/\/www.elobau.com\/fr\/#website","url":"https:\/\/www.elobau.com\/fr\/","name":"elobau","description":"elobau","publisher":{"@id":"https:\/\/www.elobau.com\/fr\/#organization"},"potentialAction":[{"@type":"SearchAction","target":{"@type":"EntryPoint","urlTemplate":"https:\/\/www.elobau.com\/fr\/?s={search_term_string}"},"query-input":{"@type":"PropertyValueSpecification","valueRequired":true,"valueName":"search_term_string"}}],"inLanguage":"fr-FR"},{"@type":"Organization","@id":"https:\/\/www.elobau.com\/fr\/#organization","name":"elobau GmbH & Co. KG","url":"https:\/\/www.elobau.com\/fr\/","logo":{"@type":"ImageObject","inLanguage":"fr-FR","@id":"https:\/\/www.elobau.com\/fr\/#\/schema\/logo\/image\/","url":"https:\/\/www.elobau.com\/wp-content\/uploads\/2021\/03\/elobau_logo_claim_11_2020_cmyk.jpg","contentUrl":"https:\/\/www.elobau.com\/wp-content\/uploads\/2021\/03\/elobau_logo_claim_11_2020_cmyk.jpg","width":2000,"height":676,"caption":"elobau GmbH & Co. KG"},"image":{"@id":"https:\/\/www.elobau.com\/fr\/#\/schema\/logo\/image\/"},"sameAs":["https:\/\/www.facebook.com\/elobauDACH\/","https:\/\/www.instagram.com\/elobau_official\/?hl=de","https:\/\/de.linkedin.com\/company\/elobau","https:\/\/www.youtube.com\/user\/elobauWorld"]}]}},"_links":{"self":[{"href":"https:\/\/www.elobau.com\/fr\/wp-json\/wp\/v2\/pages\/7470","targetHints":{"allow":["GET"]}}],"collection":[{"href":"https:\/\/www.elobau.com\/fr\/wp-json\/wp\/v2\/pages"}],"about":[{"href":"https:\/\/www.elobau.com\/fr\/wp-json\/wp\/v2\/types\/page"}],"author":[{"embeddable":true,"href":"https:\/\/www.elobau.com\/fr\/wp-json\/wp\/v2\/users\/3"}],"replies":[{"embeddable":true,"href":"https:\/\/www.elobau.com\/fr\/wp-json\/wp\/v2\/comments?post=7470"}],"version-history":[{"count":1,"href":"https:\/\/www.elobau.com\/fr\/wp-json\/wp\/v2\/pages\/7470\/revisions"}],"predecessor-version":[{"id":7481,"href":"https:\/\/www.elobau.com\/fr\/wp-json\/wp\/v2\/pages\/7470\/revisions\/7481"}],"wp:attachment":[{"href":"https:\/\/www.elobau.com\/fr\/wp-json\/wp\/v2\/media?parent=7470"}],"curies":[{"name":"wp","href":"https:\/\/api.w.org\/{rel}","templated":true}]}}