{"id":13046,"date":"2018-08-27T13:58:18","date_gmt":"2018-08-27T13:58:18","guid":{"rendered":"https:\/\/www.elobau.com\/a_elobau-sensor-technology-lentreprise\/nachhaltigkeit-2\/beschaffung-und-wertschoepfungskette\/"},"modified":"2021-04-12T10:44:49","modified_gmt":"2021-04-12T08:44:49","slug":"approvisionnement-et-chaine-de-valeur","status":"publish","type":"page","link":"https:\/\/www.elobau.com\/fr\/durabilite\/approvisionnement-et-chaine-de-valeur\/","title":{"rendered":"Approvisionnement et cha\u00eene de valeur"},"content":{"rendered":"","protected":false},"excerpt":{"rendered":"<p>Nous \u00e9valuons \u00e9galement nos partenaires du point de vue de la durabilit\u00e9.<\/p>\n","protected":false},"author":3,"featured_media":26452,"parent":55364,"menu_order":1,"comment_status":"closed","ping_status":"closed","template":"","meta":{"_acf_changed":false,"inline_featured_image":false,"footnotes":"","_links_to":"","_links_to_target":""},"class_list":["post-13046","page","type-page","status-publish","has-post-thumbnail","hentry"],"acf":[],"yoast_head":"<title>Approvisionnement et cha\u00eene de valeur | elobau<\/title>\n<meta name=\"robots\" content=\"index, follow, max-snippet:-1, max-image-preview:large, max-video-preview:-1\" \/>\n<link rel=\"canonical\" href=\"https:\/\/www.elobau.com\/fr\/durabilite\/approvisionnement-et-chaine-de-valeur\/\" \/>\n<meta property=\"og:locale\" content=\"fr_FR\" \/>\n<meta property=\"og:type\" content=\"article\" \/>\n<meta property=\"og:title\" content=\"Approvisionnement et cha\u00eene de valeur | elobau\" \/>\n<meta property=\"og:description\" content=\"Nous \u00e9valuons \u00e9galement nos partenaires du point de vue de la durabilit\u00e9.\" \/>\n<meta property=\"og:url\" content=\"https:\/\/www.elobau.com\/fr\/durabilite\/approvisionnement-et-chaine-de-valeur\/\" \/>\n<meta property=\"og:site_name\" content=\"elobau\" \/>\n<meta property=\"article:publisher\" content=\"https:\/\/www.facebook.com\/elobauDACH\/\" \/>\n<meta property=\"article:modified_time\" content=\"2021-04-12T08:44:49+00:00\" \/>\n<meta property=\"og:image\" content=\"https:\/\/www.elobau.com\/wp-content\/uploads\/2021\/03\/elobau_logo_claim_11_2020_cmyk.jpg\" \/>\n\t<meta property=\"og:image:width\" content=\"2000\" \/>\n\t<meta property=\"og:image:height\" content=\"676\" \/>\n\t<meta property=\"og:image:type\" content=\"image\/jpeg\" \/>\n<script type=\"application\/ld+json\" class=\"yoast-schema-graph\">{\"@context\":\"https:\/\/schema.org\",\"@graph\":[{\"@type\":\"WebPage\",\"@id\":\"https:\/\/www.elobau.com\/fr\/durabilite\/approvisionnement-et-chaine-de-valeur\/\",\"url\":\"https:\/\/www.elobau.com\/fr\/durabilite\/approvisionnement-et-chaine-de-valeur\/\",\"name\":\"Approvisionnement et cha\u00eene de valeur | elobau\",\"isPartOf\":{\"@id\":\"https:\/\/www.elobau.com\/fr\/#website\"},\"primaryImageOfPage\":{\"@id\":\"https:\/\/www.elobau.com\/fr\/durabilite\/approvisionnement-et-chaine-de-valeur\/#primaryimage\"},\"image\":{\"@id\":\"https:\/\/www.elobau.com\/fr\/durabilite\/approvisionnement-et-chaine-de-valeur\/#primaryimage\"},\"thumbnailUrl\":\"https:\/\/www.elobau.com\/wp-content\/uploads\/2019\/10\/2019_10_procurement_and_value_chain-2.svg\",\"datePublished\":\"2018-08-27T13:58:18+00:00\",\"dateModified\":\"2021-04-12T08:44:49+00:00\",\"breadcrumb\":{\"@id\":\"https:\/\/www.elobau.com\/fr\/durabilite\/approvisionnement-et-chaine-de-valeur\/#breadcrumb\"},\"inLanguage\":\"fr-FR\",\"potentialAction\":[{\"@type\":\"ReadAction\",\"target\":[\"https:\/\/www.elobau.com\/fr\/durabilite\/approvisionnement-et-chaine-de-valeur\/\"]}]},{\"@type\":\"ImageObject\",\"inLanguage\":\"fr-FR\",\"@id\":\"https:\/\/www.elobau.com\/fr\/durabilite\/approvisionnement-et-chaine-de-valeur\/#primaryimage\",\"url\":\"https:\/\/www.elobau.com\/wp-content\/uploads\/2019\/10\/2019_10_procurement_and_value_chain-2.svg\",\"contentUrl\":\"https:\/\/www.elobau.com\/wp-content\/uploads\/2019\/10\/2019_10_procurement_and_value_chain-2.svg\"},{\"@type\":\"BreadcrumbList\",\"@id\":\"https:\/\/www.elobau.com\/fr\/durabilite\/approvisionnement-et-chaine-de-valeur\/#breadcrumb\",\"itemListElement\":[{\"@type\":\"ListItem\",\"position\":1,\"name\":\"Home\",\"item\":\"https:\/\/www.elobau.com\/fr\/\"},{\"@type\":\"ListItem\",\"position\":2,\"name\":\"Durabilit\u00e9 Archive\",\"item\":\"https:\/\/www.elobau.com\/fr\/?page_id=11307\"},{\"@type\":\"ListItem\",\"position\":3,\"name\":\"Approvisionnement et cha\u00eene de valeur\"}]},{\"@type\":\"WebSite\",\"@id\":\"https:\/\/www.elobau.com\/fr\/#website\",\"url\":\"https:\/\/www.elobau.com\/fr\/\",\"name\":\"elobau\",\"description\":\"elobau\",\"publisher\":{\"@id\":\"https:\/\/www.elobau.com\/fr\/#organization\"},\"potentialAction\":[{\"@type\":\"SearchAction\",\"target\":{\"@type\":\"EntryPoint\",\"urlTemplate\":\"https:\/\/www.elobau.com\/fr\/?s={search_term_string}\"},\"query-input\":{\"@type\":\"PropertyValueSpecification\",\"valueRequired\":true,\"valueName\":\"search_term_string\"}}],\"inLanguage\":\"fr-FR\"},{\"@type\":\"Organization\",\"@id\":\"https:\/\/www.elobau.com\/fr\/#organization\",\"name\":\"elobau GmbH & Co. KG\",\"url\":\"https:\/\/www.elobau.com\/fr\/\",\"logo\":{\"@type\":\"ImageObject\",\"inLanguage\":\"fr-FR\",\"@id\":\"https:\/\/www.elobau.com\/fr\/#\/schema\/logo\/image\/\",\"url\":\"https:\/\/www.elobau.com\/wp-content\/uploads\/2021\/03\/elobau_logo_claim_11_2020_cmyk.jpg\",\"contentUrl\":\"https:\/\/www.elobau.com\/wp-content\/uploads\/2021\/03\/elobau_logo_claim_11_2020_cmyk.jpg\",\"width\":2000,\"height\":676,\"caption\":\"elobau GmbH & Co. KG\"},\"image\":{\"@id\":\"https:\/\/www.elobau.com\/fr\/#\/schema\/logo\/image\/\"},\"sameAs\":[\"https:\/\/www.facebook.com\/elobauDACH\/\",\"https:\/\/www.instagram.com\/elobau_official\/?hl=de\",\"https:\/\/de.linkedin.com\/company\/elobau\",\"https:\/\/www.youtube.com\/user\/elobauWorld\"]}]}<\/script>","yoast_head_json":{"title":"Approvisionnement et cha\u00eene de valeur | elobau","robots":{"index":"index","follow":"follow","max-snippet":"max-snippet:-1","max-image-preview":"max-image-preview:large","max-video-preview":"max-video-preview:-1"},"canonical":"https:\/\/www.elobau.com\/fr\/durabilite\/approvisionnement-et-chaine-de-valeur\/","og_locale":"fr_FR","og_type":"article","og_title":"Approvisionnement et cha\u00eene de valeur | elobau","og_description":"Nous \u00e9valuons \u00e9galement nos partenaires du point de vue de la durabilit\u00e9.","og_url":"https:\/\/www.elobau.com\/fr\/durabilite\/approvisionnement-et-chaine-de-valeur\/","og_site_name":"elobau","article_publisher":"https:\/\/www.facebook.com\/elobauDACH\/","article_modified_time":"2021-04-12T08:44:49+00:00","og_image":[{"width":2000,"height":676,"url":"https:\/\/www.elobau.com\/wp-content\/uploads\/2021\/03\/elobau_logo_claim_11_2020_cmyk.jpg","type":"image\/jpeg"}],"schema":{"@context":"https:\/\/schema.org","@graph":[{"@type":"WebPage","@id":"https:\/\/www.elobau.com\/fr\/durabilite\/approvisionnement-et-chaine-de-valeur\/","url":"https:\/\/www.elobau.com\/fr\/durabilite\/approvisionnement-et-chaine-de-valeur\/","name":"Approvisionnement et cha\u00eene de valeur | elobau","isPartOf":{"@id":"https:\/\/www.elobau.com\/fr\/#website"},"primaryImageOfPage":{"@id":"https:\/\/www.elobau.com\/fr\/durabilite\/approvisionnement-et-chaine-de-valeur\/#primaryimage"},"image":{"@id":"https:\/\/www.elobau.com\/fr\/durabilite\/approvisionnement-et-chaine-de-valeur\/#primaryimage"},"thumbnailUrl":"https:\/\/www.elobau.com\/wp-content\/uploads\/2019\/10\/2019_10_procurement_and_value_chain-2.svg","datePublished":"2018-08-27T13:58:18+00:00","dateModified":"2021-04-12T08:44:49+00:00","breadcrumb":{"@id":"https:\/\/www.elobau.com\/fr\/durabilite\/approvisionnement-et-chaine-de-valeur\/#breadcrumb"},"inLanguage":"fr-FR","potentialAction":[{"@type":"ReadAction","target":["https:\/\/www.elobau.com\/fr\/durabilite\/approvisionnement-et-chaine-de-valeur\/"]}]},{"@type":"ImageObject","inLanguage":"fr-FR","@id":"https:\/\/www.elobau.com\/fr\/durabilite\/approvisionnement-et-chaine-de-valeur\/#primaryimage","url":"https:\/\/www.elobau.com\/wp-content\/uploads\/2019\/10\/2019_10_procurement_and_value_chain-2.svg","contentUrl":"https:\/\/www.elobau.com\/wp-content\/uploads\/2019\/10\/2019_10_procurement_and_value_chain-2.svg"},{"@type":"BreadcrumbList","@id":"https:\/\/www.elobau.com\/fr\/durabilite\/approvisionnement-et-chaine-de-valeur\/#breadcrumb","itemListElement":[{"@type":"ListItem","position":1,"name":"Home","item":"https:\/\/www.elobau.com\/fr\/"},{"@type":"ListItem","position":2,"name":"Durabilit\u00e9 Archive","item":"https:\/\/www.elobau.com\/fr\/?page_id=11307"},{"@type":"ListItem","position":3,"name":"Approvisionnement et cha\u00eene de valeur"}]},{"@type":"WebSite","@id":"https:\/\/www.elobau.com\/fr\/#website","url":"https:\/\/www.elobau.com\/fr\/","name":"elobau","description":"elobau","publisher":{"@id":"https:\/\/www.elobau.com\/fr\/#organization"},"potentialAction":[{"@type":"SearchAction","target":{"@type":"EntryPoint","urlTemplate":"https:\/\/www.elobau.com\/fr\/?s={search_term_string}"},"query-input":{"@type":"PropertyValueSpecification","valueRequired":true,"valueName":"search_term_string"}}],"inLanguage":"fr-FR"},{"@type":"Organization","@id":"https:\/\/www.elobau.com\/fr\/#organization","name":"elobau GmbH & Co. KG","url":"https:\/\/www.elobau.com\/fr\/","logo":{"@type":"ImageObject","inLanguage":"fr-FR","@id":"https:\/\/www.elobau.com\/fr\/#\/schema\/logo\/image\/","url":"https:\/\/www.elobau.com\/wp-content\/uploads\/2021\/03\/elobau_logo_claim_11_2020_cmyk.jpg","contentUrl":"https:\/\/www.elobau.com\/wp-content\/uploads\/2021\/03\/elobau_logo_claim_11_2020_cmyk.jpg","width":2000,"height":676,"caption":"elobau GmbH & Co. KG"},"image":{"@id":"https:\/\/www.elobau.com\/fr\/#\/schema\/logo\/image\/"},"sameAs":["https:\/\/www.facebook.com\/elobauDACH\/","https:\/\/www.instagram.com\/elobau_official\/?hl=de","https:\/\/de.linkedin.com\/company\/elobau","https:\/\/www.youtube.com\/user\/elobauWorld"]}]}},"_links":{"self":[{"href":"https:\/\/www.elobau.com\/fr\/wp-json\/wp\/v2\/pages\/13046","targetHints":{"allow":["GET"]}}],"collection":[{"href":"https:\/\/www.elobau.com\/fr\/wp-json\/wp\/v2\/pages"}],"about":[{"href":"https:\/\/www.elobau.com\/fr\/wp-json\/wp\/v2\/types\/page"}],"author":[{"embeddable":true,"href":"https:\/\/www.elobau.com\/fr\/wp-json\/wp\/v2\/users\/3"}],"replies":[{"embeddable":true,"href":"https:\/\/www.elobau.com\/fr\/wp-json\/wp\/v2\/comments?post=13046"}],"version-history":[{"count":8,"href":"https:\/\/www.elobau.com\/fr\/wp-json\/wp\/v2\/pages\/13046\/revisions"}],"predecessor-version":[{"id":49637,"href":"https:\/\/www.elobau.com\/fr\/wp-json\/wp\/v2\/pages\/13046\/revisions\/49637"}],"up":[{"embeddable":true,"href":"https:\/\/www.elobau.com\/fr\/wp-json\/wp\/v2\/pages\/55364"}],"wp:featuredmedia":[{"embeddable":true,"href":"https:\/\/www.elobau.com\/fr\/wp-json\/wp\/v2\/media\/26452"}],"wp:attachment":[{"href":"https:\/\/www.elobau.com\/fr\/wp-json\/wp\/v2\/media?parent=13046"}],"curies":[{"name":"wp","href":"https:\/\/api.w.org\/{rel}","templated":true}]}}