{"id":114283,"date":"2021-03-22T13:46:01","date_gmt":"2021-03-22T12:46:01","guid":{"rendered":"https:\/\/www.elobau.com\/general_terms_and_conditions_of_purchase\/"},"modified":"2023-04-03T16:24:01","modified_gmt":"2023-04-03T14:24:01","slug":"conditions-generales-de-vente-delobau-gmbh-co-kg","status":"publish","type":"page","link":"https:\/\/www.elobau.com\/fr\/conditions-generales-de-vente-delobau-gmbh-co-kg\/","title":{"rendered":"Conditions g\u00e9n\u00e9rales de vente d\u2019elobau GmbH &#038; Co. KG"},"content":{"rendered":"","protected":false},"excerpt":{"rendered":"","protected":false},"author":31,"featured_media":14044,"parent":0,"menu_order":43,"comment_status":"closed","ping_status":"closed","template":"","meta":{"_acf_changed":false,"inline_featured_image":false,"footnotes":"","_links_to":"","_links_to_target":""},"class_list":["post-114283","page","type-page","status-publish","has-post-thumbnail","hentry"],"acf":[],"yoast_head":"<title>Conditions G\u00e9n\u00e9rales de Vente | elobau<\/title>\n<meta name=\"description\" content=\"D\u00e9couvrez les conditions g\u00e9n\u00e9rales de vente d&#039;elobau GmbH et formez un partenariat fiable et durable pens\u00e9 pour l&#039;avenir !\" \/>\n<meta name=\"robots\" content=\"index, follow, max-snippet:-1, max-image-preview:large, max-video-preview:-1\" \/>\n<link rel=\"canonical\" href=\"https:\/\/www.elobau.com\/fr\/conditions-generales-de-vente-delobau-gmbh-co-kg\/\" \/>\n<meta property=\"og:locale\" content=\"fr_FR\" \/>\n<meta property=\"og:type\" content=\"article\" \/>\n<meta property=\"og:title\" content=\"Conditions G\u00e9n\u00e9rales de Vente | elobau\" \/>\n<meta property=\"og:description\" content=\"D\u00e9couvrez les conditions g\u00e9n\u00e9rales de vente d&#039;elobau GmbH et formez un partenariat fiable et durable pens\u00e9 pour l&#039;avenir !\" \/>\n<meta property=\"og:url\" content=\"https:\/\/www.elobau.com\/fr\/conditions-generales-de-vente-delobau-gmbh-co-kg\/\" \/>\n<meta property=\"og:site_name\" content=\"elobau\" \/>\n<meta property=\"article:publisher\" content=\"https:\/\/www.facebook.com\/elobauDACH\/\" \/>\n<meta property=\"article:modified_time\" content=\"2023-04-03T14:24:01+00:00\" \/>\n<meta property=\"og:image\" content=\"https:\/\/www.elobau.com\/wp-content\/uploads\/2018\/05\/tom8612-scaled.jpg\" \/>\n\t<meta property=\"og:image:width\" content=\"2560\" \/>\n\t<meta property=\"og:image:height\" content=\"1707\" \/>\n\t<meta property=\"og:image:type\" content=\"image\/jpeg\" \/>\n<script type=\"application\/ld+json\" class=\"yoast-schema-graph\">{\"@context\":\"https:\/\/schema.org\",\"@graph\":[{\"@type\":\"WebPage\",\"@id\":\"https:\/\/www.elobau.com\/fr\/conditions-generales-de-vente-delobau-gmbh-co-kg\/\",\"url\":\"https:\/\/www.elobau.com\/fr\/conditions-generales-de-vente-delobau-gmbh-co-kg\/\",\"name\":\"Conditions G\u00e9n\u00e9rales de Vente | elobau\",\"isPartOf\":{\"@id\":\"https:\/\/www.elobau.com\/fr\/#website\"},\"primaryImageOfPage\":{\"@id\":\"https:\/\/www.elobau.com\/fr\/conditions-generales-de-vente-delobau-gmbh-co-kg\/#primaryimage\"},\"image\":{\"@id\":\"https:\/\/www.elobau.com\/fr\/conditions-generales-de-vente-delobau-gmbh-co-kg\/#primaryimage\"},\"thumbnailUrl\":\"https:\/\/www.elobau.com\/wp-content\/uploads\/2018\/05\/tom8612-scaled.jpg\",\"datePublished\":\"2021-03-22T12:46:01+00:00\",\"dateModified\":\"2023-04-03T14:24:01+00:00\",\"description\":\"D\u00e9couvrez les conditions g\u00e9n\u00e9rales de vente d'elobau GmbH et formez un partenariat fiable et durable pens\u00e9 pour l'avenir !\",\"breadcrumb\":{\"@id\":\"https:\/\/www.elobau.com\/fr\/conditions-generales-de-vente-delobau-gmbh-co-kg\/#breadcrumb\"},\"inLanguage\":\"fr-FR\",\"potentialAction\":[{\"@type\":\"ReadAction\",\"target\":[\"https:\/\/www.elobau.com\/fr\/conditions-generales-de-vente-delobau-gmbh-co-kg\/\"]}]},{\"@type\":\"ImageObject\",\"inLanguage\":\"fr-FR\",\"@id\":\"https:\/\/www.elobau.com\/fr\/conditions-generales-de-vente-delobau-gmbh-co-kg\/#primaryimage\",\"url\":\"https:\/\/www.elobau.com\/wp-content\/uploads\/2018\/05\/tom8612-scaled.jpg\",\"contentUrl\":\"https:\/\/www.elobau.com\/wp-content\/uploads\/2018\/05\/tom8612-scaled.jpg\",\"width\":2560,\"height\":1707,\"caption\":\"_TOM8612\"},{\"@type\":\"BreadcrumbList\",\"@id\":\"https:\/\/www.elobau.com\/fr\/conditions-generales-de-vente-delobau-gmbh-co-kg\/#breadcrumb\",\"itemListElement\":[{\"@type\":\"ListItem\",\"position\":1,\"name\":\"Home\",\"item\":\"https:\/\/www.elobau.com\/fr\/\"},{\"@type\":\"ListItem\",\"position\":2,\"name\":\"Conditions g\u00e9n\u00e9rales de vente d\u2019elobau GmbH &#038; Co. KG\"}]},{\"@type\":\"WebSite\",\"@id\":\"https:\/\/www.elobau.com\/fr\/#website\",\"url\":\"https:\/\/www.elobau.com\/fr\/\",\"name\":\"elobau\",\"description\":\"elobau\",\"publisher\":{\"@id\":\"https:\/\/www.elobau.com\/fr\/#organization\"},\"potentialAction\":[{\"@type\":\"SearchAction\",\"target\":{\"@type\":\"EntryPoint\",\"urlTemplate\":\"https:\/\/www.elobau.com\/fr\/?s={search_term_string}\"},\"query-input\":{\"@type\":\"PropertyValueSpecification\",\"valueRequired\":true,\"valueName\":\"search_term_string\"}}],\"inLanguage\":\"fr-FR\"},{\"@type\":\"Organization\",\"@id\":\"https:\/\/www.elobau.com\/fr\/#organization\",\"name\":\"elobau GmbH & Co. KG\",\"url\":\"https:\/\/www.elobau.com\/fr\/\",\"logo\":{\"@type\":\"ImageObject\",\"inLanguage\":\"fr-FR\",\"@id\":\"https:\/\/www.elobau.com\/fr\/#\/schema\/logo\/image\/\",\"url\":\"https:\/\/www.elobau.com\/wp-content\/uploads\/2021\/03\/elobau_logo_claim_11_2020_cmyk.jpg\",\"contentUrl\":\"https:\/\/www.elobau.com\/wp-content\/uploads\/2021\/03\/elobau_logo_claim_11_2020_cmyk.jpg\",\"width\":2000,\"height\":676,\"caption\":\"elobau GmbH & Co. KG\"},\"image\":{\"@id\":\"https:\/\/www.elobau.com\/fr\/#\/schema\/logo\/image\/\"},\"sameAs\":[\"https:\/\/www.facebook.com\/elobauDACH\/\",\"https:\/\/www.instagram.com\/elobau_official\/?hl=de\",\"https:\/\/de.linkedin.com\/company\/elobau\",\"https:\/\/www.youtube.com\/user\/elobauWorld\"]}]}<\/script>","yoast_head_json":{"title":"Conditions G\u00e9n\u00e9rales de Vente | elobau","description":"D\u00e9couvrez les conditions g\u00e9n\u00e9rales de vente d'elobau GmbH et formez un partenariat fiable et durable pens\u00e9 pour l'avenir !","robots":{"index":"index","follow":"follow","max-snippet":"max-snippet:-1","max-image-preview":"max-image-preview:large","max-video-preview":"max-video-preview:-1"},"canonical":"https:\/\/www.elobau.com\/fr\/conditions-generales-de-vente-delobau-gmbh-co-kg\/","og_locale":"fr_FR","og_type":"article","og_title":"Conditions G\u00e9n\u00e9rales de Vente | elobau","og_description":"D\u00e9couvrez les conditions g\u00e9n\u00e9rales de vente d'elobau GmbH et formez un partenariat fiable et durable pens\u00e9 pour l'avenir !","og_url":"https:\/\/www.elobau.com\/fr\/conditions-generales-de-vente-delobau-gmbh-co-kg\/","og_site_name":"elobau","article_publisher":"https:\/\/www.facebook.com\/elobauDACH\/","article_modified_time":"2023-04-03T14:24:01+00:00","og_image":[{"width":2560,"height":1707,"url":"https:\/\/www.elobau.com\/wp-content\/uploads\/2018\/05\/tom8612-scaled.jpg","type":"image\/jpeg"}],"schema":{"@context":"https:\/\/schema.org","@graph":[{"@type":"WebPage","@id":"https:\/\/www.elobau.com\/fr\/conditions-generales-de-vente-delobau-gmbh-co-kg\/","url":"https:\/\/www.elobau.com\/fr\/conditions-generales-de-vente-delobau-gmbh-co-kg\/","name":"Conditions G\u00e9n\u00e9rales de Vente | elobau","isPartOf":{"@id":"https:\/\/www.elobau.com\/fr\/#website"},"primaryImageOfPage":{"@id":"https:\/\/www.elobau.com\/fr\/conditions-generales-de-vente-delobau-gmbh-co-kg\/#primaryimage"},"image":{"@id":"https:\/\/www.elobau.com\/fr\/conditions-generales-de-vente-delobau-gmbh-co-kg\/#primaryimage"},"thumbnailUrl":"https:\/\/www.elobau.com\/wp-content\/uploads\/2018\/05\/tom8612-scaled.jpg","datePublished":"2021-03-22T12:46:01+00:00","dateModified":"2023-04-03T14:24:01+00:00","description":"D\u00e9couvrez les conditions g\u00e9n\u00e9rales de vente d'elobau GmbH et formez un partenariat fiable et durable pens\u00e9 pour l'avenir !","breadcrumb":{"@id":"https:\/\/www.elobau.com\/fr\/conditions-generales-de-vente-delobau-gmbh-co-kg\/#breadcrumb"},"inLanguage":"fr-FR","potentialAction":[{"@type":"ReadAction","target":["https:\/\/www.elobau.com\/fr\/conditions-generales-de-vente-delobau-gmbh-co-kg\/"]}]},{"@type":"ImageObject","inLanguage":"fr-FR","@id":"https:\/\/www.elobau.com\/fr\/conditions-generales-de-vente-delobau-gmbh-co-kg\/#primaryimage","url":"https:\/\/www.elobau.com\/wp-content\/uploads\/2018\/05\/tom8612-scaled.jpg","contentUrl":"https:\/\/www.elobau.com\/wp-content\/uploads\/2018\/05\/tom8612-scaled.jpg","width":2560,"height":1707,"caption":"_TOM8612"},{"@type":"BreadcrumbList","@id":"https:\/\/www.elobau.com\/fr\/conditions-generales-de-vente-delobau-gmbh-co-kg\/#breadcrumb","itemListElement":[{"@type":"ListItem","position":1,"name":"Home","item":"https:\/\/www.elobau.com\/fr\/"},{"@type":"ListItem","position":2,"name":"Conditions g\u00e9n\u00e9rales de vente d\u2019elobau GmbH &#038; Co. KG"}]},{"@type":"WebSite","@id":"https:\/\/www.elobau.com\/fr\/#website","url":"https:\/\/www.elobau.com\/fr\/","name":"elobau","description":"elobau","publisher":{"@id":"https:\/\/www.elobau.com\/fr\/#organization"},"potentialAction":[{"@type":"SearchAction","target":{"@type":"EntryPoint","urlTemplate":"https:\/\/www.elobau.com\/fr\/?s={search_term_string}"},"query-input":{"@type":"PropertyValueSpecification","valueRequired":true,"valueName":"search_term_string"}}],"inLanguage":"fr-FR"},{"@type":"Organization","@id":"https:\/\/www.elobau.com\/fr\/#organization","name":"elobau GmbH & Co. KG","url":"https:\/\/www.elobau.com\/fr\/","logo":{"@type":"ImageObject","inLanguage":"fr-FR","@id":"https:\/\/www.elobau.com\/fr\/#\/schema\/logo\/image\/","url":"https:\/\/www.elobau.com\/wp-content\/uploads\/2021\/03\/elobau_logo_claim_11_2020_cmyk.jpg","contentUrl":"https:\/\/www.elobau.com\/wp-content\/uploads\/2021\/03\/elobau_logo_claim_11_2020_cmyk.jpg","width":2000,"height":676,"caption":"elobau GmbH & Co. KG"},"image":{"@id":"https:\/\/www.elobau.com\/fr\/#\/schema\/logo\/image\/"},"sameAs":["https:\/\/www.facebook.com\/elobauDACH\/","https:\/\/www.instagram.com\/elobau_official\/?hl=de","https:\/\/de.linkedin.com\/company\/elobau","https:\/\/www.youtube.com\/user\/elobauWorld"]}]}},"_links":{"self":[{"href":"https:\/\/www.elobau.com\/fr\/wp-json\/wp\/v2\/pages\/114283","targetHints":{"allow":["GET"]}}],"collection":[{"href":"https:\/\/www.elobau.com\/fr\/wp-json\/wp\/v2\/pages"}],"about":[{"href":"https:\/\/www.elobau.com\/fr\/wp-json\/wp\/v2\/types\/page"}],"author":[{"embeddable":true,"href":"https:\/\/www.elobau.com\/fr\/wp-json\/wp\/v2\/users\/31"}],"replies":[{"embeddable":true,"href":"https:\/\/www.elobau.com\/fr\/wp-json\/wp\/v2\/comments?post=114283"}],"version-history":[{"count":5,"href":"https:\/\/www.elobau.com\/fr\/wp-json\/wp\/v2\/pages\/114283\/revisions"}],"predecessor-version":[{"id":117694,"href":"https:\/\/www.elobau.com\/fr\/wp-json\/wp\/v2\/pages\/114283\/revisions\/117694"}],"wp:featuredmedia":[{"embeddable":true,"href":"https:\/\/www.elobau.com\/fr\/wp-json\/wp\/v2\/media\/14044"}],"wp:attachment":[{"href":"https:\/\/www.elobau.com\/fr\/wp-json\/wp\/v2\/media?parent=114283"}],"curies":[{"name":"wp","href":"https:\/\/api.w.org\/{rel}","templated":true}]}}