{"id":55362,"date":"2021-04-23T10:30:23","date_gmt":"2021-04-23T08:30:23","guid":{"rendered":"https:\/\/www.elobau.com\/?page_id=55362"},"modified":"2026-02-03T10:49:14","modified_gmt":"2026-02-03T09:49:14","slug":"nachhaltigkeit","status":"publish","type":"page","link":"https:\/\/www.elobau.com\/de\/nachhaltigkeit\/","title":{"rendered":"Nachhaltigkeit"},"content":{"rendered":"","protected":false},"excerpt":{"rendered":"<p>F\u00fcr uns ist es selbstverst\u00e4ndlich, unternehmerische Verantwortung zu \u00fcbernehmen, die weit \u00fcber unseren unmittelbaren T\u00e4tigkeitsbereich hinausgeht.<\/p>\n","protected":false},"author":31,"featured_media":110406,"parent":0,"menu_order":52,"comment_status":"closed","ping_status":"closed","template":"","meta":{"_acf_changed":false,"inline_featured_image":false,"footnotes":"","_links_to":"","_links_to_target":""},"class_list":["post-55362","page","type-page","status-publish","has-post-thumbnail","hentry"],"acf":[],"yoast_head":"<title>Nachhaltigkeit bei elobau | \u00d6kologie, \u00d6konomie und Soziales<\/title>\n<meta name=\"description\" content=\"Das Unternehmen elobau | Die Nachhaltigkeit spielt bei elobau eine zentrale Rolle | Mehr \u00fcber dieses zentrale Thema erfahren Sie hier!\" \/>\n<meta name=\"robots\" content=\"index, follow, max-snippet:-1, max-image-preview:large, max-video-preview:-1\" \/>\n<link rel=\"canonical\" href=\"https:\/\/www.elobau.com\/de\/nachhaltigkeit\/\" \/>\n<meta property=\"og:locale\" content=\"de_DE\" \/>\n<meta property=\"og:type\" content=\"article\" \/>\n<meta property=\"og:title\" content=\"Nachhaltigkeit bei elobau | \u00d6kologie, \u00d6konomie und Soziales\" \/>\n<meta property=\"og:description\" content=\"Das Unternehmen elobau | Die Nachhaltigkeit spielt bei elobau eine zentrale Rolle | Mehr \u00fcber dieses zentrale Thema erfahren Sie hier!\" \/>\n<meta property=\"og:url\" content=\"https:\/\/www.elobau.com\/de\/nachhaltigkeit\/\" \/>\n<meta property=\"og:site_name\" content=\"elobau\" \/>\n<meta property=\"article:publisher\" content=\"https:\/\/www.facebook.com\/elobauDACH\/\" \/>\n<meta property=\"article:modified_time\" content=\"2026-02-03T09:49:14+00:00\" \/>\n<meta property=\"og:image\" content=\"https:\/\/www.elobau.com\/wp-content\/uploads\/2022\/05\/elocompanion-berge.jpg\" \/>\n\t<meta property=\"og:image:width\" content=\"2000\" \/>\n\t<meta property=\"og:image:height\" content=\"1329\" \/>\n\t<meta property=\"og:image:type\" content=\"image\/jpeg\" \/>\n<meta name=\"twitter:label1\" content=\"Gesch\u00e4tzte Lesezeit\" \/>\n\t<meta name=\"twitter:data1\" content=\"12\u00a0Minuten\" \/>\n<script type=\"application\/ld+json\" class=\"yoast-schema-graph\">{\"@context\":\"https:\/\/schema.org\",\"@graph\":[{\"@type\":\"WebPage\",\"@id\":\"https:\/\/www.elobau.com\/de\/nachhaltigkeit\/\",\"url\":\"https:\/\/www.elobau.com\/de\/nachhaltigkeit\/\",\"name\":\"Nachhaltigkeit bei elobau | \u00d6kologie, \u00d6konomie und Soziales\",\"isPartOf\":{\"@id\":\"https:\/\/www.elobau.com\/de\/#website\"},\"primaryImageOfPage\":{\"@id\":\"https:\/\/www.elobau.com\/de\/nachhaltigkeit\/#primaryimage\"},\"image\":{\"@id\":\"https:\/\/www.elobau.com\/de\/nachhaltigkeit\/#primaryimage\"},\"thumbnailUrl\":\"https:\/\/www.elobau.com\/wp-content\/uploads\/2022\/05\/elocompanion-berge.jpg\",\"datePublished\":\"2021-04-23T08:30:23+00:00\",\"dateModified\":\"2026-02-03T09:49:14+00:00\",\"description\":\"Das Unternehmen elobau | Die Nachhaltigkeit spielt bei elobau eine zentrale Rolle | Mehr \u00fcber dieses zentrale Thema erfahren Sie hier!\",\"breadcrumb\":{\"@id\":\"https:\/\/www.elobau.com\/de\/nachhaltigkeit\/#breadcrumb\"},\"inLanguage\":\"de\",\"potentialAction\":[{\"@type\":\"ReadAction\",\"target\":[\"https:\/\/www.elobau.com\/de\/nachhaltigkeit\/\"]}]},{\"@type\":\"ImageObject\",\"inLanguage\":\"de\",\"@id\":\"https:\/\/www.elobau.com\/de\/nachhaltigkeit\/#primaryimage\",\"url\":\"https:\/\/www.elobau.com\/wp-content\/uploads\/2022\/05\/elocompanion-berge.jpg\",\"contentUrl\":\"https:\/\/www.elobau.com\/wp-content\/uploads\/2022\/05\/elocompanion-berge.jpg\",\"width\":2000,\"height\":1329,\"caption\":\"elocompanion berge\"},{\"@type\":\"BreadcrumbList\",\"@id\":\"https:\/\/www.elobau.com\/de\/nachhaltigkeit\/#breadcrumb\",\"itemListElement\":[{\"@type\":\"ListItem\",\"position\":1,\"name\":\"Home\",\"item\":\"https:\/\/www.elobau.com\/de\/\"},{\"@type\":\"ListItem\",\"position\":2,\"name\":\"Nachhaltigkeit\"}]},{\"@type\":\"WebSite\",\"@id\":\"https:\/\/www.elobau.com\/de\/#website\",\"url\":\"https:\/\/www.elobau.com\/de\/\",\"name\":\"elobau\",\"description\":\"elobau\",\"publisher\":{\"@id\":\"https:\/\/www.elobau.com\/de\/#organization\"},\"potentialAction\":[{\"@type\":\"SearchAction\",\"target\":{\"@type\":\"EntryPoint\",\"urlTemplate\":\"https:\/\/www.elobau.com\/de\/?s={search_term_string}\"},\"query-input\":{\"@type\":\"PropertyValueSpecification\",\"valueRequired\":true,\"valueName\":\"search_term_string\"}}],\"inLanguage\":\"de\"},{\"@type\":\"Organization\",\"@id\":\"https:\/\/www.elobau.com\/de\/#organization\",\"name\":\"elobau GmbH & Co. KG\",\"url\":\"https:\/\/www.elobau.com\/de\/\",\"logo\":{\"@type\":\"ImageObject\",\"inLanguage\":\"de\",\"@id\":\"https:\/\/www.elobau.com\/de\/#\/schema\/logo\/image\/\",\"url\":\"https:\/\/www.elobau.com\/wp-content\/uploads\/2021\/03\/elobau_logo_claim_11_2020_cmyk.jpg\",\"contentUrl\":\"https:\/\/www.elobau.com\/wp-content\/uploads\/2021\/03\/elobau_logo_claim_11_2020_cmyk.jpg\",\"width\":2000,\"height\":676,\"caption\":\"elobau GmbH & Co. KG\"},\"image\":{\"@id\":\"https:\/\/www.elobau.com\/de\/#\/schema\/logo\/image\/\"},\"sameAs\":[\"https:\/\/www.facebook.com\/elobauDACH\/\",\"https:\/\/www.instagram.com\/elobau_official\/?hl=de\",\"https:\/\/de.linkedin.com\/company\/elobau\",\"https:\/\/www.youtube.com\/user\/elobauWorld\"]}]}<\/script>","yoast_head_json":{"title":"Nachhaltigkeit bei elobau | \u00d6kologie, \u00d6konomie und Soziales","description":"Das Unternehmen elobau | Die Nachhaltigkeit spielt bei elobau eine zentrale Rolle | Mehr \u00fcber dieses zentrale Thema erfahren Sie hier!","robots":{"index":"index","follow":"follow","max-snippet":"max-snippet:-1","max-image-preview":"max-image-preview:large","max-video-preview":"max-video-preview:-1"},"canonical":"https:\/\/www.elobau.com\/de\/nachhaltigkeit\/","og_locale":"de_DE","og_type":"article","og_title":"Nachhaltigkeit bei elobau | \u00d6kologie, \u00d6konomie und Soziales","og_description":"Das Unternehmen elobau | Die Nachhaltigkeit spielt bei elobau eine zentrale Rolle | Mehr \u00fcber dieses zentrale Thema erfahren Sie hier!","og_url":"https:\/\/www.elobau.com\/de\/nachhaltigkeit\/","og_site_name":"elobau","article_publisher":"https:\/\/www.facebook.com\/elobauDACH\/","article_modified_time":"2026-02-03T09:49:14+00:00","og_image":[{"width":2000,"height":1329,"url":"https:\/\/www.elobau.com\/wp-content\/uploads\/2022\/05\/elocompanion-berge.jpg","type":"image\/jpeg"}],"twitter_misc":{"Gesch\u00e4tzte Lesezeit":"12\u00a0Minuten"},"schema":{"@context":"https:\/\/schema.org","@graph":[{"@type":"WebPage","@id":"https:\/\/www.elobau.com\/de\/nachhaltigkeit\/","url":"https:\/\/www.elobau.com\/de\/nachhaltigkeit\/","name":"Nachhaltigkeit bei elobau | \u00d6kologie, \u00d6konomie und Soziales","isPartOf":{"@id":"https:\/\/www.elobau.com\/de\/#website"},"primaryImageOfPage":{"@id":"https:\/\/www.elobau.com\/de\/nachhaltigkeit\/#primaryimage"},"image":{"@id":"https:\/\/www.elobau.com\/de\/nachhaltigkeit\/#primaryimage"},"thumbnailUrl":"https:\/\/www.elobau.com\/wp-content\/uploads\/2022\/05\/elocompanion-berge.jpg","datePublished":"2021-04-23T08:30:23+00:00","dateModified":"2026-02-03T09:49:14+00:00","description":"Das Unternehmen elobau | Die Nachhaltigkeit spielt bei elobau eine zentrale Rolle | Mehr \u00fcber dieses zentrale Thema erfahren Sie hier!","breadcrumb":{"@id":"https:\/\/www.elobau.com\/de\/nachhaltigkeit\/#breadcrumb"},"inLanguage":"de","potentialAction":[{"@type":"ReadAction","target":["https:\/\/www.elobau.com\/de\/nachhaltigkeit\/"]}]},{"@type":"ImageObject","inLanguage":"de","@id":"https:\/\/www.elobau.com\/de\/nachhaltigkeit\/#primaryimage","url":"https:\/\/www.elobau.com\/wp-content\/uploads\/2022\/05\/elocompanion-berge.jpg","contentUrl":"https:\/\/www.elobau.com\/wp-content\/uploads\/2022\/05\/elocompanion-berge.jpg","width":2000,"height":1329,"caption":"elocompanion berge"},{"@type":"BreadcrumbList","@id":"https:\/\/www.elobau.com\/de\/nachhaltigkeit\/#breadcrumb","itemListElement":[{"@type":"ListItem","position":1,"name":"Home","item":"https:\/\/www.elobau.com\/de\/"},{"@type":"ListItem","position":2,"name":"Nachhaltigkeit"}]},{"@type":"WebSite","@id":"https:\/\/www.elobau.com\/de\/#website","url":"https:\/\/www.elobau.com\/de\/","name":"elobau","description":"elobau","publisher":{"@id":"https:\/\/www.elobau.com\/de\/#organization"},"potentialAction":[{"@type":"SearchAction","target":{"@type":"EntryPoint","urlTemplate":"https:\/\/www.elobau.com\/de\/?s={search_term_string}"},"query-input":{"@type":"PropertyValueSpecification","valueRequired":true,"valueName":"search_term_string"}}],"inLanguage":"de"},{"@type":"Organization","@id":"https:\/\/www.elobau.com\/de\/#organization","name":"elobau GmbH & Co. KG","url":"https:\/\/www.elobau.com\/de\/","logo":{"@type":"ImageObject","inLanguage":"de","@id":"https:\/\/www.elobau.com\/de\/#\/schema\/logo\/image\/","url":"https:\/\/www.elobau.com\/wp-content\/uploads\/2021\/03\/elobau_logo_claim_11_2020_cmyk.jpg","contentUrl":"https:\/\/www.elobau.com\/wp-content\/uploads\/2021\/03\/elobau_logo_claim_11_2020_cmyk.jpg","width":2000,"height":676,"caption":"elobau GmbH & Co. KG"},"image":{"@id":"https:\/\/www.elobau.com\/de\/#\/schema\/logo\/image\/"},"sameAs":["https:\/\/www.facebook.com\/elobauDACH\/","https:\/\/www.instagram.com\/elobau_official\/?hl=de","https:\/\/de.linkedin.com\/company\/elobau","https:\/\/www.youtube.com\/user\/elobauWorld"]}]}},"_links":{"self":[{"href":"https:\/\/www.elobau.com\/de\/wp-json\/wp\/v2\/pages\/55362","targetHints":{"allow":["GET"]}}],"collection":[{"href":"https:\/\/www.elobau.com\/de\/wp-json\/wp\/v2\/pages"}],"about":[{"href":"https:\/\/www.elobau.com\/de\/wp-json\/wp\/v2\/types\/page"}],"author":[{"embeddable":true,"href":"https:\/\/www.elobau.com\/de\/wp-json\/wp\/v2\/users\/31"}],"replies":[{"embeddable":true,"href":"https:\/\/www.elobau.com\/de\/wp-json\/wp\/v2\/comments?post=55362"}],"version-history":[{"count":10,"href":"https:\/\/www.elobau.com\/de\/wp-json\/wp\/v2\/pages\/55362\/revisions"}],"predecessor-version":[{"id":124590,"href":"https:\/\/www.elobau.com\/de\/wp-json\/wp\/v2\/pages\/55362\/revisions\/124590"}],"wp:featuredmedia":[{"embeddable":true,"href":"https:\/\/www.elobau.com\/de\/wp-json\/wp\/v2\/media\/110406"}],"wp:attachment":[{"href":"https:\/\/www.elobau.com\/de\/wp-json\/wp\/v2\/media?parent=55362"}],"curies":[{"name":"wp","href":"https:\/\/api.w.org\/{rel}","templated":true}]}}