{"id":4722,"date":"2018-02-22T09:00:22","date_gmt":"2018-02-22T09:00:22","guid":{"rendered":"https:\/\/www.elobau.com\/?page_id=4722"},"modified":"2024-02-16T13:02:38","modified_gmt":"2024-02-16T12:02:38","slug":"individuelle-fuellstandsmessung","status":"publish","type":"page","link":"https:\/\/www.elobau.com\/de\/individuelle-fuellstandsmessung\/","title":{"rendered":"Individuelle F\u00fcllstandsmessung"},"content":{"rendered":"","protected":false},"excerpt":{"rendered":"","protected":false},"author":3,"featured_media":0,"parent":0,"menu_order":29,"comment_status":"closed","ping_status":"closed","template":"","meta":{"_acf_changed":false,"inline_featured_image":false,"footnotes":"","_links_to":"","_links_to_target":""},"class_list":["post-4722","page","type-page","status-publish","hentry"],"acf":[],"yoast_head":"<title>Individuelle F\u00fcllstandsmessung | L\u00f6sungen f\u00fcr Anwendungen | elobau<\/title>\n<meta name=\"description\" content=\"Effektive, verl\u00e4ssliche und kosteng\u00fcnstige F\u00fcllstandsmessung | Individuelle F\u00fcllstandsmessung f\u00fcr auf Ihre Bed\u00fcrfnisse hin entwickelt | Mehr erfahren!\" \/>\n<meta name=\"robots\" content=\"index, follow, max-snippet:-1, max-image-preview:large, max-video-preview:-1\" \/>\n<link rel=\"canonical\" href=\"https:\/\/www.elobau.com\/de\/individuelle-fuellstandsmessung\/\" \/>\n<meta property=\"og:locale\" content=\"de_DE\" \/>\n<meta property=\"og:type\" content=\"article\" \/>\n<meta property=\"og:title\" content=\"Individuelle F\u00fcllstandsmessung | L\u00f6sungen f\u00fcr Anwendungen | elobau\" \/>\n<meta property=\"og:description\" content=\"Effektive, verl\u00e4ssliche und kosteng\u00fcnstige F\u00fcllstandsmessung | Individuelle F\u00fcllstandsmessung f\u00fcr auf Ihre Bed\u00fcrfnisse hin entwickelt | Mehr erfahren!\" \/>\n<meta property=\"og:url\" content=\"https:\/\/www.elobau.com\/de\/individuelle-fuellstandsmessung\/\" \/>\n<meta property=\"og:site_name\" content=\"elobau\" \/>\n<meta property=\"article:publisher\" content=\"https:\/\/www.facebook.com\/elobauDACH\/\" \/>\n<meta property=\"article:modified_time\" content=\"2024-02-16T12:02:38+00:00\" \/>\n<meta property=\"og:image\" content=\"https:\/\/www.elobau.com\/wp-content\/uploads\/2021\/03\/elobau_logo_claim_11_2020_cmyk.jpg\" \/>\n\t<meta property=\"og:image:width\" content=\"2000\" \/>\n\t<meta property=\"og:image:height\" content=\"676\" \/>\n\t<meta property=\"og:image:type\" content=\"image\/jpeg\" \/>\n<meta name=\"twitter:label1\" content=\"Gesch\u00e4tzte Lesezeit\" \/>\n\t<meta name=\"twitter:data1\" content=\"4\u00a0Minuten\" \/>\n<script type=\"application\/ld+json\" class=\"yoast-schema-graph\">{\"@context\":\"https:\\\/\\\/schema.org\",\"@graph\":[{\"@type\":\"WebPage\",\"@id\":\"https:\\\/\\\/www.elobau.com\\\/de\\\/individuelle-fuellstandsmessung\\\/\",\"url\":\"https:\\\/\\\/www.elobau.com\\\/de\\\/individuelle-fuellstandsmessung\\\/\",\"name\":\"Individuelle F\u00fcllstandsmessung | L\u00f6sungen f\u00fcr Anwendungen | elobau\",\"isPartOf\":{\"@id\":\"https:\\\/\\\/www.elobau.com\\\/de\\\/#website\"},\"datePublished\":\"2018-02-22T09:00:22+00:00\",\"dateModified\":\"2024-02-16T12:02:38+00:00\",\"description\":\"Effektive, verl\u00e4ssliche und kosteng\u00fcnstige F\u00fcllstandsmessung | Individuelle F\u00fcllstandsmessung f\u00fcr auf Ihre Bed\u00fcrfnisse hin entwickelt | Mehr erfahren!\",\"breadcrumb\":{\"@id\":\"https:\\\/\\\/www.elobau.com\\\/de\\\/individuelle-fuellstandsmessung\\\/#breadcrumb\"},\"inLanguage\":\"de\",\"potentialAction\":[{\"@type\":\"ReadAction\",\"target\":[\"https:\\\/\\\/www.elobau.com\\\/de\\\/individuelle-fuellstandsmessung\\\/\"]}]},{\"@type\":\"BreadcrumbList\",\"@id\":\"https:\\\/\\\/www.elobau.com\\\/de\\\/individuelle-fuellstandsmessung\\\/#breadcrumb\",\"itemListElement\":[{\"@type\":\"ListItem\",\"position\":1,\"name\":\"Home\",\"item\":\"https:\\\/\\\/www.elobau.com\\\/de\\\/\"},{\"@type\":\"ListItem\",\"position\":2,\"name\":\"Individuelle F\u00fcllstandsmessung\"}]},{\"@type\":\"WebSite\",\"@id\":\"https:\\\/\\\/www.elobau.com\\\/de\\\/#website\",\"url\":\"https:\\\/\\\/www.elobau.com\\\/de\\\/\",\"name\":\"elobau\",\"description\":\"elobau\",\"publisher\":{\"@id\":\"https:\\\/\\\/www.elobau.com\\\/de\\\/#organization\"},\"potentialAction\":[{\"@type\":\"SearchAction\",\"target\":{\"@type\":\"EntryPoint\",\"urlTemplate\":\"https:\\\/\\\/www.elobau.com\\\/de\\\/?s={search_term_string}\"},\"query-input\":{\"@type\":\"PropertyValueSpecification\",\"valueRequired\":true,\"valueName\":\"search_term_string\"}}],\"inLanguage\":\"de\"},{\"@type\":\"Organization\",\"@id\":\"https:\\\/\\\/www.elobau.com\\\/de\\\/#organization\",\"name\":\"elobau GmbH & Co. KG\",\"url\":\"https:\\\/\\\/www.elobau.com\\\/de\\\/\",\"logo\":{\"@type\":\"ImageObject\",\"inLanguage\":\"de\",\"@id\":\"https:\\\/\\\/www.elobau.com\\\/de\\\/#\\\/schema\\\/logo\\\/image\\\/\",\"url\":\"https:\\\/\\\/www.elobau.com\\\/wp-content\\\/uploads\\\/2021\\\/03\\\/elobau_logo_claim_11_2020_cmyk.jpg\",\"contentUrl\":\"https:\\\/\\\/www.elobau.com\\\/wp-content\\\/uploads\\\/2021\\\/03\\\/elobau_logo_claim_11_2020_cmyk.jpg\",\"width\":2000,\"height\":676,\"caption\":\"elobau GmbH & Co. KG\"},\"image\":{\"@id\":\"https:\\\/\\\/www.elobau.com\\\/de\\\/#\\\/schema\\\/logo\\\/image\\\/\"},\"sameAs\":[\"https:\\\/\\\/www.facebook.com\\\/elobauDACH\\\/\",\"https:\\\/\\\/www.instagram.com\\\/elobau_official\\\/?hl=de\",\"https:\\\/\\\/de.linkedin.com\\\/company\\\/elobau\",\"https:\\\/\\\/www.youtube.com\\\/user\\\/elobauWorld\"]}]}<\/script>","yoast_head_json":{"title":"Individuelle F\u00fcllstandsmessung | L\u00f6sungen f\u00fcr Anwendungen | elobau","description":"Effektive, verl\u00e4ssliche und kosteng\u00fcnstige F\u00fcllstandsmessung | Individuelle F\u00fcllstandsmessung f\u00fcr auf Ihre Bed\u00fcrfnisse hin entwickelt | Mehr erfahren!","robots":{"index":"index","follow":"follow","max-snippet":"max-snippet:-1","max-image-preview":"max-image-preview:large","max-video-preview":"max-video-preview:-1"},"canonical":"https:\/\/www.elobau.com\/de\/individuelle-fuellstandsmessung\/","og_locale":"de_DE","og_type":"article","og_title":"Individuelle F\u00fcllstandsmessung | L\u00f6sungen f\u00fcr Anwendungen | elobau","og_description":"Effektive, verl\u00e4ssliche und kosteng\u00fcnstige F\u00fcllstandsmessung | Individuelle F\u00fcllstandsmessung f\u00fcr auf Ihre Bed\u00fcrfnisse hin entwickelt | Mehr erfahren!","og_url":"https:\/\/www.elobau.com\/de\/individuelle-fuellstandsmessung\/","og_site_name":"elobau","article_publisher":"https:\/\/www.facebook.com\/elobauDACH\/","article_modified_time":"2024-02-16T12:02:38+00:00","og_image":[{"width":2000,"height":676,"url":"https:\/\/www.elobau.com\/wp-content\/uploads\/2021\/03\/elobau_logo_claim_11_2020_cmyk.jpg","type":"image\/jpeg"}],"twitter_misc":{"Gesch\u00e4tzte Lesezeit":"4\u00a0Minuten"},"schema":{"@context":"https:\/\/schema.org","@graph":[{"@type":"WebPage","@id":"https:\/\/www.elobau.com\/de\/individuelle-fuellstandsmessung\/","url":"https:\/\/www.elobau.com\/de\/individuelle-fuellstandsmessung\/","name":"Individuelle F\u00fcllstandsmessung | L\u00f6sungen f\u00fcr Anwendungen | elobau","isPartOf":{"@id":"https:\/\/www.elobau.com\/de\/#website"},"datePublished":"2018-02-22T09:00:22+00:00","dateModified":"2024-02-16T12:02:38+00:00","description":"Effektive, verl\u00e4ssliche und kosteng\u00fcnstige F\u00fcllstandsmessung | Individuelle F\u00fcllstandsmessung f\u00fcr auf Ihre Bed\u00fcrfnisse hin entwickelt | Mehr erfahren!","breadcrumb":{"@id":"https:\/\/www.elobau.com\/de\/individuelle-fuellstandsmessung\/#breadcrumb"},"inLanguage":"de","potentialAction":[{"@type":"ReadAction","target":["https:\/\/www.elobau.com\/de\/individuelle-fuellstandsmessung\/"]}]},{"@type":"BreadcrumbList","@id":"https:\/\/www.elobau.com\/de\/individuelle-fuellstandsmessung\/#breadcrumb","itemListElement":[{"@type":"ListItem","position":1,"name":"Home","item":"https:\/\/www.elobau.com\/de\/"},{"@type":"ListItem","position":2,"name":"Individuelle F\u00fcllstandsmessung"}]},{"@type":"WebSite","@id":"https:\/\/www.elobau.com\/de\/#website","url":"https:\/\/www.elobau.com\/de\/","name":"elobau","description":"elobau","publisher":{"@id":"https:\/\/www.elobau.com\/de\/#organization"},"potentialAction":[{"@type":"SearchAction","target":{"@type":"EntryPoint","urlTemplate":"https:\/\/www.elobau.com\/de\/?s={search_term_string}"},"query-input":{"@type":"PropertyValueSpecification","valueRequired":true,"valueName":"search_term_string"}}],"inLanguage":"de"},{"@type":"Organization","@id":"https:\/\/www.elobau.com\/de\/#organization","name":"elobau GmbH & Co. KG","url":"https:\/\/www.elobau.com\/de\/","logo":{"@type":"ImageObject","inLanguage":"de","@id":"https:\/\/www.elobau.com\/de\/#\/schema\/logo\/image\/","url":"https:\/\/www.elobau.com\/wp-content\/uploads\/2021\/03\/elobau_logo_claim_11_2020_cmyk.jpg","contentUrl":"https:\/\/www.elobau.com\/wp-content\/uploads\/2021\/03\/elobau_logo_claim_11_2020_cmyk.jpg","width":2000,"height":676,"caption":"elobau GmbH & Co. KG"},"image":{"@id":"https:\/\/www.elobau.com\/de\/#\/schema\/logo\/image\/"},"sameAs":["https:\/\/www.facebook.com\/elobauDACH\/","https:\/\/www.instagram.com\/elobau_official\/?hl=de","https:\/\/de.linkedin.com\/company\/elobau","https:\/\/www.youtube.com\/user\/elobauWorld"]}]}},"_links":{"self":[{"href":"https:\/\/www.elobau.com\/de\/wp-json\/wp\/v2\/pages\/4722","targetHints":{"allow":["GET"]}}],"collection":[{"href":"https:\/\/www.elobau.com\/de\/wp-json\/wp\/v2\/pages"}],"about":[{"href":"https:\/\/www.elobau.com\/de\/wp-json\/wp\/v2\/types\/page"}],"author":[{"embeddable":true,"href":"https:\/\/www.elobau.com\/de\/wp-json\/wp\/v2\/users\/3"}],"replies":[{"embeddable":true,"href":"https:\/\/www.elobau.com\/de\/wp-json\/wp\/v2\/comments?post=4722"}],"version-history":[{"count":10,"href":"https:\/\/www.elobau.com\/de\/wp-json\/wp\/v2\/pages\/4722\/revisions"}],"predecessor-version":[{"id":121227,"href":"https:\/\/www.elobau.com\/de\/wp-json\/wp\/v2\/pages\/4722\/revisions\/121227"}],"wp:attachment":[{"href":"https:\/\/www.elobau.com\/de\/wp-json\/wp\/v2\/media?parent=4722"}],"curies":[{"name":"wp","href":"https:\/\/api.w.org\/{rel}","templated":true}]}}