{"id":19512,"date":"2019-05-09T07:55:41","date_gmt":"2019-05-09T07:55:41","guid":{"rendered":"https:\/\/www.elobau.com\/?page_id=19512"},"modified":"2022-03-01T15:14:45","modified_gmt":"2022-03-01T14:14:45","slug":"sensorik-allgemeine-information","status":"publish","type":"page","link":"https:\/\/www.elobau.com\/de\/sensorik-allgemeine-information\/","title":{"rendered":"Sensorik \u2013 Allgemeine Information"},"content":{"rendered":"","protected":false},"excerpt":{"rendered":"","protected":false},"author":4,"featured_media":0,"parent":0,"menu_order":5,"comment_status":"closed","ping_status":"closed","template":"","meta":{"_acf_changed":false,"inline_featured_image":false,"footnotes":"","_links_to":"","_links_to_target":""},"class_list":["post-19512","page","type-page","status-publish","hentry"],"acf":[],"yoast_head":"<title>Sensorik | f\u00fcr den mobilen und industriellen Einsatz | elobau<\/title>\n<meta name=\"description\" content=\"Zuverl\u00e4ssige Sensoren f\u00fcr industrielle Anwendungen | Ultraschall-, Neigung-, Winkel-, N\u00e4herungs- und Positionssensoren | Mehr erfahren!\" \/>\n<meta name=\"robots\" content=\"index, follow, max-snippet:-1, max-image-preview:large, max-video-preview:-1\" \/>\n<link rel=\"canonical\" href=\"https:\/\/www.elobau.com\/de\/sensorik-allgemeine-information\/\" \/>\n<meta property=\"og:locale\" content=\"de_DE\" \/>\n<meta property=\"og:type\" content=\"article\" \/>\n<meta property=\"og:title\" content=\"Sensorik | f\u00fcr den mobilen und industriellen Einsatz | elobau\" \/>\n<meta property=\"og:description\" content=\"Zuverl\u00e4ssige Sensoren f\u00fcr industrielle Anwendungen | Ultraschall-, Neigung-, Winkel-, N\u00e4herungs- und Positionssensoren | Mehr erfahren!\" \/>\n<meta property=\"og:url\" content=\"https:\/\/www.elobau.com\/de\/sensorik-allgemeine-information\/\" \/>\n<meta property=\"og:site_name\" content=\"elobau\" \/>\n<meta property=\"article:publisher\" content=\"https:\/\/www.facebook.com\/elobauDACH\/\" \/>\n<meta property=\"article:modified_time\" content=\"2022-03-01T14:14:45+00:00\" \/>\n<meta property=\"og:image\" content=\"https:\/\/www.elobau.com\/wp-content\/uploads\/2021\/03\/elobau_logo_claim_11_2020_cmyk.jpg\" \/>\n\t<meta property=\"og:image:width\" content=\"2000\" \/>\n\t<meta property=\"og:image:height\" content=\"676\" \/>\n\t<meta property=\"og:image:type\" content=\"image\/jpeg\" \/>\n<script type=\"application\/ld+json\" class=\"yoast-schema-graph\">{\"@context\":\"https:\\\/\\\/schema.org\",\"@graph\":[{\"@type\":\"WebPage\",\"@id\":\"https:\\\/\\\/www.elobau.com\\\/de\\\/sensorik-allgemeine-information\\\/\",\"url\":\"https:\\\/\\\/www.elobau.com\\\/de\\\/sensorik-allgemeine-information\\\/\",\"name\":\"Sensorik | f\u00fcr den mobilen und industriellen Einsatz | elobau\",\"isPartOf\":{\"@id\":\"https:\\\/\\\/www.elobau.com\\\/de\\\/#website\"},\"datePublished\":\"2019-05-09T07:55:41+00:00\",\"dateModified\":\"2022-03-01T14:14:45+00:00\",\"description\":\"Zuverl\u00e4ssige Sensoren f\u00fcr industrielle Anwendungen | Ultraschall-, Neigung-, Winkel-, N\u00e4herungs- und Positionssensoren | Mehr erfahren!\",\"breadcrumb\":{\"@id\":\"https:\\\/\\\/www.elobau.com\\\/de\\\/sensorik-allgemeine-information\\\/#breadcrumb\"},\"inLanguage\":\"de\",\"potentialAction\":[{\"@type\":\"ReadAction\",\"target\":[\"https:\\\/\\\/www.elobau.com\\\/de\\\/sensorik-allgemeine-information\\\/\"]}]},{\"@type\":\"BreadcrumbList\",\"@id\":\"https:\\\/\\\/www.elobau.com\\\/de\\\/sensorik-allgemeine-information\\\/#breadcrumb\",\"itemListElement\":[{\"@type\":\"ListItem\",\"position\":1,\"name\":\"Home\",\"item\":\"https:\\\/\\\/www.elobau.com\\\/de\\\/\"},{\"@type\":\"ListItem\",\"position\":2,\"name\":\"Sensorik \u2013 Allgemeine Information\"}]},{\"@type\":\"WebSite\",\"@id\":\"https:\\\/\\\/www.elobau.com\\\/de\\\/#website\",\"url\":\"https:\\\/\\\/www.elobau.com\\\/de\\\/\",\"name\":\"elobau\",\"description\":\"elobau\",\"publisher\":{\"@id\":\"https:\\\/\\\/www.elobau.com\\\/de\\\/#organization\"},\"potentialAction\":[{\"@type\":\"SearchAction\",\"target\":{\"@type\":\"EntryPoint\",\"urlTemplate\":\"https:\\\/\\\/www.elobau.com\\\/de\\\/?s={search_term_string}\"},\"query-input\":{\"@type\":\"PropertyValueSpecification\",\"valueRequired\":true,\"valueName\":\"search_term_string\"}}],\"inLanguage\":\"de\"},{\"@type\":\"Organization\",\"@id\":\"https:\\\/\\\/www.elobau.com\\\/de\\\/#organization\",\"name\":\"elobau GmbH & Co. KG\",\"url\":\"https:\\\/\\\/www.elobau.com\\\/de\\\/\",\"logo\":{\"@type\":\"ImageObject\",\"inLanguage\":\"de\",\"@id\":\"https:\\\/\\\/www.elobau.com\\\/de\\\/#\\\/schema\\\/logo\\\/image\\\/\",\"url\":\"https:\\\/\\\/www.elobau.com\\\/wp-content\\\/uploads\\\/2021\\\/03\\\/elobau_logo_claim_11_2020_cmyk.jpg\",\"contentUrl\":\"https:\\\/\\\/www.elobau.com\\\/wp-content\\\/uploads\\\/2021\\\/03\\\/elobau_logo_claim_11_2020_cmyk.jpg\",\"width\":2000,\"height\":676,\"caption\":\"elobau GmbH & Co. KG\"},\"image\":{\"@id\":\"https:\\\/\\\/www.elobau.com\\\/de\\\/#\\\/schema\\\/logo\\\/image\\\/\"},\"sameAs\":[\"https:\\\/\\\/www.facebook.com\\\/elobauDACH\\\/\",\"https:\\\/\\\/www.instagram.com\\\/elobau_official\\\/?hl=de\",\"https:\\\/\\\/de.linkedin.com\\\/company\\\/elobau\",\"https:\\\/\\\/www.youtube.com\\\/user\\\/elobauWorld\"]}]}<\/script>","yoast_head_json":{"title":"Sensorik | f\u00fcr den mobilen und industriellen Einsatz | elobau","description":"Zuverl\u00e4ssige Sensoren f\u00fcr industrielle Anwendungen | Ultraschall-, Neigung-, Winkel-, N\u00e4herungs- und Positionssensoren | Mehr erfahren!","robots":{"index":"index","follow":"follow","max-snippet":"max-snippet:-1","max-image-preview":"max-image-preview:large","max-video-preview":"max-video-preview:-1"},"canonical":"https:\/\/www.elobau.com\/de\/sensorik-allgemeine-information\/","og_locale":"de_DE","og_type":"article","og_title":"Sensorik | f\u00fcr den mobilen und industriellen Einsatz | elobau","og_description":"Zuverl\u00e4ssige Sensoren f\u00fcr industrielle Anwendungen | Ultraschall-, Neigung-, Winkel-, N\u00e4herungs- und Positionssensoren | Mehr erfahren!","og_url":"https:\/\/www.elobau.com\/de\/sensorik-allgemeine-information\/","og_site_name":"elobau","article_publisher":"https:\/\/www.facebook.com\/elobauDACH\/","article_modified_time":"2022-03-01T14:14:45+00:00","og_image":[{"width":2000,"height":676,"url":"https:\/\/www.elobau.com\/wp-content\/uploads\/2021\/03\/elobau_logo_claim_11_2020_cmyk.jpg","type":"image\/jpeg"}],"schema":{"@context":"https:\/\/schema.org","@graph":[{"@type":"WebPage","@id":"https:\/\/www.elobau.com\/de\/sensorik-allgemeine-information\/","url":"https:\/\/www.elobau.com\/de\/sensorik-allgemeine-information\/","name":"Sensorik | f\u00fcr den mobilen und industriellen Einsatz | elobau","isPartOf":{"@id":"https:\/\/www.elobau.com\/de\/#website"},"datePublished":"2019-05-09T07:55:41+00:00","dateModified":"2022-03-01T14:14:45+00:00","description":"Zuverl\u00e4ssige Sensoren f\u00fcr industrielle Anwendungen | Ultraschall-, Neigung-, Winkel-, N\u00e4herungs- und Positionssensoren | Mehr erfahren!","breadcrumb":{"@id":"https:\/\/www.elobau.com\/de\/sensorik-allgemeine-information\/#breadcrumb"},"inLanguage":"de","potentialAction":[{"@type":"ReadAction","target":["https:\/\/www.elobau.com\/de\/sensorik-allgemeine-information\/"]}]},{"@type":"BreadcrumbList","@id":"https:\/\/www.elobau.com\/de\/sensorik-allgemeine-information\/#breadcrumb","itemListElement":[{"@type":"ListItem","position":1,"name":"Home","item":"https:\/\/www.elobau.com\/de\/"},{"@type":"ListItem","position":2,"name":"Sensorik \u2013 Allgemeine Information"}]},{"@type":"WebSite","@id":"https:\/\/www.elobau.com\/de\/#website","url":"https:\/\/www.elobau.com\/de\/","name":"elobau","description":"elobau","publisher":{"@id":"https:\/\/www.elobau.com\/de\/#organization"},"potentialAction":[{"@type":"SearchAction","target":{"@type":"EntryPoint","urlTemplate":"https:\/\/www.elobau.com\/de\/?s={search_term_string}"},"query-input":{"@type":"PropertyValueSpecification","valueRequired":true,"valueName":"search_term_string"}}],"inLanguage":"de"},{"@type":"Organization","@id":"https:\/\/www.elobau.com\/de\/#organization","name":"elobau GmbH & Co. KG","url":"https:\/\/www.elobau.com\/de\/","logo":{"@type":"ImageObject","inLanguage":"de","@id":"https:\/\/www.elobau.com\/de\/#\/schema\/logo\/image\/","url":"https:\/\/www.elobau.com\/wp-content\/uploads\/2021\/03\/elobau_logo_claim_11_2020_cmyk.jpg","contentUrl":"https:\/\/www.elobau.com\/wp-content\/uploads\/2021\/03\/elobau_logo_claim_11_2020_cmyk.jpg","width":2000,"height":676,"caption":"elobau GmbH & Co. KG"},"image":{"@id":"https:\/\/www.elobau.com\/de\/#\/schema\/logo\/image\/"},"sameAs":["https:\/\/www.facebook.com\/elobauDACH\/","https:\/\/www.instagram.com\/elobau_official\/?hl=de","https:\/\/de.linkedin.com\/company\/elobau","https:\/\/www.youtube.com\/user\/elobauWorld"]}]}},"_links":{"self":[{"href":"https:\/\/www.elobau.com\/de\/wp-json\/wp\/v2\/pages\/19512","targetHints":{"allow":["GET"]}}],"collection":[{"href":"https:\/\/www.elobau.com\/de\/wp-json\/wp\/v2\/pages"}],"about":[{"href":"https:\/\/www.elobau.com\/de\/wp-json\/wp\/v2\/types\/page"}],"author":[{"embeddable":true,"href":"https:\/\/www.elobau.com\/de\/wp-json\/wp\/v2\/users\/4"}],"replies":[{"embeddable":true,"href":"https:\/\/www.elobau.com\/de\/wp-json\/wp\/v2\/comments?post=19512"}],"version-history":[{"count":6,"href":"https:\/\/www.elobau.com\/de\/wp-json\/wp\/v2\/pages\/19512\/revisions"}],"predecessor-version":[{"id":49748,"href":"https:\/\/www.elobau.com\/de\/wp-json\/wp\/v2\/pages\/19512\/revisions\/49748"}],"wp:attachment":[{"href":"https:\/\/www.elobau.com\/de\/wp-json\/wp\/v2\/media?parent=19512"}],"curies":[{"name":"wp","href":"https:\/\/api.w.org\/{rel}","templated":true}]}}