{"id":121532,"date":"2024-04-10T14:57:24","date_gmt":"2024-04-10T12:57:24","guid":{"rendered":"https:\/\/www.elobau.com\/?page_id=121532"},"modified":"2024-10-01T16:54:21","modified_gmt":"2024-10-01T14:54:21","slug":"studi-wg","status":"publish","type":"page","link":"https:\/\/www.elobau.com\/de\/karriere\/studentinnen-und-studenten\/studi-wg\/","title":{"rendered":"Studi-WG"},"content":{"rendered":"","protected":false},"excerpt":{"rendered":"","protected":false},"author":31,"featured_media":0,"parent":103849,"menu_order":0,"comment_status":"closed","ping_status":"closed","template":"","meta":{"_acf_changed":false,"inline_featured_image":false,"footnotes":"","_links_to":"","_links_to_target":""},"class_list":["post-121532","page","type-page","status-publish","hentry"],"acf":[],"yoast_head":"<title>Studi-WG von elobau<\/title>\n<meta name=\"description\" content=\"Die elobau Studi-WG ist eine ger\u00e4umige 4-Zimmer-Wohnung im Mitarbeiterhaus, in der Praktikanten*innen w\u00e4hrend ihres Praxissemesters kostenlos wohnen d\u00fcrfen.\" \/>\n<meta name=\"robots\" content=\"index, follow, max-snippet:-1, max-image-preview:large, max-video-preview:-1\" \/>\n<link rel=\"canonical\" href=\"https:\/\/www.elobau.com\/de\/karriere\/studentinnen-und-studenten\/studi-wg\/\" \/>\n<meta property=\"og:locale\" content=\"de_DE\" \/>\n<meta property=\"og:type\" content=\"article\" \/>\n<meta property=\"og:title\" content=\"Studi-WG von elobau\" \/>\n<meta property=\"og:description\" content=\"Die elobau Studi-WG ist eine ger\u00e4umige 4-Zimmer-Wohnung im Mitarbeiterhaus, in der Praktikanten*innen w\u00e4hrend ihres Praxissemesters kostenlos wohnen d\u00fcrfen.\" \/>\n<meta property=\"og:url\" content=\"https:\/\/www.elobau.com\/de\/karriere\/studentinnen-und-studenten\/studi-wg\/\" \/>\n<meta property=\"og:site_name\" content=\"elobau\" \/>\n<meta property=\"article:publisher\" content=\"https:\/\/www.facebook.com\/elobauDACH\/\" \/>\n<meta property=\"article:modified_time\" content=\"2024-10-01T14:54:21+00:00\" \/>\n<meta property=\"og:image\" content=\"https:\/\/www.elobau.com\/wp-content\/uploads\/2021\/03\/elobau_logo_claim_11_2020_cmyk.jpg\" \/>\n\t<meta property=\"og:image:width\" content=\"2000\" \/>\n\t<meta property=\"og:image:height\" content=\"676\" \/>\n\t<meta property=\"og:image:type\" content=\"image\/jpeg\" \/>\n<meta name=\"twitter:label1\" content=\"Gesch\u00e4tzte Lesezeit\" \/>\n\t<meta name=\"twitter:data1\" content=\"4\u00a0Minuten\" \/>\n<script type=\"application\/ld+json\" class=\"yoast-schema-graph\">{\"@context\":\"https:\\\/\\\/schema.org\",\"@graph\":[{\"@type\":\"WebPage\",\"@id\":\"https:\\\/\\\/www.elobau.com\\\/de\\\/karriere\\\/studentinnen-und-studenten\\\/studi-wg\\\/\",\"url\":\"https:\\\/\\\/www.elobau.com\\\/de\\\/karriere\\\/studentinnen-und-studenten\\\/studi-wg\\\/\",\"name\":\"Studi-WG von elobau\",\"isPartOf\":{\"@id\":\"https:\\\/\\\/www.elobau.com\\\/de\\\/#website\"},\"datePublished\":\"2024-04-10T12:57:24+00:00\",\"dateModified\":\"2024-10-01T14:54:21+00:00\",\"description\":\"Die elobau Studi-WG ist eine ger\u00e4umige 4-Zimmer-Wohnung im Mitarbeiterhaus, in der Praktikanten*innen w\u00e4hrend ihres Praxissemesters kostenlos wohnen d\u00fcrfen.\",\"breadcrumb\":{\"@id\":\"https:\\\/\\\/www.elobau.com\\\/de\\\/karriere\\\/studentinnen-und-studenten\\\/studi-wg\\\/#breadcrumb\"},\"inLanguage\":\"de\",\"potentialAction\":[{\"@type\":\"ReadAction\",\"target\":[\"https:\\\/\\\/www.elobau.com\\\/de\\\/karriere\\\/studentinnen-und-studenten\\\/studi-wg\\\/\"]}]},{\"@type\":\"BreadcrumbList\",\"@id\":\"https:\\\/\\\/www.elobau.com\\\/de\\\/karriere\\\/studentinnen-und-studenten\\\/studi-wg\\\/#breadcrumb\",\"itemListElement\":[{\"@type\":\"ListItem\",\"position\":1,\"name\":\"Home\",\"item\":\"https:\\\/\\\/www.elobau.com\\\/de\\\/\"},{\"@type\":\"ListItem\",\"position\":2,\"name\":\"Karriere\",\"item\":\"https:\\\/\\\/www.elobau.com\\\/de\\\/karriere\\\/\"},{\"@type\":\"ListItem\",\"position\":3,\"name\":\"Studentinnen und Studenten\",\"item\":\"https:\\\/\\\/www.elobau.com\\\/de\\\/karriere\\\/studentinnen-und-studenten\\\/\"},{\"@type\":\"ListItem\",\"position\":4,\"name\":\"Studi-WG\"}]},{\"@type\":\"WebSite\",\"@id\":\"https:\\\/\\\/www.elobau.com\\\/de\\\/#website\",\"url\":\"https:\\\/\\\/www.elobau.com\\\/de\\\/\",\"name\":\"elobau\",\"description\":\"elobau\",\"publisher\":{\"@id\":\"https:\\\/\\\/www.elobau.com\\\/de\\\/#organization\"},\"potentialAction\":[{\"@type\":\"SearchAction\",\"target\":{\"@type\":\"EntryPoint\",\"urlTemplate\":\"https:\\\/\\\/www.elobau.com\\\/de\\\/?s={search_term_string}\"},\"query-input\":{\"@type\":\"PropertyValueSpecification\",\"valueRequired\":true,\"valueName\":\"search_term_string\"}}],\"inLanguage\":\"de\"},{\"@type\":\"Organization\",\"@id\":\"https:\\\/\\\/www.elobau.com\\\/de\\\/#organization\",\"name\":\"elobau GmbH & Co. KG\",\"url\":\"https:\\\/\\\/www.elobau.com\\\/de\\\/\",\"logo\":{\"@type\":\"ImageObject\",\"inLanguage\":\"de\",\"@id\":\"https:\\\/\\\/www.elobau.com\\\/de\\\/#\\\/schema\\\/logo\\\/image\\\/\",\"url\":\"https:\\\/\\\/www.elobau.com\\\/wp-content\\\/uploads\\\/2021\\\/03\\\/elobau_logo_claim_11_2020_cmyk.jpg\",\"contentUrl\":\"https:\\\/\\\/www.elobau.com\\\/wp-content\\\/uploads\\\/2021\\\/03\\\/elobau_logo_claim_11_2020_cmyk.jpg\",\"width\":2000,\"height\":676,\"caption\":\"elobau GmbH & Co. KG\"},\"image\":{\"@id\":\"https:\\\/\\\/www.elobau.com\\\/de\\\/#\\\/schema\\\/logo\\\/image\\\/\"},\"sameAs\":[\"https:\\\/\\\/www.facebook.com\\\/elobauDACH\\\/\",\"https:\\\/\\\/www.instagram.com\\\/elobau_official\\\/?hl=de\",\"https:\\\/\\\/de.linkedin.com\\\/company\\\/elobau\",\"https:\\\/\\\/www.youtube.com\\\/user\\\/elobauWorld\"]}]}<\/script>","yoast_head_json":{"title":"Studi-WG von elobau","description":"Die elobau Studi-WG ist eine ger\u00e4umige 4-Zimmer-Wohnung im Mitarbeiterhaus, in der Praktikanten*innen w\u00e4hrend ihres Praxissemesters kostenlos wohnen d\u00fcrfen.","robots":{"index":"index","follow":"follow","max-snippet":"max-snippet:-1","max-image-preview":"max-image-preview:large","max-video-preview":"max-video-preview:-1"},"canonical":"https:\/\/www.elobau.com\/de\/karriere\/studentinnen-und-studenten\/studi-wg\/","og_locale":"de_DE","og_type":"article","og_title":"Studi-WG von elobau","og_description":"Die elobau Studi-WG ist eine ger\u00e4umige 4-Zimmer-Wohnung im Mitarbeiterhaus, in der Praktikanten*innen w\u00e4hrend ihres Praxissemesters kostenlos wohnen d\u00fcrfen.","og_url":"https:\/\/www.elobau.com\/de\/karriere\/studentinnen-und-studenten\/studi-wg\/","og_site_name":"elobau","article_publisher":"https:\/\/www.facebook.com\/elobauDACH\/","article_modified_time":"2024-10-01T14:54:21+00:00","og_image":[{"width":2000,"height":676,"url":"https:\/\/www.elobau.com\/wp-content\/uploads\/2021\/03\/elobau_logo_claim_11_2020_cmyk.jpg","type":"image\/jpeg"}],"twitter_misc":{"Gesch\u00e4tzte Lesezeit":"4\u00a0Minuten"},"schema":{"@context":"https:\/\/schema.org","@graph":[{"@type":"WebPage","@id":"https:\/\/www.elobau.com\/de\/karriere\/studentinnen-und-studenten\/studi-wg\/","url":"https:\/\/www.elobau.com\/de\/karriere\/studentinnen-und-studenten\/studi-wg\/","name":"Studi-WG von elobau","isPartOf":{"@id":"https:\/\/www.elobau.com\/de\/#website"},"datePublished":"2024-04-10T12:57:24+00:00","dateModified":"2024-10-01T14:54:21+00:00","description":"Die elobau Studi-WG ist eine ger\u00e4umige 4-Zimmer-Wohnung im Mitarbeiterhaus, in der Praktikanten*innen w\u00e4hrend ihres Praxissemesters kostenlos wohnen d\u00fcrfen.","breadcrumb":{"@id":"https:\/\/www.elobau.com\/de\/karriere\/studentinnen-und-studenten\/studi-wg\/#breadcrumb"},"inLanguage":"de","potentialAction":[{"@type":"ReadAction","target":["https:\/\/www.elobau.com\/de\/karriere\/studentinnen-und-studenten\/studi-wg\/"]}]},{"@type":"BreadcrumbList","@id":"https:\/\/www.elobau.com\/de\/karriere\/studentinnen-und-studenten\/studi-wg\/#breadcrumb","itemListElement":[{"@type":"ListItem","position":1,"name":"Home","item":"https:\/\/www.elobau.com\/de\/"},{"@type":"ListItem","position":2,"name":"Karriere","item":"https:\/\/www.elobau.com\/de\/karriere\/"},{"@type":"ListItem","position":3,"name":"Studentinnen und Studenten","item":"https:\/\/www.elobau.com\/de\/karriere\/studentinnen-und-studenten\/"},{"@type":"ListItem","position":4,"name":"Studi-WG"}]},{"@type":"WebSite","@id":"https:\/\/www.elobau.com\/de\/#website","url":"https:\/\/www.elobau.com\/de\/","name":"elobau","description":"elobau","publisher":{"@id":"https:\/\/www.elobau.com\/de\/#organization"},"potentialAction":[{"@type":"SearchAction","target":{"@type":"EntryPoint","urlTemplate":"https:\/\/www.elobau.com\/de\/?s={search_term_string}"},"query-input":{"@type":"PropertyValueSpecification","valueRequired":true,"valueName":"search_term_string"}}],"inLanguage":"de"},{"@type":"Organization","@id":"https:\/\/www.elobau.com\/de\/#organization","name":"elobau GmbH & Co. KG","url":"https:\/\/www.elobau.com\/de\/","logo":{"@type":"ImageObject","inLanguage":"de","@id":"https:\/\/www.elobau.com\/de\/#\/schema\/logo\/image\/","url":"https:\/\/www.elobau.com\/wp-content\/uploads\/2021\/03\/elobau_logo_claim_11_2020_cmyk.jpg","contentUrl":"https:\/\/www.elobau.com\/wp-content\/uploads\/2021\/03\/elobau_logo_claim_11_2020_cmyk.jpg","width":2000,"height":676,"caption":"elobau GmbH & Co. KG"},"image":{"@id":"https:\/\/www.elobau.com\/de\/#\/schema\/logo\/image\/"},"sameAs":["https:\/\/www.facebook.com\/elobauDACH\/","https:\/\/www.instagram.com\/elobau_official\/?hl=de","https:\/\/de.linkedin.com\/company\/elobau","https:\/\/www.youtube.com\/user\/elobauWorld"]}]}},"_links":{"self":[{"href":"https:\/\/www.elobau.com\/de\/wp-json\/wp\/v2\/pages\/121532","targetHints":{"allow":["GET"]}}],"collection":[{"href":"https:\/\/www.elobau.com\/de\/wp-json\/wp\/v2\/pages"}],"about":[{"href":"https:\/\/www.elobau.com\/de\/wp-json\/wp\/v2\/types\/page"}],"author":[{"embeddable":true,"href":"https:\/\/www.elobau.com\/de\/wp-json\/wp\/v2\/users\/31"}],"replies":[{"embeddable":true,"href":"https:\/\/www.elobau.com\/de\/wp-json\/wp\/v2\/comments?post=121532"}],"version-history":[{"count":10,"href":"https:\/\/www.elobau.com\/de\/wp-json\/wp\/v2\/pages\/121532\/revisions"}],"predecessor-version":[{"id":122739,"href":"https:\/\/www.elobau.com\/de\/wp-json\/wp\/v2\/pages\/121532\/revisions\/122739"}],"up":[{"embeddable":true,"href":"https:\/\/www.elobau.com\/de\/wp-json\/wp\/v2\/pages\/103849"}],"wp:attachment":[{"href":"https:\/\/www.elobau.com\/de\/wp-json\/wp\/v2\/media?parent=121532"}],"curies":[{"name":"wp","href":"https:\/\/api.w.org\/{rel}","templated":true}]}}